{"id":519,"date":"2024-05-17T15:43:12","date_gmt":"2024-05-17T15:43:12","guid":{"rendered":"https:\/\/biblio1.mdp.edu.ar\/revista\/?page_id=519"},"modified":"2024-05-17T16:02:47","modified_gmt":"2024-05-17T16:02:47","slug":"inicio","status":"publish","type":"page","link":"https:\/\/biblio1.mdp.edu.ar\/revista\/","title":{"rendered":"Inicio"},"content":{"rendered":"\n<div class=\"wp-block-uagb-container uagb-block-a98f66d8 alignfull uagb-is-root-container\"><div class=\"uagb-container-inner-blocks-wrap\">\n<div class=\"wp-block-columns is-layout-flex wp-container-core-columns-is-layout-8f761849 wp-block-columns-is-layout-flex\">\n<div class=\"wp-block-column is-layout-flow wp-block-column-is-layout-flow\" style=\"flex-basis:66.66%\">\n<figure class=\"wp-block-image size-full\"><img loading=\"lazy\" decoding=\"async\" width=\"612\" height=\"792\" src=\"https:\/\/biblio1.mdp.edu.ar\/revista\/wp-content\/uploads\/sites\/3\/2019\/02\/palabra-en-red.jpeg\" alt=\"\" class=\"wp-image-296\" srcset=\"https:\/\/biblio1.mdp.edu.ar\/revista\/wp-content\/uploads\/sites\/3\/2019\/02\/palabra-en-red.jpeg 612w, https:\/\/biblio1.mdp.edu.ar\/revista\/wp-content\/uploads\/sites\/3\/2019\/02\/palabra-en-red-232x300.jpeg 232w\" sizes=\"auto, (max-width: 612px) 100vw, 612px\" \/><\/figure>\n<\/div>\n\n\n\n<div class=\"wp-block-column is-layout-flow wp-block-column-is-layout-flow\" style=\"flex-basis:33.33%\">\n<div class=\"article_list\">\n<p><a class=\"issuem_widget_link\" href=\"https:\/\/biblio1.mdp.edu.ar\/revista\/article\/apuntes-biograficos\/\">Apuntes biogr\u00e1ficos<\/a><\/p>\n<p class=\"issuem_widget_teaser\">Por Nicol\u00e1s Reyd\u00f3, Investigador de la Biblioteca Nacional<\/p>\n<\/div>\n<div class=\"article_list\">\n<p><a class=\"issuem_widget_link\" href=\"https:\/\/biblio1.mdp.edu.ar\/revista\/article\/rodolfo-walsh-el-escritor\/\">Rodolfo Walsh, el escritor<\/a><\/p>\n<p class=\"issuem_widget_teaser\">Por Adriana A. Bocchino Letras-Celehis-UNMDP<\/p>\n<\/div>\n<div class=\"article_list\">\n<p><a class=\"issuem_widget_link\" href=\"https:\/\/biblio1.mdp.edu.ar\/revista\/article\/carta-abierta-a-la-junta-militar\/\">Carta abierta a la junta militar<\/a><\/p>\n<p class=\"issuem_widget_teaser\">Rodolfo Walsh. &#8211; C.I. 2845022 Buenos Aires, 24 de marzo de 1977.<\/p>\n<\/div>\n<div class=\"article_list\">\n<p><a class=\"issuem_widget_link\" href=\"https:\/\/biblio1.mdp.edu.ar\/revista\/article\/exposicion-rodolfo-walsh-los-oficios-de-la-palabra\/\">Exposici\u00f3n Rodolfo Walsh, los oficios de la palabra.<\/a><\/p>\n<p class=\"issuem_widget_teaser\">\u00a0 En la Biblioteca Central UNMDP, muestra itinerante de la Biblioteca Nacional Mariano Moreno.<\/p>\n<\/div>\n<div class=\"article_list\">\n<p><a class=\"issuem_widget_link\" href=\"https:\/\/biblio1.mdp.edu.ar\/revista\/article\/pasion-por-la-verdad\/\">Pasi\u00f3n por la verdad<\/a><\/p>\n<p class=\"issuem_widget_teaser\">Alberto Manguel , Director de la Biblioteca Nacional<\/p>\n<\/div>\n<div class=\"article_list\">\n<p><a class=\"issuem_widget_link\" href=\"https:\/\/biblio1.mdp.edu.ar\/revista\/article\/rodolfo-walsh-los-oficios-de-la-palabra\/\">Rodolfo Walsh. Los oficios de la palabra<\/a><\/p>\n<p class=\"issuem_widget_teaser\">Por Jorgelina N\u00fa\u00f1ez<\/p>\n<\/div>\n<div class=\"article_list\">\n<p><a class=\"issuem_widget_link\" href=\"https:\/\/biblio1.mdp.edu.ar\/revista\/article\/chicas-illia\/\">Discursos en la inauguraci\u00f3n de la Exposici\u00f3n Rodolfo Walsh<\/a><\/p>\n<p class=\"issuem_widget_teaser\">Sof\u00eda Steiner y Zoe Kramer , Centro de Estudiantes \u2013 Colegio Nacional Arturo Illia<\/p>\n<\/div>\n<div class=\"article_list\">\n<p><a class=\"issuem_widget_link\" href=\"https:\/\/biblio1.mdp.edu.ar\/revista\/article\/operacion-masacre\/\">Operaci\u00f3n Masacre<\/a><\/p>\n<p class=\"issuem_widget_teaser\">Operaci\u00f3n Masacre (1973)<\/p>\n<\/div>\n<div class=\"article_list\">\n<p><a class=\"issuem_widget_link\" href=\"https:\/\/biblio1.mdp.edu.ar\/revista\/article\/compilacion-bibliografica\/\">Compilaci\u00f3n bibliogr\u00e1fica<\/a><\/p>\n<p class=\"issuem_widget_teaser\">Por Marcela Ravera<\/p>\n<\/div>\n<div class=\"article_list\">\n<p><a class=\"issuem_widget_link\" href=\"https:\/\/biblio1.mdp.edu.ar\/revista\/article\/tapa-revista-mayoria\/\">62 a\u00f1os de \u00abOperaci\u00f3n Masacre\u00bb<\/a><\/p>\n<p class=\"issuem_widget_teaser\">Walsh, Rodolfo. Operaci\u00f3n masacre: Un libro que no encuentra editor. En :\u00a0 Mayor\u00eda. Buenos Aires: Mayor\u00eda, A\u00f1o 1, N\u00b0 8 (1957)<\/p>\n<\/div>\n<div class=\"article_list\">\n<p><a class=\"issuem_widget_link\" href=\"https:\/\/biblio1.mdp.edu.ar\/revista\/article\/270\/\">Editorial<\/a><\/p>\n<p class=\"issuem_widget_teaser\">Mg. Daniel Reynoso<\/p>\n<\/div>\n<div class=\"article_list\">\n<p><a class=\"issuem_widget_link\" href=\"https:\/\/biblio1.mdp.edu.ar\/revista\/article\/editorial\/\">Staff<\/a><\/p>\n<p class=\"issuem_widget_teaser\">Palabra en Red<\/p>\n<\/div>\n<\/div>\n<\/div>\n<\/div><\/div>\n","protected":false},"excerpt":{"rendered":"<p>Apuntes biogr\u00e1ficos Por Nicol\u00e1s Reyd\u00f3, Investigador de la Biblioteca Nacional Rodolfo Walsh, el escritor Por Adriana A. Bocchino Letras-Celehis-UNMDP Carta abierta a la junta militar Rodolfo Walsh. &#8211; C.I. 2845022 Buenos Aires, 24 de marzo de 1977. Exposici\u00f3n Rodolfo Walsh, los oficios de la palabra. \u00a0 En la Biblioteca Central UNMDP, muestra itinerante de la [&hellip;]<\/p>\n","protected":false},"author":1,"featured_media":0,"parent":0,"menu_order":0,"comment_status":"closed","ping_status":"closed","template":"","meta":{"_eb_attr":"","_crdt_document":"","_uag_custom_page_level_css":"","_editorskit_title_hidden":true,"_editorskit_reading_time":0,"_editorskit_is_block_options_detached":false,"_editorskit_block_options_position":"{}","footnotes":""},"class_list":["post-519","page","type-page","status-publish","hentry"],"uagb_featured_image_src":{"full":false,"thumbnail":false,"medium":false,"medium_large":false,"large":false,"1536x1536":false,"2048x2048":false,"issuem-cover-image":false,"issuem-featured-rotator-image":false,"issuem-featured-thumb-image":false,"revista-500-300":false},"uagb_author_info":{"display_name":"Castorina Jorge","author_link":"https:\/\/biblio1.mdp.edu.ar\/revista\/author\/jorge\/"},"uagb_comment_info":0,"uagb_excerpt":"Apuntes biogr\u00e1ficos Por Nicol\u00e1s Reyd\u00f3, Investigador de la Biblioteca Nacional Rodolfo Walsh, el escritor Por Adriana A. Bocchino Letras-Celehis-UNMDP Carta abierta a la junta militar Rodolfo Walsh. &#8211; C.I. 2845022 Buenos Aires, 24 de marzo de 1977. Exposici\u00f3n Rodolfo Walsh, los oficios de la palabra. \u00a0 En la Biblioteca Central UNMDP, muestra itinerante de la&hellip;","_links":{"self":[{"href":"https:\/\/biblio1.mdp.edu.ar\/revista\/wp-json\/wp\/v2\/pages\/519","targetHints":{"allow":["GET"]}}],"collection":[{"href":"https:\/\/biblio1.mdp.edu.ar\/revista\/wp-json\/wp\/v2\/pages"}],"about":[{"href":"https:\/\/biblio1.mdp.edu.ar\/revista\/wp-json\/wp\/v2\/types\/page"}],"author":[{"embeddable":true,"href":"https:\/\/biblio1.mdp.edu.ar\/revista\/wp-json\/wp\/v2\/users\/1"}],"replies":[{"embeddable":true,"href":"https:\/\/biblio1.mdp.edu.ar\/revista\/wp-json\/wp\/v2\/comments?post=519"}],"version-history":[{"count":7,"href":"https:\/\/biblio1.mdp.edu.ar\/revista\/wp-json\/wp\/v2\/pages\/519\/revisions"}],"predecessor-version":[{"id":532,"href":"https:\/\/biblio1.mdp.edu.ar\/revista\/wp-json\/wp\/v2\/pages\/519\/revisions\/532"}],"wp:attachment":[{"href":"https:\/\/biblio1.mdp.edu.ar\/revista\/wp-json\/wp\/v2\/media?parent=519"}],"curies":[{"name":"wp","href":"https:\/\/api.w.org\/{rel}","templated":true}]}}