{"id":19,"date":"2018-08-16T14:06:46","date_gmt":"2018-08-16T14:06:46","guid":{"rendered":"http:\/\/biblio1.mdp.edu.ar\/revista\/?page_id=19"},"modified":"2018-11-06T16:23:31","modified_gmt":"2018-11-06T16:23:31","slug":"acerca-de","status":"publish","type":"page","link":"https:\/\/biblio1.mdp.edu.ar\/revista\/acerca-de\/","title":{"rendered":"Acerca de"},"content":{"rendered":"<p><img loading=\"lazy\" decoding=\"async\" src=\"http:\/\/biblio1.mdp.edu.ar\/revista\/wp-content\/uploads\/sites\/3\/2018\/08\/editorial-1.jpg\" alt=\"\" width=\"317\" height=\"660\" \/><\/p>\n<p><strong>P\u00e1ginas en Red<\/strong><br \/>\n<strong>Staff<\/strong><\/p>\n<ul>\n<li>Alejandra Berutti<\/li>\n<li>Gabriela Di Sario<\/li>\n<li>N\u00e9lida Fenengrini<\/li>\n<li>Lucas Frickman<\/li>\n<li>Jorge Garc\u00eda<\/li>\n<li>Javier Gim\u00e9nez<\/li>\n<li>Marcela Ravera<\/li>\n<\/ul>\n<p><strong>Coordinadora en esta edici\u00f3n<\/strong><br \/>\nPamela Marcote<br \/>\n<strong>Diagramaci\u00f3n y Dise\u00f1o<\/strong><br \/>\nAriel Barrios &#8211; M. Cristina Bernab\u00e9<br \/>\n<strong>Sitio Web<\/strong><br \/>\nJorge Castorina &#8211; Pablo Lopez Liotti<br \/>\n<strong>Colaboradora:<\/strong><br \/>\nAdriana Bocchino<br \/>\n<strong>Ilustraci\u00f3n de Tapa<\/strong><br \/>\nJulio Ibarra<\/p>\n<p><strong>Universidad Nacional de Mar del Plata<\/strong><br \/>\n<strong>Rector<\/strong><br \/>\nCPN Alfredo Remo Lazzeretti<br \/>\n<strong>Vicerrector<\/strong><br \/>\nDr. Daniel Antenucci<br \/>\n<strong>Secretario Acad\u00e9mico<\/strong><br \/>\nLic. Daniel Reynoso<br \/>\n<strong>Secretar\u00eda de Extensi\u00f3n<\/strong><br \/>\nLic. Roina Colacci<br \/>\n<strong>Director de la Biblioteca Central<\/strong><br \/>\nLic. Oscar Fern\u00e1ndez<\/p>\n","protected":false},"excerpt":{"rendered":"<p>P\u00e1ginas en Red Staff Alejandra Berutti Gabriela Di Sario N\u00e9lida Fenengrini Lucas Frickman Jorge Garc\u00eda Javier Gim\u00e9nez Marcela Ravera Coordinadora en esta edici\u00f3n Pamela Marcote Diagramaci\u00f3n y Dise\u00f1o Ariel Barrios &#8211; M. Cristina Bernab\u00e9 Sitio Web Jorge Castorina &#8211; Pablo Lopez Liotti Colaboradora: Adriana Bocchino Ilustraci\u00f3n de Tapa Julio Ibarra Universidad Nacional de Mar del [&hellip;]<\/p>\n","protected":false},"author":1,"featured_media":0,"parent":0,"menu_order":0,"comment_status":"closed","ping_status":"closed","template":"","meta":{"_eb_attr":"","_crdt_document":"","_uag_custom_page_level_css":"","_editorskit_title_hidden":false,"_editorskit_reading_time":0,"_editorskit_is_block_options_detached":false,"_editorskit_block_options_position":"{}","footnotes":""},"class_list":["post-19","page","type-page","status-publish","hentry"],"uagb_featured_image_src":{"full":false,"thumbnail":false,"medium":false,"medium_large":false,"large":false,"1536x1536":false,"2048x2048":false,"issuem-cover-image":false,"issuem-featured-rotator-image":false,"issuem-featured-thumb-image":false,"revista-500-300":false},"uagb_author_info":{"display_name":"Castorina Jorge","author_link":"https:\/\/biblio1.mdp.edu.ar\/revista\/author\/jorge\/"},"uagb_comment_info":0,"uagb_excerpt":"P\u00e1ginas en Red Staff Alejandra Berutti Gabriela Di Sario N\u00e9lida Fenengrini Lucas Frickman Jorge Garc\u00eda Javier Gim\u00e9nez Marcela Ravera Coordinadora en esta edici\u00f3n Pamela Marcote Diagramaci\u00f3n y Dise\u00f1o Ariel Barrios &#8211; M. Cristina Bernab\u00e9 Sitio Web Jorge Castorina &#8211; Pablo Lopez Liotti Colaboradora: Adriana Bocchino Ilustraci\u00f3n de Tapa Julio Ibarra Universidad Nacional de Mar del&hellip;","_links":{"self":[{"href":"https:\/\/biblio1.mdp.edu.ar\/revista\/wp-json\/wp\/v2\/pages\/19","targetHints":{"allow":["GET"]}}],"collection":[{"href":"https:\/\/biblio1.mdp.edu.ar\/revista\/wp-json\/wp\/v2\/pages"}],"about":[{"href":"https:\/\/biblio1.mdp.edu.ar\/revista\/wp-json\/wp\/v2\/types\/page"}],"author":[{"embeddable":true,"href":"https:\/\/biblio1.mdp.edu.ar\/revista\/wp-json\/wp\/v2\/users\/1"}],"replies":[{"embeddable":true,"href":"https:\/\/biblio1.mdp.edu.ar\/revista\/wp-json\/wp\/v2\/comments?post=19"}],"version-history":[{"count":8,"href":"https:\/\/biblio1.mdp.edu.ar\/revista\/wp-json\/wp\/v2\/pages\/19\/revisions"}],"predecessor-version":[{"id":268,"href":"https:\/\/biblio1.mdp.edu.ar\/revista\/wp-json\/wp\/v2\/pages\/19\/revisions\/268"}],"wp:attachment":[{"href":"https:\/\/biblio1.mdp.edu.ar\/revista\/wp-json\/wp\/v2\/media?parent=19"}],"curies":[{"name":"wp","href":"https:\/\/api.w.org\/{rel}","templated":true}]}}