{"id":916,"date":"2018-09-04T18:05:45","date_gmt":"2018-09-04T21:05:45","guid":{"rendered":"http:\/\/biblio1.mdp.edu.ar\/centro-ventas\/producto\/la-direccin-de-la-cura-en-la-obra-de-lacan-1950-1960\/"},"modified":"2026-03-30T15:58:27","modified_gmt":"2026-03-30T18:58:27","slug":"la-direccin-de-la-cura-en-la-obra-de-lacan-1950-1960","status":"publish","type":"product","link":"https:\/\/biblio1.mdp.edu.ar\/centro-ventas\/producto\/la-direccin-de-la-cura-en-la-obra-de-lacan-1950-1960\/","title":{"rendered":"La direcci\u00f3n de la cura en la obra de Lacan 1950 &#8211; 1960"},"content":{"rendered":"<p>Las relaciones entre la escritura y\u00a0la verdad, y entre \u00e9sta \u00faltima y la\u00a0ficci\u00f3n, son temas centrales de\u00a0las meditaciones de Lacan, al\u00a0menos en la etapa de su obra\u00a0que pretendemos relevar en este\u00a0libro. Ahora llega el caso de tener\u00a0que definir si, en tanto que\u00a0lectores de Lacan, habremos de\u00a0aplicar en nuestro \u00a0ejercicio de\u00a0lectura las premisas que se\u00a0derivan de la teor\u00eda lacaniana, o\u00a0bien si vamos a recurrir a otra\u00a0l\u00f3gica para definir las relaciones\u00a0entre ficci\u00f3n y verdad, lo que nos\u00a0abrir\u00eda las puertas a una lectura\u00a0de Lacan desde fuera de la raz\u00f3n\u00a0que parece guiar la producci\u00f3n\u00a0de su ense\u00f1anza. Lo que sigue\u00a0entonces es una lectura, la\u00a0nuestra, sostenida por nuestros\u00a0recorridos, nuestros \u00a0aprendizajes,\u00a0nuestra ense\u00f1anza, y nuestras\u00a0experiencias como analizantes y\u00a0analistas, no pretende ser mera\u00a0erudici\u00f3n, tan s\u00f3lo discusi\u00f3n de\u00a0t\u00e9rminos y \u00a0conceptos, sino que\u00a0se sostiene de un interrogante\u00a0relativo al quehacer cl\u00ednico del\u00a0analista.<\/p>\n","protected":false},"excerpt":{"rendered":"<p>Las relaciones entre la escritura y\u00a0la verdad, y entre \u00e9sta \u00faltima y la\u00a0ficci\u00f3n, son temas centrales de\u00a0las meditaciones de Lacan, al\u00a0menos en la etapa de su obra\u00a0que pretendemos relevar en este\u00a0libro. Ahora llega el caso de tener\u00a0que definir si, en tanto que\u00a0lectores de Lacan, habremos de\u00a0aplicar en nuestro \u00a0ejercicio de\u00a0lectura las premisas que se\u00a0derivan de [&hellip;]<\/p>\n","protected":false},"featured_media":919,"template":"","meta":{"_acf_changed":false,"_eb_attr":"","_crdt_document":"","_uag_custom_page_level_css":"","_editorskit_title_hidden":false,"_editorskit_reading_time":0,"_editorskit_is_block_options_detached":false,"_editorskit_block_options_position":"{}","site-sidebar-layout":"default","site-content-layout":"","ast-site-content-layout":"default","site-content-style":"default","site-sidebar-style":"default","ast-global-header-display":"","ast-banner-title-visibility":"","ast-main-header-display":"","ast-hfb-above-header-display":"","ast-hfb-below-header-display":"","ast-hfb-mobile-header-display":"","site-post-title":"","ast-breadcrumbs-content":"","ast-featured-img":"","footer-sml-layout":"","ast-disable-related-posts":"","theme-transparent-header-meta":"","adv-header-id-meta":"","stick-header-meta":"","header-above-stick-meta":"","header-main-stick-meta":"","header-below-stick-meta":"","astra-migrate-meta-layouts":"default","ast-page-background-enabled":"default","ast-page-background-meta":{"desktop":{"background-color":"var(--ast-global-color-4)","background-image":"","background-repeat":"repeat","background-position":"center center","background-size":"auto","background-attachment":"scroll","background-type":"","background-media":"","overlay-type":"","overlay-color":"","overlay-opacity":"","overlay-gradient":""},"tablet":{"background-color":"","background-image":"","background-repeat":"repeat","background-position":"center center","background-size":"auto","background-attachment":"scroll","background-type":"","background-media":"","overlay-type":"","overlay-color":"","overlay-opacity":"","overlay-gradient":""},"mobile":{"background-color":"","background-image":"","background-repeat":"repeat","background-position":"center center","background-size":"auto","background-attachment":"scroll","background-type":"","background-media":"","overlay-type":"","overlay-color":"","overlay-opacity":"","overlay-gradient":""}},"ast-content-background-meta":{"desktop":{"background-color":"var(--ast-global-color-5)","background-image":"","background-repeat":"repeat","background-position":"center center","background-size":"auto","background-attachment":"scroll","background-type":"","background-media":"","overlay-type":"","overlay-color":"","overlay-opacity":"","overlay-gradient":""},"tablet":{"background-color":"var(--ast-global-color-5)","background-image":"","background-repeat":"repeat","background-position":"center center","background-size":"auto","background-attachment":"scroll","background-type":"","background-media":"","overlay-type":"","overlay-color":"","overlay-opacity":"","overlay-gradient":""},"mobile":{"background-color":"var(--ast-global-color-5)","background-image":"","background-repeat":"repeat","background-position":"center center","background-size":"auto","background-attachment":"scroll","background-type":"","background-media":"","overlay-type":"","overlay-color":"","overlay-opacity":"","overlay-gradient":""}}},"product_cat":[116,32,28],"product_tag":[68,70],"class_list":{"0":"post-916","1":"product","2":"type-product","3":"status-publish","4":"has-post-thumbnail","6":"product_cat-coleccion-bitacora","7":"product_cat-edudem","8":"product_cat-libro","9":"product_tag-coleccion-bitacora","10":"product_tag-psicologia","11":"desktop-align-left","12":"tablet-align-left","13":"mobile-align-left","15":"first","16":"instock","17":"shipping-taxable","18":"purchasable","19":"product-type-simple"},"acf":[],"uagb_featured_image_src":{"full":["https:\/\/biblio1.mdp.edu.ar\/centro-ventas\/wp-content\/uploads\/sites\/2\/2018\/09\/9789871921683.jpg",1400,2132,false],"thumbnail":["https:\/\/biblio1.mdp.edu.ar\/centro-ventas\/wp-content\/uploads\/sites\/2\/2018\/09\/9789871921683-150x150.jpg",150,150,true],"medium":["https:\/\/biblio1.mdp.edu.ar\/centro-ventas\/wp-content\/uploads\/sites\/2\/2018\/09\/9789871921683-197x300.jpg",197,300,true],"medium_large":["https:\/\/biblio1.mdp.edu.ar\/centro-ventas\/wp-content\/uploads\/sites\/2\/2018\/09\/9789871921683-768x1170.jpg",768,1170,true],"large":["https:\/\/biblio1.mdp.edu.ar\/centro-ventas\/wp-content\/uploads\/sites\/2\/2018\/09\/9789871921683-672x1024.jpg",672,1024,true],"1536x1536":["https:\/\/biblio1.mdp.edu.ar\/centro-ventas\/wp-content\/uploads\/sites\/2\/2018\/09\/9789871921683.jpg",1009,1536,false],"2048x2048":["https:\/\/biblio1.mdp.edu.ar\/centro-ventas\/wp-content\/uploads\/sites\/2\/2018\/09\/9789871921683.jpg",1345,2048,false],"woocommerce_thumbnail":["https:\/\/biblio1.mdp.edu.ar\/centro-ventas\/wp-content\/uploads\/sites\/2\/2018\/09\/9789871921683-250x381.jpg",250,381,true],"woocommerce_single":["https:\/\/biblio1.mdp.edu.ar\/centro-ventas\/wp-content\/uploads\/sites\/2\/2018\/09\/9789871921683-672x1024.jpg",600,914,true],"woocommerce_gallery_thumbnail":["https:\/\/biblio1.mdp.edu.ar\/centro-ventas\/wp-content\/uploads\/sites\/2\/2018\/09\/9789871921683-100x100.jpg",100,100,true]},"uagb_author_info":{"display_name":"Cristina Bernabe","author_link":"https:\/\/biblio1.mdp.edu.ar\/centro-ventas\/author\/"},"uagb_comment_info":0,"uagb_excerpt":"Las relaciones entre la escritura y\u00a0la verdad, y entre \u00e9sta \u00faltima y la\u00a0ficci\u00f3n, son temas centrales de\u00a0las meditaciones de Lacan, al\u00a0menos en la etapa de su obra\u00a0que pretendemos relevar en este\u00a0libro. Ahora llega el caso de tener\u00a0que definir si, en tanto que\u00a0lectores de Lacan, habremos de\u00a0aplicar en nuestro \u00a0ejercicio de\u00a0lectura las premisas que se\u00a0derivan de&hellip;","_links":{"self":[{"href":"https:\/\/biblio1.mdp.edu.ar\/centro-ventas\/wp-json\/wp\/v2\/product\/916","targetHints":{"allow":["GET"]}}],"collection":[{"href":"https:\/\/biblio1.mdp.edu.ar\/centro-ventas\/wp-json\/wp\/v2\/product"}],"about":[{"href":"https:\/\/biblio1.mdp.edu.ar\/centro-ventas\/wp-json\/wp\/v2\/types\/product"}],"wp:featuredmedia":[{"embeddable":true,"href":"https:\/\/biblio1.mdp.edu.ar\/centro-ventas\/wp-json\/wp\/v2\/media\/919"}],"wp:attachment":[{"href":"https:\/\/biblio1.mdp.edu.ar\/centro-ventas\/wp-json\/wp\/v2\/media?parent=916"}],"wp:term":[{"taxonomy":"product_cat","embeddable":true,"href":"https:\/\/biblio1.mdp.edu.ar\/centro-ventas\/wp-json\/wp\/v2\/product_cat?post=916"},{"taxonomy":"product_tag","embeddable":true,"href":"https:\/\/biblio1.mdp.edu.ar\/centro-ventas\/wp-json\/wp\/v2\/product_tag?post=916"}],"curies":[{"name":"wp","href":"https:\/\/api.w.org\/{rel}","templated":true}]}}