{"id":912,"date":"2018-09-04T18:05:44","date_gmt":"2018-09-04T21:05:44","guid":{"rendered":"http:\/\/biblio1.mdp.edu.ar\/centro-ventas\/producto\/y-la-pelota-se-hizo-satlite\/"},"modified":"2026-04-01T15:04:43","modified_gmt":"2026-04-01T18:04:43","slug":"y-la-pelota-se-hizo-satlite","status":"publish","type":"product","link":"https:\/\/biblio1.mdp.edu.ar\/centro-ventas\/producto\/y-la-pelota-se-hizo-satlite\/","title":{"rendered":"Y la pelota se hizo sat\u00e9lite"},"content":{"rendered":"<p>El f\u00fatbol es uno de los juegos\u00a0m\u00e1s populares y maravillosos del\u00a0mundo. Y como en todo quehacer\u00a0humano, la f\u00edsica tambi\u00e9n est\u00e1\u00a0presente en el f\u00fatbol. Este trabajo\u00a0revela, a trav\u00e9s de situaciones\u00a0propias de este fascinante juego,<br \/>\ny sin recurrir a complejos\u00a0desarrollos matem\u00e1ticos,\u00a0conceptos f\u00edsicos b\u00e1sicos que, a\u00a0la luz de la mirada habitual, no se\u00a0hacen perceptibles y cuyo\u00a0conocimiento resulta esencial\u00a0para una mejor comprensi\u00f3n de\u00a0los diferentes fen\u00f3menos que\u00a0cotidianamente observamos y\/o\u00a0producimos. Vale destacar que, a\u00a0diferencia de lo que sucede en el\u00a0lenguaje coloquial, el t\u00e9rmino<br \/>\nfen\u00f3meno en el lenguaje\u00a0cient\u00edfico no hace referencia a\u00a0ning\u00fan hecho \u00a0excepcional sino,\u00a0por el contrario, a situaciones que\u00a0observamos o que generamos\u00a0habitualmente, tan comunes\u00a0como pueden ser la ca\u00edda de un\u00a0objeto o el caminar.<\/p>\n","protected":false},"excerpt":{"rendered":"<p>El f\u00fatbol es uno de los juegos\u00a0m\u00e1s populares y maravillosos del\u00a0mundo. Y como en todo quehacer\u00a0humano, la f\u00edsica tambi\u00e9n est\u00e1\u00a0presente en el f\u00fatbol. Este trabajo\u00a0revela, a trav\u00e9s de situaciones\u00a0propias de este fascinante juego, y sin recurrir a complejos\u00a0desarrollos matem\u00e1ticos,\u00a0conceptos f\u00edsicos b\u00e1sicos que, a\u00a0la luz de la mirada habitual, no se\u00a0hacen perceptibles y cuyo\u00a0conocimiento resulta esencial\u00a0para [&hellip;]<\/p>\n","protected":false},"featured_media":1038,"template":"","meta":{"_acf_changed":false,"_eb_attr":"","_crdt_document":"","_uag_custom_page_level_css":"","_editorskit_title_hidden":false,"_editorskit_reading_time":0,"_editorskit_is_block_options_detached":false,"_editorskit_block_options_position":"{}","site-sidebar-layout":"default","site-content-layout":"default","ast-site-content-layout":"default","site-content-style":"default","site-sidebar-style":"default","ast-global-header-display":"","ast-banner-title-visibility":"","ast-main-header-display":"","ast-hfb-above-header-display":"","ast-hfb-below-header-display":"","ast-hfb-mobile-header-display":"","site-post-title":"","ast-breadcrumbs-content":"","ast-featured-img":"","footer-sml-layout":"","ast-disable-related-posts":"","theme-transparent-header-meta":"default","adv-header-id-meta":"","stick-header-meta":"","header-above-stick-meta":"","header-main-stick-meta":"","header-below-stick-meta":"","astra-migrate-meta-layouts":"default","ast-page-background-enabled":"default","ast-page-background-meta":{"desktop":{"background-color":"var(--ast-global-color-4)","background-image":"","background-repeat":"repeat","background-position":"center center","background-size":"auto","background-attachment":"scroll","background-type":"","background-media":"","overlay-type":"","overlay-color":"","overlay-opacity":"","overlay-gradient":""},"tablet":{"background-color":"","background-image":"","background-repeat":"repeat","background-position":"center center","background-size":"auto","background-attachment":"scroll","background-type":"","background-media":"","overlay-type":"","overlay-color":"","overlay-opacity":"","overlay-gradient":""},"mobile":{"background-color":"","background-image":"","background-repeat":"repeat","background-position":"center center","background-size":"auto","background-attachment":"scroll","background-type":"","background-media":"","overlay-type":"","overlay-color":"","overlay-opacity":"","overlay-gradient":""}},"ast-content-background-meta":{"desktop":{"background-color":"var(--ast-global-color-5)","background-image":"","background-repeat":"repeat","background-position":"center center","background-size":"auto","background-attachment":"scroll","background-type":"","background-media":"","overlay-type":"","overlay-color":"","overlay-opacity":"","overlay-gradient":""},"tablet":{"background-color":"var(--ast-global-color-5)","background-image":"","background-repeat":"repeat","background-position":"center center","background-size":"auto","background-attachment":"scroll","background-type":"","background-media":"","overlay-type":"","overlay-color":"","overlay-opacity":"","overlay-gradient":""},"mobile":{"background-color":"var(--ast-global-color-5)","background-image":"","background-repeat":"repeat","background-position":"center center","background-size":"auto","background-attachment":"scroll","background-type":"","background-media":"","overlay-type":"","overlay-color":"","overlay-opacity":"","overlay-gradient":""}}},"product_cat":[32,28,205],"product_tag":[103,185],"class_list":{"0":"post-912","1":"product","2":"type-product","3":"status-publish","4":"has-post-thumbnail","6":"product_cat-edudem","7":"product_cat-libro","8":"product_cat-serie-signos","9":"product_tag-ciencias-exactas","10":"product_tag-fisica","11":"desktop-align-left","12":"tablet-align-left","13":"mobile-align-left","15":"first","16":"instock","17":"featured","18":"shipping-taxable","19":"purchasable","20":"product-type-simple"},"acf":[],"uagb_featured_image_src":{"full":["https:\/\/biblio1.mdp.edu.ar\/centro-ventas\/wp-content\/uploads\/sites\/2\/2018\/09\/tapa_pelota_satlite.jpg",207,300,false],"thumbnail":["https:\/\/biblio1.mdp.edu.ar\/centro-ventas\/wp-content\/uploads\/sites\/2\/2018\/09\/tapa_pelota_satlite-150x150.jpg",150,150,true],"medium":["https:\/\/biblio1.mdp.edu.ar\/centro-ventas\/wp-content\/uploads\/sites\/2\/2018\/09\/tapa_pelota_satlite-207x300.jpg",207,300,true],"medium_large":["https:\/\/biblio1.mdp.edu.ar\/centro-ventas\/wp-content\/uploads\/sites\/2\/2018\/09\/tapa_pelota_satlite.jpg",207,300,false],"large":["https:\/\/biblio1.mdp.edu.ar\/centro-ventas\/wp-content\/uploads\/sites\/2\/2018\/09\/tapa_pelota_satlite.jpg",207,300,false],"1536x1536":["https:\/\/biblio1.mdp.edu.ar\/centro-ventas\/wp-content\/uploads\/sites\/2\/2018\/09\/tapa_pelota_satlite.jpg",207,300,false],"2048x2048":["https:\/\/biblio1.mdp.edu.ar\/centro-ventas\/wp-content\/uploads\/sites\/2\/2018\/09\/tapa_pelota_satlite.jpg",207,300,false],"woocommerce_thumbnail":["https:\/\/biblio1.mdp.edu.ar\/centro-ventas\/wp-content\/uploads\/sites\/2\/2018\/09\/tapa_pelota_satlite.jpg",207,300,false],"woocommerce_single":["https:\/\/biblio1.mdp.edu.ar\/centro-ventas\/wp-content\/uploads\/sites\/2\/2018\/09\/tapa_pelota_satlite.jpg",207,300,false],"woocommerce_gallery_thumbnail":["https:\/\/biblio1.mdp.edu.ar\/centro-ventas\/wp-content\/uploads\/sites\/2\/2018\/09\/tapa_pelota_satlite-100x100.jpg",100,100,true]},"uagb_author_info":{"display_name":"Cristina Bernabe","author_link":"https:\/\/biblio1.mdp.edu.ar\/centro-ventas\/author\/"},"uagb_comment_info":0,"uagb_excerpt":"El f\u00fatbol es uno de los juegos\u00a0m\u00e1s populares y maravillosos del\u00a0mundo. Y como en todo quehacer\u00a0humano, la f\u00edsica tambi\u00e9n est\u00e1\u00a0presente en el f\u00fatbol. Este trabajo\u00a0revela, a trav\u00e9s de situaciones\u00a0propias de este fascinante juego, y sin recurrir a complejos\u00a0desarrollos matem\u00e1ticos,\u00a0conceptos f\u00edsicos b\u00e1sicos que, a\u00a0la luz de la mirada habitual, no se\u00a0hacen perceptibles y cuyo\u00a0conocimiento resulta esencial\u00a0para&hellip;","_links":{"self":[{"href":"https:\/\/biblio1.mdp.edu.ar\/centro-ventas\/wp-json\/wp\/v2\/product\/912","targetHints":{"allow":["GET"]}}],"collection":[{"href":"https:\/\/biblio1.mdp.edu.ar\/centro-ventas\/wp-json\/wp\/v2\/product"}],"about":[{"href":"https:\/\/biblio1.mdp.edu.ar\/centro-ventas\/wp-json\/wp\/v2\/types\/product"}],"wp:featuredmedia":[{"embeddable":true,"href":"https:\/\/biblio1.mdp.edu.ar\/centro-ventas\/wp-json\/wp\/v2\/media\/1038"}],"wp:attachment":[{"href":"https:\/\/biblio1.mdp.edu.ar\/centro-ventas\/wp-json\/wp\/v2\/media?parent=912"}],"wp:term":[{"taxonomy":"product_cat","embeddable":true,"href":"https:\/\/biblio1.mdp.edu.ar\/centro-ventas\/wp-json\/wp\/v2\/product_cat?post=912"},{"taxonomy":"product_tag","embeddable":true,"href":"https:\/\/biblio1.mdp.edu.ar\/centro-ventas\/wp-json\/wp\/v2\/product_tag?post=912"}],"curies":[{"name":"wp","href":"https:\/\/api.w.org\/{rel}","templated":true}]}}