{"id":908,"date":"2024-06-04T18:05:43","date_gmt":"2024-06-04T21:05:43","guid":{"rendered":"http:\/\/biblio1.mdp.edu.ar\/centro-ventas\/producto\/temas-de-algebra\/"},"modified":"2026-04-01T14:57:56","modified_gmt":"2026-04-01T17:57:56","slug":"temas-de-algebra","status":"publish","type":"product","link":"https:\/\/biblio1.mdp.edu.ar\/centro-ventas\/producto\/temas-de-algebra\/","title":{"rendered":"Temas de \u00c1lgebra"},"content":{"rendered":"<p>La tem\u00e1tica de esta obra\u00a0corresponde, b\u00e1sicamente, al\u00a0\u00e1rea Algebra, cuya utilidad es\u00a0bien conocida en distintas\u00a0disciplinas como F\u00edsica, Qu\u00edmica,\u00a0Biolog\u00eda, etc. Su contenido puede\u00a0adecuarse a diferentes tipos de<br \/>\ncursos dictados en los primeros\u00a0a\u00f1os de estudios \u00a0\u00a0universitarios,\u00a0especialmente a las carreras\u00a0espec\u00edficas de Matem\u00e1tica.<br \/>\nDada la carencia de bibliograf\u00eda\u00a0de estas caracter\u00edsticas, se\u00a0espera brindar a docentes y\u00a0alumnos avanzados, una\u00a0referencia bibliogr\u00e1fica de\u00a0consulta, siempre necesaria y a\u00a0los lectores n\u00f3veles una\u00a0herramienta interesante para<br \/>\ncomprender y \u201cmanejar\u201d los temas\u00a0aqu\u00ed desarrollados.<br \/>\nSe presentan ejemplos\u00a0ilustrativos, una variada\u00a0ejercitaci\u00f3n cuyo nivel de<br \/>\ncomplejidad se eleva\u00a0gradualmente y m\u00faltiples notas\u00a0hist\u00f3ricas y esbozos bibliogr\u00e1ficos\u00a0que acercan al lector a la historia\u00a0de la matem\u00e1tica de manera<br \/>\namena y estimulante. Se incluyen\u00a0temas de L\u00f3gica Proposicional y\u00a0Teor\u00eda de Conjuntos para que los\u00a0lectores menos experimentados\u00a0comprendan el lenguaje de la\u00a0Matem\u00e1tica, las notaciones\u00a0utilizadas y las bases<br \/>\nargumentativas de esta disciplina.<\/p>\n","protected":false},"excerpt":{"rendered":"<p>La tem\u00e1tica de esta obra\u00a0corresponde, b\u00e1sicamente, al\u00a0\u00e1rea Algebra, cuya utilidad es\u00a0bien conocida en distintas\u00a0disciplinas como F\u00edsica, Qu\u00edmica,\u00a0Biolog\u00eda, etc. Su contenido puede\u00a0adecuarse a diferentes tipos de cursos dictados en los primeros\u00a0a\u00f1os de estudios \u00a0\u00a0universitarios,\u00a0especialmente a las carreras\u00a0espec\u00edficas de Matem\u00e1tica. Dada la carencia de bibliograf\u00eda\u00a0de estas caracter\u00edsticas, se\u00a0espera brindar a docentes y\u00a0alumnos avanzados, una\u00a0referencia bibliogr\u00e1fica de\u00a0consulta, siempre [&hellip;]<\/p>\n","protected":false},"featured_media":1046,"template":"","meta":{"_acf_changed":false,"_eb_attr":"","_crdt_document":"","_uag_custom_page_level_css":"","_editorskit_title_hidden":false,"_editorskit_reading_time":0,"_editorskit_is_block_options_detached":false,"_editorskit_block_options_position":"{}","site-sidebar-layout":"default","site-content-layout":"default","ast-site-content-layout":"default","site-content-style":"default","site-sidebar-style":"default","ast-global-header-display":"","ast-banner-title-visibility":"","ast-main-header-display":"","ast-hfb-above-header-display":"","ast-hfb-below-header-display":"","ast-hfb-mobile-header-display":"","site-post-title":"","ast-breadcrumbs-content":"","ast-featured-img":"","footer-sml-layout":"","ast-disable-related-posts":"","theme-transparent-header-meta":"default","adv-header-id-meta":"","stick-header-meta":"","header-above-stick-meta":"","header-main-stick-meta":"","header-below-stick-meta":"","astra-migrate-meta-layouts":"default","ast-page-background-enabled":"default","ast-page-background-meta":{"desktop":{"background-color":"var(--ast-global-color-4)","background-image":"","background-repeat":"repeat","background-position":"center center","background-size":"auto","background-attachment":"scroll","background-type":"","background-media":"","overlay-type":"","overlay-color":"","overlay-opacity":"","overlay-gradient":""},"tablet":{"background-color":"","background-image":"","background-repeat":"repeat","background-position":"center center","background-size":"auto","background-attachment":"scroll","background-type":"","background-media":"","overlay-type":"","overlay-color":"","overlay-opacity":"","overlay-gradient":""},"mobile":{"background-color":"","background-image":"","background-repeat":"repeat","background-position":"center center","background-size":"auto","background-attachment":"scroll","background-type":"","background-media":"","overlay-type":"","overlay-color":"","overlay-opacity":"","overlay-gradient":""}},"ast-content-background-meta":{"desktop":{"background-color":"var(--ast-global-color-5)","background-image":"","background-repeat":"repeat","background-position":"center center","background-size":"auto","background-attachment":"scroll","background-type":"","background-media":"","overlay-type":"","overlay-color":"","overlay-opacity":"","overlay-gradient":""},"tablet":{"background-color":"var(--ast-global-color-5)","background-image":"","background-repeat":"repeat","background-position":"center center","background-size":"auto","background-attachment":"scroll","background-type":"","background-media":"","overlay-type":"","overlay-color":"","overlay-opacity":"","overlay-gradient":""},"mobile":{"background-color":"var(--ast-global-color-5)","background-image":"","background-repeat":"repeat","background-position":"center center","background-size":"auto","background-attachment":"scroll","background-type":"","background-media":"","overlay-type":"","overlay-color":"","overlay-opacity":"","overlay-gradient":""}}},"product_cat":[32,169,28],"product_tag":[],"class_list":{"0":"post-908","1":"product","2":"type-product","3":"status-publish","4":"has-post-thumbnail","6":"product_cat-edudem","7":"product_cat-coleccion-libros-de-grado","8":"product_cat-libro","9":"desktop-align-left","10":"tablet-align-left","11":"mobile-align-left","13":"first","14":"instock","15":"shipping-taxable","16":"purchasable","17":"product-type-simple"},"acf":[],"uagb_featured_image_src":{"full":["https:\/\/biblio1.mdp.edu.ar\/centro-ventas\/wp-content\/uploads\/sites\/2\/2018\/09\/97898719211515.jpg",800,1131,false],"thumbnail":["https:\/\/biblio1.mdp.edu.ar\/centro-ventas\/wp-content\/uploads\/sites\/2\/2018\/09\/97898719211515-150x150.jpg",150,150,true],"medium":["https:\/\/biblio1.mdp.edu.ar\/centro-ventas\/wp-content\/uploads\/sites\/2\/2018\/09\/97898719211515-212x300.jpg",212,300,true],"medium_large":["https:\/\/biblio1.mdp.edu.ar\/centro-ventas\/wp-content\/uploads\/sites\/2\/2018\/09\/97898719211515-768x1086.jpg",768,1086,true],"large":["https:\/\/biblio1.mdp.edu.ar\/centro-ventas\/wp-content\/uploads\/sites\/2\/2018\/09\/97898719211515-724x1024.jpg",724,1024,true],"1536x1536":["https:\/\/biblio1.mdp.edu.ar\/centro-ventas\/wp-content\/uploads\/sites\/2\/2018\/09\/97898719211515.jpg",800,1131,false],"2048x2048":["https:\/\/biblio1.mdp.edu.ar\/centro-ventas\/wp-content\/uploads\/sites\/2\/2018\/09\/97898719211515.jpg",800,1131,false],"woocommerce_thumbnail":["https:\/\/biblio1.mdp.edu.ar\/centro-ventas\/wp-content\/uploads\/sites\/2\/2018\/09\/97898719211515-250x353.jpg",250,353,true],"woocommerce_single":["https:\/\/biblio1.mdp.edu.ar\/centro-ventas\/wp-content\/uploads\/sites\/2\/2018\/09\/97898719211515-724x1024.jpg",600,849,true],"woocommerce_gallery_thumbnail":["https:\/\/biblio1.mdp.edu.ar\/centro-ventas\/wp-content\/uploads\/sites\/2\/2018\/09\/97898719211515-100x100.jpg",100,100,true]},"uagb_author_info":{"display_name":"Cristina Bernabe","author_link":"https:\/\/biblio1.mdp.edu.ar\/centro-ventas\/author\/"},"uagb_comment_info":0,"uagb_excerpt":"La tem\u00e1tica de esta obra\u00a0corresponde, b\u00e1sicamente, al\u00a0\u00e1rea Algebra, cuya utilidad es\u00a0bien conocida en distintas\u00a0disciplinas como F\u00edsica, Qu\u00edmica,\u00a0Biolog\u00eda, etc. Su contenido puede\u00a0adecuarse a diferentes tipos de cursos dictados en los primeros\u00a0a\u00f1os de estudios \u00a0\u00a0universitarios,\u00a0especialmente a las carreras\u00a0espec\u00edficas de Matem\u00e1tica. Dada la carencia de bibliograf\u00eda\u00a0de estas caracter\u00edsticas, se\u00a0espera brindar a docentes y\u00a0alumnos avanzados, una\u00a0referencia bibliogr\u00e1fica de\u00a0consulta, siempre&hellip;","_links":{"self":[{"href":"https:\/\/biblio1.mdp.edu.ar\/centro-ventas\/wp-json\/wp\/v2\/product\/908","targetHints":{"allow":["GET"]}}],"collection":[{"href":"https:\/\/biblio1.mdp.edu.ar\/centro-ventas\/wp-json\/wp\/v2\/product"}],"about":[{"href":"https:\/\/biblio1.mdp.edu.ar\/centro-ventas\/wp-json\/wp\/v2\/types\/product"}],"wp:featuredmedia":[{"embeddable":true,"href":"https:\/\/biblio1.mdp.edu.ar\/centro-ventas\/wp-json\/wp\/v2\/media\/1046"}],"wp:attachment":[{"href":"https:\/\/biblio1.mdp.edu.ar\/centro-ventas\/wp-json\/wp\/v2\/media?parent=908"}],"wp:term":[{"taxonomy":"product_cat","embeddable":true,"href":"https:\/\/biblio1.mdp.edu.ar\/centro-ventas\/wp-json\/wp\/v2\/product_cat?post=908"},{"taxonomy":"product_tag","embeddable":true,"href":"https:\/\/biblio1.mdp.edu.ar\/centro-ventas\/wp-json\/wp\/v2\/product_tag?post=908"}],"curies":[{"name":"wp","href":"https:\/\/api.w.org\/{rel}","templated":true}]}}