{"id":907,"date":"2018-09-04T18:05:43","date_gmt":"2018-09-04T21:05:43","guid":{"rendered":"http:\/\/biblio1.mdp.edu.ar\/centro-ventas\/producto\/sociologa-de-la-familia\/"},"modified":"2026-04-01T14:56:12","modified_gmt":"2026-04-01T17:56:12","slug":"sociologa-de-la-familia","status":"publish","type":"product","link":"https:\/\/biblio1.mdp.edu.ar\/centro-ventas\/producto\/sociologa-de-la-familia\/","title":{"rendered":"Sociolog\u00eda de la familia"},"content":{"rendered":"<p>\u201cSociolog\u00eda de la familia\u201d nos presenta tanto las transformaciones recientes \u00a0el universo familiar como las l\u00edneas de investigaci\u00f3n m\u00e1s consolidadas en torno a los distintos t\u00f3picos que componen ese universo cambiante y a la vez persistente. Con este libro, EUDEM ha llevado a cabo la traducci\u00f3n de la s\u00e9ptima edici\u00f3n totalmente revisada del citad\u00edsimo \u201cSociologie de la famille\u201d (Ed. Armand Colin,\u00a0 Par\u00eds) Segalen caracteriza este trabajo monumental como un \u201cpalimpsesto\u201d debido a las m\u00faltiples reescrituras de las cuales fue objeto desde su primera edici\u00f3n en 1981.<br \/>\nLa presente edici\u00f3n logra ser completamente diferente y pone al alcance del p\u00fablico no s\u00f3lo una importante actualizaci\u00f3n tem\u00e1tica y bibliogr\u00e1fica, sino principalmente un texto de\u00a0consulta imprescindible sobre el\u00a0estado de la sociolog\u00eda de la\u00a0familia en Europa.<\/p>\n","protected":false},"excerpt":{"rendered":"<p>\u201cSociolog\u00eda de la familia\u201d nos presenta tanto las transformaciones recientes \u00a0el universo familiar como las l\u00edneas de investigaci\u00f3n m\u00e1s consolidadas en torno a los distintos t\u00f3picos que componen ese universo cambiante y a la vez persistente. Con este libro, EUDEM ha llevado a cabo la traducci\u00f3n de la s\u00e9ptima edici\u00f3n totalmente revisada del citad\u00edsimo \u201cSociologie [&hellip;]<\/p>\n","protected":false},"featured_media":1044,"template":"","meta":{"_acf_changed":false,"_eb_attr":"","_crdt_document":"","_uag_custom_page_level_css":"","_editorskit_title_hidden":false,"_editorskit_reading_time":0,"_editorskit_is_block_options_detached":false,"_editorskit_block_options_position":"{}","site-sidebar-layout":"default","site-content-layout":"default","ast-site-content-layout":"default","site-content-style":"default","site-sidebar-style":"default","ast-global-header-display":"","ast-banner-title-visibility":"","ast-main-header-display":"","ast-hfb-above-header-display":"","ast-hfb-below-header-display":"","ast-hfb-mobile-header-display":"","site-post-title":"","ast-breadcrumbs-content":"","ast-featured-img":"","footer-sml-layout":"","ast-disable-related-posts":"","theme-transparent-header-meta":"default","adv-header-id-meta":"","stick-header-meta":"","header-above-stick-meta":"","header-main-stick-meta":"","header-below-stick-meta":"","astra-migrate-meta-layouts":"default","ast-page-background-enabled":"default","ast-page-background-meta":{"desktop":{"background-color":"var(--ast-global-color-4)","background-image":"","background-repeat":"repeat","background-position":"center center","background-size":"auto","background-attachment":"scroll","background-type":"","background-media":"","overlay-type":"","overlay-color":"","overlay-opacity":"","overlay-gradient":""},"tablet":{"background-color":"","background-image":"","background-repeat":"repeat","background-position":"center center","background-size":"auto","background-attachment":"scroll","background-type":"","background-media":"","overlay-type":"","overlay-color":"","overlay-opacity":"","overlay-gradient":""},"mobile":{"background-color":"","background-image":"","background-repeat":"repeat","background-position":"center center","background-size":"auto","background-attachment":"scroll","background-type":"","background-media":"","overlay-type":"","overlay-color":"","overlay-opacity":"","overlay-gradient":""}},"ast-content-background-meta":{"desktop":{"background-color":"var(--ast-global-color-5)","background-image":"","background-repeat":"repeat","background-position":"center center","background-size":"auto","background-attachment":"scroll","background-type":"","background-media":"","overlay-type":"","overlay-color":"","overlay-opacity":"","overlay-gradient":""},"tablet":{"background-color":"var(--ast-global-color-5)","background-image":"","background-repeat":"repeat","background-position":"center center","background-size":"auto","background-attachment":"scroll","background-type":"","background-media":"","overlay-type":"","overlay-color":"","overlay-opacity":"","overlay-gradient":""},"mobile":{"background-color":"var(--ast-global-color-5)","background-image":"","background-repeat":"repeat","background-position":"center center","background-size":"auto","background-attachment":"scroll","background-type":"","background-media":"","overlay-type":"","overlay-color":"","overlay-opacity":"","overlay-gradient":""}}},"product_cat":[32,203,28],"product_tag":[],"class_list":{"0":"post-907","1":"product","2":"type-product","3":"status-publish","4":"has-post-thumbnail","6":"product_cat-edudem","7":"product_cat-fuera-de-serie","8":"product_cat-libro","9":"desktop-align-left","10":"tablet-align-left","11":"mobile-align-left","13":"first","14":"instock","15":"shipping-taxable","16":"purchasable","17":"product-type-simple"},"acf":[],"uagb_featured_image_src":{"full":["https:\/\/biblio1.mdp.edu.ar\/centro-ventas\/wp-content\/uploads\/sites\/2\/2018\/09\/9789871921140.jpg",800,1187,false],"thumbnail":["https:\/\/biblio1.mdp.edu.ar\/centro-ventas\/wp-content\/uploads\/sites\/2\/2018\/09\/9789871921140-150x150.jpg",150,150,true],"medium":["https:\/\/biblio1.mdp.edu.ar\/centro-ventas\/wp-content\/uploads\/sites\/2\/2018\/09\/9789871921140-202x300.jpg",202,300,true],"medium_large":["https:\/\/biblio1.mdp.edu.ar\/centro-ventas\/wp-content\/uploads\/sites\/2\/2018\/09\/9789871921140-768x1140.jpg",768,1140,true],"large":["https:\/\/biblio1.mdp.edu.ar\/centro-ventas\/wp-content\/uploads\/sites\/2\/2018\/09\/9789871921140-690x1024.jpg",690,1024,true],"1536x1536":["https:\/\/biblio1.mdp.edu.ar\/centro-ventas\/wp-content\/uploads\/sites\/2\/2018\/09\/9789871921140.jpg",800,1187,false],"2048x2048":["https:\/\/biblio1.mdp.edu.ar\/centro-ventas\/wp-content\/uploads\/sites\/2\/2018\/09\/9789871921140.jpg",800,1187,false],"woocommerce_thumbnail":["https:\/\/biblio1.mdp.edu.ar\/centro-ventas\/wp-content\/uploads\/sites\/2\/2018\/09\/9789871921140-250x371.jpg",250,371,true],"woocommerce_single":["https:\/\/biblio1.mdp.edu.ar\/centro-ventas\/wp-content\/uploads\/sites\/2\/2018\/09\/9789871921140-690x1024.jpg",600,890,true],"woocommerce_gallery_thumbnail":["https:\/\/biblio1.mdp.edu.ar\/centro-ventas\/wp-content\/uploads\/sites\/2\/2018\/09\/9789871921140-100x100.jpg",100,100,true]},"uagb_author_info":{"display_name":"Cristina Bernabe","author_link":"https:\/\/biblio1.mdp.edu.ar\/centro-ventas\/author\/"},"uagb_comment_info":0,"uagb_excerpt":"\u201cSociolog\u00eda de la familia\u201d nos presenta tanto las transformaciones recientes \u00a0el universo familiar como las l\u00edneas de investigaci\u00f3n m\u00e1s consolidadas en torno a los distintos t\u00f3picos que componen ese universo cambiante y a la vez persistente. Con este libro, EUDEM ha llevado a cabo la traducci\u00f3n de la s\u00e9ptima edici\u00f3n totalmente revisada del citad\u00edsimo \u201cSociologie&hellip;","_links":{"self":[{"href":"https:\/\/biblio1.mdp.edu.ar\/centro-ventas\/wp-json\/wp\/v2\/product\/907","targetHints":{"allow":["GET"]}}],"collection":[{"href":"https:\/\/biblio1.mdp.edu.ar\/centro-ventas\/wp-json\/wp\/v2\/product"}],"about":[{"href":"https:\/\/biblio1.mdp.edu.ar\/centro-ventas\/wp-json\/wp\/v2\/types\/product"}],"wp:featuredmedia":[{"embeddable":true,"href":"https:\/\/biblio1.mdp.edu.ar\/centro-ventas\/wp-json\/wp\/v2\/media\/1044"}],"wp:attachment":[{"href":"https:\/\/biblio1.mdp.edu.ar\/centro-ventas\/wp-json\/wp\/v2\/media?parent=907"}],"wp:term":[{"taxonomy":"product_cat","embeddable":true,"href":"https:\/\/biblio1.mdp.edu.ar\/centro-ventas\/wp-json\/wp\/v2\/product_cat?post=907"},{"taxonomy":"product_tag","embeddable":true,"href":"https:\/\/biblio1.mdp.edu.ar\/centro-ventas\/wp-json\/wp\/v2\/product_tag?post=907"}],"curies":[{"name":"wp","href":"https:\/\/api.w.org\/{rel}","templated":true}]}}