{"id":902,"date":"2018-09-04T18:05:42","date_gmt":"2018-09-04T21:05:42","guid":{"rendered":"http:\/\/biblio1.mdp.edu.ar\/centro-ventas\/producto\/sankara-el-tratado-de-las-mil-enseanzas\/"},"modified":"2026-04-01T14:52:45","modified_gmt":"2026-04-01T17:52:45","slug":"sankara-el-tratado-de-las-mil-enseanzas","status":"publish","type":"product","link":"https:\/\/biblio1.mdp.edu.ar\/centro-ventas\/producto\/sankara-el-tratado-de-las-mil-enseanzas\/","title":{"rendered":"Sankara. El tratado de las mil ense\u00f1anzas"},"content":{"rendered":"<p>El Upadesas\u00e2hasr\u00ee, Tratado de\u00a0las Mil Ense\u00f1anzas, es\u00a0considerado el \u00fanico \u00a0trabajo\u00a0independiente del Plat\u00f3n de la\u00a0India: Sankara (s. VII dJC). Se\u00a0trata de un extenso di\u00e1logo entre\u00a0un maestro y su disc\u00edpulo; a\u00a0trav\u00e9s de ellos se despliega la\u00a0interacci\u00f3n y la tensi\u00f3n entre los\u00a0dos niveles del alma: el alma<br \/>\nsuperior o \u00e2tman-brahman,\u00a0siempre libre, mas all\u00e1 de los\u00a0conflictos del ego\u00edsmo y del\u00a0individualismo, y el alma inferior,\u00a0volcada hacia el mundo com\u00fan,<br \/>\ndispersa en el espacio y el\u00a0tiempo, atada a la causa y el\u00a0efecto (karma) e inevitablemente\u00a0sumida en el dolor y en el\u00a0desprop\u00f3sito al identificarse con<br \/>\nla falsa consideraci\u00f3n de un yo\u00a0hist\u00f3rico. La presente traducci\u00f3n\u00a0ha sido realizada por la Dra.\u00a0Olivia Cattedra seg\u00fan la edici\u00f3n\u00a0cr\u00edtica de S. Mayeda \u00a0(Tokyo,\u00a01979).<\/p>\n","protected":false},"excerpt":{"rendered":"<p>El Upadesas\u00e2hasr\u00ee, Tratado de\u00a0las Mil Ense\u00f1anzas, es\u00a0considerado el \u00fanico \u00a0trabajo\u00a0independiente del Plat\u00f3n de la\u00a0India: Sankara (s. VII dJC). Se\u00a0trata de un extenso di\u00e1logo entre\u00a0un maestro y su disc\u00edpulo; a\u00a0trav\u00e9s de ellos se despliega la\u00a0interacci\u00f3n y la tensi\u00f3n entre los\u00a0dos niveles del alma: el alma superior o \u00e2tman-brahman,\u00a0siempre libre, mas all\u00e1 de los\u00a0conflictos del ego\u00edsmo y [&hellip;]<\/p>\n","protected":false},"featured_media":2645,"template":"","meta":{"_acf_changed":false,"_eb_attr":"","_crdt_document":"","_uag_custom_page_level_css":"","_editorskit_title_hidden":false,"_editorskit_reading_time":0,"_editorskit_is_block_options_detached":false,"_editorskit_block_options_position":"{}","site-sidebar-layout":"default","site-content-layout":"default","ast-site-content-layout":"default","site-content-style":"default","site-sidebar-style":"default","ast-global-header-display":"","ast-banner-title-visibility":"","ast-main-header-display":"","ast-hfb-above-header-display":"","ast-hfb-below-header-display":"","ast-hfb-mobile-header-display":"","site-post-title":"","ast-breadcrumbs-content":"","ast-featured-img":"","footer-sml-layout":"","ast-disable-related-posts":"","theme-transparent-header-meta":"default","adv-header-id-meta":"","stick-header-meta":"","header-above-stick-meta":"","header-main-stick-meta":"","header-below-stick-meta":"","astra-migrate-meta-layouts":"default","ast-page-background-enabled":"default","ast-page-background-meta":{"desktop":{"background-color":"var(--ast-global-color-4)","background-image":"","background-repeat":"repeat","background-position":"center center","background-size":"auto","background-attachment":"scroll","background-type":"","background-media":"","overlay-type":"","overlay-color":"","overlay-opacity":"","overlay-gradient":""},"tablet":{"background-color":"","background-image":"","background-repeat":"repeat","background-position":"center center","background-size":"auto","background-attachment":"scroll","background-type":"","background-media":"","overlay-type":"","overlay-color":"","overlay-opacity":"","overlay-gradient":""},"mobile":{"background-color":"","background-image":"","background-repeat":"repeat","background-position":"center center","background-size":"auto","background-attachment":"scroll","background-type":"","background-media":"","overlay-type":"","overlay-color":"","overlay-opacity":"","overlay-gradient":""}},"ast-content-background-meta":{"desktop":{"background-color":"var(--ast-global-color-5)","background-image":"","background-repeat":"repeat","background-position":"center center","background-size":"auto","background-attachment":"scroll","background-type":"","background-media":"","overlay-type":"","overlay-color":"","overlay-opacity":"","overlay-gradient":""},"tablet":{"background-color":"var(--ast-global-color-5)","background-image":"","background-repeat":"repeat","background-position":"center center","background-size":"auto","background-attachment":"scroll","background-type":"","background-media":"","overlay-type":"","overlay-color":"","overlay-opacity":"","overlay-gradient":""},"mobile":{"background-color":"var(--ast-global-color-5)","background-image":"","background-repeat":"repeat","background-position":"center center","background-size":"auto","background-attachment":"scroll","background-type":"","background-media":"","overlay-type":"","overlay-color":"","overlay-opacity":"","overlay-gradient":""}}},"product_cat":[32,28,124],"product_tag":[196,53,195,194],"class_list":{"0":"post-902","1":"product","2":"type-product","3":"status-publish","4":"has-post-thumbnail","6":"product_cat-edudem","7":"product_cat-libro","8":"product_cat-serie-simbolos","9":"product_tag-humanidades","10":"product_tag-humanidades-y-ciencias-sociales","11":"product_tag-japon","12":"product_tag-siencias-sociales","13":"desktop-align-left","14":"tablet-align-left","15":"mobile-align-left","17":"first","18":"instock","19":"shipping-taxable","20":"purchasable","21":"product-type-simple"},"acf":[],"uagb_featured_image_src":{"full":["https:\/\/biblio1.mdp.edu.ar\/centro-ventas\/wp-content\/uploads\/sites\/2\/2018\/09\/tapa-sankara-.jpg",440,638,false],"thumbnail":["https:\/\/biblio1.mdp.edu.ar\/centro-ventas\/wp-content\/uploads\/sites\/2\/2018\/09\/tapa-sankara-.jpg",103,150,false],"medium":["https:\/\/biblio1.mdp.edu.ar\/centro-ventas\/wp-content\/uploads\/sites\/2\/2018\/09\/tapa-sankara-.jpg",207,300,false],"medium_large":["https:\/\/biblio1.mdp.edu.ar\/centro-ventas\/wp-content\/uploads\/sites\/2\/2018\/09\/tapa-sankara-.jpg",440,638,false],"large":["https:\/\/biblio1.mdp.edu.ar\/centro-ventas\/wp-content\/uploads\/sites\/2\/2018\/09\/tapa-sankara-.jpg",440,638,false],"1536x1536":["https:\/\/biblio1.mdp.edu.ar\/centro-ventas\/wp-content\/uploads\/sites\/2\/2018\/09\/tapa-sankara-.jpg",440,638,false],"2048x2048":["https:\/\/biblio1.mdp.edu.ar\/centro-ventas\/wp-content\/uploads\/sites\/2\/2018\/09\/tapa-sankara-.jpg",440,638,false],"woocommerce_thumbnail":["https:\/\/biblio1.mdp.edu.ar\/centro-ventas\/wp-content\/uploads\/sites\/2\/2018\/09\/tapa-sankara-.jpg",300,435,false],"woocommerce_single":["https:\/\/biblio1.mdp.edu.ar\/centro-ventas\/wp-content\/uploads\/sites\/2\/2018\/09\/tapa-sankara-.jpg",440,638,false],"woocommerce_gallery_thumbnail":["https:\/\/biblio1.mdp.edu.ar\/centro-ventas\/wp-content\/uploads\/sites\/2\/2018\/09\/tapa-sankara--100x100.jpg",100,100,true]},"uagb_author_info":{"display_name":"Cristina Bernabe","author_link":"https:\/\/biblio1.mdp.edu.ar\/centro-ventas\/author\/"},"uagb_comment_info":0,"uagb_excerpt":"El Upadesas\u00e2hasr\u00ee, Tratado de\u00a0las Mil Ense\u00f1anzas, es\u00a0considerado el \u00fanico \u00a0trabajo\u00a0independiente del Plat\u00f3n de la\u00a0India: Sankara (s. VII dJC). Se\u00a0trata de un extenso di\u00e1logo entre\u00a0un maestro y su disc\u00edpulo; a\u00a0trav\u00e9s de ellos se despliega la\u00a0interacci\u00f3n y la tensi\u00f3n entre los\u00a0dos niveles del alma: el alma superior o \u00e2tman-brahman,\u00a0siempre libre, mas all\u00e1 de los\u00a0conflictos del ego\u00edsmo y&hellip;","_links":{"self":[{"href":"https:\/\/biblio1.mdp.edu.ar\/centro-ventas\/wp-json\/wp\/v2\/product\/902","targetHints":{"allow":["GET"]}}],"collection":[{"href":"https:\/\/biblio1.mdp.edu.ar\/centro-ventas\/wp-json\/wp\/v2\/product"}],"about":[{"href":"https:\/\/biblio1.mdp.edu.ar\/centro-ventas\/wp-json\/wp\/v2\/types\/product"}],"wp:featuredmedia":[{"embeddable":true,"href":"https:\/\/biblio1.mdp.edu.ar\/centro-ventas\/wp-json\/wp\/v2\/media\/2645"}],"wp:attachment":[{"href":"https:\/\/biblio1.mdp.edu.ar\/centro-ventas\/wp-json\/wp\/v2\/media?parent=902"}],"wp:term":[{"taxonomy":"product_cat","embeddable":true,"href":"https:\/\/biblio1.mdp.edu.ar\/centro-ventas\/wp-json\/wp\/v2\/product_cat?post=902"},{"taxonomy":"product_tag","embeddable":true,"href":"https:\/\/biblio1.mdp.edu.ar\/centro-ventas\/wp-json\/wp\/v2\/product_tag?post=902"}],"curies":[{"name":"wp","href":"https:\/\/api.w.org\/{rel}","templated":true}]}}