{"id":896,"date":"2018-09-04T18:05:41","date_gmt":"2018-09-04T21:05:41","guid":{"rendered":"http:\/\/biblio1.mdp.edu.ar\/centro-ventas\/producto\/mujeres-de-latinoamrica\/"},"modified":"2026-03-30T17:15:16","modified_gmt":"2026-03-30T20:15:16","slug":"mujeres-de-latinoamrica","status":"publish","type":"product","link":"https:\/\/biblio1.mdp.edu.ar\/centro-ventas\/producto\/mujeres-de-latinoamrica\/","title":{"rendered":"Mujeres de Latinoam\u00e9rica"},"content":{"rendered":"<p>El presente de las mujeres en la regi\u00f3n es heterog\u00e9neo pero, en la desigual manera de vivir el d\u00eda a d\u00eda, nosotras compartimos el desafiante reto de construir una realidad digna que merezca ser\u00a0vivida.<br \/>\nEn este libro, a trav\u00e9s de\u00a0testimonios, an\u00e1lisis y estudios de\u00a0casos, se presenta el recorrido de\u00a0contextos que denuncian y ponen\u00a0de manifiesto un men\u00fa de<br \/>\nproblemas al que nos\u00a0enfrentamos por la condici\u00f3n\u00a0com\u00fan de ser mujeres.<br \/>\nLa identificaci\u00f3n con situaciones\u00a0de violencia, subordinaci\u00f3n y un\u00a0sin n\u00famero de brechas\u00a0variopintas, permite reconstruir un\u00a0territorio sin fronteras, en donde<br \/>\nArgentina, Brasil, Bolivia,\u00a0Colombia, Chile, Honduras,\u00a0M\u00e9xico o Paraguay, son<br \/>\nescenario de frustraciones,\u00a0realizaciones y conquistas que se\u00a0expresan en los textos de este\u00a0libro.<br \/>\nMostrar el presente nos alimenta\u00a0para encarar un mejor futuro y\u00a0ese es el sentido que se busca\u00a0transmitir a los lectores a los que\u00a0se invita a sumergirse en el sentir\u00a0y hacer de mujeres en veintid\u00f3s\u00a0letras, Mujeres de Latinoam\u00e9rica.<\/p>\n","protected":false},"excerpt":{"rendered":"<p>El presente de las mujeres en la regi\u00f3n es heterog\u00e9neo pero, en la desigual manera de vivir el d\u00eda a d\u00eda, nosotras compartimos el desafiante reto de construir una realidad digna que merezca ser\u00a0vivida. En este libro, a trav\u00e9s de\u00a0testimonios, an\u00e1lisis y estudios de\u00a0casos, se presenta el recorrido de\u00a0contextos que denuncian y ponen\u00a0de manifiesto un [&hellip;]<\/p>\n","protected":false},"featured_media":1053,"template":"","meta":{"_acf_changed":false,"_eb_attr":"","_crdt_document":"","_uag_custom_page_level_css":"","_editorskit_title_hidden":false,"_editorskit_reading_time":0,"_editorskit_is_block_options_detached":false,"_editorskit_block_options_position":"{}","site-sidebar-layout":"default","site-content-layout":"","ast-site-content-layout":"default","site-content-style":"default","site-sidebar-style":"default","ast-global-header-display":"","ast-banner-title-visibility":"","ast-main-header-display":"","ast-hfb-above-header-display":"","ast-hfb-below-header-display":"","ast-hfb-mobile-header-display":"","site-post-title":"","ast-breadcrumbs-content":"","ast-featured-img":"","footer-sml-layout":"","ast-disable-related-posts":"","theme-transparent-header-meta":"","adv-header-id-meta":"","stick-header-meta":"","header-above-stick-meta":"","header-main-stick-meta":"","header-below-stick-meta":"","astra-migrate-meta-layouts":"default","ast-page-background-enabled":"default","ast-page-background-meta":{"desktop":{"background-color":"var(--ast-global-color-4)","background-image":"","background-repeat":"repeat","background-position":"center center","background-size":"auto","background-attachment":"scroll","background-type":"","background-media":"","overlay-type":"","overlay-color":"","overlay-opacity":"","overlay-gradient":""},"tablet":{"background-color":"","background-image":"","background-repeat":"repeat","background-position":"center center","background-size":"auto","background-attachment":"scroll","background-type":"","background-media":"","overlay-type":"","overlay-color":"","overlay-opacity":"","overlay-gradient":""},"mobile":{"background-color":"","background-image":"","background-repeat":"repeat","background-position":"center center","background-size":"auto","background-attachment":"scroll","background-type":"","background-media":"","overlay-type":"","overlay-color":"","overlay-opacity":"","overlay-gradient":""}},"ast-content-background-meta":{"desktop":{"background-color":"var(--ast-global-color-5)","background-image":"","background-repeat":"repeat","background-position":"center center","background-size":"auto","background-attachment":"scroll","background-type":"","background-media":"","overlay-type":"","overlay-color":"","overlay-opacity":"","overlay-gradient":""},"tablet":{"background-color":"var(--ast-global-color-5)","background-image":"","background-repeat":"repeat","background-position":"center center","background-size":"auto","background-attachment":"scroll","background-type":"","background-media":"","overlay-type":"","overlay-color":"","overlay-opacity":"","overlay-gradient":""},"mobile":{"background-color":"var(--ast-global-color-5)","background-image":"","background-repeat":"repeat","background-position":"center center","background-size":"auto","background-attachment":"scroll","background-type":"","background-media":"","overlay-type":"","overlay-color":"","overlay-opacity":"","overlay-gradient":""}}},"product_cat":[125,32,28],"product_tag":[],"class_list":{"0":"post-896","1":"product","2":"type-product","3":"status-publish","4":"has-post-thumbnail","6":"product_cat-coleccion-temas-de-ciudadania-y-politica","7":"product_cat-edudem","8":"product_cat-libro","9":"desktop-align-left","10":"tablet-align-left","11":"mobile-align-left","13":"first","14":"instock","15":"shipping-taxable","16":"purchasable","17":"product-type-simple"},"acf":[],"uagb_featured_image_src":{"full":["https:\/\/biblio1.mdp.edu.ar\/centro-ventas\/wp-content\/uploads\/sites\/2\/2018\/09\/9789871921492-1.jpg",1400,2091,false],"thumbnail":["https:\/\/biblio1.mdp.edu.ar\/centro-ventas\/wp-content\/uploads\/sites\/2\/2018\/09\/9789871921492-1-150x150.jpg",150,150,true],"medium":["https:\/\/biblio1.mdp.edu.ar\/centro-ventas\/wp-content\/uploads\/sites\/2\/2018\/09\/9789871921492-1-201x300.jpg",201,300,true],"medium_large":["https:\/\/biblio1.mdp.edu.ar\/centro-ventas\/wp-content\/uploads\/sites\/2\/2018\/09\/9789871921492-1-768x1147.jpg",768,1147,true],"large":["https:\/\/biblio1.mdp.edu.ar\/centro-ventas\/wp-content\/uploads\/sites\/2\/2018\/09\/9789871921492-1-686x1024.jpg",686,1024,true],"1536x1536":["https:\/\/biblio1.mdp.edu.ar\/centro-ventas\/wp-content\/uploads\/sites\/2\/2018\/09\/9789871921492-1.jpg",1028,1536,false],"2048x2048":["https:\/\/biblio1.mdp.edu.ar\/centro-ventas\/wp-content\/uploads\/sites\/2\/2018\/09\/9789871921492-1.jpg",1371,2048,false],"woocommerce_thumbnail":["https:\/\/biblio1.mdp.edu.ar\/centro-ventas\/wp-content\/uploads\/sites\/2\/2018\/09\/9789871921492-1-250x373.jpg",250,373,true],"woocommerce_single":["https:\/\/biblio1.mdp.edu.ar\/centro-ventas\/wp-content\/uploads\/sites\/2\/2018\/09\/9789871921492-1-686x1024.jpg",600,896,true],"woocommerce_gallery_thumbnail":["https:\/\/biblio1.mdp.edu.ar\/centro-ventas\/wp-content\/uploads\/sites\/2\/2018\/09\/9789871921492-1-100x100.jpg",100,100,true]},"uagb_author_info":{"display_name":"Cristina Bernabe","author_link":"https:\/\/biblio1.mdp.edu.ar\/centro-ventas\/author\/"},"uagb_comment_info":0,"uagb_excerpt":"El presente de las mujeres en la regi\u00f3n es heterog\u00e9neo pero, en la desigual manera de vivir el d\u00eda a d\u00eda, nosotras compartimos el desafiante reto de construir una realidad digna que merezca ser\u00a0vivida. En este libro, a trav\u00e9s de\u00a0testimonios, an\u00e1lisis y estudios de\u00a0casos, se presenta el recorrido de\u00a0contextos que denuncian y ponen\u00a0de manifiesto un&hellip;","_links":{"self":[{"href":"https:\/\/biblio1.mdp.edu.ar\/centro-ventas\/wp-json\/wp\/v2\/product\/896","targetHints":{"allow":["GET"]}}],"collection":[{"href":"https:\/\/biblio1.mdp.edu.ar\/centro-ventas\/wp-json\/wp\/v2\/product"}],"about":[{"href":"https:\/\/biblio1.mdp.edu.ar\/centro-ventas\/wp-json\/wp\/v2\/types\/product"}],"wp:featuredmedia":[{"embeddable":true,"href":"https:\/\/biblio1.mdp.edu.ar\/centro-ventas\/wp-json\/wp\/v2\/media\/1053"}],"wp:attachment":[{"href":"https:\/\/biblio1.mdp.edu.ar\/centro-ventas\/wp-json\/wp\/v2\/media?parent=896"}],"wp:term":[{"taxonomy":"product_cat","embeddable":true,"href":"https:\/\/biblio1.mdp.edu.ar\/centro-ventas\/wp-json\/wp\/v2\/product_cat?post=896"},{"taxonomy":"product_tag","embeddable":true,"href":"https:\/\/biblio1.mdp.edu.ar\/centro-ventas\/wp-json\/wp\/v2\/product_tag?post=896"}],"curies":[{"name":"wp","href":"https:\/\/api.w.org\/{rel}","templated":true}]}}