{"id":895,"date":"2018-09-04T18:05:41","date_gmt":"2018-09-04T21:05:41","guid":{"rendered":"http:\/\/biblio1.mdp.edu.ar\/centro-ventas\/producto\/moldera-inclusiva\/"},"modified":"2026-03-30T17:13:31","modified_gmt":"2026-03-30T20:13:31","slug":"moldera-inclusiva","status":"publish","type":"product","link":"https:\/\/biblio1.mdp.edu.ar\/centro-ventas\/producto\/moldera-inclusiva\/","title":{"rendered":"Molder\u00eda inclusiva"},"content":{"rendered":"<p>Este nuevo sistema de molder\u00eda da\u00a0respuesta a un problema muy\u00a0particular y desatendido en la\u00a0Rep\u00fablica Argentina como es la\u00a0ausencia de un sistema de molder\u00eda\u00a0pensado en las necesidades\u00a0espec\u00edficas de los ni\u00f1os con\u00a0discapacidades motrices, que\u00a0facilite la interacci\u00f3n sujeto-objeto.<br \/>\nEl presente libro es el resultado de\u00a0una investigaci\u00f3n orientada hacia\u00a0ni\u00f1os y ni\u00f1as que padecen alg\u00fan\u00a0tipo de discapacidad motriz, en\u00a0cualquiera de sus formas.<br \/>\nExplicado paso a paso, para que\u00a0pueda ser usado y entendido por\u00a0todos, desde un principiante hasta\u00a0un profesional, ofrece las\u00a0herramientas para la confecci\u00f3n de\u00a0prendas en peque\u00f1a o gran escala:<br \/>\nC\u00f3mo tomar las medidas, en\u00a0usuarios en silla de ruedas.\u00a0Nueva tabla de medidas\u00a0espec\u00edficas.<br \/>\nTrazados bases, orientados a las\u00a0exigencias y necesidades del<br \/>\nusuario.<br \/>\nTransformaciones de los b\u00e1sicos\u00a0para arribar a diferentes tipolog\u00edas.<br \/>\nAdaptaciones para diferentes\u00a0materiales.<br \/>\nY para facilitarle la tarea&#8230; \u00a1Moldes\u00a0en tama\u00f1o real! para ni\u00f1os de 2 a<br \/>\n15 a\u00f1os.<br \/>\nConsiderado por la autora como el\u00a0punto de partida para un cambio<br \/>\nradical en la mirada del dise\u00f1o y del\u00a0mundo de la moda.<\/p>\n","protected":false},"excerpt":{"rendered":"<p>Este nuevo sistema de molder\u00eda da\u00a0respuesta a un problema muy\u00a0particular y desatendido en la\u00a0Rep\u00fablica Argentina como es la\u00a0ausencia de un sistema de molder\u00eda\u00a0pensado en las necesidades\u00a0espec\u00edficas de los ni\u00f1os con\u00a0discapacidades motrices, que\u00a0facilite la interacci\u00f3n sujeto-objeto. El presente libro es el resultado de\u00a0una investigaci\u00f3n orientada hacia\u00a0ni\u00f1os y ni\u00f1as que padecen alg\u00fan\u00a0tipo de discapacidad motriz, en\u00a0cualquiera de [&hellip;]<\/p>\n","protected":false},"featured_media":1052,"template":"","meta":{"_acf_changed":false,"_eb_attr":"","_crdt_document":"","_uag_custom_page_level_css":"","_editorskit_title_hidden":false,"_editorskit_reading_time":0,"_editorskit_is_block_options_detached":false,"_editorskit_block_options_position":"{}","site-sidebar-layout":"default","site-content-layout":"default","ast-site-content-layout":"default","site-content-style":"default","site-sidebar-style":"default","ast-global-header-display":"","ast-banner-title-visibility":"","ast-main-header-display":"","ast-hfb-above-header-display":"","ast-hfb-below-header-display":"","ast-hfb-mobile-header-display":"","site-post-title":"","ast-breadcrumbs-content":"","ast-featured-img":"","footer-sml-layout":"","ast-disable-related-posts":"","theme-transparent-header-meta":"default","adv-header-id-meta":"","stick-header-meta":"","header-above-stick-meta":"","header-main-stick-meta":"","header-below-stick-meta":"","astra-migrate-meta-layouts":"default","ast-page-background-enabled":"default","ast-page-background-meta":{"desktop":{"background-color":"var(--ast-global-color-4)","background-image":"","background-repeat":"repeat","background-position":"center center","background-size":"auto","background-attachment":"scroll","background-type":"","background-media":"","overlay-type":"","overlay-color":"","overlay-opacity":"","overlay-gradient":""},"tablet":{"background-color":"","background-image":"","background-repeat":"repeat","background-position":"center center","background-size":"auto","background-attachment":"scroll","background-type":"","background-media":"","overlay-type":"","overlay-color":"","overlay-opacity":"","overlay-gradient":""},"mobile":{"background-color":"","background-image":"","background-repeat":"repeat","background-position":"center center","background-size":"auto","background-attachment":"scroll","background-type":"","background-media":"","overlay-type":"","overlay-color":"","overlay-opacity":"","overlay-gradient":""}},"ast-content-background-meta":{"desktop":{"background-color":"var(--ast-global-color-5)","background-image":"","background-repeat":"repeat","background-position":"center center","background-size":"auto","background-attachment":"scroll","background-type":"","background-media":"","overlay-type":"","overlay-color":"","overlay-opacity":"","overlay-gradient":""},"tablet":{"background-color":"var(--ast-global-color-5)","background-image":"","background-repeat":"repeat","background-position":"center center","background-size":"auto","background-attachment":"scroll","background-type":"","background-media":"","overlay-type":"","overlay-color":"","overlay-opacity":"","overlay-gradient":""},"mobile":{"background-color":"var(--ast-global-color-5)","background-image":"","background-repeat":"repeat","background-position":"center center","background-size":"auto","background-attachment":"scroll","background-type":"","background-media":"","overlay-type":"","overlay-color":"","overlay-opacity":"","overlay-gradient":""}}},"product_cat":[115,32,28],"product_tag":[],"class_list":{"0":"post-895","1":"product","2":"type-product","3":"status-publish","4":"has-post-thumbnail","6":"product_cat-herramientas","7":"product_cat-edudem","8":"product_cat-libro","9":"desktop-align-left","10":"tablet-align-left","11":"mobile-align-left","13":"first","14":"instock","15":"shipping-taxable","16":"purchasable","17":"product-type-simple"},"acf":[],"uagb_featured_image_src":{"full":["https:\/\/biblio1.mdp.edu.ar\/centro-ventas\/wp-content\/uploads\/sites\/2\/2018\/09\/molderiaInclusiva.jpg",311,441,false],"thumbnail":["https:\/\/biblio1.mdp.edu.ar\/centro-ventas\/wp-content\/uploads\/sites\/2\/2018\/09\/molderiaInclusiva-150x150.jpg",150,150,true],"medium":["https:\/\/biblio1.mdp.edu.ar\/centro-ventas\/wp-content\/uploads\/sites\/2\/2018\/09\/molderiaInclusiva-212x300.jpg",212,300,true],"medium_large":["https:\/\/biblio1.mdp.edu.ar\/centro-ventas\/wp-content\/uploads\/sites\/2\/2018\/09\/molderiaInclusiva.jpg",311,441,false],"large":["https:\/\/biblio1.mdp.edu.ar\/centro-ventas\/wp-content\/uploads\/sites\/2\/2018\/09\/molderiaInclusiva.jpg",311,441,false],"1536x1536":["https:\/\/biblio1.mdp.edu.ar\/centro-ventas\/wp-content\/uploads\/sites\/2\/2018\/09\/molderiaInclusiva.jpg",311,441,false],"2048x2048":["https:\/\/biblio1.mdp.edu.ar\/centro-ventas\/wp-content\/uploads\/sites\/2\/2018\/09\/molderiaInclusiva.jpg",311,441,false],"woocommerce_thumbnail":["https:\/\/biblio1.mdp.edu.ar\/centro-ventas\/wp-content\/uploads\/sites\/2\/2018\/09\/molderiaInclusiva-250x355.jpg",250,355,true],"woocommerce_single":["https:\/\/biblio1.mdp.edu.ar\/centro-ventas\/wp-content\/uploads\/sites\/2\/2018\/09\/molderiaInclusiva.jpg",311,441,false],"woocommerce_gallery_thumbnail":["https:\/\/biblio1.mdp.edu.ar\/centro-ventas\/wp-content\/uploads\/sites\/2\/2018\/09\/molderiaInclusiva-100x100.jpg",100,100,true]},"uagb_author_info":{"display_name":"Cristina Bernabe","author_link":"https:\/\/biblio1.mdp.edu.ar\/centro-ventas\/author\/"},"uagb_comment_info":0,"uagb_excerpt":"Este nuevo sistema de molder\u00eda da\u00a0respuesta a un problema muy\u00a0particular y desatendido en la\u00a0Rep\u00fablica Argentina como es la\u00a0ausencia de un sistema de molder\u00eda\u00a0pensado en las necesidades\u00a0espec\u00edficas de los ni\u00f1os con\u00a0discapacidades motrices, que\u00a0facilite la interacci\u00f3n sujeto-objeto. El presente libro es el resultado de\u00a0una investigaci\u00f3n orientada hacia\u00a0ni\u00f1os y ni\u00f1as que padecen alg\u00fan\u00a0tipo de discapacidad motriz, en\u00a0cualquiera de&hellip;","_links":{"self":[{"href":"https:\/\/biblio1.mdp.edu.ar\/centro-ventas\/wp-json\/wp\/v2\/product\/895","targetHints":{"allow":["GET"]}}],"collection":[{"href":"https:\/\/biblio1.mdp.edu.ar\/centro-ventas\/wp-json\/wp\/v2\/product"}],"about":[{"href":"https:\/\/biblio1.mdp.edu.ar\/centro-ventas\/wp-json\/wp\/v2\/types\/product"}],"wp:featuredmedia":[{"embeddable":true,"href":"https:\/\/biblio1.mdp.edu.ar\/centro-ventas\/wp-json\/wp\/v2\/media\/1052"}],"wp:attachment":[{"href":"https:\/\/biblio1.mdp.edu.ar\/centro-ventas\/wp-json\/wp\/v2\/media?parent=895"}],"wp:term":[{"taxonomy":"product_cat","embeddable":true,"href":"https:\/\/biblio1.mdp.edu.ar\/centro-ventas\/wp-json\/wp\/v2\/product_cat?post=895"},{"taxonomy":"product_tag","embeddable":true,"href":"https:\/\/biblio1.mdp.edu.ar\/centro-ventas\/wp-json\/wp\/v2\/product_tag?post=895"}],"curies":[{"name":"wp","href":"https:\/\/api.w.org\/{rel}","templated":true}]}}