{"id":889,"date":"2018-09-04T18:05:39","date_gmt":"2018-09-04T21:05:39","guid":{"rendered":"http:\/\/biblio1.mdp.edu.ar\/centro-ventas\/producto\/los-usos-del-poema\/"},"modified":"2026-03-30T17:06:59","modified_gmt":"2026-03-30T20:06:59","slug":"los-usos-del-poema","status":"publish","type":"product","link":"https:\/\/biblio1.mdp.edu.ar\/centro-ventas\/producto\/los-usos-del-poema\/","title":{"rendered":"Los usos del poema"},"content":{"rendered":"<p>Una mirada integradora sobre la \u00a0diversidad de expresiones\u00a0po\u00e9ticas en lengua \u00a0castellana de\u00a0las dos \u00faltimas d\u00e9cadas del siglo\u00a0XX y el incipiente siglo XXI en<br \/>\nEspa\u00f1a nos conduce a una\u00a0conclusi\u00f3n quiz\u00e1s irreverente\u00a0para muchos de sus<br \/>\nprotagonistas peninsulares: \u00abno\u00a0hay nada nuevo bajo el sol\u00bb. La\u00a0poes\u00eda nunca se ha reinventado a\u00a0s\u00ed misma, sino que abreva en las \u00a0aguas profundas de su\u00a0genealog\u00eda hist\u00f3rica y ret\u00f3rica;\u00a0transforma y canibaliza a sus\u00a0ancestros; funda una palabra con\u00a0vocaci\u00f3n de novedad pero\u00a0conciencia de familia.<br \/>\nEste libro es fruto del proyecto de\u00a0investigaci\u00f3n del equipo que dirijo\u00a0en el CELEHIS, perteneciente a\u00a0la Universidad Nacional de Mar\u00a0del Plata (Argentina). A los siete\u00a0miembros del equipo se han\u00a0sumado las valiosas\u00a0colaboraciones de tres cr\u00edticos\u00a0espa\u00f1oles.<\/p>\n","protected":false},"excerpt":{"rendered":"<p>Una mirada integradora sobre la \u00a0diversidad de expresiones\u00a0po\u00e9ticas en lengua \u00a0castellana de\u00a0las dos \u00faltimas d\u00e9cadas del siglo\u00a0XX y el incipiente siglo XXI en Espa\u00f1a nos conduce a una\u00a0conclusi\u00f3n quiz\u00e1s irreverente\u00a0para muchos de sus protagonistas peninsulares: \u00abno\u00a0hay nada nuevo bajo el sol\u00bb. La\u00a0poes\u00eda nunca se ha reinventado a\u00a0s\u00ed misma, sino que abreva en las \u00a0aguas profundas [&hellip;]<\/p>\n","protected":false},"featured_media":1099,"template":"","meta":{"_acf_changed":false,"_eb_attr":"","_crdt_document":"","_uag_custom_page_level_css":"","_editorskit_title_hidden":false,"_editorskit_reading_time":0,"_editorskit_is_block_options_detached":false,"_editorskit_block_options_position":"{}","site-sidebar-layout":"default","site-content-layout":"default","ast-site-content-layout":"default","site-content-style":"default","site-sidebar-style":"default","ast-global-header-display":"","ast-banner-title-visibility":"","ast-main-header-display":"","ast-hfb-above-header-display":"","ast-hfb-below-header-display":"","ast-hfb-mobile-header-display":"","site-post-title":"","ast-breadcrumbs-content":"","ast-featured-img":"","footer-sml-layout":"","ast-disable-related-posts":"","theme-transparent-header-meta":"default","adv-header-id-meta":"","stick-header-meta":"","header-above-stick-meta":"","header-main-stick-meta":"","header-below-stick-meta":"","astra-migrate-meta-layouts":"default","ast-page-background-enabled":"default","ast-page-background-meta":{"desktop":{"background-color":"var(--ast-global-color-4)","background-image":"","background-repeat":"repeat","background-position":"center center","background-size":"auto","background-attachment":"scroll","background-type":"","background-media":"","overlay-type":"","overlay-color":"","overlay-opacity":"","overlay-gradient":""},"tablet":{"background-color":"","background-image":"","background-repeat":"repeat","background-position":"center center","background-size":"auto","background-attachment":"scroll","background-type":"","background-media":"","overlay-type":"","overlay-color":"","overlay-opacity":"","overlay-gradient":""},"mobile":{"background-color":"","background-image":"","background-repeat":"repeat","background-position":"center center","background-size":"auto","background-attachment":"scroll","background-type":"","background-media":"","overlay-type":"","overlay-color":"","overlay-opacity":"","overlay-gradient":""}},"ast-content-background-meta":{"desktop":{"background-color":"var(--ast-global-color-5)","background-image":"","background-repeat":"repeat","background-position":"center center","background-size":"auto","background-attachment":"scroll","background-type":"","background-media":"","overlay-type":"","overlay-color":"","overlay-opacity":"","overlay-gradient":""},"tablet":{"background-color":"var(--ast-global-color-5)","background-image":"","background-repeat":"repeat","background-position":"center center","background-size":"auto","background-attachment":"scroll","background-type":"","background-media":"","overlay-type":"","overlay-color":"","overlay-opacity":"","overlay-gradient":""},"mobile":{"background-color":"var(--ast-global-color-5)","background-image":"","background-repeat":"repeat","background-position":"center center","background-size":"auto","background-attachment":"scroll","background-type":"","background-media":"","overlay-type":"","overlay-color":"","overlay-opacity":"","overlay-gradient":""}}},"product_cat":[32,28,124],"product_tag":[],"class_list":{"0":"post-889","1":"product","2":"type-product","3":"status-publish","4":"has-post-thumbnail","6":"product_cat-edudem","7":"product_cat-libro","8":"product_cat-serie-simbolos","9":"desktop-align-left","10":"tablet-align-left","11":"mobile-align-left","13":"first","14":"instock","15":"shipping-taxable","16":"purchasable","17":"product-type-simple"},"acf":[],"uagb_featured_image_src":{"full":["https:\/\/biblio1.mdp.edu.ar\/centro-ventas\/wp-content\/uploads\/sites\/2\/2018\/09\/losusos.jpg",207,310,false],"thumbnail":["https:\/\/biblio1.mdp.edu.ar\/centro-ventas\/wp-content\/uploads\/sites\/2\/2018\/09\/losusos-150x150.jpg",150,150,true],"medium":["https:\/\/biblio1.mdp.edu.ar\/centro-ventas\/wp-content\/uploads\/sites\/2\/2018\/09\/losusos-200x300.jpg",200,300,true],"medium_large":["https:\/\/biblio1.mdp.edu.ar\/centro-ventas\/wp-content\/uploads\/sites\/2\/2018\/09\/losusos.jpg",207,310,false],"large":["https:\/\/biblio1.mdp.edu.ar\/centro-ventas\/wp-content\/uploads\/sites\/2\/2018\/09\/losusos.jpg",207,310,false],"1536x1536":["https:\/\/biblio1.mdp.edu.ar\/centro-ventas\/wp-content\/uploads\/sites\/2\/2018\/09\/losusos.jpg",207,310,false],"2048x2048":["https:\/\/biblio1.mdp.edu.ar\/centro-ventas\/wp-content\/uploads\/sites\/2\/2018\/09\/losusos.jpg",207,310,false],"woocommerce_thumbnail":["https:\/\/biblio1.mdp.edu.ar\/centro-ventas\/wp-content\/uploads\/sites\/2\/2018\/09\/losusos.jpg",207,310,false],"woocommerce_single":["https:\/\/biblio1.mdp.edu.ar\/centro-ventas\/wp-content\/uploads\/sites\/2\/2018\/09\/losusos.jpg",207,310,false],"woocommerce_gallery_thumbnail":["https:\/\/biblio1.mdp.edu.ar\/centro-ventas\/wp-content\/uploads\/sites\/2\/2018\/09\/losusos-100x100.jpg",100,100,true]},"uagb_author_info":{"display_name":"Cristina Bernabe","author_link":"https:\/\/biblio1.mdp.edu.ar\/centro-ventas\/author\/"},"uagb_comment_info":0,"uagb_excerpt":"Una mirada integradora sobre la \u00a0diversidad de expresiones\u00a0po\u00e9ticas en lengua \u00a0castellana de\u00a0las dos \u00faltimas d\u00e9cadas del siglo\u00a0XX y el incipiente siglo XXI en Espa\u00f1a nos conduce a una\u00a0conclusi\u00f3n quiz\u00e1s irreverente\u00a0para muchos de sus protagonistas peninsulares: \u00abno\u00a0hay nada nuevo bajo el sol\u00bb. La\u00a0poes\u00eda nunca se ha reinventado a\u00a0s\u00ed misma, sino que abreva en las \u00a0aguas profundas&hellip;","_links":{"self":[{"href":"https:\/\/biblio1.mdp.edu.ar\/centro-ventas\/wp-json\/wp\/v2\/product\/889","targetHints":{"allow":["GET"]}}],"collection":[{"href":"https:\/\/biblio1.mdp.edu.ar\/centro-ventas\/wp-json\/wp\/v2\/product"}],"about":[{"href":"https:\/\/biblio1.mdp.edu.ar\/centro-ventas\/wp-json\/wp\/v2\/types\/product"}],"wp:featuredmedia":[{"embeddable":true,"href":"https:\/\/biblio1.mdp.edu.ar\/centro-ventas\/wp-json\/wp\/v2\/media\/1099"}],"wp:attachment":[{"href":"https:\/\/biblio1.mdp.edu.ar\/centro-ventas\/wp-json\/wp\/v2\/media?parent=889"}],"wp:term":[{"taxonomy":"product_cat","embeddable":true,"href":"https:\/\/biblio1.mdp.edu.ar\/centro-ventas\/wp-json\/wp\/v2\/product_cat?post=889"},{"taxonomy":"product_tag","embeddable":true,"href":"https:\/\/biblio1.mdp.edu.ar\/centro-ventas\/wp-json\/wp\/v2\/product_tag?post=889"}],"curies":[{"name":"wp","href":"https:\/\/api.w.org\/{rel}","templated":true}]}}