{"id":867,"date":"2018-09-04T18:05:35","date_gmt":"2018-09-04T21:05:35","guid":{"rendered":"http:\/\/biblio1.mdp.edu.ar\/centro-ventas\/producto\/de-las-hormonas-sexuadas-al-viagra\/"},"modified":"2026-03-30T15:28:47","modified_gmt":"2026-03-30T18:28:47","slug":"de-las-hormonas-sexuadas-al-viagra","status":"publish","type":"product","link":"https:\/\/biblio1.mdp.edu.ar\/centro-ventas\/producto\/de-las-hormonas-sexuadas-al-viagra\/","title":{"rendered":"De las hormonas sexuadas al Viagra"},"content":{"rendered":"<p>Este libro analiza los procesos de\u00a0medicalizaci\u00f3n de la sexualidad y la\u00a0reproducci\u00f3n en Argentina y Brasil\u00a0desde m\u00faltiples perspectivas\u00a0disciplinares. Analiza c\u00f3mo la\u00a0ciencia y la medicina se han entramado con los cambios\u00a0socioculturales y la construcci\u00f3n\u00a0social del g\u00e9nero, desde los\u00a0momentos en que las hormonas\u00a0fueron identificadas como sexuadas\u00a0hasta la reciente invenci\u00f3n del\u00a0viagra.<br \/>\nLos estudios brasile\u00f1os sobre los\u00a0temas de ciencia, medicina, g\u00e9nero\u00a0y sexualidad, fueron pioneros en la\u00a0regi\u00f3n desde las teor\u00edas de g\u00e9nero\u00a0y feministas. Mientras que en\u00a0Argentina estas tramas de\u00a0relaciones se pensaron\u00a0centralmente alrededor de los\u00a0debates sobre la salud sexual y\u00a0reproductiva, en Brasil los cruces\u00a0interdisciplinarios y la relaci\u00f3n entre\u00a0agendas de investigaci\u00f3n y\u00a0movimientos sociales favorecieron\u00a0la instalaci\u00f3n de tem\u00e1ticas referidas\u00a0tanto a la construcci\u00f3n hist\u00f3rica de\u00a0la diferencia sexual como de las\u00a0relaciones entre las identidades\u00a0trans y los dispositivos m\u00e9dicojur\u00eddicos.<\/p>\n<p>Es por esto que la\u00a0publicaci\u00f3n en espa\u00f1ol de las\u00a0investigaciones brasile\u00f1as aqu\u00ed\u00a0presentadas contribuir\u00e1n con la\u00a0renovaci\u00f3n de los estudios sobre\u00a0medicina y g\u00e9nero en nuestro pa\u00eds.<\/p>\n","protected":false},"excerpt":{"rendered":"<p>Este libro analiza los procesos de\u00a0medicalizaci\u00f3n de la sexualidad y la\u00a0reproducci\u00f3n en Argentina y Brasil\u00a0desde m\u00faltiples perspectivas\u00a0disciplinares. Analiza c\u00f3mo la\u00a0ciencia y la medicina se han entramado con los cambios\u00a0socioculturales y la construcci\u00f3n\u00a0social del g\u00e9nero, desde los\u00a0momentos en que las hormonas\u00a0fueron identificadas como sexuadas\u00a0hasta la reciente invenci\u00f3n del\u00a0viagra. Los estudios brasile\u00f1os sobre los\u00a0temas de ciencia, medicina, [&hellip;]<\/p>\n","protected":false},"featured_media":1097,"template":"","meta":{"_acf_changed":false,"_eb_attr":"","_crdt_document":"","_uag_custom_page_level_css":"","_editorskit_title_hidden":false,"_editorskit_reading_time":0,"_editorskit_is_block_options_detached":false,"_editorskit_block_options_position":"{}","site-sidebar-layout":"default","site-content-layout":"","ast-site-content-layout":"default","site-content-style":"default","site-sidebar-style":"default","ast-global-header-display":"","ast-banner-title-visibility":"","ast-main-header-display":"","ast-hfb-above-header-display":"","ast-hfb-below-header-display":"","ast-hfb-mobile-header-display":"","site-post-title":"","ast-breadcrumbs-content":"","ast-featured-img":"","footer-sml-layout":"","ast-disable-related-posts":"","theme-transparent-header-meta":"","adv-header-id-meta":"","stick-header-meta":"","header-above-stick-meta":"","header-main-stick-meta":"","header-below-stick-meta":"","astra-migrate-meta-layouts":"default","ast-page-background-enabled":"default","ast-page-background-meta":{"desktop":{"background-color":"var(--ast-global-color-4)","background-image":"","background-repeat":"repeat","background-position":"center center","background-size":"auto","background-attachment":"scroll","background-type":"","background-media":"","overlay-type":"","overlay-color":"","overlay-opacity":"","overlay-gradient":""},"tablet":{"background-color":"","background-image":"","background-repeat":"repeat","background-position":"center center","background-size":"auto","background-attachment":"scroll","background-type":"","background-media":"","overlay-type":"","overlay-color":"","overlay-opacity":"","overlay-gradient":""},"mobile":{"background-color":"","background-image":"","background-repeat":"repeat","background-position":"center center","background-size":"auto","background-attachment":"scroll","background-type":"","background-media":"","overlay-type":"","overlay-color":"","overlay-opacity":"","overlay-gradient":""}},"ast-content-background-meta":{"desktop":{"background-color":"var(--ast-global-color-5)","background-image":"","background-repeat":"repeat","background-position":"center center","background-size":"auto","background-attachment":"scroll","background-type":"","background-media":"","overlay-type":"","overlay-color":"","overlay-opacity":"","overlay-gradient":""},"tablet":{"background-color":"var(--ast-global-color-5)","background-image":"","background-repeat":"repeat","background-position":"center center","background-size":"auto","background-attachment":"scroll","background-type":"","background-media":"","overlay-type":"","overlay-color":"","overlay-opacity":"","overlay-gradient":""},"mobile":{"background-color":"var(--ast-global-color-5)","background-image":"","background-repeat":"repeat","background-position":"center center","background-size":"auto","background-attachment":"scroll","background-type":"","background-media":"","overlay-type":"","overlay-color":"","overlay-opacity":"","overlay-gradient":""}}},"product_cat":[125,32,28,29],"product_tag":[73],"class_list":{"0":"post-867","1":"product","2":"type-product","3":"status-publish","4":"has-post-thumbnail","6":"product_cat-coleccion-temas-de-ciudadania-y-politica","7":"product_cat-edudem","8":"product_cat-libro","9":"product_cat-medicina","10":"product_tag-coleccion-temas-de-ciudadania-y-politica","11":"desktop-align-left","12":"tablet-align-left","13":"mobile-align-left","15":"first","16":"instock","17":"featured","18":"shipping-taxable","19":"purchasable","20":"product-type-simple"},"acf":[],"uagb_featured_image_src":{"full":["https:\/\/biblio1.mdp.edu.ar\/centro-ventas\/wp-content\/uploads\/sites\/2\/2018\/09\/9789871921270.jpg",800,1198,false],"thumbnail":["https:\/\/biblio1.mdp.edu.ar\/centro-ventas\/wp-content\/uploads\/sites\/2\/2018\/09\/9789871921270-150x150.jpg",150,150,true],"medium":["https:\/\/biblio1.mdp.edu.ar\/centro-ventas\/wp-content\/uploads\/sites\/2\/2018\/09\/9789871921270-200x300.jpg",200,300,true],"medium_large":["https:\/\/biblio1.mdp.edu.ar\/centro-ventas\/wp-content\/uploads\/sites\/2\/2018\/09\/9789871921270-768x1150.jpg",768,1150,true],"large":["https:\/\/biblio1.mdp.edu.ar\/centro-ventas\/wp-content\/uploads\/sites\/2\/2018\/09\/9789871921270-684x1024.jpg",684,1024,true],"1536x1536":["https:\/\/biblio1.mdp.edu.ar\/centro-ventas\/wp-content\/uploads\/sites\/2\/2018\/09\/9789871921270.jpg",800,1198,false],"2048x2048":["https:\/\/biblio1.mdp.edu.ar\/centro-ventas\/wp-content\/uploads\/sites\/2\/2018\/09\/9789871921270.jpg",800,1198,false],"woocommerce_thumbnail":["https:\/\/biblio1.mdp.edu.ar\/centro-ventas\/wp-content\/uploads\/sites\/2\/2018\/09\/9789871921270-250x374.jpg",250,374,true],"woocommerce_single":["https:\/\/biblio1.mdp.edu.ar\/centro-ventas\/wp-content\/uploads\/sites\/2\/2018\/09\/9789871921270-684x1024.jpg",600,898,true],"woocommerce_gallery_thumbnail":["https:\/\/biblio1.mdp.edu.ar\/centro-ventas\/wp-content\/uploads\/sites\/2\/2018\/09\/9789871921270-100x100.jpg",100,100,true]},"uagb_author_info":{"display_name":"Cristina Bernabe","author_link":"https:\/\/biblio1.mdp.edu.ar\/centro-ventas\/author\/"},"uagb_comment_info":0,"uagb_excerpt":"Este libro analiza los procesos de\u00a0medicalizaci\u00f3n de la sexualidad y la\u00a0reproducci\u00f3n en Argentina y Brasil\u00a0desde m\u00faltiples perspectivas\u00a0disciplinares. Analiza c\u00f3mo la\u00a0ciencia y la medicina se han entramado con los cambios\u00a0socioculturales y la construcci\u00f3n\u00a0social del g\u00e9nero, desde los\u00a0momentos en que las hormonas\u00a0fueron identificadas como sexuadas\u00a0hasta la reciente invenci\u00f3n del\u00a0viagra. Los estudios brasile\u00f1os sobre los\u00a0temas de ciencia, medicina,&hellip;","_links":{"self":[{"href":"https:\/\/biblio1.mdp.edu.ar\/centro-ventas\/wp-json\/wp\/v2\/product\/867","targetHints":{"allow":["GET"]}}],"collection":[{"href":"https:\/\/biblio1.mdp.edu.ar\/centro-ventas\/wp-json\/wp\/v2\/product"}],"about":[{"href":"https:\/\/biblio1.mdp.edu.ar\/centro-ventas\/wp-json\/wp\/v2\/types\/product"}],"wp:featuredmedia":[{"embeddable":true,"href":"https:\/\/biblio1.mdp.edu.ar\/centro-ventas\/wp-json\/wp\/v2\/media\/1097"}],"wp:attachment":[{"href":"https:\/\/biblio1.mdp.edu.ar\/centro-ventas\/wp-json\/wp\/v2\/media?parent=867"}],"wp:term":[{"taxonomy":"product_cat","embeddable":true,"href":"https:\/\/biblio1.mdp.edu.ar\/centro-ventas\/wp-json\/wp\/v2\/product_cat?post=867"},{"taxonomy":"product_tag","embeddable":true,"href":"https:\/\/biblio1.mdp.edu.ar\/centro-ventas\/wp-json\/wp\/v2\/product_tag?post=867"}],"curies":[{"name":"wp","href":"https:\/\/api.w.org\/{rel}","templated":true}]}}