{"id":863,"date":"2018-09-04T18:05:34","date_gmt":"2018-09-04T21:05:34","guid":{"rendered":"http:\/\/biblio1.mdp.edu.ar\/centro-ventas\/producto\/con-las-historietas-se-come\/"},"modified":"2026-03-30T15:18:27","modified_gmt":"2026-03-30T18:18:27","slug":"con-las-historietas-se-come","status":"publish","type":"product","link":"https:\/\/biblio1.mdp.edu.ar\/centro-ventas\/producto\/con-las-historietas-se-come\/","title":{"rendered":"Con las historietas se come, se cura y se educa"},"content":{"rendered":"<p>Las revistas rese\u00f1adas constituyen\u00a0un testimonio de los cambios\u00a0sociales, culturales y econ\u00f3micos\u00a0sucedidos los a\u00f1os de transici\u00f3n de\u00a0la dictadura militar a la democracia\u00a0y de las presidencias de Ra\u00fal\u00a0Alfons\u00edn y (la primera) de Carlos\u00a0Menem. Adem\u00e1s de un detallado\u00a0an\u00e1lisis de la historia de las revistas\u00a0de historieta argentinas, este libro\u00a0cuenta con colaboraciones de Pablo\u00a0Zubiaurre (Intendente Municipal de\u00a0Ayacucho), Diego Accorsi, Enrique<br \/>\nBreccia, Germ\u00e1n C\u00e1ceres, Ciruelo,\u00a0Ram\u00f3n Columba (n), Claudio\u00a0Herrera, Carlos Pedrazzini, Juan\u00a0Carlos Quattordio, Eduardo Risso,\u00a0Fernando Sendra y Robin Wood,\u00a0gracias a quienes se abre a todas\u00a0las opiniones. El p\u00fablico que hoy\u00a0tiene entre treinta y cinco y cuarenta\u00a0y cinco a\u00f1os sentir\u00e1 por este<br \/>\nmaterial la misma emoci\u00f3n, ese\u00a0conmovedor cosquilleo de la\u00a0memoria que generaciones\u00a0anteriores sienten por un ejemplar\u00a0de D&#8217;Artagnan o Intervalo, \u00a0o el que,\u00a0antes aun, nuestros padres\u00a0sintieron por Misterix o El Tony. Los<br \/>\nm\u00e1s j\u00f3venes podr\u00e1n apreciar la\u00a0calidad art\u00edstica y aceptaci\u00f3n\u00a0popular de los grandes dibujantes y\u00a0guionistas que produjeron sus obras\u00a0en nuestro pa\u00eds.<\/p>\n","protected":false},"excerpt":{"rendered":"<p>Las revistas rese\u00f1adas constituyen\u00a0un testimonio de los cambios\u00a0sociales, culturales y econ\u00f3micos\u00a0sucedidos los a\u00f1os de transici\u00f3n de\u00a0la dictadura militar a la democracia\u00a0y de las presidencias de Ra\u00fal\u00a0Alfons\u00edn y (la primera) de Carlos\u00a0Menem. Adem\u00e1s de un detallado\u00a0an\u00e1lisis de la historia de las revistas\u00a0de historieta argentinas, este libro\u00a0cuenta con colaboraciones de Pablo\u00a0Zubiaurre (Intendente Municipal de\u00a0Ayacucho), Diego Accorsi, Enrique [&hellip;]<\/p>\n","protected":false},"featured_media":1147,"template":"","meta":{"_acf_changed":false,"_eb_attr":"","_crdt_document":"","_uag_custom_page_level_css":"","_editorskit_title_hidden":false,"_editorskit_reading_time":0,"_editorskit_is_block_options_detached":false,"_editorskit_block_options_position":"{}","site-sidebar-layout":"default","site-content-layout":"default","ast-site-content-layout":"default","site-content-style":"default","site-sidebar-style":"default","ast-global-header-display":"","ast-banner-title-visibility":"","ast-main-header-display":"","ast-hfb-above-header-display":"","ast-hfb-below-header-display":"","ast-hfb-mobile-header-display":"","site-post-title":"","ast-breadcrumbs-content":"","ast-featured-img":"","footer-sml-layout":"","ast-disable-related-posts":"","theme-transparent-header-meta":"default","adv-header-id-meta":"","stick-header-meta":"","header-above-stick-meta":"","header-main-stick-meta":"","header-below-stick-meta":"","astra-migrate-meta-layouts":"default","ast-page-background-enabled":"default","ast-page-background-meta":{"desktop":{"background-color":"var(--ast-global-color-4)","background-image":"","background-repeat":"repeat","background-position":"center center","background-size":"auto","background-attachment":"scroll","background-type":"","background-media":"","overlay-type":"","overlay-color":"","overlay-opacity":"","overlay-gradient":""},"tablet":{"background-color":"","background-image":"","background-repeat":"repeat","background-position":"center center","background-size":"auto","background-attachment":"scroll","background-type":"","background-media":"","overlay-type":"","overlay-color":"","overlay-opacity":"","overlay-gradient":""},"mobile":{"background-color":"","background-image":"","background-repeat":"repeat","background-position":"center center","background-size":"auto","background-attachment":"scroll","background-type":"","background-media":"","overlay-type":"","overlay-color":"","overlay-opacity":"","overlay-gradient":""}},"ast-content-background-meta":{"desktop":{"background-color":"var(--ast-global-color-5)","background-image":"","background-repeat":"repeat","background-position":"center center","background-size":"auto","background-attachment":"scroll","background-type":"","background-media":"","overlay-type":"","overlay-color":"","overlay-opacity":"","overlay-gradient":""},"tablet":{"background-color":"var(--ast-global-color-5)","background-image":"","background-repeat":"repeat","background-position":"center center","background-size":"auto","background-attachment":"scroll","background-type":"","background-media":"","overlay-type":"","overlay-color":"","overlay-opacity":"","overlay-gradient":""},"mobile":{"background-color":"var(--ast-global-color-5)","background-image":"","background-repeat":"repeat","background-position":"center center","background-size":"auto","background-attachment":"scroll","background-type":"","background-media":"","overlay-type":"","overlay-color":"","overlay-opacity":"","overlay-gradient":""}}},"product_cat":[32,203,28],"product_tag":[],"class_list":{"0":"post-863","1":"product","2":"type-product","3":"status-publish","4":"has-post-thumbnail","6":"product_cat-edudem","7":"product_cat-fuera-de-serie","8":"product_cat-libro","9":"desktop-align-left","10":"tablet-align-left","11":"mobile-align-left","13":"first","14":"instock","15":"shipping-taxable","16":"purchasable","17":"product-type-simple"},"acf":[],"uagb_featured_image_src":{"full":["https:\/\/biblio1.mdp.edu.ar\/centro-ventas\/wp-content\/uploads\/sites\/2\/2018\/09\/historieta.jpg",275,195,false],"thumbnail":["https:\/\/biblio1.mdp.edu.ar\/centro-ventas\/wp-content\/uploads\/sites\/2\/2018\/09\/historieta.jpg",150,106,false],"medium":["https:\/\/biblio1.mdp.edu.ar\/centro-ventas\/wp-content\/uploads\/sites\/2\/2018\/09\/historieta.jpg",275,195,false],"medium_large":["https:\/\/biblio1.mdp.edu.ar\/centro-ventas\/wp-content\/uploads\/sites\/2\/2018\/09\/historieta.jpg",275,195,false],"large":["https:\/\/biblio1.mdp.edu.ar\/centro-ventas\/wp-content\/uploads\/sites\/2\/2018\/09\/historieta.jpg",275,195,false],"1536x1536":["https:\/\/biblio1.mdp.edu.ar\/centro-ventas\/wp-content\/uploads\/sites\/2\/2018\/09\/historieta.jpg",275,195,false],"2048x2048":["https:\/\/biblio1.mdp.edu.ar\/centro-ventas\/wp-content\/uploads\/sites\/2\/2018\/09\/historieta.jpg",275,195,false],"woocommerce_thumbnail":["https:\/\/biblio1.mdp.edu.ar\/centro-ventas\/wp-content\/uploads\/sites\/2\/2018\/09\/historieta.jpg",275,195,false],"woocommerce_single":["https:\/\/biblio1.mdp.edu.ar\/centro-ventas\/wp-content\/uploads\/sites\/2\/2018\/09\/historieta.jpg",275,195,false],"woocommerce_gallery_thumbnail":["https:\/\/biblio1.mdp.edu.ar\/centro-ventas\/wp-content\/uploads\/sites\/2\/2018\/09\/historieta-100x100.jpg",100,100,true]},"uagb_author_info":{"display_name":"Cristina Bernabe","author_link":"https:\/\/biblio1.mdp.edu.ar\/centro-ventas\/author\/"},"uagb_comment_info":0,"uagb_excerpt":"Las revistas rese\u00f1adas constituyen\u00a0un testimonio de los cambios\u00a0sociales, culturales y econ\u00f3micos\u00a0sucedidos los a\u00f1os de transici\u00f3n de\u00a0la dictadura militar a la democracia\u00a0y de las presidencias de Ra\u00fal\u00a0Alfons\u00edn y (la primera) de Carlos\u00a0Menem. Adem\u00e1s de un detallado\u00a0an\u00e1lisis de la historia de las revistas\u00a0de historieta argentinas, este libro\u00a0cuenta con colaboraciones de Pablo\u00a0Zubiaurre (Intendente Municipal de\u00a0Ayacucho), Diego Accorsi, Enrique&hellip;","_links":{"self":[{"href":"https:\/\/biblio1.mdp.edu.ar\/centro-ventas\/wp-json\/wp\/v2\/product\/863","targetHints":{"allow":["GET"]}}],"collection":[{"href":"https:\/\/biblio1.mdp.edu.ar\/centro-ventas\/wp-json\/wp\/v2\/product"}],"about":[{"href":"https:\/\/biblio1.mdp.edu.ar\/centro-ventas\/wp-json\/wp\/v2\/types\/product"}],"wp:featuredmedia":[{"embeddable":true,"href":"https:\/\/biblio1.mdp.edu.ar\/centro-ventas\/wp-json\/wp\/v2\/media\/1147"}],"wp:attachment":[{"href":"https:\/\/biblio1.mdp.edu.ar\/centro-ventas\/wp-json\/wp\/v2\/media?parent=863"}],"wp:term":[{"taxonomy":"product_cat","embeddable":true,"href":"https:\/\/biblio1.mdp.edu.ar\/centro-ventas\/wp-json\/wp\/v2\/product_cat?post=863"},{"taxonomy":"product_tag","embeddable":true,"href":"https:\/\/biblio1.mdp.edu.ar\/centro-ventas\/wp-json\/wp\/v2\/product_tag?post=863"}],"curies":[{"name":"wp","href":"https:\/\/api.w.org\/{rel}","templated":true}]}}