{"id":856,"date":"2018-09-04T18:05:32","date_gmt":"2018-09-04T21:05:32","guid":{"rendered":"http:\/\/biblio1.mdp.edu.ar\/centro-ventas\/producto\/astrologa-argentina\/"},"modified":"2026-03-30T13:50:39","modified_gmt":"2026-03-30T16:50:39","slug":"astrologa-argentina","status":"publish","type":"product","link":"https:\/\/biblio1.mdp.edu.ar\/centro-ventas\/producto\/astrologa-argentina\/","title":{"rendered":"Astrolog\u00eda argentina"},"content":{"rendered":"<p>La astrolog\u00eda argentina est\u00e1\u00a0inspirada, b\u00e1sicamente, en letras\u00a0de tango y leyendas abor\u00edgenes.<br \/>\nComo toda astrolog\u00eda, la de este\u00a0libro es una ficci\u00f3n, un invento.<br \/>\nSurgi\u00f3 hace alrededor de veinte\u00a0a\u00f1os como una cr\u00edtica, en forma\u00a0de caricatura, de la astrolog\u00eda\u00a0tradicional. Dada la dificultad que\u00a0existe en caricaturizar algo que\u00a0ya es una caricatura, se ha\u00a0transformado, con el tiempo, en\u00a0algo distinto: en<\/p>\n","protected":false},"excerpt":{"rendered":"<p>La astrolog\u00eda argentina est\u00e1\u00a0inspirada, b\u00e1sicamente, en letras\u00a0de tango y leyendas abor\u00edgenes. Como toda astrolog\u00eda, la de este\u00a0libro es una ficci\u00f3n, un invento. Surgi\u00f3 hace alrededor de veinte\u00a0a\u00f1os como una cr\u00edtica, en forma\u00a0de caricatura, de la astrolog\u00eda\u00a0tradicional. Dada la dificultad que\u00a0existe en caricaturizar algo que\u00a0ya es una caricatura, se ha\u00a0transformado, con el tiempo, en\u00a0algo distinto: en<\/p>\n","protected":false},"featured_media":1085,"template":"","meta":{"_acf_changed":false,"_eb_attr":"","_crdt_document":"","_uag_custom_page_level_css":"","_editorskit_title_hidden":false,"_editorskit_reading_time":0,"_editorskit_is_block_options_detached":false,"_editorskit_block_options_position":"{}","site-sidebar-layout":"default","site-content-layout":"default","ast-site-content-layout":"default","site-content-style":"default","site-sidebar-style":"default","ast-global-header-display":"","ast-banner-title-visibility":"","ast-main-header-display":"","ast-hfb-above-header-display":"","ast-hfb-below-header-display":"","ast-hfb-mobile-header-display":"","site-post-title":"","ast-breadcrumbs-content":"","ast-featured-img":"","footer-sml-layout":"","ast-disable-related-posts":"","theme-transparent-header-meta":"default","adv-header-id-meta":"","stick-header-meta":"","header-above-stick-meta":"","header-main-stick-meta":"","header-below-stick-meta":"","astra-migrate-meta-layouts":"default","ast-page-background-enabled":"default","ast-page-background-meta":{"desktop":{"background-color":"var(--ast-global-color-4)","background-image":"","background-repeat":"repeat","background-position":"center center","background-size":"auto","background-attachment":"scroll","background-type":"","background-media":"","overlay-type":"","overlay-color":"","overlay-opacity":"","overlay-gradient":""},"tablet":{"background-color":"","background-image":"","background-repeat":"repeat","background-position":"center center","background-size":"auto","background-attachment":"scroll","background-type":"","background-media":"","overlay-type":"","overlay-color":"","overlay-opacity":"","overlay-gradient":""},"mobile":{"background-color":"","background-image":"","background-repeat":"repeat","background-position":"center center","background-size":"auto","background-attachment":"scroll","background-type":"","background-media":"","overlay-type":"","overlay-color":"","overlay-opacity":"","overlay-gradient":""}},"ast-content-background-meta":{"desktop":{"background-color":"var(--ast-global-color-5)","background-image":"","background-repeat":"repeat","background-position":"center center","background-size":"auto","background-attachment":"scroll","background-type":"","background-media":"","overlay-type":"","overlay-color":"","overlay-opacity":"","overlay-gradient":""},"tablet":{"background-color":"var(--ast-global-color-5)","background-image":"","background-repeat":"repeat","background-position":"center center","background-size":"auto","background-attachment":"scroll","background-type":"","background-media":"","overlay-type":"","overlay-color":"","overlay-opacity":"","overlay-gradient":""},"mobile":{"background-color":"var(--ast-global-color-5)","background-image":"","background-repeat":"repeat","background-position":"center center","background-size":"auto","background-attachment":"scroll","background-type":"","background-media":"","overlay-type":"","overlay-color":"","overlay-opacity":"","overlay-gradient":""}}},"product_cat":[32,28,205],"product_tag":[51,52,50],"class_list":{"0":"post-856","1":"product","2":"type-product","3":"status-publish","4":"has-post-thumbnail","6":"product_cat-edudem","7":"product_cat-libro","8":"product_cat-serie-signos","9":"product_tag-ciencias","10":"product_tag-divulgacion-cientifica","11":"product_tag-serie-signos","12":"desktop-align-left","13":"tablet-align-left","14":"mobile-align-left","16":"first","17":"instock","18":"shipping-taxable","19":"purchasable","20":"product-type-simple"},"acf":[],"uagb_featured_image_src":{"full":["https:\/\/biblio1.mdp.edu.ar\/centro-ventas\/wp-content\/uploads\/sites\/2\/2018\/09\/9789871921065-1.jpg",1400,1965,false],"thumbnail":["https:\/\/biblio1.mdp.edu.ar\/centro-ventas\/wp-content\/uploads\/sites\/2\/2018\/09\/9789871921065-1-150x150.jpg",150,150,true],"medium":["https:\/\/biblio1.mdp.edu.ar\/centro-ventas\/wp-content\/uploads\/sites\/2\/2018\/09\/9789871921065-1-214x300.jpg",214,300,true],"medium_large":["https:\/\/biblio1.mdp.edu.ar\/centro-ventas\/wp-content\/uploads\/sites\/2\/2018\/09\/9789871921065-1-768x1078.jpg",768,1078,true],"large":["https:\/\/biblio1.mdp.edu.ar\/centro-ventas\/wp-content\/uploads\/sites\/2\/2018\/09\/9789871921065-1-730x1024.jpg",730,1024,true],"1536x1536":["https:\/\/biblio1.mdp.edu.ar\/centro-ventas\/wp-content\/uploads\/sites\/2\/2018\/09\/9789871921065-1.jpg",1094,1536,false],"2048x2048":["https:\/\/biblio1.mdp.edu.ar\/centro-ventas\/wp-content\/uploads\/sites\/2\/2018\/09\/9789871921065-1.jpg",1400,1965,false],"woocommerce_thumbnail":["https:\/\/biblio1.mdp.edu.ar\/centro-ventas\/wp-content\/uploads\/sites\/2\/2018\/09\/9789871921065-1-250x351.jpg",250,351,true],"woocommerce_single":["https:\/\/biblio1.mdp.edu.ar\/centro-ventas\/wp-content\/uploads\/sites\/2\/2018\/09\/9789871921065-1-730x1024.jpg",600,842,true],"woocommerce_gallery_thumbnail":["https:\/\/biblio1.mdp.edu.ar\/centro-ventas\/wp-content\/uploads\/sites\/2\/2018\/09\/9789871921065-1-100x100.jpg",100,100,true]},"uagb_author_info":{"display_name":"Cristina Bernabe","author_link":"https:\/\/biblio1.mdp.edu.ar\/centro-ventas\/author\/"},"uagb_comment_info":0,"uagb_excerpt":"La astrolog\u00eda argentina est\u00e1\u00a0inspirada, b\u00e1sicamente, en letras\u00a0de tango y leyendas abor\u00edgenes. Como toda astrolog\u00eda, la de este\u00a0libro es una ficci\u00f3n, un invento. Surgi\u00f3 hace alrededor de veinte\u00a0a\u00f1os como una cr\u00edtica, en forma\u00a0de caricatura, de la astrolog\u00eda\u00a0tradicional. Dada la dificultad que\u00a0existe en caricaturizar algo que\u00a0ya es una caricatura, se ha\u00a0transformado, con el tiempo, en\u00a0algo distinto: en","_links":{"self":[{"href":"https:\/\/biblio1.mdp.edu.ar\/centro-ventas\/wp-json\/wp\/v2\/product\/856","targetHints":{"allow":["GET"]}}],"collection":[{"href":"https:\/\/biblio1.mdp.edu.ar\/centro-ventas\/wp-json\/wp\/v2\/product"}],"about":[{"href":"https:\/\/biblio1.mdp.edu.ar\/centro-ventas\/wp-json\/wp\/v2\/types\/product"}],"wp:featuredmedia":[{"embeddable":true,"href":"https:\/\/biblio1.mdp.edu.ar\/centro-ventas\/wp-json\/wp\/v2\/media\/1085"}],"wp:attachment":[{"href":"https:\/\/biblio1.mdp.edu.ar\/centro-ventas\/wp-json\/wp\/v2\/media?parent=856"}],"wp:term":[{"taxonomy":"product_cat","embeddable":true,"href":"https:\/\/biblio1.mdp.edu.ar\/centro-ventas\/wp-json\/wp\/v2\/product_cat?post=856"},{"taxonomy":"product_tag","embeddable":true,"href":"https:\/\/biblio1.mdp.edu.ar\/centro-ventas\/wp-json\/wp\/v2\/product_tag?post=856"}],"curies":[{"name":"wp","href":"https:\/\/api.w.org\/{rel}","templated":true}]}}