{"id":655,"date":"2018-08-06T21:36:18","date_gmt":"2018-08-07T00:36:18","guid":{"rendered":"http:\/\/biblio1.mdp.edu.ar\/centro-ventas\/?post_type=product&#038;p=655"},"modified":"2026-03-30T13:17:06","modified_gmt":"2026-03-30T16:17:06","slug":"agricultura-y-ganaderia-pampeana","status":"publish","type":"product","link":"https:\/\/biblio1.mdp.edu.ar\/centro-ventas\/producto\/agricultura-y-ganaderia-pampeana\/","title":{"rendered":"Agricultura y ganader\u00eda pampeanas &#8211; 2da ed."},"content":{"rendered":"<p>Este libro ha sido escrito para\u00a0quienes est\u00e1n interesados en\u00a0conocer las \u00a0actividades\u00a0agropecuarias de la Regi\u00f3n\u00a0Pampeana. Sus cap\u00edtulos cubren\u00a0gran \u00a0 parte de los contenidos de\u00a0Introducci\u00f3n a las Ciencias\u00a0Agrarias, asignatura de primer\u00a0a\u00f1o de la carrera de ingenier\u00eda\u00a0agron\u00f3mica de la Facultad de<br \/>\nCiencias Agrarias de Balcarce. La\u00a0materia ense\u00f1a a los alumnos\u00a0conocimientos fundamentales de\u00a0la agronom\u00eda.<br \/>\nPor eso ser\u00e1 \u00fatil, asimismo, para\u00a0estudiantes universitarios de\u00a0carreras afines (agronom\u00eda,\u00a0veterinaria, administraci\u00f3n\u00a0agropecuaria, etc.), de carreras\u00a0terciarias, de escuelas\u00a0agropecuarias y de escuelas\u00a0medias que deseen contar con\u00a0herramientas para definir un\u00a0futuro acad\u00e9mico o \u00a0profesional\u00a0relacionado con el campo.<br \/>\nProductores, profesionales de\u00a0otras especialidades (contadores,<br \/>\neconomistas, abogados,\u00a0periodistas) y lectores atra\u00eddos<br \/>\npor estos temas encontrar\u00e1n\u00a0respuestas a sus inquietudes. Se<br \/>\nincluyen bibliograf\u00eda y listado de\u00a0recursos de internet para facilitar<br \/>\nla profundizaci\u00f3n de los temas.<\/p>\n","protected":false},"excerpt":{"rendered":"<p>Este libro ha sido escrito para\u00a0quienes est\u00e1n interesados en\u00a0conocer las \u00a0actividades\u00a0agropecuarias de la Regi\u00f3n\u00a0Pampeana. Sus cap\u00edtulos cubren\u00a0gran \u00a0 parte de los contenidos de\u00a0Introducci\u00f3n a las Ciencias\u00a0Agrarias, asignatura de primer\u00a0a\u00f1o de la carrera de ingenier\u00eda\u00a0agron\u00f3mica de la Facultad de Ciencias Agrarias de Balcarce. La\u00a0materia ense\u00f1a a los alumnos\u00a0conocimientos fundamentales de\u00a0la agronom\u00eda. Por eso ser\u00e1 \u00fatil, asimismo, [&hellip;]<\/p>\n","protected":false},"featured_media":656,"template":"","meta":{"_acf_changed":false,"_eb_attr":"","_crdt_document":"","_uag_custom_page_level_css":"","_editorskit_title_hidden":false,"_editorskit_reading_time":0,"_editorskit_is_block_options_detached":false,"_editorskit_block_options_position":"{}","site-sidebar-layout":"default","site-content-layout":"default","ast-site-content-layout":"default","site-content-style":"default","site-sidebar-style":"default","ast-global-header-display":"","ast-banner-title-visibility":"","ast-main-header-display":"","ast-hfb-above-header-display":"","ast-hfb-below-header-display":"","ast-hfb-mobile-header-display":"","site-post-title":"","ast-breadcrumbs-content":"","ast-featured-img":"","footer-sml-layout":"","ast-disable-related-posts":"","theme-transparent-header-meta":"default","adv-header-id-meta":"","stick-header-meta":"","header-above-stick-meta":"","header-main-stick-meta":"","header-below-stick-meta":"","astra-migrate-meta-layouts":"set","ast-page-background-enabled":"default","ast-page-background-meta":{"desktop":{"background-color":"var(--ast-global-color-4)","background-image":"","background-repeat":"repeat","background-position":"center center","background-size":"auto","background-attachment":"scroll","background-type":"","background-media":"","overlay-type":"","overlay-color":"","overlay-opacity":"","overlay-gradient":""},"tablet":{"background-color":"","background-image":"","background-repeat":"repeat","background-position":"center center","background-size":"auto","background-attachment":"scroll","background-type":"","background-media":"","overlay-type":"","overlay-color":"","overlay-opacity":"","overlay-gradient":""},"mobile":{"background-color":"","background-image":"","background-repeat":"repeat","background-position":"center center","background-size":"auto","background-attachment":"scroll","background-type":"","background-media":"","overlay-type":"","overlay-color":"","overlay-opacity":"","overlay-gradient":""}},"ast-content-background-meta":{"desktop":{"background-color":"var(--ast-global-color-5)","background-image":"","background-repeat":"repeat","background-position":"center center","background-size":"auto","background-attachment":"scroll","background-type":"","background-media":"","overlay-type":"","overlay-color":"","overlay-opacity":"","overlay-gradient":""},"tablet":{"background-color":"var(--ast-global-color-5)","background-image":"","background-repeat":"repeat","background-position":"center center","background-size":"auto","background-attachment":"scroll","background-type":"","background-media":"","overlay-type":"","overlay-color":"","overlay-opacity":"","overlay-gradient":""},"mobile":{"background-color":"var(--ast-global-color-5)","background-image":"","background-repeat":"repeat","background-position":"center center","background-size":"auto","background-attachment":"scroll","background-type":"","background-media":"","overlay-type":"","overlay-color":"","overlay-opacity":"","overlay-gradient":""}}},"product_cat":[115,32,28],"product_tag":[61,58],"class_list":{"0":"post-655","1":"product","2":"type-product","3":"status-publish","4":"has-post-thumbnail","6":"product_cat-herramientas","7":"product_cat-edudem","8":"product_cat-libro","9":"product_tag-agronomia","10":"product_tag-coleccion-herramientas","11":"desktop-align-left","12":"tablet-align-left","13":"mobile-align-left","15":"first","16":"instock","17":"shipping-taxable","18":"purchasable","19":"product-type-simple"},"acf":[],"uagb_featured_image_src":{"full":["https:\/\/biblio1.mdp.edu.ar\/centro-ventas\/wp-content\/uploads\/sites\/2\/2018\/08\/presentacion-de-un-nuevo-libro-en-la-unidad-integrada-balcarce.jpg",430,630,false],"thumbnail":["https:\/\/biblio1.mdp.edu.ar\/centro-ventas\/wp-content\/uploads\/sites\/2\/2018\/08\/presentacion-de-un-nuevo-libro-en-la-unidad-integrada-balcarce-150x150.jpg",150,150,true],"medium":["https:\/\/biblio1.mdp.edu.ar\/centro-ventas\/wp-content\/uploads\/sites\/2\/2018\/08\/presentacion-de-un-nuevo-libro-en-la-unidad-integrada-balcarce-205x300.jpg",205,300,true],"medium_large":["https:\/\/biblio1.mdp.edu.ar\/centro-ventas\/wp-content\/uploads\/sites\/2\/2018\/08\/presentacion-de-un-nuevo-libro-en-la-unidad-integrada-balcarce.jpg",430,630,false],"large":["https:\/\/biblio1.mdp.edu.ar\/centro-ventas\/wp-content\/uploads\/sites\/2\/2018\/08\/presentacion-de-un-nuevo-libro-en-la-unidad-integrada-balcarce.jpg",430,630,false],"1536x1536":["https:\/\/biblio1.mdp.edu.ar\/centro-ventas\/wp-content\/uploads\/sites\/2\/2018\/08\/presentacion-de-un-nuevo-libro-en-la-unidad-integrada-balcarce.jpg",430,630,false],"2048x2048":["https:\/\/biblio1.mdp.edu.ar\/centro-ventas\/wp-content\/uploads\/sites\/2\/2018\/08\/presentacion-de-un-nuevo-libro-en-la-unidad-integrada-balcarce.jpg",430,630,false],"woocommerce_thumbnail":["https:\/\/biblio1.mdp.edu.ar\/centro-ventas\/wp-content\/uploads\/sites\/2\/2018\/08\/presentacion-de-un-nuevo-libro-en-la-unidad-integrada-balcarce-250x366.jpg",250,366,true],"woocommerce_single":["https:\/\/biblio1.mdp.edu.ar\/centro-ventas\/wp-content\/uploads\/sites\/2\/2018\/08\/presentacion-de-un-nuevo-libro-en-la-unidad-integrada-balcarce.jpg",430,630,false],"woocommerce_gallery_thumbnail":["https:\/\/biblio1.mdp.edu.ar\/centro-ventas\/wp-content\/uploads\/sites\/2\/2018\/08\/presentacion-de-un-nuevo-libro-en-la-unidad-integrada-balcarce-100x100.jpg",100,100,true]},"uagb_author_info":{"display_name":"Cristina Bernabe","author_link":"https:\/\/biblio1.mdp.edu.ar\/centro-ventas\/author\/"},"uagb_comment_info":0,"uagb_excerpt":"Este libro ha sido escrito para\u00a0quienes est\u00e1n interesados en\u00a0conocer las \u00a0actividades\u00a0agropecuarias de la Regi\u00f3n\u00a0Pampeana. Sus cap\u00edtulos cubren\u00a0gran \u00a0 parte de los contenidos de\u00a0Introducci\u00f3n a las Ciencias\u00a0Agrarias, asignatura de primer\u00a0a\u00f1o de la carrera de ingenier\u00eda\u00a0agron\u00f3mica de la Facultad de Ciencias Agrarias de Balcarce. La\u00a0materia ense\u00f1a a los alumnos\u00a0conocimientos fundamentales de\u00a0la agronom\u00eda. Por eso ser\u00e1 \u00fatil, asimismo,&hellip;","_links":{"self":[{"href":"https:\/\/biblio1.mdp.edu.ar\/centro-ventas\/wp-json\/wp\/v2\/product\/655","targetHints":{"allow":["GET"]}}],"collection":[{"href":"https:\/\/biblio1.mdp.edu.ar\/centro-ventas\/wp-json\/wp\/v2\/product"}],"about":[{"href":"https:\/\/biblio1.mdp.edu.ar\/centro-ventas\/wp-json\/wp\/v2\/types\/product"}],"wp:featuredmedia":[{"embeddable":true,"href":"https:\/\/biblio1.mdp.edu.ar\/centro-ventas\/wp-json\/wp\/v2\/media\/656"}],"wp:attachment":[{"href":"https:\/\/biblio1.mdp.edu.ar\/centro-ventas\/wp-json\/wp\/v2\/media?parent=655"}],"wp:term":[{"taxonomy":"product_cat","embeddable":true,"href":"https:\/\/biblio1.mdp.edu.ar\/centro-ventas\/wp-json\/wp\/v2\/product_cat?post=655"},{"taxonomy":"product_tag","embeddable":true,"href":"https:\/\/biblio1.mdp.edu.ar\/centro-ventas\/wp-json\/wp\/v2\/product_tag?post=655"}],"curies":[{"name":"wp","href":"https:\/\/api.w.org\/{rel}","templated":true}]}}