{"id":653,"date":"2018-08-06T20:58:07","date_gmt":"2018-08-06T23:58:07","guid":{"rendered":"http:\/\/biblio1.mdp.edu.ar\/centro-ventas\/?post_type=product&#038;p=653"},"modified":"2026-03-30T13:16:14","modified_gmt":"2026-03-30T16:16:14","slug":"actuacion-del-contador-publico-como-sindico-judicial","status":"publish","type":"product","link":"https:\/\/biblio1.mdp.edu.ar\/centro-ventas\/producto\/actuacion-del-contador-publico-como-sindico-judicial\/","title":{"rendered":"Actuaci\u00f3n del contador p\u00fablico como s\u00edndico judicial"},"content":{"rendered":"<div>Se trata de un libro en \u00a0donde se rese\u00f1an los\u00a0aspectos jur\u00eddicos del\u00a0desempe\u00f1o \u00a0profesional como S\u00edndico Judicial del \u00a0Contador P\u00fablico, pero a\u00a0su vez se vuelcan\u00a0d\u00e9cadas de desempe\u00f1o\u00a0profesional que reuni\u00f3 el\u00a0autor en su trabajo<\/div>\n<div>cotidiano como S\u00edndico\u00a0Judicial.<\/div>\n<div>Una obra destinada a\u00a0alumnos universitarios,\u00a0alumnos de la Carrera de<\/div>\n<div>Especializaci\u00f3n en\u00a0Sindicatura Concursal y\u00a0tambi\u00e9n a aquellos\u00a0profesionales que ante el\u00a0trabajo diario se\u00a0encuentran con aspectos\u00a0no abordados por los<\/div>\n<div>grandes tratados de\u00a0derecho concursal.<\/div>\n<div>Una obra pr\u00e1ctica, con\u00a0amplio \u00edndice tem\u00e1tico,<\/div>\n<div>sencilla, de f\u00e1cil acceso\u00a0con un leguaje que<\/div>\n<div>alcanza f\u00e1cilmente al\u00a0lector, pero que toca\u00a0todos los aspectos del\u00a0desempe\u00f1o como S\u00edndico\u00a0Judicial.<\/div>\n","protected":false},"excerpt":{"rendered":"<p>Se trata de un libro en \u00a0donde se rese\u00f1an los\u00a0aspectos jur\u00eddicos del\u00a0desempe\u00f1o \u00a0profesional como S\u00edndico Judicial del \u00a0Contador P\u00fablico, pero a\u00a0su vez se vuelcan\u00a0d\u00e9cadas de desempe\u00f1o\u00a0profesional que reuni\u00f3 el\u00a0autor en su trabajo cotidiano como S\u00edndico\u00a0Judicial. Una obra destinada a\u00a0alumnos universitarios,\u00a0alumnos de la Carrera de Especializaci\u00f3n en\u00a0Sindicatura Concursal y\u00a0tambi\u00e9n a aquellos\u00a0profesionales que ante el\u00a0trabajo diario se\u00a0encuentran [&hellip;]<\/p>\n","protected":false},"featured_media":657,"template":"","meta":{"_acf_changed":false,"_eb_attr":"","_crdt_document":"","_uag_custom_page_level_css":"","_editorskit_title_hidden":false,"_editorskit_reading_time":0,"_editorskit_is_block_options_detached":false,"_editorskit_block_options_position":"{}","site-sidebar-layout":"default","site-content-layout":"default","ast-site-content-layout":"default","site-content-style":"default","site-sidebar-style":"default","ast-global-header-display":"","ast-banner-title-visibility":"","ast-main-header-display":"","ast-hfb-above-header-display":"","ast-hfb-below-header-display":"","ast-hfb-mobile-header-display":"","site-post-title":"","ast-breadcrumbs-content":"","ast-featured-img":"","footer-sml-layout":"","ast-disable-related-posts":"","theme-transparent-header-meta":"default","adv-header-id-meta":"","stick-header-meta":"","header-above-stick-meta":"","header-main-stick-meta":"","header-below-stick-meta":"","astra-migrate-meta-layouts":"set","ast-page-background-enabled":"default","ast-page-background-meta":{"desktop":{"background-color":"var(--ast-global-color-4)","background-image":"","background-repeat":"repeat","background-position":"center center","background-size":"auto","background-attachment":"scroll","background-type":"","background-media":"","overlay-type":"","overlay-color":"","overlay-opacity":"","overlay-gradient":""},"tablet":{"background-color":"","background-image":"","background-repeat":"repeat","background-position":"center center","background-size":"auto","background-attachment":"scroll","background-type":"","background-media":"","overlay-type":"","overlay-color":"","overlay-opacity":"","overlay-gradient":""},"mobile":{"background-color":"","background-image":"","background-repeat":"repeat","background-position":"center center","background-size":"auto","background-attachment":"scroll","background-type":"","background-media":"","overlay-type":"","overlay-color":"","overlay-opacity":"","overlay-gradient":""}},"ast-content-background-meta":{"desktop":{"background-color":"var(--ast-global-color-5)","background-image":"","background-repeat":"repeat","background-position":"center center","background-size":"auto","background-attachment":"scroll","background-type":"","background-media":"","overlay-type":"","overlay-color":"","overlay-opacity":"","overlay-gradient":""},"tablet":{"background-color":"var(--ast-global-color-5)","background-image":"","background-repeat":"repeat","background-position":"center center","background-size":"auto","background-attachment":"scroll","background-type":"","background-media":"","overlay-type":"","overlay-color":"","overlay-opacity":"","overlay-gradient":""},"mobile":{"background-color":"var(--ast-global-color-5)","background-image":"","background-repeat":"repeat","background-position":"center center","background-size":"auto","background-attachment":"scroll","background-type":"","background-media":"","overlay-type":"","overlay-color":"","overlay-opacity":"","overlay-gradient":""}}},"product_cat":[115,632,32,28,637],"product_tag":[357,358,356],"class_list":{"0":"post-653","1":"product","2":"type-product","3":"status-publish","4":"has-post-thumbnail","6":"product_cat-herramientas","7":"product_cat-derecho","8":"product_cat-edudem","9":"product_cat-libro","10":"product_cat-punto-de-venta-derecho","11":"product_tag-contabilidad","12":"product_tag-contador-publico","13":"product_tag-sindicatura-judicial","14":"desktop-align-left","15":"tablet-align-left","16":"mobile-align-left","18":"first","19":"instock","20":"shipping-taxable","21":"purchasable","22":"product-type-simple"},"acf":[],"uagb_featured_image_src":{"full":["https:\/\/biblio1.mdp.edu.ar\/centro-ventas\/wp-content\/uploads\/sites\/2\/2018\/08\/IMG_20180806_185355.jpg",1463,1760,false],"thumbnail":["https:\/\/biblio1.mdp.edu.ar\/centro-ventas\/wp-content\/uploads\/sites\/2\/2018\/08\/IMG_20180806_185355-150x150.jpg",150,150,true],"medium":["https:\/\/biblio1.mdp.edu.ar\/centro-ventas\/wp-content\/uploads\/sites\/2\/2018\/08\/IMG_20180806_185355-249x300.jpg",249,300,true],"medium_large":["https:\/\/biblio1.mdp.edu.ar\/centro-ventas\/wp-content\/uploads\/sites\/2\/2018\/08\/IMG_20180806_185355-768x924.jpg",768,924,true],"large":["https:\/\/biblio1.mdp.edu.ar\/centro-ventas\/wp-content\/uploads\/sites\/2\/2018\/08\/IMG_20180806_185355-851x1024.jpg",851,1024,true],"1536x1536":["https:\/\/biblio1.mdp.edu.ar\/centro-ventas\/wp-content\/uploads\/sites\/2\/2018\/08\/IMG_20180806_185355.jpg",1277,1536,false],"2048x2048":["https:\/\/biblio1.mdp.edu.ar\/centro-ventas\/wp-content\/uploads\/sites\/2\/2018\/08\/IMG_20180806_185355.jpg",1463,1760,false],"woocommerce_thumbnail":["https:\/\/biblio1.mdp.edu.ar\/centro-ventas\/wp-content\/uploads\/sites\/2\/2018\/08\/IMG_20180806_185355-250x301.jpg",250,301,true],"woocommerce_single":["https:\/\/biblio1.mdp.edu.ar\/centro-ventas\/wp-content\/uploads\/sites\/2\/2018\/08\/IMG_20180806_185355-768x924.jpg",600,722,true],"woocommerce_gallery_thumbnail":["https:\/\/biblio1.mdp.edu.ar\/centro-ventas\/wp-content\/uploads\/sites\/2\/2018\/08\/IMG_20180806_185355-100x100.jpg",100,100,true]},"uagb_author_info":{"display_name":"Cristina Bernabe","author_link":"https:\/\/biblio1.mdp.edu.ar\/centro-ventas\/author\/"},"uagb_comment_info":0,"uagb_excerpt":"Se trata de un libro en \u00a0donde se rese\u00f1an los\u00a0aspectos jur\u00eddicos del\u00a0desempe\u00f1o \u00a0profesional como S\u00edndico Judicial del \u00a0Contador P\u00fablico, pero a\u00a0su vez se vuelcan\u00a0d\u00e9cadas de desempe\u00f1o\u00a0profesional que reuni\u00f3 el\u00a0autor en su trabajo cotidiano como S\u00edndico\u00a0Judicial. Una obra destinada a\u00a0alumnos universitarios,\u00a0alumnos de la Carrera de Especializaci\u00f3n en\u00a0Sindicatura Concursal y\u00a0tambi\u00e9n a aquellos\u00a0profesionales que ante el\u00a0trabajo diario se\u00a0encuentran&hellip;","_links":{"self":[{"href":"https:\/\/biblio1.mdp.edu.ar\/centro-ventas\/wp-json\/wp\/v2\/product\/653","targetHints":{"allow":["GET"]}}],"collection":[{"href":"https:\/\/biblio1.mdp.edu.ar\/centro-ventas\/wp-json\/wp\/v2\/product"}],"about":[{"href":"https:\/\/biblio1.mdp.edu.ar\/centro-ventas\/wp-json\/wp\/v2\/types\/product"}],"wp:featuredmedia":[{"embeddable":true,"href":"https:\/\/biblio1.mdp.edu.ar\/centro-ventas\/wp-json\/wp\/v2\/media\/657"}],"wp:attachment":[{"href":"https:\/\/biblio1.mdp.edu.ar\/centro-ventas\/wp-json\/wp\/v2\/media?parent=653"}],"wp:term":[{"taxonomy":"product_cat","embeddable":true,"href":"https:\/\/biblio1.mdp.edu.ar\/centro-ventas\/wp-json\/wp\/v2\/product_cat?post=653"},{"taxonomy":"product_tag","embeddable":true,"href":"https:\/\/biblio1.mdp.edu.ar\/centro-ventas\/wp-json\/wp\/v2\/product_tag?post=653"}],"curies":[{"name":"wp","href":"https:\/\/api.w.org\/{rel}","templated":true}]}}