{"id":449,"date":"2018-06-29T15:34:16","date_gmt":"2018-06-29T18:34:16","guid":{"rendered":"http:\/\/biblio1.mdp.edu.ar\/centro-ventas\/?post_type=product&#038;p=449"},"modified":"2024-04-08T17:40:58","modified_gmt":"2024-04-08T20:40:58","slug":"manual-practico-de-construccion","status":"publish","type":"product","link":"https:\/\/biblio1.mdp.edu.ar\/centro-ventas\/producto\/manual-practico-de-construccion\/","title":{"rendered":"Manual pr\u00e1ctico de construcci\u00f3n"},"content":{"rendered":"<p>Este Manual abarca todas las decisiones y trabajos de obra correspondientes a obra gruesa y terminaciones (no incluye hormig\u00f3n armado, las diversas formas de construcci\u00f3n en seco y las cubiertas de tejas).<\/p>\n<p>Si bien se centra en los trabajos correspondientes a viviendas y construcciones sencillas en la zona pampeana argentina, su contenido es \u00fatil para todo tipo de obra y lugar, siendo utilizado en Argentina y en otros pa\u00edses en la realizaci\u00f3n de trabajos de proyecto y de obra, y como bibliograf\u00eda en Facultades de Arquitectura e Ingenier\u00eda, en Colegios T\u00e9cnicos y en Cursos de Capacitaci\u00f3n Laboral.<\/p>\n<p>El <strong>MANUAL PR\u00c1CTICO DE CONSTRUCCI\u00d3N<\/strong> es un desarrollo y actualizaci\u00f3n del \u201cManual de Autoconstrucci\u00f3n\u201d, que en 1988 fue galardonado con el \u201cPremio Nacional de Arquitectura, Dise\u00f1o y Urbanismo a la producci\u00f3n 1983 &#8211; 1986\u201d, de la Secretar\u00eda de Cultura de la Naci\u00f3n.<\/p>\n","protected":false},"excerpt":{"rendered":"<p>Este Manual abarca todas las decisiones y trabajos de obra correspondientes a obra gruesa y terminaciones (no incluye hormig\u00f3n armado, las diversas formas de construcci\u00f3n en seco y las cubiertas de tejas). Si bien se centra en los trabajos correspondientes a viviendas y construcciones sencillas en la zona pampeana argentina, su contenido es \u00fatil para [&hellip;]<\/p>\n","protected":false},"featured_media":450,"template":"","meta":{"_acf_changed":false,"_eb_attr":"","_crdt_document":"","_uag_custom_page_level_css":"","_editorskit_title_hidden":false,"_editorskit_reading_time":0,"_editorskit_is_block_options_detached":false,"_editorskit_block_options_position":"{}","site-sidebar-layout":"default","site-content-layout":"","ast-site-content-layout":"default","site-content-style":"default","site-sidebar-style":"default","ast-global-header-display":"","ast-banner-title-visibility":"","ast-main-header-display":"","ast-hfb-above-header-display":"","ast-hfb-below-header-display":"","ast-hfb-mobile-header-display":"","site-post-title":"","ast-breadcrumbs-content":"","ast-featured-img":"","footer-sml-layout":"","ast-disable-related-posts":"","theme-transparent-header-meta":"default","adv-header-id-meta":"","stick-header-meta":"","header-above-stick-meta":"","header-main-stick-meta":"","header-below-stick-meta":"","astra-migrate-meta-layouts":"set","ast-page-background-enabled":"default","ast-page-background-meta":{"desktop":{"background-color":"var(--ast-global-color-4)","background-image":"","background-repeat":"repeat","background-position":"center center","background-size":"auto","background-attachment":"scroll","background-type":"","background-media":"","overlay-type":"","overlay-color":"","overlay-opacity":"","overlay-gradient":""},"tablet":{"background-color":"","background-image":"","background-repeat":"repeat","background-position":"center center","background-size":"auto","background-attachment":"scroll","background-type":"","background-media":"","overlay-type":"","overlay-color":"","overlay-opacity":"","overlay-gradient":""},"mobile":{"background-color":"","background-image":"","background-repeat":"repeat","background-position":"center center","background-size":"auto","background-attachment":"scroll","background-type":"","background-media":"","overlay-type":"","overlay-color":"","overlay-opacity":"","overlay-gradient":""}},"ast-content-background-meta":{"desktop":{"background-color":"var(--ast-global-color-5)","background-image":"","background-repeat":"repeat","background-position":"center center","background-size":"auto","background-attachment":"scroll","background-type":"","background-media":"","overlay-type":"","overlay-color":"","overlay-opacity":"","overlay-gradient":""},"tablet":{"background-color":"var(--ast-global-color-5)","background-image":"","background-repeat":"repeat","background-position":"center center","background-size":"auto","background-attachment":"scroll","background-type":"","background-media":"","overlay-type":"","overlay-color":"","overlay-opacity":"","overlay-gradient":""},"mobile":{"background-color":"var(--ast-global-color-5)","background-image":"","background-repeat":"repeat","background-position":"center center","background-size":"auto","background-attachment":"scroll","background-type":"","background-media":"","overlay-type":"","overlay-color":"","overlay-opacity":"","overlay-gradient":""}}},"product_cat":[128,28],"product_tag":[36,35],"class_list":{"0":"post-449","1":"product","2":"type-product","3":"status-publish","4":"has-post-thumbnail","6":"product_cat-arquitectura","7":"product_cat-libro","8":"product_tag-arquitectura","9":"product_tag-construccion","10":"desktop-align-left","11":"tablet-align-left","12":"mobile-align-left","14":"first","15":"instock","16":"shipping-taxable","17":"purchasable","18":"product-type-simple"},"acf":[],"uagb_featured_image_src":{"full":["https:\/\/biblio1.mdp.edu.ar\/centro-ventas\/wp-content\/uploads\/sites\/2\/2018\/06\/manual-practico-de-construccion-jaime-nisnovich-nuevo-D_NQ_NP_4106-MLA141497630_1331-F.jpg",1200,839,false],"thumbnail":["https:\/\/biblio1.mdp.edu.ar\/centro-ventas\/wp-content\/uploads\/sites\/2\/2018\/06\/manual-practico-de-construccion-jaime-nisnovich-nuevo-D_NQ_NP_4106-MLA141497630_1331-F-150x150.jpg",150,150,true],"medium":["https:\/\/biblio1.mdp.edu.ar\/centro-ventas\/wp-content\/uploads\/sites\/2\/2018\/06\/manual-practico-de-construccion-jaime-nisnovich-nuevo-D_NQ_NP_4106-MLA141497630_1331-F-300x210.jpg",300,210,true],"medium_large":["https:\/\/biblio1.mdp.edu.ar\/centro-ventas\/wp-content\/uploads\/sites\/2\/2018\/06\/manual-practico-de-construccion-jaime-nisnovich-nuevo-D_NQ_NP_4106-MLA141497630_1331-F-768x537.jpg",768,537,true],"large":["https:\/\/biblio1.mdp.edu.ar\/centro-ventas\/wp-content\/uploads\/sites\/2\/2018\/06\/manual-practico-de-construccion-jaime-nisnovich-nuevo-D_NQ_NP_4106-MLA141497630_1331-F-1024x716.jpg",1024,716,true],"1536x1536":["https:\/\/biblio1.mdp.edu.ar\/centro-ventas\/wp-content\/uploads\/sites\/2\/2018\/06\/manual-practico-de-construccion-jaime-nisnovich-nuevo-D_NQ_NP_4106-MLA141497630_1331-F.jpg",1200,839,false],"2048x2048":["https:\/\/biblio1.mdp.edu.ar\/centro-ventas\/wp-content\/uploads\/sites\/2\/2018\/06\/manual-practico-de-construccion-jaime-nisnovich-nuevo-D_NQ_NP_4106-MLA141497630_1331-F.jpg",1200,839,false],"woocommerce_thumbnail":["https:\/\/biblio1.mdp.edu.ar\/centro-ventas\/wp-content\/uploads\/sites\/2\/2018\/06\/manual-practico-de-construccion-jaime-nisnovich-nuevo-D_NQ_NP_4106-MLA141497630_1331-F-250x175.jpg",250,175,true],"woocommerce_single":["https:\/\/biblio1.mdp.edu.ar\/centro-ventas\/wp-content\/uploads\/sites\/2\/2018\/06\/manual-practico-de-construccion-jaime-nisnovich-nuevo-D_NQ_NP_4106-MLA141497630_1331-F-768x537.jpg",600,420,true],"woocommerce_gallery_thumbnail":["https:\/\/biblio1.mdp.edu.ar\/centro-ventas\/wp-content\/uploads\/sites\/2\/2018\/06\/manual-practico-de-construccion-jaime-nisnovich-nuevo-D_NQ_NP_4106-MLA141497630_1331-F-100x100.jpg",100,100,true]},"uagb_author_info":{"display_name":"Maria Balerdi","author_link":"https:\/\/biblio1.mdp.edu.ar\/centro-ventas\/author\/"},"uagb_comment_info":0,"uagb_excerpt":"Este Manual abarca todas las decisiones y trabajos de obra correspondientes a obra gruesa y terminaciones (no incluye hormig\u00f3n armado, las diversas formas de construcci\u00f3n en seco y las cubiertas de tejas). Si bien se centra en los trabajos correspondientes a viviendas y construcciones sencillas en la zona pampeana argentina, su contenido es \u00fatil para&hellip;","_links":{"self":[{"href":"https:\/\/biblio1.mdp.edu.ar\/centro-ventas\/wp-json\/wp\/v2\/product\/449","targetHints":{"allow":["GET"]}}],"collection":[{"href":"https:\/\/biblio1.mdp.edu.ar\/centro-ventas\/wp-json\/wp\/v2\/product"}],"about":[{"href":"https:\/\/biblio1.mdp.edu.ar\/centro-ventas\/wp-json\/wp\/v2\/types\/product"}],"wp:featuredmedia":[{"embeddable":true,"href":"https:\/\/biblio1.mdp.edu.ar\/centro-ventas\/wp-json\/wp\/v2\/media\/450"}],"wp:attachment":[{"href":"https:\/\/biblio1.mdp.edu.ar\/centro-ventas\/wp-json\/wp\/v2\/media?parent=449"}],"wp:term":[{"taxonomy":"product_cat","embeddable":true,"href":"https:\/\/biblio1.mdp.edu.ar\/centro-ventas\/wp-json\/wp\/v2\/product_cat?post=449"},{"taxonomy":"product_tag","embeddable":true,"href":"https:\/\/biblio1.mdp.edu.ar\/centro-ventas\/wp-json\/wp\/v2\/product_tag?post=449"}],"curies":[{"name":"wp","href":"https:\/\/api.w.org\/{rel}","templated":true}]}}