{"id":440,"date":"2018-06-29T13:44:12","date_gmt":"2018-06-29T16:44:12","guid":{"rendered":"http:\/\/biblio1.mdp.edu.ar\/centro-ventas\/?post_type=product&#038;p=440"},"modified":"2026-03-30T17:05:12","modified_gmt":"2026-03-30T20:05:12","slug":"letrados-en-tiempos-de-rosas","status":"publish","type":"product","link":"https:\/\/biblio1.mdp.edu.ar\/centro-ventas\/producto\/letrados-en-tiempos-de-rosas\/","title":{"rendered":"Letrados en tiempos de Rosas"},"content":{"rendered":"<p>\u00bfC\u00f3mo ver\u00edamos la sociedad rioplatense si fu\u00e9ramos un letrado que trabaj\u00f3 para el rey de N\u00e1poles y un arquitecto formado en las bellas artes en Mil\u00e1n que, forzosamente exiliados, llegan a estas tierras en los tiempos de Rivadavia y Rosas? \u00bfC\u00f3mo se habr\u00e1 sentido Esteban Echeverr\u00eda al ser criticado, interpelado, por sus contempor\u00e1neos? \u00bfQu\u00e9 es ser un artista o un autor en aquellos a\u00f1os de incertidumbre pol\u00edtica y sociabilidad incipiente? Con estos y otros planteos la autora procura estudiar aspectos de la cultura letrada y de los hombres de letras en el R\u00edo de la Plata, a trav\u00e9s de su correspondencia, p\u00fablica y privada, sus emprendimientos editoriales y sus pol\u00e9micas, en la \u00e9poca de Rosas.<\/p>\n","protected":false},"excerpt":{"rendered":"<p>\u00bfC\u00f3mo ver\u00edamos la sociedad rioplatense si fu\u00e9ramos un letrado que trabaj\u00f3 para el rey de N\u00e1poles y un arquitecto formado en las bellas artes en Mil\u00e1n que, forzosamente exiliados, llegan a estas tierras en los tiempos de Rivadavia y Rosas? \u00bfC\u00f3mo se habr\u00e1 sentido Esteban Echeverr\u00eda al ser criticado, interpelado, por sus contempor\u00e1neos? \u00bfQu\u00e9 es [&hellip;]<\/p>\n","protected":false},"featured_media":441,"template":"","meta":{"_acf_changed":false,"_eb_attr":"","_crdt_document":"","_uag_custom_page_level_css":"","_editorskit_title_hidden":false,"_editorskit_reading_time":0,"_editorskit_is_block_options_detached":false,"_editorskit_block_options_position":"{}","site-sidebar-layout":"default","site-content-layout":"default","ast-site-content-layout":"default","site-content-style":"default","site-sidebar-style":"default","ast-global-header-display":"","ast-banner-title-visibility":"","ast-main-header-display":"","ast-hfb-above-header-display":"","ast-hfb-below-header-display":"","ast-hfb-mobile-header-display":"","site-post-title":"","ast-breadcrumbs-content":"","ast-featured-img":"","footer-sml-layout":"","ast-disable-related-posts":"","theme-transparent-header-meta":"default","adv-header-id-meta":"","stick-header-meta":"","header-above-stick-meta":"","header-main-stick-meta":"","header-below-stick-meta":"","astra-migrate-meta-layouts":"default","ast-page-background-enabled":"default","ast-page-background-meta":{"desktop":{"background-color":"var(--ast-global-color-4)","background-image":"","background-repeat":"repeat","background-position":"center center","background-size":"auto","background-attachment":"scroll","background-type":"","background-media":"","overlay-type":"","overlay-color":"","overlay-opacity":"","overlay-gradient":""},"tablet":{"background-color":"","background-image":"","background-repeat":"repeat","background-position":"center center","background-size":"auto","background-attachment":"scroll","background-type":"","background-media":"","overlay-type":"","overlay-color":"","overlay-opacity":"","overlay-gradient":""},"mobile":{"background-color":"","background-image":"","background-repeat":"repeat","background-position":"center center","background-size":"auto","background-attachment":"scroll","background-type":"","background-media":"","overlay-type":"","overlay-color":"","overlay-opacity":"","overlay-gradient":""}},"ast-content-background-meta":{"desktop":{"background-color":"var(--ast-global-color-5)","background-image":"","background-repeat":"repeat","background-position":"center center","background-size":"auto","background-attachment":"scroll","background-type":"","background-media":"","overlay-type":"","overlay-color":"","overlay-opacity":"","overlay-gradient":""},"tablet":{"background-color":"var(--ast-global-color-5)","background-image":"","background-repeat":"repeat","background-position":"center center","background-size":"auto","background-attachment":"scroll","background-type":"","background-media":"","overlay-type":"","overlay-color":"","overlay-opacity":"","overlay-gradient":""},"mobile":{"background-color":"var(--ast-global-color-5)","background-image":"","background-repeat":"repeat","background-position":"center center","background-size":"auto","background-attachment":"scroll","background-type":"","background-media":"","overlay-type":"","overlay-color":"","overlay-opacity":"","overlay-gradient":""}}},"product_cat":[32,28,124],"product_tag":[22],"class_list":{"0":"post-440","1":"product","2":"type-product","3":"status-publish","4":"has-post-thumbnail","6":"product_cat-edudem","7":"product_cat-libro","8":"product_cat-serie-simbolos","9":"product_tag-serie-simbolos","10":"desktop-align-left","11":"tablet-align-left","12":"mobile-align-left","14":"first","15":"instock","16":"shipping-taxable","17":"purchasable","18":"product-type-simple"},"acf":[],"uagb_featured_image_src":{"full":["https:\/\/biblio1.mdp.edu.ar\/centro-ventas\/wp-content\/uploads\/sites\/2\/2018\/06\/9789871371938.jpg",1400,2029,false],"thumbnail":["https:\/\/biblio1.mdp.edu.ar\/centro-ventas\/wp-content\/uploads\/sites\/2\/2018\/06\/9789871371938-150x150.jpg",150,150,true],"medium":["https:\/\/biblio1.mdp.edu.ar\/centro-ventas\/wp-content\/uploads\/sites\/2\/2018\/06\/9789871371938-207x300.jpg",207,300,true],"medium_large":["https:\/\/biblio1.mdp.edu.ar\/centro-ventas\/wp-content\/uploads\/sites\/2\/2018\/06\/9789871371938-768x1113.jpg",768,1113,true],"large":["https:\/\/biblio1.mdp.edu.ar\/centro-ventas\/wp-content\/uploads\/sites\/2\/2018\/06\/9789871371938-707x1024.jpg",707,1024,true],"1536x1536":["https:\/\/biblio1.mdp.edu.ar\/centro-ventas\/wp-content\/uploads\/sites\/2\/2018\/06\/9789871371938.jpg",1060,1536,false],"2048x2048":["https:\/\/biblio1.mdp.edu.ar\/centro-ventas\/wp-content\/uploads\/sites\/2\/2018\/06\/9789871371938.jpg",1400,2029,false],"woocommerce_thumbnail":["https:\/\/biblio1.mdp.edu.ar\/centro-ventas\/wp-content\/uploads\/sites\/2\/2018\/06\/9789871371938-250x362.jpg",250,362,true],"woocommerce_single":["https:\/\/biblio1.mdp.edu.ar\/centro-ventas\/wp-content\/uploads\/sites\/2\/2018\/06\/9789871371938-707x1024.jpg",600,869,true],"woocommerce_gallery_thumbnail":["https:\/\/biblio1.mdp.edu.ar\/centro-ventas\/wp-content\/uploads\/sites\/2\/2018\/06\/9789871371938-100x100.jpg",100,100,true]},"uagb_author_info":{"display_name":"Maria Balerdi","author_link":"https:\/\/biblio1.mdp.edu.ar\/centro-ventas\/author\/"},"uagb_comment_info":0,"uagb_excerpt":"\u00bfC\u00f3mo ver\u00edamos la sociedad rioplatense si fu\u00e9ramos un letrado que trabaj\u00f3 para el rey de N\u00e1poles y un arquitecto formado en las bellas artes en Mil\u00e1n que, forzosamente exiliados, llegan a estas tierras en los tiempos de Rivadavia y Rosas? \u00bfC\u00f3mo se habr\u00e1 sentido Esteban Echeverr\u00eda al ser criticado, interpelado, por sus contempor\u00e1neos? \u00bfQu\u00e9 es&hellip;","_links":{"self":[{"href":"https:\/\/biblio1.mdp.edu.ar\/centro-ventas\/wp-json\/wp\/v2\/product\/440","targetHints":{"allow":["GET"]}}],"collection":[{"href":"https:\/\/biblio1.mdp.edu.ar\/centro-ventas\/wp-json\/wp\/v2\/product"}],"about":[{"href":"https:\/\/biblio1.mdp.edu.ar\/centro-ventas\/wp-json\/wp\/v2\/types\/product"}],"wp:featuredmedia":[{"embeddable":true,"href":"https:\/\/biblio1.mdp.edu.ar\/centro-ventas\/wp-json\/wp\/v2\/media\/441"}],"wp:attachment":[{"href":"https:\/\/biblio1.mdp.edu.ar\/centro-ventas\/wp-json\/wp\/v2\/media?parent=440"}],"wp:term":[{"taxonomy":"product_cat","embeddable":true,"href":"https:\/\/biblio1.mdp.edu.ar\/centro-ventas\/wp-json\/wp\/v2\/product_cat?post=440"},{"taxonomy":"product_tag","embeddable":true,"href":"https:\/\/biblio1.mdp.edu.ar\/centro-ventas\/wp-json\/wp\/v2\/product_tag?post=440"}],"curies":[{"name":"wp","href":"https:\/\/api.w.org\/{rel}","templated":true}]}}