{"id":4008,"date":"2026-04-07T14:55:01","date_gmt":"2026-04-07T17:55:01","guid":{"rendered":"https:\/\/biblio1.mdp.edu.ar\/centro-ventas\/?post_type=product&#038;p=4008"},"modified":"2026-04-09T17:36:43","modified_gmt":"2026-04-09T20:36:43","slug":"huellas-de-la-imagen-contemporanea-la-experiencia-estetica-entre-el-codigo-y-la-pantalla","status":"publish","type":"product","link":"https:\/\/biblio1.mdp.edu.ar\/centro-ventas\/producto\/huellas-de-la-imagen-contemporanea-la-experiencia-estetica-entre-el-codigo-y-la-pantalla\/","title":{"rendered":"Huellas de la imagen contempor\u00e1nea: la experiencia est\u00e9tica entre el c\u00f3digo y la pantalla"},"content":{"rendered":"<p>Vivimos rodeados de im\u00e1genes. Circulan, se multiplican, se editan y desaparecen en pantallas que organizan buena parte de nuestra experiencia cotidiana.<br \/>\nEste libro re\u00fane un conjunto de reflexiones filos\u00f3ficas que indagan en las transformaciones de la imagen en la era digital: sus modos de producci\u00f3n, su circulaci\u00f3n en redes, su potencia est\u00e9tica y sus implicancias culturales y pol\u00edticas.<\/p>\n<p>Escriben: Romina Conti, Mariano Mart\u00ednez Atencio, Ignacio Girala, Esteban Ra\u00fal Cardone, Abril Ortega, Jazm\u00edn Bassil, Amparo Dimarco, Juan Diego Rovelli, Guillermo L\u00f3pez Geada y Diego Lucas Cordeu<\/p>\n<p>Una obra colectiva que propone detenerse a pensar aquello que suele aparecer como naturalizado: las im\u00e1genes que atraviesan nuestra vida diaria y configuran nuevas formas de ver, producir y habitar el mundo.<\/p>\n<div><\/div>\n<div><\/div>\n<div><\/div>\n","protected":false},"excerpt":{"rendered":"<p>&nbsp;<\/p>\n<div><\/div>\n<div><\/div>\n<div><\/div>\n","protected":false},"featured_media":4012,"template":"","meta":{"_acf_changed":false,"_eb_attr":"","_crdt_document":"","_uag_custom_page_level_css":"","_editorskit_title_hidden":false,"_editorskit_reading_time":0,"_editorskit_is_block_options_detached":false,"_editorskit_block_options_position":"{}","site-sidebar-layout":"default","site-content-layout":"","ast-site-content-layout":"default","site-content-style":"default","site-sidebar-style":"default","ast-global-header-display":"","ast-banner-title-visibility":"","ast-main-header-display":"","ast-hfb-above-header-display":"","ast-hfb-below-header-display":"","ast-hfb-mobile-header-display":"","site-post-title":"","ast-breadcrumbs-content":"","ast-featured-img":"","footer-sml-layout":"","ast-disable-related-posts":"","theme-transparent-header-meta":"default","adv-header-id-meta":"","stick-header-meta":"","header-above-stick-meta":"","header-main-stick-meta":"","header-below-stick-meta":"","astra-migrate-meta-layouts":"set","ast-page-background-enabled":"default","ast-page-background-meta":{"desktop":{"background-color":"var(--ast-global-color-4)","background-image":"","background-repeat":"repeat","background-position":"center center","background-size":"auto","background-attachment":"scroll","background-type":"","background-media":"","overlay-type":"","overlay-color":"","overlay-opacity":"","overlay-gradient":""},"tablet":{"background-color":"","background-image":"","background-repeat":"repeat","background-position":"center center","background-size":"auto","background-attachment":"scroll","background-type":"","background-media":"","overlay-type":"","overlay-color":"","overlay-opacity":"","overlay-gradient":""},"mobile":{"background-color":"","background-image":"","background-repeat":"repeat","background-position":"center center","background-size":"auto","background-attachment":"scroll","background-type":"","background-media":"","overlay-type":"","overlay-color":"","overlay-opacity":"","overlay-gradient":""}},"ast-content-background-meta":{"desktop":{"background-color":"var(--ast-global-color-5)","background-image":"","background-repeat":"repeat","background-position":"center center","background-size":"auto","background-attachment":"scroll","background-type":"","background-media":"","overlay-type":"","overlay-color":"","overlay-opacity":"","overlay-gradient":""},"tablet":{"background-color":"var(--ast-global-color-5)","background-image":"","background-repeat":"repeat","background-position":"center center","background-size":"auto","background-attachment":"scroll","background-type":"","background-media":"","overlay-type":"","overlay-color":"","overlay-opacity":"","overlay-gradient":""},"mobile":{"background-color":"var(--ast-global-color-5)","background-image":"","background-repeat":"repeat","background-position":"center center","background-size":"auto","background-attachment":"scroll","background-type":"","background-media":"","overlay-type":"","overlay-color":"","overlay-opacity":"","overlay-gradient":""}}},"product_cat":[697,28],"product_tag":[],"class_list":{"0":"post-4008","1":"product","2":"type-product","3":"status-publish","4":"has-post-thumbnail","6":"product_cat-la-hendija","7":"product_cat-libro","8":"desktop-align-left","9":"tablet-align-left","10":"mobile-align-left","12":"first","13":"instock","14":"shipping-taxable","15":"purchasable","16":"product-type-simple"},"acf":[],"uagb_featured_image_src":{"full":["https:\/\/biblio1.mdp.edu.ar\/centro-ventas\/wp-content\/uploads\/sites\/2\/2026\/04\/WhatsApp-Image-2026-04-07-at-3.22.16-PM.jpeg",1129,1600,false],"thumbnail":["https:\/\/biblio1.mdp.edu.ar\/centro-ventas\/wp-content\/uploads\/sites\/2\/2026\/04\/WhatsApp-Image-2026-04-07-at-3.22.16-PM-150x150.jpeg",150,150,true],"medium":["https:\/\/biblio1.mdp.edu.ar\/centro-ventas\/wp-content\/uploads\/sites\/2\/2026\/04\/WhatsApp-Image-2026-04-07-at-3.22.16-PM-212x300.jpeg",212,300,true],"medium_large":["https:\/\/biblio1.mdp.edu.ar\/centro-ventas\/wp-content\/uploads\/sites\/2\/2026\/04\/WhatsApp-Image-2026-04-07-at-3.22.16-PM-768x1088.jpeg",768,1088,true],"large":["https:\/\/biblio1.mdp.edu.ar\/centro-ventas\/wp-content\/uploads\/sites\/2\/2026\/04\/WhatsApp-Image-2026-04-07-at-3.22.16-PM-723x1024.jpeg",723,1024,true],"1536x1536":["https:\/\/biblio1.mdp.edu.ar\/centro-ventas\/wp-content\/uploads\/sites\/2\/2026\/04\/WhatsApp-Image-2026-04-07-at-3.22.16-PM-1084x1536.jpeg",1084,1536,true],"2048x2048":["https:\/\/biblio1.mdp.edu.ar\/centro-ventas\/wp-content\/uploads\/sites\/2\/2026\/04\/WhatsApp-Image-2026-04-07-at-3.22.16-PM.jpeg",1129,1600,false],"woocommerce_thumbnail":["https:\/\/biblio1.mdp.edu.ar\/centro-ventas\/wp-content\/uploads\/sites\/2\/2026\/04\/WhatsApp-Image-2026-04-07-at-3.22.16-PM-300x425.jpeg",300,425,true],"woocommerce_single":["https:\/\/biblio1.mdp.edu.ar\/centro-ventas\/wp-content\/uploads\/sites\/2\/2026\/04\/WhatsApp-Image-2026-04-07-at-3.22.16-PM-600x850.jpeg",600,850,true],"woocommerce_gallery_thumbnail":["https:\/\/biblio1.mdp.edu.ar\/centro-ventas\/wp-content\/uploads\/sites\/2\/2026\/04\/WhatsApp-Image-2026-04-07-at-3.22.16-PM-100x100.jpeg",100,100,true]},"uagb_author_info":{"display_name":"Ariel","author_link":"https:\/\/biblio1.mdp.edu.ar\/centro-ventas\/author\/"},"uagb_comment_info":0,"uagb_excerpt":"&nbsp;","_links":{"self":[{"href":"https:\/\/biblio1.mdp.edu.ar\/centro-ventas\/wp-json\/wp\/v2\/product\/4008","targetHints":{"allow":["GET"]}}],"collection":[{"href":"https:\/\/biblio1.mdp.edu.ar\/centro-ventas\/wp-json\/wp\/v2\/product"}],"about":[{"href":"https:\/\/biblio1.mdp.edu.ar\/centro-ventas\/wp-json\/wp\/v2\/types\/product"}],"wp:featuredmedia":[{"embeddable":true,"href":"https:\/\/biblio1.mdp.edu.ar\/centro-ventas\/wp-json\/wp\/v2\/media\/4012"}],"wp:attachment":[{"href":"https:\/\/biblio1.mdp.edu.ar\/centro-ventas\/wp-json\/wp\/v2\/media?parent=4008"}],"wp:term":[{"taxonomy":"product_cat","embeddable":true,"href":"https:\/\/biblio1.mdp.edu.ar\/centro-ventas\/wp-json\/wp\/v2\/product_cat?post=4008"},{"taxonomy":"product_tag","embeddable":true,"href":"https:\/\/biblio1.mdp.edu.ar\/centro-ventas\/wp-json\/wp\/v2\/product_tag?post=4008"}],"curies":[{"name":"wp","href":"https:\/\/api.w.org\/{rel}","templated":true}]}}