{"id":4000,"date":"2025-12-03T14:16:02","date_gmt":"2025-12-03T17:16:02","guid":{"rendered":"https:\/\/biblio1.mdp.edu.ar\/centro-ventas\/?post_type=product&#038;p=4000"},"modified":"2025-12-03T14:16:04","modified_gmt":"2025-12-03T17:16:04","slug":"171-casas-internacional-country-clubs","status":"publish","type":"product","link":"https:\/\/biblio1.mdp.edu.ar\/centro-ventas\/producto\/171-casas-internacional-country-clubs\/","title":{"rendered":"171 &#8211; Casas internacional &#8211; Country clubs"},"content":{"rendered":"<p>Las viviendas en country clubs nos incitan a reflexionar, a proponer objetivos acerca del dise\u00f1o del espacio residencial y la calidad de vida de sus usuarios, siguiendo un eje integrador que considera el medio ambiente, las necesidades y el bienestar del habitante, el interjuego interior-exterior, las dimensiones de los \u00e1mbitos p\u00fablicos y privados.<br \/>\nEl dise\u00f1o tendr\u00e1 en cuenta aspectos humanos, el desarrollo del grupo familiar, desde el punto de vista formal y funcional, sus modos de habitar, los recintos habitables, la expresi\u00f3n cultural. Es decir, entender\u00e1 la vivienda m\u00e1s all\u00e1 de su estricta materialidad y considerar\u00e1 el espacio pr\u00f3ximo, all\u00ed donde se despliega la actividad de sus moradores, en el marco de sus necesidades f\u00edsicas y psicol\u00f3gicas. Aludimos a un \u00e1rea de la psicolog\u00eda ambiental, donde el usuario interpreta las variables y determina su identificaci\u00f3n.<br \/>\nEn cada nuevo emprendimiento las pautas a seguir son m\u00faltiples y diversas.<br \/>\nPero encontramos ciertas generalidades: viviendas amplias, ambientes generosos, bien definidos, funcionales y eficientes, en plena integraci\u00f3n, optimizaci\u00f3n energ\u00e9tica que apunta a un mayor confort, interrelaci\u00f3n entre<br \/>\nla luz artificial \u2013 percibida como un material intangible en sinton\u00eda con los s\u00f3lidos \u2013 y la natural, ventilaci\u00f3n cruzada, volumetr\u00edas y geometr\u00edas simples y contundentes, un lenguaje conceptual, materiales cuidadosamente seleccionados, considerando el envejecimiento que transformar\u00e1 su textura y<br \/>\ncolores, con nulo mantenimiento, el hormig\u00f3n y el vidrio como materiales compositivos maleables, la b\u00fasqueda de una orientaci\u00f3n adecuada en vistas a mejorar la climatizaci\u00f3n y el asoleamiento.<br \/>\nEl espacio vac\u00edo se concibe como centro compositivo y circulatorio, la arquitectura es entendida como una escultura habitada, expresi\u00f3n serena de eficiencia formal del volumen.<br \/>\nImaginemos entonces la intensidad de esa vivencia en la cual la disoluci\u00f3n de los l\u00edmites interior-exterior favorece la continuidad visual hacia el verdor del entorno y la naturaleza, a su vez, impregna y transfigura la<br \/>\ncotidianidad humana.<\/p>\n","protected":false},"excerpt":{"rendered":"<p>Las viviendas en country clubs nos incitan a reflexionar, a proponer objetivos acerca del dise\u00f1o del espacio residencial y la calidad de vida de sus usuarios, siguiendo un eje integrador que considera el medio ambiente, las necesidades y el bienestar del habitante, el interjuego interior-exterior, las dimensiones de los \u00e1mbitos p\u00fablicos y privados. El dise\u00f1o [&hellip;]<\/p>\n","protected":false},"featured_media":3996,"template":"","meta":{"_acf_changed":false,"_eb_attr":"","_crdt_document":"","_uag_custom_page_level_css":"","_editorskit_title_hidden":false,"_editorskit_reading_time":0,"_editorskit_is_block_options_detached":false,"_editorskit_block_options_position":"{}","site-sidebar-layout":"default","site-content-layout":"","ast-site-content-layout":"default","site-content-style":"default","site-sidebar-style":"default","ast-global-header-display":"","ast-banner-title-visibility":"","ast-main-header-display":"","ast-hfb-above-header-display":"","ast-hfb-below-header-display":"","ast-hfb-mobile-header-display":"","site-post-title":"","ast-breadcrumbs-content":"","ast-featured-img":"","footer-sml-layout":"","ast-disable-related-posts":"","theme-transparent-header-meta":"default","adv-header-id-meta":"","stick-header-meta":"","header-above-stick-meta":"","header-main-stick-meta":"","header-below-stick-meta":"","astra-migrate-meta-layouts":"set","ast-page-background-enabled":"default","ast-page-background-meta":{"desktop":{"background-color":"var(--ast-global-color-4)","background-image":"","background-repeat":"repeat","background-position":"center center","background-size":"auto","background-attachment":"scroll","background-type":"","background-media":"","overlay-type":"","overlay-color":"","overlay-opacity":"","overlay-gradient":""},"tablet":{"background-color":"","background-image":"","background-repeat":"repeat","background-position":"center center","background-size":"auto","background-attachment":"scroll","background-type":"","background-media":"","overlay-type":"","overlay-color":"","overlay-opacity":"","overlay-gradient":""},"mobile":{"background-color":"","background-image":"","background-repeat":"repeat","background-position":"center center","background-size":"auto","background-attachment":"scroll","background-type":"","background-media":"","overlay-type":"","overlay-color":"","overlay-opacity":"","overlay-gradient":""}},"ast-content-background-meta":{"desktop":{"background-color":"var(--ast-global-color-5)","background-image":"","background-repeat":"repeat","background-position":"center center","background-size":"auto","background-attachment":"scroll","background-type":"","background-media":"","overlay-type":"","overlay-color":"","overlay-opacity":"","overlay-gradient":""},"tablet":{"background-color":"var(--ast-global-color-5)","background-image":"","background-repeat":"repeat","background-position":"center center","background-size":"auto","background-attachment":"scroll","background-type":"","background-media":"","overlay-type":"","overlay-color":"","overlay-opacity":"","overlay-gradient":""},"mobile":{"background-color":"var(--ast-global-color-5)","background-image":"","background-repeat":"repeat","background-position":"center center","background-size":"auto","background-attachment":"scroll","background-type":"","background-media":"","overlay-type":"","overlay-color":"","overlay-opacity":"","overlay-gradient":""}}},"product_cat":[98,31],"product_tag":[],"class_list":{"0":"post-4000","1":"product","2":"type-product","3":"status-publish","4":"has-post-thumbnail","6":"product_cat-casas-internacional","7":"product_cat-revistas","8":"desktop-align-left","9":"tablet-align-left","10":"mobile-align-left","12":"first","13":"instock","14":"sale","15":"shipping-taxable","16":"purchasable","17":"product-type-simple"},"acf":[],"uagb_featured_image_src":{"full":["https:\/\/biblio1.mdp.edu.ar\/centro-ventas\/wp-content\/uploads\/sites\/2\/2018\/10\/1556659939_cover.jpg",512,472,false],"thumbnail":["https:\/\/biblio1.mdp.edu.ar\/centro-ventas\/wp-content\/uploads\/sites\/2\/2018\/10\/1556659939_cover-150x150.jpg",150,150,true],"medium":["https:\/\/biblio1.mdp.edu.ar\/centro-ventas\/wp-content\/uploads\/sites\/2\/2018\/10\/1556659939_cover-300x277.jpg",300,277,true],"medium_large":["https:\/\/biblio1.mdp.edu.ar\/centro-ventas\/wp-content\/uploads\/sites\/2\/2018\/10\/1556659939_cover.jpg",512,472,false],"large":["https:\/\/biblio1.mdp.edu.ar\/centro-ventas\/wp-content\/uploads\/sites\/2\/2018\/10\/1556659939_cover.jpg",512,472,false],"1536x1536":["https:\/\/biblio1.mdp.edu.ar\/centro-ventas\/wp-content\/uploads\/sites\/2\/2018\/10\/1556659939_cover.jpg",512,472,false],"2048x2048":["https:\/\/biblio1.mdp.edu.ar\/centro-ventas\/wp-content\/uploads\/sites\/2\/2018\/10\/1556659939_cover.jpg",512,472,false],"woocommerce_thumbnail":["https:\/\/biblio1.mdp.edu.ar\/centro-ventas\/wp-content\/uploads\/sites\/2\/2018\/10\/1556659939_cover-300x277.jpg",300,277,true],"woocommerce_single":["https:\/\/biblio1.mdp.edu.ar\/centro-ventas\/wp-content\/uploads\/sites\/2\/2018\/10\/1556659939_cover.jpg",512,472,false],"woocommerce_gallery_thumbnail":["https:\/\/biblio1.mdp.edu.ar\/centro-ventas\/wp-content\/uploads\/sites\/2\/2018\/10\/1556659939_cover-100x100.jpg",100,100,true]},"uagb_author_info":{"display_name":"Cristina Bernabe","author_link":"https:\/\/biblio1.mdp.edu.ar\/centro-ventas\/author\/"},"uagb_comment_info":0,"uagb_excerpt":"Las viviendas en country clubs nos incitan a reflexionar, a proponer objetivos acerca del dise\u00f1o del espacio residencial y la calidad de vida de sus usuarios, siguiendo un eje integrador que considera el medio ambiente, las necesidades y el bienestar del habitante, el interjuego interior-exterior, las dimensiones de los \u00e1mbitos p\u00fablicos y privados. El dise\u00f1o&hellip;","_links":{"self":[{"href":"https:\/\/biblio1.mdp.edu.ar\/centro-ventas\/wp-json\/wp\/v2\/product\/4000","targetHints":{"allow":["GET"]}}],"collection":[{"href":"https:\/\/biblio1.mdp.edu.ar\/centro-ventas\/wp-json\/wp\/v2\/product"}],"about":[{"href":"https:\/\/biblio1.mdp.edu.ar\/centro-ventas\/wp-json\/wp\/v2\/types\/product"}],"wp:featuredmedia":[{"embeddable":true,"href":"https:\/\/biblio1.mdp.edu.ar\/centro-ventas\/wp-json\/wp\/v2\/media\/3996"}],"wp:attachment":[{"href":"https:\/\/biblio1.mdp.edu.ar\/centro-ventas\/wp-json\/wp\/v2\/media?parent=4000"}],"wp:term":[{"taxonomy":"product_cat","embeddable":true,"href":"https:\/\/biblio1.mdp.edu.ar\/centro-ventas\/wp-json\/wp\/v2\/product_cat?post=4000"},{"taxonomy":"product_tag","embeddable":true,"href":"https:\/\/biblio1.mdp.edu.ar\/centro-ventas\/wp-json\/wp\/v2\/product_tag?post=4000"}],"curies":[{"name":"wp","href":"https:\/\/api.w.org\/{rel}","templated":true}]}}