{"id":3999,"date":"2025-12-03T14:24:51","date_gmt":"2025-12-03T17:24:51","guid":{"rendered":"https:\/\/biblio1.mdp.edu.ar\/centro-ventas\/?post_type=product&#038;p=3999"},"modified":"2025-12-03T14:31:06","modified_gmt":"2025-12-03T17:31:06","slug":"154-casas-internacional-marta-gonzalez-arquitectos","status":"publish","type":"product","link":"https:\/\/biblio1.mdp.edu.ar\/centro-ventas\/producto\/154-casas-internacional-marta-gonzalez-arquitectos\/","title":{"rendered":"154 &#8211; Casas internacional &#8211; Marta Gonzalez arquitectos"},"content":{"rendered":"<p>Marta Gonz\u00e1lez Arquitectos es un estudio de arquitectura fundado por Marta Gonz\u00e1lez Alonso. Los proyectos que ha desarrollado son principalmente de uso residencial. Se trata de proyectos con vol\u00famenes rotundos, con el objetivo de conseguir un interior \u00abemocionante\u00bb en cada uno de ellos. Todas las obras est\u00e1n dise\u00f1adas a medida, adaptadas al solar en el que se asientan y son eficientes en lo energ\u00e9tyico, pero principalmente buscan la emoci\u00f3n, para cumplir con las necesidades de cada cliente con el que se trabaja en colaboraci\u00f3n constante y persiguiendo su completa satisfaci\u00f3n. La relcai\u00f3n de compromiso con el propietario es una de las caracter\u00edsticas fundamentales del estudio. Se trabajan distintos conceptos: viviendas con patio volcadas al interior donde los espacios se suceden alrededor del patio central acristalado; algunas completamente abiertas al exterior, permitiendo que todo el exterior se introduzca en el interior de la vivienda; otras con grandes vanos en vuelo, generando porches espectaculares; o con medios niveles que se van sucediendo a lo largo de jardineras interiores. Adem\u00e1s, se aplica el concepto de vivienda flexible, de manera que \u00e9sta se adapte a las necesidades que puedan surgir a lo largo de la vida \u00fatil de la misma.<\/p>\n","protected":false},"excerpt":{"rendered":"<p>Marta Gonz\u00e1lez Arquitectos es un estudio de arquitectura fundado por Marta Gonz\u00e1lez Alonso. Los proyectos que ha desarrollado son principalmente de uso residencial. Se trata de proyectos con vol\u00famenes rotundos, con el objetivo de conseguir un interior \u00abemocionante\u00bb en cada uno de ellos. Todas las obras est\u00e1n dise\u00f1adas a medida, adaptadas al solar en el [&hellip;]<\/p>\n","protected":false},"featured_media":1457,"template":"","meta":{"_acf_changed":false,"_eb_attr":"","_crdt_document":"","_uag_custom_page_level_css":"","_editorskit_title_hidden":false,"_editorskit_reading_time":0,"_editorskit_is_block_options_detached":false,"_editorskit_block_options_position":"{}","site-sidebar-layout":"default","site-content-layout":"","ast-site-content-layout":"default","site-content-style":"default","site-sidebar-style":"default","ast-global-header-display":"","ast-banner-title-visibility":"","ast-main-header-display":"","ast-hfb-above-header-display":"","ast-hfb-below-header-display":"","ast-hfb-mobile-header-display":"","site-post-title":"","ast-breadcrumbs-content":"","ast-featured-img":"","footer-sml-layout":"","ast-disable-related-posts":"","theme-transparent-header-meta":"default","adv-header-id-meta":"","stick-header-meta":"","header-above-stick-meta":"","header-main-stick-meta":"","header-below-stick-meta":"","astra-migrate-meta-layouts":"set","ast-page-background-enabled":"default","ast-page-background-meta":{"desktop":{"background-color":"var(--ast-global-color-4)","background-image":"","background-repeat":"repeat","background-position":"center center","background-size":"auto","background-attachment":"scroll","background-type":"","background-media":"","overlay-type":"","overlay-color":"","overlay-opacity":"","overlay-gradient":""},"tablet":{"background-color":"","background-image":"","background-repeat":"repeat","background-position":"center center","background-size":"auto","background-attachment":"scroll","background-type":"","background-media":"","overlay-type":"","overlay-color":"","overlay-opacity":"","overlay-gradient":""},"mobile":{"background-color":"","background-image":"","background-repeat":"repeat","background-position":"center center","background-size":"auto","background-attachment":"scroll","background-type":"","background-media":"","overlay-type":"","overlay-color":"","overlay-opacity":"","overlay-gradient":""}},"ast-content-background-meta":{"desktop":{"background-color":"var(--ast-global-color-5)","background-image":"","background-repeat":"repeat","background-position":"center center","background-size":"auto","background-attachment":"scroll","background-type":"","background-media":"","overlay-type":"","overlay-color":"","overlay-opacity":"","overlay-gradient":""},"tablet":{"background-color":"var(--ast-global-color-5)","background-image":"","background-repeat":"repeat","background-position":"center center","background-size":"auto","background-attachment":"scroll","background-type":"","background-media":"","overlay-type":"","overlay-color":"","overlay-opacity":"","overlay-gradient":""},"mobile":{"background-color":"var(--ast-global-color-5)","background-image":"","background-repeat":"repeat","background-position":"center center","background-size":"auto","background-attachment":"scroll","background-type":"","background-media":"","overlay-type":"","overlay-color":"","overlay-opacity":"","overlay-gradient":""}}},"product_cat":[98,31],"product_tag":[206],"class_list":{"0":"post-3999","1":"product","2":"type-product","3":"status-publish","4":"has-post-thumbnail","6":"product_cat-casas-internacional","7":"product_cat-revistas","8":"product_tag-arqitectura","9":"desktop-align-left","10":"tablet-align-left","11":"mobile-align-left","13":"first","14":"instock","15":"sale","16":"shipping-taxable","17":"purchasable","18":"product-type-simple"},"acf":[],"uagb_featured_image_src":{"full":["https:\/\/biblio1.mdp.edu.ar\/centro-ventas\/wp-content\/uploads\/sites\/2\/2018\/10\/casas154.jpg",1204,576,false],"thumbnail":["https:\/\/biblio1.mdp.edu.ar\/centro-ventas\/wp-content\/uploads\/sites\/2\/2018\/10\/casas154-150x150.jpg",150,150,true],"medium":["https:\/\/biblio1.mdp.edu.ar\/centro-ventas\/wp-content\/uploads\/sites\/2\/2018\/10\/casas154-300x144.jpg",300,144,true],"medium_large":["https:\/\/biblio1.mdp.edu.ar\/centro-ventas\/wp-content\/uploads\/sites\/2\/2018\/10\/casas154-768x367.jpg",768,367,true],"large":["https:\/\/biblio1.mdp.edu.ar\/centro-ventas\/wp-content\/uploads\/sites\/2\/2018\/10\/casas154-1024x490.jpg",1024,490,true],"1536x1536":["https:\/\/biblio1.mdp.edu.ar\/centro-ventas\/wp-content\/uploads\/sites\/2\/2018\/10\/casas154.jpg",1204,576,false],"2048x2048":["https:\/\/biblio1.mdp.edu.ar\/centro-ventas\/wp-content\/uploads\/sites\/2\/2018\/10\/casas154.jpg",1204,576,false],"woocommerce_thumbnail":["https:\/\/biblio1.mdp.edu.ar\/centro-ventas\/wp-content\/uploads\/sites\/2\/2018\/10\/casas154-300x144.jpg",300,144,true],"woocommerce_single":["https:\/\/biblio1.mdp.edu.ar\/centro-ventas\/wp-content\/uploads\/sites\/2\/2018\/10\/casas154-768x367.jpg",600,287,true],"woocommerce_gallery_thumbnail":["https:\/\/biblio1.mdp.edu.ar\/centro-ventas\/wp-content\/uploads\/sites\/2\/2018\/10\/casas154-100x100.jpg",100,100,true]},"uagb_author_info":{"display_name":"Cristina Bernabe","author_link":"https:\/\/biblio1.mdp.edu.ar\/centro-ventas\/author\/"},"uagb_comment_info":0,"uagb_excerpt":"Marta Gonz\u00e1lez Arquitectos es un estudio de arquitectura fundado por Marta Gonz\u00e1lez Alonso. Los proyectos que ha desarrollado son principalmente de uso residencial. Se trata de proyectos con vol\u00famenes rotundos, con el objetivo de conseguir un interior \u00abemocionante\u00bb en cada uno de ellos. Todas las obras est\u00e1n dise\u00f1adas a medida, adaptadas al solar en el&hellip;","_links":{"self":[{"href":"https:\/\/biblio1.mdp.edu.ar\/centro-ventas\/wp-json\/wp\/v2\/product\/3999","targetHints":{"allow":["GET"]}}],"collection":[{"href":"https:\/\/biblio1.mdp.edu.ar\/centro-ventas\/wp-json\/wp\/v2\/product"}],"about":[{"href":"https:\/\/biblio1.mdp.edu.ar\/centro-ventas\/wp-json\/wp\/v2\/types\/product"}],"wp:featuredmedia":[{"embeddable":true,"href":"https:\/\/biblio1.mdp.edu.ar\/centro-ventas\/wp-json\/wp\/v2\/media\/1457"}],"wp:attachment":[{"href":"https:\/\/biblio1.mdp.edu.ar\/centro-ventas\/wp-json\/wp\/v2\/media?parent=3999"}],"wp:term":[{"taxonomy":"product_cat","embeddable":true,"href":"https:\/\/biblio1.mdp.edu.ar\/centro-ventas\/wp-json\/wp\/v2\/product_cat?post=3999"},{"taxonomy":"product_tag","embeddable":true,"href":"https:\/\/biblio1.mdp.edu.ar\/centro-ventas\/wp-json\/wp\/v2\/product_tag?post=3999"}],"curies":[{"name":"wp","href":"https:\/\/api.w.org\/{rel}","templated":true}]}}