{"id":399,"date":"2018-06-22T17:41:58","date_gmt":"2018-06-22T20:41:58","guid":{"rendered":"http:\/\/biblio1.mdp.edu.ar\/centro-ventas\/?post_type=product&#038;p=399"},"modified":"2022-10-04T16:08:27","modified_gmt":"2022-10-04T19:08:27","slug":"arquitecturas-del-desierto","status":"publish","type":"product","link":"https:\/\/biblio1.mdp.edu.ar\/centro-ventas\/producto\/arquitecturas-del-desierto\/","title":{"rendered":"132 &#8211; Arquitecturas del desierto"},"content":{"rendered":"<div class=\"view-header\"><span style=\"color: #3366ff\"><strong>REVISTA 132 &#8211; \u00cdNDICE Y CONTENIDOS<\/strong><\/span><\/div>\n<div class=\"views-row views-row-3 views-row-odd views-row-column-0\">\n<div id=\"node-5227\" class=\"node-indice teaser marcado\">\n<div class=\"nro\">\n<p>4\u00a0 Habitar lo inhabitable<\/p>\n<p><span style=\"font-size: 1rem;line-height: 1.66\">6\u00a0 Recortes en el cielo<br \/>\n<\/span><span style=\"font-size: 1rem;line-height: 1.66\">Casa Mirador (Chile)<br \/>\n<\/span><span style=\"font-size: 1rem;line-height: 1.66\">Matias Zegers<\/span><\/p>\n<p><span style=\"font-size: 1rem;line-height: 1.66\">12\u00a0 Enterrado en luz<br \/>\n<\/span><span style=\"font-size: 1rem;line-height: 1.66\">Casa Pachacamac (Per\u00fa)<br \/>\n<\/span><span style=\"font-size: 1rem;line-height: 1.66\">Longhi arquitectos<\/span><span style=\"font-size: 1rem;line-height: 1.66\"><br \/>\n<\/span><\/p>\n<p><span style=\"font-size: 1rem;line-height: 1.66\">18\u00a0 C\u00fabico compacto<br \/>\n<\/span><span style=\"font-size: 1rem;line-height: 1.66\">Casa Tunquen (Chile)<br \/>\n<\/span><span style=\"font-size: 1rem;line-height: 1.66\">Christian Beals V.<\/span><\/p>\n<p><span style=\"font-size: 1rem;line-height: 1.66\">24\u00a0\u00a0\u00a0\u00a0 Dejar entrar el desierto<br \/>\n<\/span><span style=\"font-size: 1rem;line-height: 1.66\">The Desert House (Estados Unidos)<br \/>\n<\/span><span style=\"font-size: 1rem;line-height: 1.66\">Por Marmol Radziner<\/span><\/p>\n<p><span style=\"font-size: 1rem;line-height: 1.66\">28 La frontera entre lo salvaje y lo dom\u00e9stico<br \/>\n<\/span><span style=\"font-size: 1rem;line-height: 1.66\">Outpost (Estados Unidos)<br \/>\n<\/span><span style=\"font-size: 1rem;line-height: 1.66\">Olson Kundig Architects<\/span><\/p>\n<p><span style=\"font-size: 1rem;line-height: 1.66\">32 Un Concierto de Maderas<br \/>\n<\/span><span style=\"font-size: 1rem;line-height: 1.66\">Outside-In House (Estados Unidos)<br \/>\n<\/span><span style=\"font-size: 1rem;line-height: 1.66\">Lori Ryker y Brett Nave<\/span><span style=\"font-size: 1rem;line-height: 1.66\"><br \/>\n<\/span><\/p>\n<p><span style=\"font-size: 1rem;line-height: 1.66\">36 Plan Maestro del Oasis Cultural de Al Ain<br \/>\n<\/span><span style=\"font-size: 1rem;line-height: 1.66\">Machado and Silvetti Associates<\/span><span style=\"font-size: 1rem;line-height: 1.66\"><br \/>\n<\/span><\/p>\n<p><span style=\"font-size: 1rem;line-height: 1.66\">44 Arraigo ancestral<br \/>\n<\/span><span style=\"font-size: 1rem;line-height: 1.66\">Museo Cao (Per\u00fa)<br \/>\n<\/span><span style=\"font-size: 1rem;line-height: 1.66\">Claudia Uccelli<\/span><\/p>\n<p><span style=\"font-size: 1rem;line-height: 1.66\">50 Factores ambientales<br \/>\n<\/span><span style=\"font-size: 1rem;line-height: 1.66\">Bodega Atamisque \/ Capilla de la Gratitud (Argentina)<br \/>\n<\/span><span style=\"font-size: 1rem;line-height: 1.66\">Eliana B\u00f3rmida y Mario Yanz\u00f3n, arqs.<\/span><\/p>\n<p><span style=\"font-size: 1rem;line-height: 1.66\">58 Comp\u00e1s topogr\u00e1fico<br \/>\n<\/span><span style=\"font-size: 1rem;line-height: 1.66\">Museo del desierto de Atacama (Chile)<br \/>\n<\/span><span style=\"font-size: 1rem;line-height: 1.66\">Coz, Polidura y Volante Arquitectos<\/span><\/p>\n<p><span style=\"font-size: 1rem;line-height: 1.66\">62 El alma del desierto<br \/>\n<\/span><span style=\"font-size: 1rem;line-height: 1.66\">Viaje de exploraci\u00f3n al Observatorio Astron\u00f3mico A.L.M.A.<br \/>\n<\/span><span style=\"font-size: 1rem;line-height: 1.66\">Por Jorge Hampton<\/span><\/p>\n<p><span style=\"font-size: 1rem;line-height: 1.66\">68 En el extremo del planeta<br \/>\n<\/span><span style=\"font-size: 1rem;line-height: 1.66\">Traves\u00eda Ra\u00edz Dise\u00f1o por el desierto chileno<br \/>\n<\/span><span style=\"font-size: 1rem;line-height: 1.66\">Por Laura Novik y Alex Blanch<\/span><\/p>\n<p><span style=\"font-size: 1rem;line-height: 1.66\">72 Hasta el fin del mundo<br \/>\n<\/span><span style=\"font-size: 1rem;line-height: 1.66\">Por Rodrigo Kommers Wender<\/span><\/p>\n<p><span style=\"font-size: 1rem;line-height: 1.66\">74 Est\u00fadio 41<br \/>\n<\/span><span style=\"font-size: 1rem;line-height: 1.66\">Comandante Ferraz (Brasil)<\/span><\/p>\n<p><span style=\"font-size: 1rem;line-height: 1.66\">78 Hugh Broughton Architects<br \/>\n<\/span><span style=\"font-size: 1rem;line-height: 1.66\">Halley VI (Reino Unido)<\/span><\/p>\n<p><span style=\"font-size: 1rem;line-height: 1.66\">84 International Polar Foundation (IPF)<br \/>\nP<\/span><span style=\"font-size: 1rem;line-height: 1.66\">rincess Elisabeth Antarctica (B\u00e9lgica)<\/span><span style=\"font-size: 1rem;line-height: 1.66\"><br \/>\n<\/span><\/p>\n<p><span style=\"font-size: 1rem;line-height: 1.66\">88 Bof Architekten<br \/>\n<\/span><span style=\"font-size: 1rem;line-height: 1.66\">Bharati (India)<\/span><\/p>\n<p><span style=\"font-size: 1rem;line-height: 1.66\">92 Transparencias y reflejos<br \/>\n<\/span><span style=\"font-size: 1rem;line-height: 1.66\">Museo Del Louvre-Lens<br \/>\n<\/span><span style=\"font-size: 1rem;line-height: 1.66\">Por Alejandro Lapunzina<br \/>\n<\/span><span style=\"font-size: 1rem;line-height: 1.66\">Kazuyo Sejima + Ryue Nishizawa \/ SANAA<br \/>\n<\/span><\/p>\n<p><span style=\"font-size: 1rem;line-height: 1.66\">106 Alfonso Corona Mart\u00ednez<br \/>\n<\/span><span style=\"font-size: 1rem;line-height: 1.66\">Por Fernando Diez<\/span><span style=\"font-size: 1rem;line-height: 1.66\"><br \/>\n<\/span><\/p>\n<p><span style=\"font-size: 1rem;line-height: 1.66\">108 Adi\u00f3s Alfonso<br \/>\n<\/span><span style=\"font-size: 1rem;line-height: 1.66\">Por Juan Molina y Vedia<\/span><\/p>\n<p><span style=\"font-size: 1rem;line-height: 1.66\">110 EXHIBICIONES<br \/>\n<\/span><span style=\"font-size: 1rem;line-height: 1.66\">Proyectos de la Buena Memoria Yuc\u00fan o Habitar el desierto<\/span><\/p>\n<p><span style=\"font-size: 1rem;line-height: 1.66\">113 NOTICIAS<\/span><\/p>\n<p><span style=\"font-size: 1rem;line-height: 1.66\">116 LECTURAS<br \/>\n<\/span><span style=\"font-size: 1rem;line-height: 1.66\">Con su p\u00e1lida aridez<br \/>\n<\/span><span style=\"font-size: 1rem;line-height: 1.66\">Por Jazm\u00edn Moreno Alvariza<\/span><\/p>\n<p><span style=\"font-size: 1rem;line-height: 1.66\">117 LECTURAS<br \/>\n<\/span><span style=\"font-size: 1rem;line-height: 1.66\">Heredar el oasis<br \/>\n<\/span><span style=\"font-size: 1rem;line-height: 1.66\">Por Paula De Falco<\/span><\/p>\n<p><span style=\"font-size: 1rem;line-height: 1.66\">118 APARICIONES<br \/>\n<\/span><span style=\"font-size: 1rem;line-height: 1.66\">S\u00faper-habitabilidad del desierto<br \/>\n<\/span><span style=\"font-size: 1rem;line-height: 1.66\">Por Mercedes Peralta<\/span><\/p>\n<p><span style=\"font-size: 1rem;line-height: 1.66\">120 DISQUISICIONES<br \/>\n<\/span><span style=\"font-size: 1rem;line-height: 1.66\">Para una historia del Dise\u00f1o Gr\u00e1fico<br \/>\n<\/span><span style=\"font-size: 1rem;line-height: 1.66\">Por Rafael E.J. Iglesia<\/span><\/p>\n<p><span style=\"font-size: 1rem;line-height: 1.66\">122 INSINUACIONES<br \/>\n<\/span><span style=\"font-size: 1rem;line-height: 1.66\">K\u00d8BHV\u2022BCN\u20228HUS\u2022MZN\u2022BIG\u2022CRDA<br \/>\n<\/span><span style=\"font-size: 1rem;line-height: 1.66\">Por Ruth Verde Zein<\/span><\/p>\n<p><span style=\"font-size: 1rem;line-height: 1.66\">124 CUADERNO DE VIAJES<br \/>\n<\/span><span style=\"font-size: 1rem;line-height: 1.66\">Punta Ballena en papel<br \/>\n<\/span><span style=\"font-size: 1rem;line-height: 1.66\">Texto y Dibujo por Ignacio Ros De Olano<\/span><\/p>\n<p><span style=\"font-size: 1rem;line-height: 1.66\">125 TEXTURAS<br \/>\n<\/span><span style=\"font-size: 1rem;line-height: 1.66\">Locuras &amp; Caprichos<br \/>\n<\/span><span style=\"font-size: 1rem;line-height: 1.66\">Por Roberto Fern\u00e1ndez<\/span><\/p>\n<p><span style=\"font-size: 1rem;line-height: 1.66\">126 REVELACIONES<br \/>\n<\/span><span style=\"font-size: 1rem;line-height: 1.66\">Bouvard y P\u00e9cuchet<br \/>\n<\/span><span style=\"font-size: 1rem;line-height: 1.66\">Por Mario Sabugo<\/span><\/p>\n<p><span style=\"font-size: 1rem;line-height: 1.66\">128 POST SCRIPTUM<br \/>\n<\/span><span style=\"font-size: 1rem;line-height: 1.66\">R\u00edo boom<br \/>\n<\/span><span style=\"font-size: 1rem;line-height: 1.66\">Por Ana Luiza Nobre<\/span><\/p>\n<\/div>\n<\/div>\n<\/div>\n","protected":false},"excerpt":{"rendered":"<p>ISBN 0327-9022<\/p>\n","protected":false},"featured_media":400,"template":"","meta":{"_acf_changed":false,"_eb_attr":"","_crdt_document":"","_uag_custom_page_level_css":"","_editorskit_title_hidden":false,"_editorskit_reading_time":0,"_editorskit_is_block_options_detached":false,"_editorskit_block_options_position":"{}","site-sidebar-layout":"default","site-content-layout":"","ast-site-content-layout":"default","site-content-style":"default","site-sidebar-style":"default","ast-global-header-display":"","ast-banner-title-visibility":"","ast-main-header-display":"","ast-hfb-above-header-display":"","ast-hfb-below-header-display":"","ast-hfb-mobile-header-display":"","site-post-title":"","ast-breadcrumbs-content":"","ast-featured-img":"","footer-sml-layout":"","ast-disable-related-posts":"","theme-transparent-header-meta":"","adv-header-id-meta":"","stick-header-meta":"","header-above-stick-meta":"","header-main-stick-meta":"","header-below-stick-meta":"","astra-migrate-meta-layouts":"default","ast-page-background-enabled":"default","ast-page-background-meta":{"desktop":{"background-color":"var(--ast-global-color-4)","background-image":"","background-repeat":"repeat","background-position":"center center","background-size":"auto","background-attachment":"scroll","background-type":"","background-media":"","overlay-type":"","overlay-color":"","overlay-opacity":"","overlay-gradient":""},"tablet":{"background-color":"","background-image":"","background-repeat":"repeat","background-position":"center center","background-size":"auto","background-attachment":"scroll","background-type":"","background-media":"","overlay-type":"","overlay-color":"","overlay-opacity":"","overlay-gradient":""},"mobile":{"background-color":"","background-image":"","background-repeat":"repeat","background-position":"center center","background-size":"auto","background-attachment":"scroll","background-type":"","background-media":"","overlay-type":"","overlay-color":"","overlay-opacity":"","overlay-gradient":""}},"ast-content-background-meta":{"desktop":{"background-color":"var(--ast-global-color-5)","background-image":"","background-repeat":"repeat","background-position":"center center","background-size":"auto","background-attachment":"scroll","background-type":"","background-media":"","overlay-type":"","overlay-color":"","overlay-opacity":"","overlay-gradient":""},"tablet":{"background-color":"var(--ast-global-color-5)","background-image":"","background-repeat":"repeat","background-position":"center center","background-size":"auto","background-attachment":"scroll","background-type":"","background-media":"","overlay-type":"","overlay-color":"","overlay-opacity":"","overlay-gradient":""},"mobile":{"background-color":"var(--ast-global-color-5)","background-image":"","background-repeat":"repeat","background-position":"center center","background-size":"auto","background-attachment":"scroll","background-type":"","background-media":"","overlay-type":"","overlay-color":"","overlay-opacity":"","overlay-gradient":""}}},"product_cat":[128,31,34],"product_tag":[],"class_list":{"0":"post-399","1":"product","2":"type-product","3":"status-publish","4":"has-post-thumbnail","6":"product_cat-arquitectura","7":"product_cat-revistas","8":"product_cat-summa","9":"desktop-align-left","10":"tablet-align-left","11":"mobile-align-left","13":"first","14":"outofstock","15":"sale","16":"shipping-taxable","17":"purchasable","18":"product-type-simple"},"acf":[],"uagb_featured_image_src":{"full":["https:\/\/biblio1.mdp.edu.ar\/centro-ventas\/wp-content\/uploads\/sites\/2\/2018\/06\/Summa132_0.jpg",300,415,false],"thumbnail":["https:\/\/biblio1.mdp.edu.ar\/centro-ventas\/wp-content\/uploads\/sites\/2\/2018\/06\/Summa132_0-150x150.jpg",150,150,true],"medium":["https:\/\/biblio1.mdp.edu.ar\/centro-ventas\/wp-content\/uploads\/sites\/2\/2018\/06\/Summa132_0-217x300.jpg",217,300,true],"medium_large":["https:\/\/biblio1.mdp.edu.ar\/centro-ventas\/wp-content\/uploads\/sites\/2\/2018\/06\/Summa132_0.jpg",300,415,false],"large":["https:\/\/biblio1.mdp.edu.ar\/centro-ventas\/wp-content\/uploads\/sites\/2\/2018\/06\/Summa132_0.jpg",300,415,false],"1536x1536":["https:\/\/biblio1.mdp.edu.ar\/centro-ventas\/wp-content\/uploads\/sites\/2\/2018\/06\/Summa132_0.jpg",300,415,false],"2048x2048":["https:\/\/biblio1.mdp.edu.ar\/centro-ventas\/wp-content\/uploads\/sites\/2\/2018\/06\/Summa132_0.jpg",300,415,false],"woocommerce_thumbnail":["https:\/\/biblio1.mdp.edu.ar\/centro-ventas\/wp-content\/uploads\/sites\/2\/2018\/06\/Summa132_0-250x346.jpg",250,346,true],"woocommerce_single":["https:\/\/biblio1.mdp.edu.ar\/centro-ventas\/wp-content\/uploads\/sites\/2\/2018\/06\/Summa132_0.jpg",300,415,false],"woocommerce_gallery_thumbnail":["https:\/\/biblio1.mdp.edu.ar\/centro-ventas\/wp-content\/uploads\/sites\/2\/2018\/06\/Summa132_0-100x100.jpg",100,100,true]},"uagb_author_info":{"display_name":"Cristina Bernabe","author_link":"https:\/\/biblio1.mdp.edu.ar\/centro-ventas\/author\/"},"uagb_comment_info":0,"uagb_excerpt":"ISBN 0327-9022","_links":{"self":[{"href":"https:\/\/biblio1.mdp.edu.ar\/centro-ventas\/wp-json\/wp\/v2\/product\/399","targetHints":{"allow":["GET"]}}],"collection":[{"href":"https:\/\/biblio1.mdp.edu.ar\/centro-ventas\/wp-json\/wp\/v2\/product"}],"about":[{"href":"https:\/\/biblio1.mdp.edu.ar\/centro-ventas\/wp-json\/wp\/v2\/types\/product"}],"wp:featuredmedia":[{"embeddable":true,"href":"https:\/\/biblio1.mdp.edu.ar\/centro-ventas\/wp-json\/wp\/v2\/media\/400"}],"wp:attachment":[{"href":"https:\/\/biblio1.mdp.edu.ar\/centro-ventas\/wp-json\/wp\/v2\/media?parent=399"}],"wp:term":[{"taxonomy":"product_cat","embeddable":true,"href":"https:\/\/biblio1.mdp.edu.ar\/centro-ventas\/wp-json\/wp\/v2\/product_cat?post=399"},{"taxonomy":"product_tag","embeddable":true,"href":"https:\/\/biblio1.mdp.edu.ar\/centro-ventas\/wp-json\/wp\/v2\/product_tag?post=399"}],"curies":[{"name":"wp","href":"https:\/\/api.w.org\/{rel}","templated":true}]}}