{"id":3975,"date":"2025-10-27T17:27:54","date_gmt":"2025-10-27T20:27:54","guid":{"rendered":"https:\/\/biblio1.mdp.edu.ar\/centro-ventas\/?post_type=product&#038;p=3975"},"modified":"2025-10-27T17:34:46","modified_gmt":"2025-10-27T20:34:46","slug":"de-los-hijos-adulterinos-incestuosos-y-sacrilegos","status":"publish","type":"product","link":"https:\/\/biblio1.mdp.edu.ar\/centro-ventas\/producto\/de-los-hijos-adulterinos-incestuosos-y-sacrilegos\/","title":{"rendered":"De los hijos adulterinos incestuosos y sacr\u00edlegos"},"content":{"rendered":"<p>Defendida en el Sal\u00f3n de Grados de la Universidad Nacional de C\u00f3rdoba el 14 de abril de 1884 a las 3 p. m., la tesis de Ram\u00f3n J. C\u00e1rcano para optar al doctorado en jurisprudencia llamada De los hijos adulterinos, incestuosos y sacr\u00edlegos puede ser considerada uno de los mayores hitos de la C\u00f3rdoba laica, manifiesto de igualdad y principal antecedente de la Reforma protagonizada por el movimiento estudiantil en 1918. Es, tambi\u00e9n, una de las m\u00e1s estent\u00f3reas manifestaciones p\u00fablicas de esa permanente tensi\u00f3n entre clericalismo y liberalismo que ha sido caracter\u00edstica de C\u00f3rdoba a lo largo de su historia. Su padrino cuya influencia resultar\u00eda decisiva en la disputa con el academicismo conservador que deb\u00eda ponderar el trabajo hab\u00eda sido el Dr. Miguel Ju\u00e1rez Celman, ex gobernador de la provincia, electo Senador y futuro presidente de la Rep\u00fablica. Tiempo despu\u00e9s escribir\u00eda C\u00e1rcano en Mis primeros ochenta a\u00f1os: la cuesti\u00f3n acad\u00e9mica se convierte en lucha pol\u00edtica y religiosa, intelectual y social, vigorosa y apasionada que en el fondo encierra una renovaci\u00f3n de ideas y valores personales &#8230; para C\u00f3rdoba es una revoluci\u00f3n, no que principia sino que se consuma. El gobierno local en las realidades de las ideas y de la vida, deja de ser una dependencia del clero en el sentido de clase social.<\/p>\n<p>&nbsp;<\/p>\n<p>&nbsp;<\/p>\n<div class=\"product-prices\">\n<div class=\"\">\n<div><\/div>\n<\/div>\n<\/div>\n","protected":false},"excerpt":{"rendered":"<p>Defendida en el Sal\u00f3n de Grados de la Universidad Nacional de C\u00f3rdoba el 14 de abril de 1884 a las 3 p. m., la tesis de Ram\u00f3n J. C\u00e1rcano para optar al doctorado en jurisprudencia llamada De los hijos adulterinos, incestuosos y sacr\u00edlegos puede ser considerada uno de los mayores hitos de la C\u00f3rdoba laica, [&hellip;]<\/p>\n","protected":false},"featured_media":3976,"template":"","meta":{"_acf_changed":false,"_eb_attr":"","_crdt_document":"","_uag_custom_page_level_css":"","_editorskit_title_hidden":false,"_editorskit_reading_time":0,"_editorskit_is_block_options_detached":false,"_editorskit_block_options_position":"{}","site-sidebar-layout":"default","site-content-layout":"","ast-site-content-layout":"default","site-content-style":"default","site-sidebar-style":"default","ast-global-header-display":"","ast-banner-title-visibility":"","ast-main-header-display":"","ast-hfb-above-header-display":"","ast-hfb-below-header-display":"","ast-hfb-mobile-header-display":"","site-post-title":"","ast-breadcrumbs-content":"","ast-featured-img":"","footer-sml-layout":"","ast-disable-related-posts":"","theme-transparent-header-meta":"default","adv-header-id-meta":"","stick-header-meta":"","header-above-stick-meta":"","header-main-stick-meta":"","header-below-stick-meta":"","astra-migrate-meta-layouts":"set","ast-page-background-enabled":"default","ast-page-background-meta":{"desktop":{"background-color":"var(--ast-global-color-4)","background-image":"","background-repeat":"repeat","background-position":"center center","background-size":"auto","background-attachment":"scroll","background-type":"","background-media":"","overlay-type":"","overlay-color":"","overlay-opacity":"","overlay-gradient":""},"tablet":{"background-color":"","background-image":"","background-repeat":"repeat","background-position":"center center","background-size":"auto","background-attachment":"scroll","background-type":"","background-media":"","overlay-type":"","overlay-color":"","overlay-opacity":"","overlay-gradient":""},"mobile":{"background-color":"","background-image":"","background-repeat":"repeat","background-position":"center center","background-size":"auto","background-attachment":"scroll","background-type":"","background-media":"","overlay-type":"","overlay-color":"","overlay-opacity":"","overlay-gradient":""}},"ast-content-background-meta":{"desktop":{"background-color":"var(--ast-global-color-5)","background-image":"","background-repeat":"repeat","background-position":"center center","background-size":"auto","background-attachment":"scroll","background-type":"","background-media":"","overlay-type":"","overlay-color":"","overlay-opacity":"","overlay-gradient":""},"tablet":{"background-color":"var(--ast-global-color-5)","background-image":"","background-repeat":"repeat","background-position":"center center","background-size":"auto","background-attachment":"scroll","background-type":"","background-media":"","overlay-type":"","overlay-color":"","overlay-opacity":"","overlay-gradient":""},"mobile":{"background-color":"var(--ast-global-color-5)","background-image":"","background-repeat":"repeat","background-position":"center center","background-size":"auto","background-attachment":"scroll","background-type":"","background-media":"","overlay-type":"","overlay-color":"","overlay-opacity":"","overlay-gradient":""}}},"product_cat":[28,680],"product_tag":[],"class_list":{"0":"post-3975","1":"product","2":"type-product","3":"status-publish","4":"has-post-thumbnail","6":"product_cat-libro","7":"product_cat-unc","8":"desktop-align-left","9":"tablet-align-left","10":"mobile-align-left","12":"first","13":"instock","14":"shipping-taxable","15":"purchasable","16":"product-type-simple"},"acf":[],"uagb_featured_image_src":{"full":["https:\/\/biblio1.mdp.edu.ar\/centro-ventas\/wp-content\/uploads\/sites\/2\/2025\/10\/de-los-hijos-adulterinos-incestuosos-y-sacrilegos.jpg",222,320,false],"thumbnail":["https:\/\/biblio1.mdp.edu.ar\/centro-ventas\/wp-content\/uploads\/sites\/2\/2025\/10\/de-los-hijos-adulterinos-incestuosos-y-sacrilegos-150x150.jpg",150,150,true],"medium":["https:\/\/biblio1.mdp.edu.ar\/centro-ventas\/wp-content\/uploads\/sites\/2\/2025\/10\/de-los-hijos-adulterinos-incestuosos-y-sacrilegos-208x300.jpg",208,300,true],"medium_large":["https:\/\/biblio1.mdp.edu.ar\/centro-ventas\/wp-content\/uploads\/sites\/2\/2025\/10\/de-los-hijos-adulterinos-incestuosos-y-sacrilegos.jpg",222,320,false],"large":["https:\/\/biblio1.mdp.edu.ar\/centro-ventas\/wp-content\/uploads\/sites\/2\/2025\/10\/de-los-hijos-adulterinos-incestuosos-y-sacrilegos.jpg",222,320,false],"1536x1536":["https:\/\/biblio1.mdp.edu.ar\/centro-ventas\/wp-content\/uploads\/sites\/2\/2025\/10\/de-los-hijos-adulterinos-incestuosos-y-sacrilegos.jpg",222,320,false],"2048x2048":["https:\/\/biblio1.mdp.edu.ar\/centro-ventas\/wp-content\/uploads\/sites\/2\/2025\/10\/de-los-hijos-adulterinos-incestuosos-y-sacrilegos.jpg",222,320,false],"woocommerce_thumbnail":["https:\/\/biblio1.mdp.edu.ar\/centro-ventas\/wp-content\/uploads\/sites\/2\/2025\/10\/de-los-hijos-adulterinos-incestuosos-y-sacrilegos.jpg",222,320,false],"woocommerce_single":["https:\/\/biblio1.mdp.edu.ar\/centro-ventas\/wp-content\/uploads\/sites\/2\/2025\/10\/de-los-hijos-adulterinos-incestuosos-y-sacrilegos.jpg",222,320,false],"woocommerce_gallery_thumbnail":["https:\/\/biblio1.mdp.edu.ar\/centro-ventas\/wp-content\/uploads\/sites\/2\/2025\/10\/de-los-hijos-adulterinos-incestuosos-y-sacrilegos-100x100.jpg",100,100,true]},"uagb_author_info":{"display_name":"Cristina Bernabe","author_link":"https:\/\/biblio1.mdp.edu.ar\/centro-ventas\/author\/"},"uagb_comment_info":0,"uagb_excerpt":"Defendida en el Sal\u00f3n de Grados de la Universidad Nacional de C\u00f3rdoba el 14 de abril de 1884 a las 3 p. m., la tesis de Ram\u00f3n J. C\u00e1rcano para optar al doctorado en jurisprudencia llamada De los hijos adulterinos, incestuosos y sacr\u00edlegos puede ser considerada uno de los mayores hitos de la C\u00f3rdoba laica,&hellip;","_links":{"self":[{"href":"https:\/\/biblio1.mdp.edu.ar\/centro-ventas\/wp-json\/wp\/v2\/product\/3975","targetHints":{"allow":["GET"]}}],"collection":[{"href":"https:\/\/biblio1.mdp.edu.ar\/centro-ventas\/wp-json\/wp\/v2\/product"}],"about":[{"href":"https:\/\/biblio1.mdp.edu.ar\/centro-ventas\/wp-json\/wp\/v2\/types\/product"}],"wp:featuredmedia":[{"embeddable":true,"href":"https:\/\/biblio1.mdp.edu.ar\/centro-ventas\/wp-json\/wp\/v2\/media\/3976"}],"wp:attachment":[{"href":"https:\/\/biblio1.mdp.edu.ar\/centro-ventas\/wp-json\/wp\/v2\/media?parent=3975"}],"wp:term":[{"taxonomy":"product_cat","embeddable":true,"href":"https:\/\/biblio1.mdp.edu.ar\/centro-ventas\/wp-json\/wp\/v2\/product_cat?post=3975"},{"taxonomy":"product_tag","embeddable":true,"href":"https:\/\/biblio1.mdp.edu.ar\/centro-ventas\/wp-json\/wp\/v2\/product_tag?post=3975"}],"curies":[{"name":"wp","href":"https:\/\/api.w.org\/{rel}","templated":true}]}}