{"id":3973,"date":"2025-10-27T17:13:00","date_gmt":"2025-10-27T20:13:00","guid":{"rendered":"https:\/\/biblio1.mdp.edu.ar\/centro-ventas\/?post_type=product&#038;p=3973"},"modified":"2025-10-27T17:17:01","modified_gmt":"2025-10-27T20:17:01","slug":"docentes-cientificos-artistas-e-intelectuales-en-la-creacion-de-la-universidad-nacional-de-tucuman-1910-1960","status":"publish","type":"product","link":"https:\/\/biblio1.mdp.edu.ar\/centro-ventas\/producto\/docentes-cientificos-artistas-e-intelectuales-en-la-creacion-de-la-universidad-nacional-de-tucuman-1910-1960\/","title":{"rendered":"Docentes, cient\u00edficos, artistas e intelectuales en la creaci\u00f3n de la Universidad Nacional de Tucum\u00e1n (1910-1960)"},"content":{"rendered":"<div class=\"user-content mb-4\">\n<p><strong>Docentes, cient\u00edficos, artistas e intelectuales en la creaci\u00f3n de la Universidad Nacional de Tucum\u00e1n (1910-1960)<\/strong> es una obra colectiva; re\u00fane las 23 ponencias presentadas en el II Congreso de Historia de la UNT realizado en 2010 y ofrece aportes necesarios para construir el rico pasado de una instituci\u00f3n que est\u00e1 pronta a cumplir su primera centuria. Los distintos aspectos de la actividad universitaria que aqu\u00ed se analizan nos permiten delinear la historia de una instituci\u00f3n compleja: sus or\u00edgenes provinciales al igual que los proyectos institucionales que marcaron a fuego la morfolog\u00eda, el desarrollo y el funcionamiento de la UNT.<\/p>\n<p>&nbsp;<\/p>\n<p>&nbsp;<\/p>\n<\/div>\n","protected":false},"excerpt":{"rendered":"<p>Docentes, cient\u00edficos, artistas e intelectuales en la creaci\u00f3n de la Universidad Nacional de Tucum\u00e1n (1910-1960) es una obra colectiva; re\u00fane las 23 ponencias presentadas en el II Congreso de Historia de la UNT realizado en 2010 y ofrece aportes necesarios para construir el rico pasado de una instituci\u00f3n que est\u00e1 pronta a cumplir su primera [&hellip;]<\/p>\n","protected":false},"featured_media":3974,"template":"","meta":{"_acf_changed":false,"_eb_attr":"","_crdt_document":"","_uag_custom_page_level_css":"","_editorskit_title_hidden":false,"_editorskit_reading_time":0,"_editorskit_is_block_options_detached":false,"_editorskit_block_options_position":"{}","site-sidebar-layout":"default","site-content-layout":"","ast-site-content-layout":"default","site-content-style":"default","site-sidebar-style":"default","ast-global-header-display":"","ast-banner-title-visibility":"","ast-main-header-display":"","ast-hfb-above-header-display":"","ast-hfb-below-header-display":"","ast-hfb-mobile-header-display":"","site-post-title":"","ast-breadcrumbs-content":"","ast-featured-img":"","footer-sml-layout":"","ast-disable-related-posts":"","theme-transparent-header-meta":"default","adv-header-id-meta":"","stick-header-meta":"","header-above-stick-meta":"","header-main-stick-meta":"","header-below-stick-meta":"","astra-migrate-meta-layouts":"set","ast-page-background-enabled":"default","ast-page-background-meta":{"desktop":{"background-color":"var(--ast-global-color-4)","background-image":"","background-repeat":"repeat","background-position":"center center","background-size":"auto","background-attachment":"scroll","background-type":"","background-media":"","overlay-type":"","overlay-color":"","overlay-opacity":"","overlay-gradient":""},"tablet":{"background-color":"","background-image":"","background-repeat":"repeat","background-position":"center center","background-size":"auto","background-attachment":"scroll","background-type":"","background-media":"","overlay-type":"","overlay-color":"","overlay-opacity":"","overlay-gradient":""},"mobile":{"background-color":"","background-image":"","background-repeat":"repeat","background-position":"center center","background-size":"auto","background-attachment":"scroll","background-type":"","background-media":"","overlay-type":"","overlay-color":"","overlay-opacity":"","overlay-gradient":""}},"ast-content-background-meta":{"desktop":{"background-color":"var(--ast-global-color-5)","background-image":"","background-repeat":"repeat","background-position":"center center","background-size":"auto","background-attachment":"scroll","background-type":"","background-media":"","overlay-type":"","overlay-color":"","overlay-opacity":"","overlay-gradient":""},"tablet":{"background-color":"var(--ast-global-color-5)","background-image":"","background-repeat":"repeat","background-position":"center center","background-size":"auto","background-attachment":"scroll","background-type":"","background-media":"","overlay-type":"","overlay-color":"","overlay-opacity":"","overlay-gradient":""},"mobile":{"background-color":"var(--ast-global-color-5)","background-image":"","background-repeat":"repeat","background-position":"center center","background-size":"auto","background-attachment":"scroll","background-type":"","background-media":"","overlay-type":"","overlay-color":"","overlay-opacity":"","overlay-gradient":""}}},"product_cat":[739,28],"product_tag":[],"class_list":{"0":"post-3973","1":"product","2":"type-product","3":"status-publish","4":"has-post-thumbnail","6":"product_cat-edunt","7":"product_cat-libro","8":"desktop-align-left","9":"tablet-align-left","10":"mobile-align-left","12":"first","13":"instock","14":"shipping-taxable","15":"purchasable","16":"product-type-simple"},"acf":[],"uagb_featured_image_src":{"full":["https:\/\/biblio1.mdp.edu.ar\/centro-ventas\/wp-content\/uploads\/sites\/2\/2025\/10\/02872-636b54b128bbbd5d2017378131932185-1024-1024.jpg",615,863,false],"thumbnail":["https:\/\/biblio1.mdp.edu.ar\/centro-ventas\/wp-content\/uploads\/sites\/2\/2025\/10\/02872-636b54b128bbbd5d2017378131932185-1024-1024-150x150.jpg",150,150,true],"medium":["https:\/\/biblio1.mdp.edu.ar\/centro-ventas\/wp-content\/uploads\/sites\/2\/2025\/10\/02872-636b54b128bbbd5d2017378131932185-1024-1024-214x300.jpg",214,300,true],"medium_large":["https:\/\/biblio1.mdp.edu.ar\/centro-ventas\/wp-content\/uploads\/sites\/2\/2025\/10\/02872-636b54b128bbbd5d2017378131932185-1024-1024.jpg",615,863,false],"large":["https:\/\/biblio1.mdp.edu.ar\/centro-ventas\/wp-content\/uploads\/sites\/2\/2025\/10\/02872-636b54b128bbbd5d2017378131932185-1024-1024.jpg",615,863,false],"1536x1536":["https:\/\/biblio1.mdp.edu.ar\/centro-ventas\/wp-content\/uploads\/sites\/2\/2025\/10\/02872-636b54b128bbbd5d2017378131932185-1024-1024.jpg",615,863,false],"2048x2048":["https:\/\/biblio1.mdp.edu.ar\/centro-ventas\/wp-content\/uploads\/sites\/2\/2025\/10\/02872-636b54b128bbbd5d2017378131932185-1024-1024.jpg",615,863,false],"woocommerce_thumbnail":["https:\/\/biblio1.mdp.edu.ar\/centro-ventas\/wp-content\/uploads\/sites\/2\/2025\/10\/02872-636b54b128bbbd5d2017378131932185-1024-1024-300x421.jpg",300,421,true],"woocommerce_single":["https:\/\/biblio1.mdp.edu.ar\/centro-ventas\/wp-content\/uploads\/sites\/2\/2025\/10\/02872-636b54b128bbbd5d2017378131932185-1024-1024-600x842.jpg",600,842,true],"woocommerce_gallery_thumbnail":["https:\/\/biblio1.mdp.edu.ar\/centro-ventas\/wp-content\/uploads\/sites\/2\/2025\/10\/02872-636b54b128bbbd5d2017378131932185-1024-1024-100x100.jpg",100,100,true]},"uagb_author_info":{"display_name":"Cristina Bernabe","author_link":"https:\/\/biblio1.mdp.edu.ar\/centro-ventas\/author\/"},"uagb_comment_info":0,"uagb_excerpt":"Docentes, cient\u00edficos, artistas e intelectuales en la creaci\u00f3n de la Universidad Nacional de Tucum\u00e1n (1910-1960) es una obra colectiva; re\u00fane las 23 ponencias presentadas en el II Congreso de Historia de la UNT realizado en 2010 y ofrece aportes necesarios para construir el rico pasado de una instituci\u00f3n que est\u00e1 pronta a cumplir su primera&hellip;","_links":{"self":[{"href":"https:\/\/biblio1.mdp.edu.ar\/centro-ventas\/wp-json\/wp\/v2\/product\/3973","targetHints":{"allow":["GET"]}}],"collection":[{"href":"https:\/\/biblio1.mdp.edu.ar\/centro-ventas\/wp-json\/wp\/v2\/product"}],"about":[{"href":"https:\/\/biblio1.mdp.edu.ar\/centro-ventas\/wp-json\/wp\/v2\/types\/product"}],"wp:featuredmedia":[{"embeddable":true,"href":"https:\/\/biblio1.mdp.edu.ar\/centro-ventas\/wp-json\/wp\/v2\/media\/3974"}],"wp:attachment":[{"href":"https:\/\/biblio1.mdp.edu.ar\/centro-ventas\/wp-json\/wp\/v2\/media?parent=3973"}],"wp:term":[{"taxonomy":"product_cat","embeddable":true,"href":"https:\/\/biblio1.mdp.edu.ar\/centro-ventas\/wp-json\/wp\/v2\/product_cat?post=3973"},{"taxonomy":"product_tag","embeddable":true,"href":"https:\/\/biblio1.mdp.edu.ar\/centro-ventas\/wp-json\/wp\/v2\/product_tag?post=3973"}],"curies":[{"name":"wp","href":"https:\/\/api.w.org\/{rel}","templated":true}]}}