{"id":3966,"date":"2025-10-24T16:46:33","date_gmt":"2025-10-24T19:46:33","guid":{"rendered":"https:\/\/biblio1.mdp.edu.ar\/centro-ventas\/?post_type=product&#038;p=3966"},"modified":"2025-10-24T17:06:23","modified_gmt":"2025-10-24T20:06:23","slug":"sabato-historia-y-apocalipsis","status":"publish","type":"product","link":"https:\/\/biblio1.mdp.edu.ar\/centro-ventas\/producto\/sabato-historia-y-apocalipsis\/","title":{"rendered":"S\u00e1bato. Historia y apocalipsis"},"content":{"rendered":"<p>Se ha dicho poco que la matriz constructiva de la trilog\u00eda sabatiana es el policial, uno de los g\u00e9neros m\u00e1s cultivados\u00a0 en la Argentina, ayer hoy. Elisa Clabrese lo hace, y lo vincula ola iron\u00eda en cuanto a la posibilidad de conocer lo real. Ya que en las novelas de S\u00e1bato el policial se deforma y se disloca o trastoca, para apuntar\u00a0 a un misterio de tipo existencial. No estamos frente al enigma, simple si se quiere , del \u00abWho dunnit?\u00bb (Qui\u00e9n lo hizo?), sino ante preguntas insolubles, porqu\u00e9, para qu\u00e9. Y para develarlas sus h\u00e9roes se mueven en territorios inciertos, que oscilan entre lo vivido y lo so\u00f1ado. Es aqu\u00ed donde empiezan y terminan las novelas de S\u00e1bato, y\u00a0 el trayecto de sus buscadores de Absoluto, empe\u00f1ados en una persecuci\u00f3n m\u00edstica del conocimiento, o del simple inalcanzable \u00aboriginal perdido\u00bb que late en el coraz\u00f3n de la tiniebla y no se muestra a los ojos.<\/p>\n<p>Aqu\u00ed tambi\u00e9n empieza y termina la brillante pesquisa de una investigadoras, que cierra su extenso periplo sabatiano invitando a redescubrir una obra clave con estas reflexiones de alta concentraci\u00f3n.<\/p>\n<p style=\"text-align: right\">Mar\u00eda Rosa Lojo<\/p>\n<p>&nbsp;<\/p>\n<p>&nbsp;<\/p>\n<p>&nbsp;<\/p>\n<p>\u201c<em>S\u00e1bato. Historia y apocalipsis<\/em>\u00a0provee valiosas herramientas para la comprensi\u00f3n de un autor poco frecuentado en nuestros d\u00edas por la cr\u00edtica acad\u00e9mica nacional, aunque sigue despertando inter\u00e9s en nuevas generaciones de estudiosos fuera del pa\u00eds, y aunque el p\u00fablico lector no ha dejado nunca de reconocerlo como uno de los autores contempor\u00e1neos fundamentales de la literatura argentina y latinoamericana.<\/p>\n","protected":false},"excerpt":{"rendered":"<p>Se ha dicho poco que la matriz constructiva de la trilog\u00eda sabatiana es el policial, uno de los g\u00e9neros m\u00e1s cultivados\u00a0 en la Argentina, ayer hoy. Elisa Clabrese lo hace, y lo vincula ola iron\u00eda en cuanto a la posibilidad de conocer lo real. Ya que en las novelas de S\u00e1bato el policial se deforma [&hellip;]<\/p>\n","protected":false},"featured_media":3967,"template":"","meta":{"_acf_changed":false,"_eb_attr":"","_crdt_document":"","_uag_custom_page_level_css":"","_editorskit_title_hidden":false,"_editorskit_reading_time":0,"_editorskit_is_block_options_detached":false,"_editorskit_block_options_position":"{}","site-sidebar-layout":"default","site-content-layout":"","ast-site-content-layout":"default","site-content-style":"default","site-sidebar-style":"default","ast-global-header-display":"","ast-banner-title-visibility":"","ast-main-header-display":"","ast-hfb-above-header-display":"","ast-hfb-below-header-display":"","ast-hfb-mobile-header-display":"","site-post-title":"","ast-breadcrumbs-content":"","ast-featured-img":"","footer-sml-layout":"","ast-disable-related-posts":"","theme-transparent-header-meta":"default","adv-header-id-meta":"","stick-header-meta":"","header-above-stick-meta":"","header-main-stick-meta":"","header-below-stick-meta":"","astra-migrate-meta-layouts":"set","ast-page-background-enabled":"default","ast-page-background-meta":{"desktop":{"background-color":"var(--ast-global-color-4)","background-image":"","background-repeat":"repeat","background-position":"center center","background-size":"auto","background-attachment":"scroll","background-type":"","background-media":"","overlay-type":"","overlay-color":"","overlay-opacity":"","overlay-gradient":""},"tablet":{"background-color":"","background-image":"","background-repeat":"repeat","background-position":"center center","background-size":"auto","background-attachment":"scroll","background-type":"","background-media":"","overlay-type":"","overlay-color":"","overlay-opacity":"","overlay-gradient":""},"mobile":{"background-color":"","background-image":"","background-repeat":"repeat","background-position":"center center","background-size":"auto","background-attachment":"scroll","background-type":"","background-media":"","overlay-type":"","overlay-color":"","overlay-opacity":"","overlay-gradient":""}},"ast-content-background-meta":{"desktop":{"background-color":"var(--ast-global-color-5)","background-image":"","background-repeat":"repeat","background-position":"center center","background-size":"auto","background-attachment":"scroll","background-type":"","background-media":"","overlay-type":"","overlay-color":"","overlay-opacity":"","overlay-gradient":""},"tablet":{"background-color":"var(--ast-global-color-5)","background-image":"","background-repeat":"repeat","background-position":"center center","background-size":"auto","background-attachment":"scroll","background-type":"","background-media":"","overlay-type":"","overlay-color":"","overlay-opacity":"","overlay-gradient":""},"mobile":{"background-color":"var(--ast-global-color-5)","background-image":"","background-repeat":"repeat","background-position":"center center","background-size":"auto","background-attachment":"scroll","background-type":"","background-media":"","overlay-type":"","overlay-color":"","overlay-opacity":"","overlay-gradient":""}}},"product_cat":[736,28],"product_tag":[],"class_list":{"0":"post-3966","1":"product","2":"type-product","3":"status-publish","4":"has-post-thumbnail","6":"product_cat-alcion-editora","7":"product_cat-libro","8":"desktop-align-left","9":"tablet-align-left","10":"mobile-align-left","12":"first","13":"instock","14":"shipping-taxable","15":"purchasable","16":"product-type-simple"},"acf":[],"uagb_featured_image_src":{"full":["https:\/\/biblio1.mdp.edu.ar\/centro-ventas\/wp-content\/uploads\/sites\/2\/2025\/10\/IMG_20251023_142412-scaled.jpg",1865,2560,false],"thumbnail":["https:\/\/biblio1.mdp.edu.ar\/centro-ventas\/wp-content\/uploads\/sites\/2\/2025\/10\/IMG_20251023_142412-150x150.jpg",150,150,true],"medium":["https:\/\/biblio1.mdp.edu.ar\/centro-ventas\/wp-content\/uploads\/sites\/2\/2025\/10\/IMG_20251023_142412-219x300.jpg",219,300,true],"medium_large":["https:\/\/biblio1.mdp.edu.ar\/centro-ventas\/wp-content\/uploads\/sites\/2\/2025\/10\/IMG_20251023_142412-768x1054.jpg",768,1054,true],"large":["https:\/\/biblio1.mdp.edu.ar\/centro-ventas\/wp-content\/uploads\/sites\/2\/2025\/10\/IMG_20251023_142412-746x1024.jpg",746,1024,true],"1536x1536":["https:\/\/biblio1.mdp.edu.ar\/centro-ventas\/wp-content\/uploads\/sites\/2\/2025\/10\/IMG_20251023_142412-1119x1536.jpg",1119,1536,true],"2048x2048":["https:\/\/biblio1.mdp.edu.ar\/centro-ventas\/wp-content\/uploads\/sites\/2\/2025\/10\/IMG_20251023_142412-1492x2048.jpg",1492,2048,true],"woocommerce_thumbnail":["https:\/\/biblio1.mdp.edu.ar\/centro-ventas\/wp-content\/uploads\/sites\/2\/2025\/10\/IMG_20251023_142412-300x412.jpg",300,412,true],"woocommerce_single":["https:\/\/biblio1.mdp.edu.ar\/centro-ventas\/wp-content\/uploads\/sites\/2\/2025\/10\/IMG_20251023_142412-600x824.jpg",600,824,true],"woocommerce_gallery_thumbnail":["https:\/\/biblio1.mdp.edu.ar\/centro-ventas\/wp-content\/uploads\/sites\/2\/2025\/10\/IMG_20251023_142412-100x100.jpg",100,100,true]},"uagb_author_info":{"display_name":"Cristina Bernabe","author_link":"https:\/\/biblio1.mdp.edu.ar\/centro-ventas\/author\/"},"uagb_comment_info":0,"uagb_excerpt":"Se ha dicho poco que la matriz constructiva de la trilog\u00eda sabatiana es el policial, uno de los g\u00e9neros m\u00e1s cultivados\u00a0 en la Argentina, ayer hoy. Elisa Clabrese lo hace, y lo vincula ola iron\u00eda en cuanto a la posibilidad de conocer lo real. Ya que en las novelas de S\u00e1bato el policial se deforma&hellip;","_links":{"self":[{"href":"https:\/\/biblio1.mdp.edu.ar\/centro-ventas\/wp-json\/wp\/v2\/product\/3966","targetHints":{"allow":["GET"]}}],"collection":[{"href":"https:\/\/biblio1.mdp.edu.ar\/centro-ventas\/wp-json\/wp\/v2\/product"}],"about":[{"href":"https:\/\/biblio1.mdp.edu.ar\/centro-ventas\/wp-json\/wp\/v2\/types\/product"}],"wp:featuredmedia":[{"embeddable":true,"href":"https:\/\/biblio1.mdp.edu.ar\/centro-ventas\/wp-json\/wp\/v2\/media\/3967"}],"wp:attachment":[{"href":"https:\/\/biblio1.mdp.edu.ar\/centro-ventas\/wp-json\/wp\/v2\/media?parent=3966"}],"wp:term":[{"taxonomy":"product_cat","embeddable":true,"href":"https:\/\/biblio1.mdp.edu.ar\/centro-ventas\/wp-json\/wp\/v2\/product_cat?post=3966"},{"taxonomy":"product_tag","embeddable":true,"href":"https:\/\/biblio1.mdp.edu.ar\/centro-ventas\/wp-json\/wp\/v2\/product_tag?post=3966"}],"curies":[{"name":"wp","href":"https:\/\/api.w.org\/{rel}","templated":true}]}}