{"id":3955,"date":"2025-10-24T14:58:33","date_gmt":"2025-10-24T17:58:33","guid":{"rendered":"https:\/\/biblio1.mdp.edu.ar\/centro-ventas\/?post_type=product&#038;p=3955"},"modified":"2025-10-24T15:45:24","modified_gmt":"2025-10-24T18:45:24","slug":"las-redes-del-juego","status":"publish","type":"product","link":"https:\/\/biblio1.mdp.edu.ar\/centro-ventas\/producto\/las-redes-del-juego\/","title":{"rendered":"Las redes del juego"},"content":{"rendered":"<p style=\"text-align: left\">Este libro invita a recorrer un territorio que muchas veces resulta extra\u00f1o para la mayor\u00eda de las personas y sobre el cual se pintan im\u00e1genes y se tejen historias que no siempre se ajustan a las escenas y actuaciones que all\u00ed se producen: el ciber. Entre todas las pr\u00e1cticas que los chicos y los adolescentes realizan en el ciber se enfoca espec\u00edficamente la de los juegos en red. A pesar de que las opciones de tecnoentretenimiento se multiplican y diversifican permanentemente, esa pr\u00e1ctica ha constituido sin dudas un fen\u00f3meno que, con un ritmo de desarrollo y expansi\u00f3n muy acelerado, ha alcanzado en nuestro pa\u00eds importantes niveles de penetraci\u00f3n de manera transversal a los diferentes sectores socioecon\u00f3micos y culturales. Por un lado se realiza una inmersi\u00f3n que permite tomar contacto con este tipo de \u00abterritorios\u00bb, con La intenci\u00f3n de describir sus caracter\u00edsticas y analizar las pr\u00e1cticas que all\u00ed se despliegan cuando se trata de <em>cibers<\/em> de zonas perif\u00e9ricas. Por otro lado se analizan las modalidades de sociabilidad que se desarrollan en esos territorios y en relaci\u00f3n con los juegos en red, en el contexto de lo que se denomina en este libro el \u00abentorno tecno-cultural\u00bb.<\/p>\n","protected":false},"excerpt":{"rendered":"<p>Este libro invita a recorrer un territorio que muchas veces resulta extra\u00f1o para la mayor\u00eda de las personas y sobre el cual se pintan im\u00e1genes y se tejen historias que no siempre se ajustan a las escenas y actuaciones que all\u00ed se producen: el ciber. Entre todas las pr\u00e1cticas que los chicos y los adolescentes [&hellip;]<\/p>\n","protected":false},"featured_media":3956,"template":"","meta":{"_acf_changed":false,"_eb_attr":"","_crdt_document":"","_uag_custom_page_level_css":"","_editorskit_title_hidden":false,"_editorskit_reading_time":0,"_editorskit_is_block_options_detached":false,"_editorskit_block_options_position":"{}","site-sidebar-layout":"default","site-content-layout":"","ast-site-content-layout":"default","site-content-style":"default","site-sidebar-style":"default","ast-global-header-display":"","ast-banner-title-visibility":"","ast-main-header-display":"","ast-hfb-above-header-display":"","ast-hfb-below-header-display":"","ast-hfb-mobile-header-display":"","site-post-title":"","ast-breadcrumbs-content":"","ast-featured-img":"","footer-sml-layout":"","ast-disable-related-posts":"","theme-transparent-header-meta":"default","adv-header-id-meta":"","stick-header-meta":"","header-above-stick-meta":"","header-main-stick-meta":"","header-below-stick-meta":"","astra-migrate-meta-layouts":"set","ast-page-background-enabled":"default","ast-page-background-meta":{"desktop":{"background-color":"var(--ast-global-color-4)","background-image":"","background-repeat":"repeat","background-position":"center center","background-size":"auto","background-attachment":"scroll","background-type":"","background-media":"","overlay-type":"","overlay-color":"","overlay-opacity":"","overlay-gradient":""},"tablet":{"background-color":"","background-image":"","background-repeat":"repeat","background-position":"center center","background-size":"auto","background-attachment":"scroll","background-type":"","background-media":"","overlay-type":"","overlay-color":"","overlay-opacity":"","overlay-gradient":""},"mobile":{"background-color":"","background-image":"","background-repeat":"repeat","background-position":"center center","background-size":"auto","background-attachment":"scroll","background-type":"","background-media":"","overlay-type":"","overlay-color":"","overlay-opacity":"","overlay-gradient":""}},"ast-content-background-meta":{"desktop":{"background-color":"var(--ast-global-color-5)","background-image":"","background-repeat":"repeat","background-position":"center center","background-size":"auto","background-attachment":"scroll","background-type":"","background-media":"","overlay-type":"","overlay-color":"","overlay-opacity":"","overlay-gradient":""},"tablet":{"background-color":"var(--ast-global-color-5)","background-image":"","background-repeat":"repeat","background-position":"center center","background-size":"auto","background-attachment":"scroll","background-type":"","background-media":"","overlay-type":"","overlay-color":"","overlay-opacity":"","overlay-gradient":""},"mobile":{"background-color":"var(--ast-global-color-5)","background-image":"","background-repeat":"repeat","background-position":"center center","background-size":"auto","background-attachment":"scroll","background-type":"","background-media":"","overlay-type":"","overlay-color":"","overlay-opacity":"","overlay-gradient":""}}},"product_cat":[28,662],"product_tag":[385,730],"class_list":{"0":"post-3955","1":"product","2":"type-product","3":"status-publish","4":"has-post-thumbnail","6":"product_cat-libro","7":"product_cat-ungs","8":"product_tag-educacion","9":"product_tag-sociologia-de-la-cultura","10":"desktop-align-left","11":"tablet-align-left","12":"mobile-align-left","14":"first","15":"instock","16":"shipping-taxable","17":"purchasable","18":"product-type-simple"},"acf":[],"uagb_featured_image_src":{"full":["https:\/\/biblio1.mdp.edu.ar\/centro-ventas\/wp-content\/uploads\/sites\/2\/2025\/10\/UCI-CoEd61.jpg",590,826,false],"thumbnail":["https:\/\/biblio1.mdp.edu.ar\/centro-ventas\/wp-content\/uploads\/sites\/2\/2025\/10\/UCI-CoEd61-150x150.jpg",150,150,true],"medium":["https:\/\/biblio1.mdp.edu.ar\/centro-ventas\/wp-content\/uploads\/sites\/2\/2025\/10\/UCI-CoEd61-214x300.jpg",214,300,true],"medium_large":["https:\/\/biblio1.mdp.edu.ar\/centro-ventas\/wp-content\/uploads\/sites\/2\/2025\/10\/UCI-CoEd61.jpg",590,826,false],"large":["https:\/\/biblio1.mdp.edu.ar\/centro-ventas\/wp-content\/uploads\/sites\/2\/2025\/10\/UCI-CoEd61.jpg",590,826,false],"1536x1536":["https:\/\/biblio1.mdp.edu.ar\/centro-ventas\/wp-content\/uploads\/sites\/2\/2025\/10\/UCI-CoEd61.jpg",590,826,false],"2048x2048":["https:\/\/biblio1.mdp.edu.ar\/centro-ventas\/wp-content\/uploads\/sites\/2\/2025\/10\/UCI-CoEd61.jpg",590,826,false],"woocommerce_thumbnail":["https:\/\/biblio1.mdp.edu.ar\/centro-ventas\/wp-content\/uploads\/sites\/2\/2025\/10\/UCI-CoEd61-300x420.jpg",300,420,true],"woocommerce_single":["https:\/\/biblio1.mdp.edu.ar\/centro-ventas\/wp-content\/uploads\/sites\/2\/2025\/10\/UCI-CoEd61.jpg",590,826,false],"woocommerce_gallery_thumbnail":["https:\/\/biblio1.mdp.edu.ar\/centro-ventas\/wp-content\/uploads\/sites\/2\/2025\/10\/UCI-CoEd61-100x100.jpg",100,100,true]},"uagb_author_info":{"display_name":"Cristina Bernabe","author_link":"https:\/\/biblio1.mdp.edu.ar\/centro-ventas\/author\/"},"uagb_comment_info":0,"uagb_excerpt":"Este libro invita a recorrer un territorio que muchas veces resulta extra\u00f1o para la mayor\u00eda de las personas y sobre el cual se pintan im\u00e1genes y se tejen historias que no siempre se ajustan a las escenas y actuaciones que all\u00ed se producen: el ciber. Entre todas las pr\u00e1cticas que los chicos y los adolescentes&hellip;","_links":{"self":[{"href":"https:\/\/biblio1.mdp.edu.ar\/centro-ventas\/wp-json\/wp\/v2\/product\/3955","targetHints":{"allow":["GET"]}}],"collection":[{"href":"https:\/\/biblio1.mdp.edu.ar\/centro-ventas\/wp-json\/wp\/v2\/product"}],"about":[{"href":"https:\/\/biblio1.mdp.edu.ar\/centro-ventas\/wp-json\/wp\/v2\/types\/product"}],"wp:featuredmedia":[{"embeddable":true,"href":"https:\/\/biblio1.mdp.edu.ar\/centro-ventas\/wp-json\/wp\/v2\/media\/3956"}],"wp:attachment":[{"href":"https:\/\/biblio1.mdp.edu.ar\/centro-ventas\/wp-json\/wp\/v2\/media?parent=3955"}],"wp:term":[{"taxonomy":"product_cat","embeddable":true,"href":"https:\/\/biblio1.mdp.edu.ar\/centro-ventas\/wp-json\/wp\/v2\/product_cat?post=3955"},{"taxonomy":"product_tag","embeddable":true,"href":"https:\/\/biblio1.mdp.edu.ar\/centro-ventas\/wp-json\/wp\/v2\/product_tag?post=3955"}],"curies":[{"name":"wp","href":"https:\/\/api.w.org\/{rel}","templated":true}]}}