{"id":3950,"date":"2025-10-23T17:15:48","date_gmt":"2025-10-23T20:15:48","guid":{"rendered":"https:\/\/biblio1.mdp.edu.ar\/centro-ventas\/?post_type=product&#038;p=3950"},"modified":"2025-10-23T17:15:52","modified_gmt":"2025-10-23T20:15:52","slug":"etica-politica-y-mercado-en-torno-a-las-ficciones-neoliberales-2","status":"publish","type":"product","link":"https:\/\/biblio1.mdp.edu.ar\/centro-ventas\/producto\/etica-politica-y-mercado-en-torno-a-las-ficciones-neoliberales-2\/","title":{"rendered":"\u00c9tica, pol\u00edtica y mercado &#8211; En torno a las ficciones neoliberales"},"content":{"rendered":"<p>El presente libro intenta una reflexi\u00f3n, desde el campo de la filosof\u00eda, sobre una serie de cuestiones en las cuales convergen la \u00e9tica, la teor\u00eda pol\u00edtica y la econom\u00eda. La escisi\u00f3n entre la econom\u00eda y la filosof\u00eda signific\u00f3 el abandono de la reflexi\u00f3n sobre el sentido de la econom\u00eda y sus m\u00faltiples dimensiones, las cuales hab\u00edan sido cuestiones centrales para los grandes fil\u00f3sofos, quienes se ocuparon de pensar su \u00e9poca y su cultura de un modo no compartimentado. En los tiempos en los que el neoliberalismo contin\u00faa siendo una corriente dominante de pensamiento, se requiere una indagaci\u00f3n filos\u00f3fica sobre las ficciones en las que se monta el dispositivo neoliberal de poder y saber. Cualquier transformaci\u00f3n de la actualidad en t\u00e9rminos de justicia global hacia las presentes y las futuras generaciones, requiere poner de manifiesto esas ficciones, mediante un an\u00e1lisis cr\u00edtico. En tal sentido, pretendemos realizar una contribuci\u00f3n presentando una genealog\u00eda de algunos lugares comunes del neoliberalismo, como la interpretaci\u00f3n del hombre como \u00abhomo economicus\u00bb. Asimismo, se recurre a casos reales, a partir de los cuales se despliega un marco conceptual con vocaci\u00f3n interdisciplinaria, mediante el tratamiento de cuestiones como la ideolog\u00eda de los mercados autorregulados, la justicia distributiva, la poblaci\u00f3n superfluizada, la confianza, la corrupci\u00f3n, la responsabilidad empresaria, etc.<\/p>\n<p>&nbsp;<\/p>\n<div class=\"libroDetalle introColecciones\">\n<div class=\"datosLibro\">\n<p>&nbsp;<\/p>\n<\/div>\n<\/div>\n","protected":false},"excerpt":{"rendered":"<p>El presente libro intenta una reflexi\u00f3n, desde el campo de la filosof\u00eda, sobre una serie de cuestiones en las cuales convergen la \u00e9tica, la teor\u00eda pol\u00edtica y la econom\u00eda. La escisi\u00f3n entre la econom\u00eda y la filosof\u00eda signific\u00f3 el abandono de la reflexi\u00f3n sobre el sentido de la econom\u00eda y sus m\u00faltiples dimensiones, las cuales [&hellip;]<\/p>\n","protected":false},"featured_media":3951,"template":"","meta":{"_acf_changed":false,"_eb_attr":"","_crdt_document":"","_uag_custom_page_level_css":"","_editorskit_title_hidden":false,"_editorskit_reading_time":0,"_editorskit_is_block_options_detached":false,"_editorskit_block_options_position":"{}","site-sidebar-layout":"default","site-content-layout":"","ast-site-content-layout":"default","site-content-style":"default","site-sidebar-style":"default","ast-global-header-display":"","ast-banner-title-visibility":"","ast-main-header-display":"","ast-hfb-above-header-display":"","ast-hfb-below-header-display":"","ast-hfb-mobile-header-display":"","site-post-title":"","ast-breadcrumbs-content":"","ast-featured-img":"","footer-sml-layout":"","ast-disable-related-posts":"","theme-transparent-header-meta":"default","adv-header-id-meta":"","stick-header-meta":"","header-above-stick-meta":"","header-main-stick-meta":"","header-below-stick-meta":"","astra-migrate-meta-layouts":"set","ast-page-background-enabled":"default","ast-page-background-meta":{"desktop":{"background-color":"var(--ast-global-color-4)","background-image":"","background-repeat":"repeat","background-position":"center center","background-size":"auto","background-attachment":"scroll","background-type":"","background-media":"","overlay-type":"","overlay-color":"","overlay-opacity":"","overlay-gradient":""},"tablet":{"background-color":"","background-image":"","background-repeat":"repeat","background-position":"center center","background-size":"auto","background-attachment":"scroll","background-type":"","background-media":"","overlay-type":"","overlay-color":"","overlay-opacity":"","overlay-gradient":""},"mobile":{"background-color":"","background-image":"","background-repeat":"repeat","background-position":"center center","background-size":"auto","background-attachment":"scroll","background-type":"","background-media":"","overlay-type":"","overlay-color":"","overlay-opacity":"","overlay-gradient":""}},"ast-content-background-meta":{"desktop":{"background-color":"var(--ast-global-color-5)","background-image":"","background-repeat":"repeat","background-position":"center center","background-size":"auto","background-attachment":"scroll","background-type":"","background-media":"","overlay-type":"","overlay-color":"","overlay-opacity":"","overlay-gradient":""},"tablet":{"background-color":"var(--ast-global-color-5)","background-image":"","background-repeat":"repeat","background-position":"center center","background-size":"auto","background-attachment":"scroll","background-type":"","background-media":"","overlay-type":"","overlay-color":"","overlay-opacity":"","overlay-gradient":""},"mobile":{"background-color":"var(--ast-global-color-5)","background-image":"","background-repeat":"repeat","background-position":"center center","background-size":"auto","background-attachment":"scroll","background-type":"","background-media":"","overlay-type":"","overlay-color":"","overlay-opacity":"","overlay-gradient":""}}},"product_cat":[28,662],"product_tag":[728,119,729],"class_list":{"0":"post-3950","1":"product","2":"type-product","3":"status-publish","4":"has-post-thumbnail","6":"product_cat-libro","7":"product_cat-ungs","8":"product_tag-neoliberalismo","9":"product_tag-politica","10":"product_tag-politica-economica","11":"desktop-align-left","12":"tablet-align-left","13":"mobile-align-left","15":"first","16":"instock","17":"shipping-taxable","18":"purchasable","19":"product-type-simple"},"acf":[],"uagb_featured_image_src":{"full":["https:\/\/biblio1.mdp.edu.ar\/centro-ventas\/wp-content\/uploads\/sites\/2\/2025\/10\/UCI-Hum20.jpg",590,826,false],"thumbnail":["https:\/\/biblio1.mdp.edu.ar\/centro-ventas\/wp-content\/uploads\/sites\/2\/2025\/10\/UCI-Hum20-150x150.jpg",150,150,true],"medium":["https:\/\/biblio1.mdp.edu.ar\/centro-ventas\/wp-content\/uploads\/sites\/2\/2025\/10\/UCI-Hum20-214x300.jpg",214,300,true],"medium_large":["https:\/\/biblio1.mdp.edu.ar\/centro-ventas\/wp-content\/uploads\/sites\/2\/2025\/10\/UCI-Hum20.jpg",590,826,false],"large":["https:\/\/biblio1.mdp.edu.ar\/centro-ventas\/wp-content\/uploads\/sites\/2\/2025\/10\/UCI-Hum20.jpg",590,826,false],"1536x1536":["https:\/\/biblio1.mdp.edu.ar\/centro-ventas\/wp-content\/uploads\/sites\/2\/2025\/10\/UCI-Hum20.jpg",590,826,false],"2048x2048":["https:\/\/biblio1.mdp.edu.ar\/centro-ventas\/wp-content\/uploads\/sites\/2\/2025\/10\/UCI-Hum20.jpg",590,826,false],"woocommerce_thumbnail":["https:\/\/biblio1.mdp.edu.ar\/centro-ventas\/wp-content\/uploads\/sites\/2\/2025\/10\/UCI-Hum20-300x420.jpg",300,420,true],"woocommerce_single":["https:\/\/biblio1.mdp.edu.ar\/centro-ventas\/wp-content\/uploads\/sites\/2\/2025\/10\/UCI-Hum20.jpg",590,826,false],"woocommerce_gallery_thumbnail":["https:\/\/biblio1.mdp.edu.ar\/centro-ventas\/wp-content\/uploads\/sites\/2\/2025\/10\/UCI-Hum20-100x100.jpg",100,100,true]},"uagb_author_info":{"display_name":"Cristina Bernabe","author_link":"https:\/\/biblio1.mdp.edu.ar\/centro-ventas\/author\/"},"uagb_comment_info":0,"uagb_excerpt":"El presente libro intenta una reflexi\u00f3n, desde el campo de la filosof\u00eda, sobre una serie de cuestiones en las cuales convergen la \u00e9tica, la teor\u00eda pol\u00edtica y la econom\u00eda. La escisi\u00f3n entre la econom\u00eda y la filosof\u00eda signific\u00f3 el abandono de la reflexi\u00f3n sobre el sentido de la econom\u00eda y sus m\u00faltiples dimensiones, las cuales&hellip;","_links":{"self":[{"href":"https:\/\/biblio1.mdp.edu.ar\/centro-ventas\/wp-json\/wp\/v2\/product\/3950","targetHints":{"allow":["GET"]}}],"collection":[{"href":"https:\/\/biblio1.mdp.edu.ar\/centro-ventas\/wp-json\/wp\/v2\/product"}],"about":[{"href":"https:\/\/biblio1.mdp.edu.ar\/centro-ventas\/wp-json\/wp\/v2\/types\/product"}],"wp:featuredmedia":[{"embeddable":true,"href":"https:\/\/biblio1.mdp.edu.ar\/centro-ventas\/wp-json\/wp\/v2\/media\/3951"}],"wp:attachment":[{"href":"https:\/\/biblio1.mdp.edu.ar\/centro-ventas\/wp-json\/wp\/v2\/media?parent=3950"}],"wp:term":[{"taxonomy":"product_cat","embeddable":true,"href":"https:\/\/biblio1.mdp.edu.ar\/centro-ventas\/wp-json\/wp\/v2\/product_cat?post=3950"},{"taxonomy":"product_tag","embeddable":true,"href":"https:\/\/biblio1.mdp.edu.ar\/centro-ventas\/wp-json\/wp\/v2\/product_tag?post=3950"}],"curies":[{"name":"wp","href":"https:\/\/api.w.org\/{rel}","templated":true}]}}