{"id":3948,"date":"2025-10-23T16:42:50","date_gmt":"2025-10-23T19:42:50","guid":{"rendered":"https:\/\/biblio1.mdp.edu.ar\/centro-ventas\/?post_type=product&#038;p=3948"},"modified":"2025-10-23T17:00:24","modified_gmt":"2025-10-23T20:00:24","slug":"relatos-de-la-diferencia-y-la-igualdad-los-bolivianos-en-buenos-aires","status":"publish","type":"product","link":"https:\/\/biblio1.mdp.edu.ar\/centro-ventas\/producto\/relatos-de-la-diferencia-y-la-igualdad-los-bolivianos-en-buenos-aires\/","title":{"rendered":"Relatos de la diferencia y la igualdad &#8211; Los bolivianos en Buenos Aires"},"content":{"rendered":"<p>Ponernos a mirar la vida de los bolivianos en Buenos Aires, su densidad sociocultural, sus conflictos y sus intercambios en una \u00e9poca signada por el desencantamiento de la figura del inmigrante que el relato neoliberal asocia al aumento de la tensi\u00f3n social y la inseguridad urbana, tal es la propuesta de esta obra que intenta innovar en los cl\u00e1sicos estudios antropol\u00f3gicos y comunicacionales del mundo acad\u00e9mico. Adem\u00e1s, Grimson avizora las distintas funciones que los medios cumplen en las diversas etapas por las que atraviesa la migraci\u00f3n.<\/p>\n","protected":false},"excerpt":{"rendered":"<p>Ponernos a mirar la vida de los bolivianos en Buenos Aires, su densidad sociocultural, sus conflictos y sus intercambios en una \u00e9poca signada por el desencantamiento de la figura del inmigrante que el relato neoliberal asocia al aumento de la tensi\u00f3n social y la inseguridad urbana, tal es la propuesta de esta obra que intenta [&hellip;]<\/p>\n","protected":false},"featured_media":3949,"template":"","meta":{"_acf_changed":false,"_eb_attr":"","_crdt_document":"","_uag_custom_page_level_css":"","_editorskit_title_hidden":false,"_editorskit_reading_time":0,"_editorskit_is_block_options_detached":false,"_editorskit_block_options_position":"{}","site-sidebar-layout":"default","site-content-layout":"","ast-site-content-layout":"default","site-content-style":"default","site-sidebar-style":"default","ast-global-header-display":"","ast-banner-title-visibility":"","ast-main-header-display":"","ast-hfb-above-header-display":"","ast-hfb-below-header-display":"","ast-hfb-mobile-header-display":"","site-post-title":"","ast-breadcrumbs-content":"","ast-featured-img":"","footer-sml-layout":"","ast-disable-related-posts":"","theme-transparent-header-meta":"default","adv-header-id-meta":"","stick-header-meta":"","header-above-stick-meta":"","header-main-stick-meta":"","header-below-stick-meta":"","astra-migrate-meta-layouts":"set","ast-page-background-enabled":"default","ast-page-background-meta":{"desktop":{"background-color":"var(--ast-global-color-4)","background-image":"","background-repeat":"repeat","background-position":"center center","background-size":"auto","background-attachment":"scroll","background-type":"","background-media":"","overlay-type":"","overlay-color":"","overlay-opacity":"","overlay-gradient":""},"tablet":{"background-color":"","background-image":"","background-repeat":"repeat","background-position":"center center","background-size":"auto","background-attachment":"scroll","background-type":"","background-media":"","overlay-type":"","overlay-color":"","overlay-opacity":"","overlay-gradient":""},"mobile":{"background-color":"","background-image":"","background-repeat":"repeat","background-position":"center center","background-size":"auto","background-attachment":"scroll","background-type":"","background-media":"","overlay-type":"","overlay-color":"","overlay-opacity":"","overlay-gradient":""}},"ast-content-background-meta":{"desktop":{"background-color":"var(--ast-global-color-5)","background-image":"","background-repeat":"repeat","background-position":"center center","background-size":"auto","background-attachment":"scroll","background-type":"","background-media":"","overlay-type":"","overlay-color":"","overlay-opacity":"","overlay-gradient":""},"tablet":{"background-color":"var(--ast-global-color-5)","background-image":"","background-repeat":"repeat","background-position":"center center","background-size":"auto","background-attachment":"scroll","background-type":"","background-media":"","overlay-type":"","overlay-color":"","overlay-opacity":"","overlay-gradient":""},"mobile":{"background-color":"var(--ast-global-color-5)","background-image":"","background-repeat":"repeat","background-position":"center center","background-size":"auto","background-attachment":"scroll","background-type":"","background-media":"","overlay-type":"","overlay-color":"","overlay-opacity":"","overlay-gradient":""}}},"product_cat":[130,28],"product_tag":[272,394],"class_list":{"0":"post-3948","1":"product","2":"type-product","3":"status-publish","4":"has-post-thumbnail","6":"product_cat-eudeba-libro","7":"product_cat-libro","8":"product_tag-inmigracion","9":"product_tag-sociologia","10":"desktop-align-left","11":"tablet-align-left","12":"mobile-align-left","14":"first","15":"instock","16":"shipping-taxable","17":"purchasable","18":"product-type-simple"},"acf":[],"uagb_featured_image_src":{"full":["https:\/\/biblio1.mdp.edu.ar\/centro-ventas\/wp-content\/uploads\/sites\/2\/2025\/10\/ebaci-90389789502314013-e9d24b96d9cdbc3f5f17555250663275-1024-1024.jpg",682,1024,false],"thumbnail":["https:\/\/biblio1.mdp.edu.ar\/centro-ventas\/wp-content\/uploads\/sites\/2\/2025\/10\/ebaci-90389789502314013-e9d24b96d9cdbc3f5f17555250663275-1024-1024-150x150.jpg",150,150,true],"medium":["https:\/\/biblio1.mdp.edu.ar\/centro-ventas\/wp-content\/uploads\/sites\/2\/2025\/10\/ebaci-90389789502314013-e9d24b96d9cdbc3f5f17555250663275-1024-1024-200x300.jpg",200,300,true],"medium_large":["https:\/\/biblio1.mdp.edu.ar\/centro-ventas\/wp-content\/uploads\/sites\/2\/2025\/10\/ebaci-90389789502314013-e9d24b96d9cdbc3f5f17555250663275-1024-1024.jpg",682,1024,false],"large":["https:\/\/biblio1.mdp.edu.ar\/centro-ventas\/wp-content\/uploads\/sites\/2\/2025\/10\/ebaci-90389789502314013-e9d24b96d9cdbc3f5f17555250663275-1024-1024.jpg",682,1024,false],"1536x1536":["https:\/\/biblio1.mdp.edu.ar\/centro-ventas\/wp-content\/uploads\/sites\/2\/2025\/10\/ebaci-90389789502314013-e9d24b96d9cdbc3f5f17555250663275-1024-1024.jpg",682,1024,false],"2048x2048":["https:\/\/biblio1.mdp.edu.ar\/centro-ventas\/wp-content\/uploads\/sites\/2\/2025\/10\/ebaci-90389789502314013-e9d24b96d9cdbc3f5f17555250663275-1024-1024.jpg",682,1024,false],"woocommerce_thumbnail":["https:\/\/biblio1.mdp.edu.ar\/centro-ventas\/wp-content\/uploads\/sites\/2\/2025\/10\/ebaci-90389789502314013-e9d24b96d9cdbc3f5f17555250663275-1024-1024-300x450.jpg",300,450,true],"woocommerce_single":["https:\/\/biblio1.mdp.edu.ar\/centro-ventas\/wp-content\/uploads\/sites\/2\/2025\/10\/ebaci-90389789502314013-e9d24b96d9cdbc3f5f17555250663275-1024-1024-600x901.jpg",600,901,true],"woocommerce_gallery_thumbnail":["https:\/\/biblio1.mdp.edu.ar\/centro-ventas\/wp-content\/uploads\/sites\/2\/2025\/10\/ebaci-90389789502314013-e9d24b96d9cdbc3f5f17555250663275-1024-1024-100x100.jpg",100,100,true]},"uagb_author_info":{"display_name":"Cristina Bernabe","author_link":"https:\/\/biblio1.mdp.edu.ar\/centro-ventas\/author\/"},"uagb_comment_info":0,"uagb_excerpt":"Ponernos a mirar la vida de los bolivianos en Buenos Aires, su densidad sociocultural, sus conflictos y sus intercambios en una \u00e9poca signada por el desencantamiento de la figura del inmigrante que el relato neoliberal asocia al aumento de la tensi\u00f3n social y la inseguridad urbana, tal es la propuesta de esta obra que intenta&hellip;","_links":{"self":[{"href":"https:\/\/biblio1.mdp.edu.ar\/centro-ventas\/wp-json\/wp\/v2\/product\/3948","targetHints":{"allow":["GET"]}}],"collection":[{"href":"https:\/\/biblio1.mdp.edu.ar\/centro-ventas\/wp-json\/wp\/v2\/product"}],"about":[{"href":"https:\/\/biblio1.mdp.edu.ar\/centro-ventas\/wp-json\/wp\/v2\/types\/product"}],"wp:featuredmedia":[{"embeddable":true,"href":"https:\/\/biblio1.mdp.edu.ar\/centro-ventas\/wp-json\/wp\/v2\/media\/3949"}],"wp:attachment":[{"href":"https:\/\/biblio1.mdp.edu.ar\/centro-ventas\/wp-json\/wp\/v2\/media?parent=3948"}],"wp:term":[{"taxonomy":"product_cat","embeddable":true,"href":"https:\/\/biblio1.mdp.edu.ar\/centro-ventas\/wp-json\/wp\/v2\/product_cat?post=3948"},{"taxonomy":"product_tag","embeddable":true,"href":"https:\/\/biblio1.mdp.edu.ar\/centro-ventas\/wp-json\/wp\/v2\/product_tag?post=3948"}],"curies":[{"name":"wp","href":"https:\/\/api.w.org\/{rel}","templated":true}]}}