{"id":3946,"date":"2025-10-23T16:24:04","date_gmt":"2025-10-23T19:24:04","guid":{"rendered":"https:\/\/biblio1.mdp.edu.ar\/centro-ventas\/?post_type=product&#038;p=3946"},"modified":"2025-10-23T16:24:07","modified_gmt":"2025-10-23T19:24:07","slug":"ensayo-y-error","status":"publish","type":"product","link":"https:\/\/biblio1.mdp.edu.ar\/centro-ventas\/producto\/ensayo-y-error\/","title":{"rendered":"Ensayo y error"},"content":{"rendered":"<p>Este trabajo pone por escrito la experiencia realizada en la c\u00e1tedra Taller de expresi\u00f3n I de la carrera de Comunicaci\u00f3n de la Facultad de Ciencias Sociales de la UBA. Durante un curso, los profesores trabajaron con el g\u00e9nero ensayo a efectos de fortalecer las herramientas que en materia de producci\u00f3n escrita tuvieran los alumnos, teniendo en cuenta que la elaboraci\u00f3n de textos acad\u00e9micos o period\u00edsticos constituye una tarea que los futuros profesionales de las ciencias sociales deben enfrentar tempranamente en su formaci\u00f3n y mucho m\u00e1s en el ejercicio de su profesi\u00f3n. La obra cuenta con una primera parte en la que se describe el g\u00e9nero ensayo en sus condiciones hist\u00f3ricas y estil\u00edsticas; un segundo segmento en el que se incluyen trabajos de los estudiantes en respuesta a las consignas dictadas en el taller; una tercera parte que consiste en la explicaci\u00f3n de las consignas que dieron origen a esos textos y, a modo de ep\u00edlogo, un art\u00edculo que plasma las reflexiones de dos docentes de la c\u00e1tedra acerca de la prosa argumentativa de los universitarios y que fue el punto de origen de esta experiencia de taller.<\/p>\n<p>&nbsp;<\/p>\n<p>&nbsp;<\/p>\n","protected":false},"excerpt":{"rendered":"<p>Este trabajo pone por escrito la experiencia realizada en la c\u00e1tedra Taller de expresi\u00f3n I de la carrera de Comunicaci\u00f3n de la Facultad de Ciencias Sociales de la UBA. Durante un curso, los profesores trabajaron con el g\u00e9nero ensayo a efectos de fortalecer las herramientas que en materia de producci\u00f3n escrita tuvieran los alumnos, teniendo [&hellip;]<\/p>\n","protected":false},"featured_media":3947,"template":"","meta":{"_acf_changed":false,"_eb_attr":"","_crdt_document":"","_uag_custom_page_level_css":"","_editorskit_title_hidden":false,"_editorskit_reading_time":0,"_editorskit_is_block_options_detached":false,"_editorskit_block_options_position":"{}","site-sidebar-layout":"default","site-content-layout":"","ast-site-content-layout":"default","site-content-style":"default","site-sidebar-style":"default","ast-global-header-display":"","ast-banner-title-visibility":"","ast-main-header-display":"","ast-hfb-above-header-display":"","ast-hfb-below-header-display":"","ast-hfb-mobile-header-display":"","site-post-title":"","ast-breadcrumbs-content":"","ast-featured-img":"","footer-sml-layout":"","ast-disable-related-posts":"","theme-transparent-header-meta":"default","adv-header-id-meta":"","stick-header-meta":"","header-above-stick-meta":"","header-main-stick-meta":"","header-below-stick-meta":"","astra-migrate-meta-layouts":"set","ast-page-background-enabled":"default","ast-page-background-meta":{"desktop":{"background-color":"var(--ast-global-color-4)","background-image":"","background-repeat":"repeat","background-position":"center center","background-size":"auto","background-attachment":"scroll","background-type":"","background-media":"","overlay-type":"","overlay-color":"","overlay-opacity":"","overlay-gradient":""},"tablet":{"background-color":"","background-image":"","background-repeat":"repeat","background-position":"center center","background-size":"auto","background-attachment":"scroll","background-type":"","background-media":"","overlay-type":"","overlay-color":"","overlay-opacity":"","overlay-gradient":""},"mobile":{"background-color":"","background-image":"","background-repeat":"repeat","background-position":"center center","background-size":"auto","background-attachment":"scroll","background-type":"","background-media":"","overlay-type":"","overlay-color":"","overlay-opacity":"","overlay-gradient":""}},"ast-content-background-meta":{"desktop":{"background-color":"var(--ast-global-color-5)","background-image":"","background-repeat":"repeat","background-position":"center center","background-size":"auto","background-attachment":"scroll","background-type":"","background-media":"","overlay-type":"","overlay-color":"","overlay-opacity":"","overlay-gradient":""},"tablet":{"background-color":"var(--ast-global-color-5)","background-image":"","background-repeat":"repeat","background-position":"center center","background-size":"auto","background-attachment":"scroll","background-type":"","background-media":"","overlay-type":"","overlay-color":"","overlay-opacity":"","overlay-gradient":""},"mobile":{"background-color":"var(--ast-global-color-5)","background-image":"","background-repeat":"repeat","background-position":"center center","background-size":"auto","background-attachment":"scroll","background-type":"","background-media":"","overlay-type":"","overlay-color":"","overlay-opacity":"","overlay-gradient":""}}},"product_cat":[130,28],"product_tag":[93],"class_list":{"0":"post-3946","1":"product","2":"type-product","3":"status-publish","4":"has-post-thumbnail","6":"product_cat-eudeba-libro","7":"product_cat-libro","8":"product_tag-comunicacion","9":"desktop-align-left","10":"tablet-align-left","11":"mobile-align-left","13":"first","14":"instock","15":"shipping-taxable","16":"purchasable","17":"product-type-simple"},"acf":[],"uagb_featured_image_src":{"full":["https:\/\/biblio1.mdp.edu.ar\/centro-ventas\/wp-content\/uploads\/sites\/2\/2025\/10\/ebaci-119809789502316406-7d7d9b2bd1f53d10a917581201611425-1024-1024.jpg",688,1024,false],"thumbnail":["https:\/\/biblio1.mdp.edu.ar\/centro-ventas\/wp-content\/uploads\/sites\/2\/2025\/10\/ebaci-119809789502316406-7d7d9b2bd1f53d10a917581201611425-1024-1024-150x150.jpg",150,150,true],"medium":["https:\/\/biblio1.mdp.edu.ar\/centro-ventas\/wp-content\/uploads\/sites\/2\/2025\/10\/ebaci-119809789502316406-7d7d9b2bd1f53d10a917581201611425-1024-1024-202x300.jpg",202,300,true],"medium_large":["https:\/\/biblio1.mdp.edu.ar\/centro-ventas\/wp-content\/uploads\/sites\/2\/2025\/10\/ebaci-119809789502316406-7d7d9b2bd1f53d10a917581201611425-1024-1024.jpg",688,1024,false],"large":["https:\/\/biblio1.mdp.edu.ar\/centro-ventas\/wp-content\/uploads\/sites\/2\/2025\/10\/ebaci-119809789502316406-7d7d9b2bd1f53d10a917581201611425-1024-1024.jpg",688,1024,false],"1536x1536":["https:\/\/biblio1.mdp.edu.ar\/centro-ventas\/wp-content\/uploads\/sites\/2\/2025\/10\/ebaci-119809789502316406-7d7d9b2bd1f53d10a917581201611425-1024-1024.jpg",688,1024,false],"2048x2048":["https:\/\/biblio1.mdp.edu.ar\/centro-ventas\/wp-content\/uploads\/sites\/2\/2025\/10\/ebaci-119809789502316406-7d7d9b2bd1f53d10a917581201611425-1024-1024.jpg",688,1024,false],"woocommerce_thumbnail":["https:\/\/biblio1.mdp.edu.ar\/centro-ventas\/wp-content\/uploads\/sites\/2\/2025\/10\/ebaci-119809789502316406-7d7d9b2bd1f53d10a917581201611425-1024-1024-300x447.jpg",300,447,true],"woocommerce_single":["https:\/\/biblio1.mdp.edu.ar\/centro-ventas\/wp-content\/uploads\/sites\/2\/2025\/10\/ebaci-119809789502316406-7d7d9b2bd1f53d10a917581201611425-1024-1024-600x893.jpg",600,893,true],"woocommerce_gallery_thumbnail":["https:\/\/biblio1.mdp.edu.ar\/centro-ventas\/wp-content\/uploads\/sites\/2\/2025\/10\/ebaci-119809789502316406-7d7d9b2bd1f53d10a917581201611425-1024-1024-100x100.jpg",100,100,true]},"uagb_author_info":{"display_name":"Cristina Bernabe","author_link":"https:\/\/biblio1.mdp.edu.ar\/centro-ventas\/author\/"},"uagb_comment_info":0,"uagb_excerpt":"Este trabajo pone por escrito la experiencia realizada en la c\u00e1tedra Taller de expresi\u00f3n I de la carrera de Comunicaci\u00f3n de la Facultad de Ciencias Sociales de la UBA. Durante un curso, los profesores trabajaron con el g\u00e9nero ensayo a efectos de fortalecer las herramientas que en materia de producci\u00f3n escrita tuvieran los alumnos, teniendo&hellip;","_links":{"self":[{"href":"https:\/\/biblio1.mdp.edu.ar\/centro-ventas\/wp-json\/wp\/v2\/product\/3946","targetHints":{"allow":["GET"]}}],"collection":[{"href":"https:\/\/biblio1.mdp.edu.ar\/centro-ventas\/wp-json\/wp\/v2\/product"}],"about":[{"href":"https:\/\/biblio1.mdp.edu.ar\/centro-ventas\/wp-json\/wp\/v2\/types\/product"}],"wp:featuredmedia":[{"embeddable":true,"href":"https:\/\/biblio1.mdp.edu.ar\/centro-ventas\/wp-json\/wp\/v2\/media\/3947"}],"wp:attachment":[{"href":"https:\/\/biblio1.mdp.edu.ar\/centro-ventas\/wp-json\/wp\/v2\/media?parent=3946"}],"wp:term":[{"taxonomy":"product_cat","embeddable":true,"href":"https:\/\/biblio1.mdp.edu.ar\/centro-ventas\/wp-json\/wp\/v2\/product_cat?post=3946"},{"taxonomy":"product_tag","embeddable":true,"href":"https:\/\/biblio1.mdp.edu.ar\/centro-ventas\/wp-json\/wp\/v2\/product_tag?post=3946"}],"curies":[{"name":"wp","href":"https:\/\/api.w.org\/{rel}","templated":true}]}}