{"id":3942,"date":"2025-10-23T14:51:40","date_gmt":"2025-10-23T17:51:40","guid":{"rendered":"https:\/\/biblio1.mdp.edu.ar\/centro-ventas\/?post_type=product&#038;p=3942"},"modified":"2025-10-23T14:51:44","modified_gmt":"2025-10-23T17:51:44","slug":"comunicacion-medios-y-politicas","status":"publish","type":"product","link":"https:\/\/biblio1.mdp.edu.ar\/centro-ventas\/producto\/comunicacion-medios-y-politicas\/","title":{"rendered":"\u00abComunicaci\u00f3n, medios y pol\u00edticas\u00bb"},"content":{"rendered":"<p>La comunicaci\u00f3n, los medios masivos y las pol\u00edticas son tres \u00e1reas de investigaci\u00f3n de las ciencias sociales sobre las que se ha signado una discusi\u00f3n acerca de su complementariedad o relativa autonom\u00eda. Cada una de estas tendencias fue predominante en alguna d\u00e9cada o en l\u00edneas de indagaci\u00f3n. As\u00ed, podemos reconocer los debates centrados en el privilegio de un emisor omnipotente; en aquellos que refieren a un receptor ambiguo o en condiciones de descifrar los mensajes masivos. Otros dan cuenta de la centralidad de los medios masivos en la construcci\u00f3n de la escena p\u00fablica. Desde las instancias pol\u00edticas, p\u00fablicas o privadas, se intentan inducir cambios en los h\u00e1bitos de conducta en determinadas poblaciones a partir de ciertas estrategias comunicacionales. Ninguna de estas tendencias puede ser abordada como \u00e1mbitos separados, sino como un complejo sistema de relaciones que involucra a la comunicaci\u00f3n como inherentes de las pr\u00e1cticas culturales, y que, necesariamente, plantea un nexo entre los aspectos comunicativos, los medios masivos y las diversas l\u00edneas pol\u00edticas. Las terceras Jornadas de Investigaci\u00f3n en Comunicaci\u00f3n, organizado por la Licenciatura en Comunicaci\u00f3n de la UNGS, realizadas en Noviembre de 2006, tuvieron como objetivo el encuentro entre investigadores, estudiantes y profesionales de la comunicaci\u00f3n en torno a ejes tem\u00e1ticos espec\u00edficos: problematizar el campo de la comunicaci\u00f3n como espacio de construcci\u00f3n te\u00f3rica, los medios de comunicaci\u00f3n masiva como lugar de transformaci\u00f3n de ciertas pr\u00e1cticas sociales, y el impacto de las pol\u00edticas p\u00fablicas en las \u00e1reas de la comunicaci\u00f3n. El intercambio de las exposiciones fue producto de investigaciones formalizadas y del trabajo en diferentes asignaturas de las carreras de comunicaci\u00f3n. De este encuentro surgi\u00f3 la selecci\u00f3n de trabajos que responden a cinco l\u00edneas de indagaci\u00f3n y, tambi\u00e9n, de la reflexi\u00f3n (producto de la conferencia central) que aportaron destacados especialistas del \u00e1mbito acad\u00e9mico y profesional.<\/p>\n","protected":false},"excerpt":{"rendered":"<p>La comunicaci\u00f3n, los medios masivos y las pol\u00edticas son tres \u00e1reas de investigaci\u00f3n de las ciencias sociales sobre las que se ha signado una discusi\u00f3n acerca de su complementariedad o relativa autonom\u00eda. Cada una de estas tendencias fue predominante en alguna d\u00e9cada o en l\u00edneas de indagaci\u00f3n. As\u00ed, podemos reconocer los debates centrados en el [&hellip;]<\/p>\n","protected":false},"featured_media":3943,"template":"","meta":{"_acf_changed":false,"_eb_attr":"","_crdt_document":"","_uag_custom_page_level_css":"","_editorskit_title_hidden":false,"_editorskit_reading_time":0,"_editorskit_is_block_options_detached":false,"_editorskit_block_options_position":"{}","site-sidebar-layout":"default","site-content-layout":"","ast-site-content-layout":"default","site-content-style":"default","site-sidebar-style":"default","ast-global-header-display":"","ast-banner-title-visibility":"","ast-main-header-display":"","ast-hfb-above-header-display":"","ast-hfb-below-header-display":"","ast-hfb-mobile-header-display":"","site-post-title":"","ast-breadcrumbs-content":"","ast-featured-img":"","footer-sml-layout":"","ast-disable-related-posts":"","theme-transparent-header-meta":"default","adv-header-id-meta":"","stick-header-meta":"","header-above-stick-meta":"","header-main-stick-meta":"","header-below-stick-meta":"","astra-migrate-meta-layouts":"set","ast-page-background-enabled":"default","ast-page-background-meta":{"desktop":{"background-color":"var(--ast-global-color-4)","background-image":"","background-repeat":"repeat","background-position":"center center","background-size":"auto","background-attachment":"scroll","background-type":"","background-media":"","overlay-type":"","overlay-color":"","overlay-opacity":"","overlay-gradient":""},"tablet":{"background-color":"","background-image":"","background-repeat":"repeat","background-position":"center center","background-size":"auto","background-attachment":"scroll","background-type":"","background-media":"","overlay-type":"","overlay-color":"","overlay-opacity":"","overlay-gradient":""},"mobile":{"background-color":"","background-image":"","background-repeat":"repeat","background-position":"center center","background-size":"auto","background-attachment":"scroll","background-type":"","background-media":"","overlay-type":"","overlay-color":"","overlay-opacity":"","overlay-gradient":""}},"ast-content-background-meta":{"desktop":{"background-color":"var(--ast-global-color-5)","background-image":"","background-repeat":"repeat","background-position":"center center","background-size":"auto","background-attachment":"scroll","background-type":"","background-media":"","overlay-type":"","overlay-color":"","overlay-opacity":"","overlay-gradient":""},"tablet":{"background-color":"var(--ast-global-color-5)","background-image":"","background-repeat":"repeat","background-position":"center center","background-size":"auto","background-attachment":"scroll","background-type":"","background-media":"","overlay-type":"","overlay-color":"","overlay-opacity":"","overlay-gradient":""},"mobile":{"background-color":"var(--ast-global-color-5)","background-image":"","background-repeat":"repeat","background-position":"center center","background-size":"auto","background-attachment":"scroll","background-type":"","background-media":"","overlay-type":"","overlay-color":"","overlay-opacity":"","overlay-gradient":""}}},"product_cat":[28,662],"product_tag":[93],"class_list":{"0":"post-3942","1":"product","2":"type-product","3":"status-publish","4":"has-post-thumbnail","6":"product_cat-libro","7":"product_cat-ungs","8":"product_tag-comunicacion","9":"desktop-align-left","10":"tablet-align-left","11":"mobile-align-left","13":"first","14":"instock","15":"shipping-taxable","16":"purchasable","17":"product-type-simple"},"acf":[],"uagb_featured_image_src":{"full":["https:\/\/biblio1.mdp.edu.ar\/centro-ventas\/wp-content\/uploads\/sites\/2\/2025\/10\/UCI-LU20.jpg",590,826,false],"thumbnail":["https:\/\/biblio1.mdp.edu.ar\/centro-ventas\/wp-content\/uploads\/sites\/2\/2025\/10\/UCI-LU20-150x150.jpg",150,150,true],"medium":["https:\/\/biblio1.mdp.edu.ar\/centro-ventas\/wp-content\/uploads\/sites\/2\/2025\/10\/UCI-LU20-214x300.jpg",214,300,true],"medium_large":["https:\/\/biblio1.mdp.edu.ar\/centro-ventas\/wp-content\/uploads\/sites\/2\/2025\/10\/UCI-LU20.jpg",590,826,false],"large":["https:\/\/biblio1.mdp.edu.ar\/centro-ventas\/wp-content\/uploads\/sites\/2\/2025\/10\/UCI-LU20.jpg",590,826,false],"1536x1536":["https:\/\/biblio1.mdp.edu.ar\/centro-ventas\/wp-content\/uploads\/sites\/2\/2025\/10\/UCI-LU20.jpg",590,826,false],"2048x2048":["https:\/\/biblio1.mdp.edu.ar\/centro-ventas\/wp-content\/uploads\/sites\/2\/2025\/10\/UCI-LU20.jpg",590,826,false],"woocommerce_thumbnail":["https:\/\/biblio1.mdp.edu.ar\/centro-ventas\/wp-content\/uploads\/sites\/2\/2025\/10\/UCI-LU20-300x420.jpg",300,420,true],"woocommerce_single":["https:\/\/biblio1.mdp.edu.ar\/centro-ventas\/wp-content\/uploads\/sites\/2\/2025\/10\/UCI-LU20.jpg",590,826,false],"woocommerce_gallery_thumbnail":["https:\/\/biblio1.mdp.edu.ar\/centro-ventas\/wp-content\/uploads\/sites\/2\/2025\/10\/UCI-LU20-100x100.jpg",100,100,true]},"uagb_author_info":{"display_name":"Cristina Bernabe","author_link":"https:\/\/biblio1.mdp.edu.ar\/centro-ventas\/author\/"},"uagb_comment_info":0,"uagb_excerpt":"La comunicaci\u00f3n, los medios masivos y las pol\u00edticas son tres \u00e1reas de investigaci\u00f3n de las ciencias sociales sobre las que se ha signado una discusi\u00f3n acerca de su complementariedad o relativa autonom\u00eda. Cada una de estas tendencias fue predominante en alguna d\u00e9cada o en l\u00edneas de indagaci\u00f3n. As\u00ed, podemos reconocer los debates centrados en el&hellip;","_links":{"self":[{"href":"https:\/\/biblio1.mdp.edu.ar\/centro-ventas\/wp-json\/wp\/v2\/product\/3942","targetHints":{"allow":["GET"]}}],"collection":[{"href":"https:\/\/biblio1.mdp.edu.ar\/centro-ventas\/wp-json\/wp\/v2\/product"}],"about":[{"href":"https:\/\/biblio1.mdp.edu.ar\/centro-ventas\/wp-json\/wp\/v2\/types\/product"}],"wp:featuredmedia":[{"embeddable":true,"href":"https:\/\/biblio1.mdp.edu.ar\/centro-ventas\/wp-json\/wp\/v2\/media\/3943"}],"wp:attachment":[{"href":"https:\/\/biblio1.mdp.edu.ar\/centro-ventas\/wp-json\/wp\/v2\/media?parent=3942"}],"wp:term":[{"taxonomy":"product_cat","embeddable":true,"href":"https:\/\/biblio1.mdp.edu.ar\/centro-ventas\/wp-json\/wp\/v2\/product_cat?post=3942"},{"taxonomy":"product_tag","embeddable":true,"href":"https:\/\/biblio1.mdp.edu.ar\/centro-ventas\/wp-json\/wp\/v2\/product_tag?post=3942"}],"curies":[{"name":"wp","href":"https:\/\/api.w.org\/{rel}","templated":true}]}}