{"id":3940,"date":"2025-10-22T17:31:57","date_gmt":"2025-10-22T20:31:57","guid":{"rendered":"https:\/\/biblio1.mdp.edu.ar\/centro-ventas\/?post_type=product&#038;p=3940"},"modified":"2025-10-22T17:32:00","modified_gmt":"2025-10-22T20:32:00","slug":"memorias-en-la-ciudad","status":"publish","type":"product","link":"https:\/\/biblio1.mdp.edu.ar\/centro-ventas\/producto\/memorias-en-la-ciudad\/","title":{"rendered":"Memorias en la ciudad"},"content":{"rendered":"<p><strong>Memorias en la ciudad<\/strong><\/p>\n<p>Memoria Abierta fue creada en el a\u00f1o 2000 con el objetivo de trabajar por una memoria social que incida en la cultura pol\u00edtica argentina, contribuyendo a la construcci\u00f3n de identidad y a la consolidaci\u00f3n de la convivencia democr\u00e1tica. Memoria Abierta re\u00fane, preserva, organiza y difunde el acervo documental de organizaciones de Derechos Humanos y de otros archivos personales e institucionales vinculados al terrorismo de Estado. Produce testimonios sobre la vida social y pol\u00edtica de los a\u00f1os 60 y 70 y trabaja sobre la memoria territorial y espacial del per\u00edodo de violencia pol\u00edtica en la Argentina. Desde una preocupaci\u00f3n central por la transmisi\u00f3n de la memoria y para facilitar el acceso a estos documentos. Memoria Abierta desarrolla herramientas educativas, compone textos y materiales audiovisuales y crea exhibiciones que ofrecen representaciones de lo ocurrido en el pasado estableciendo conexiones con hechos y situaciones del presente. Nuestra metodolog\u00eda de trabajo privilegia las alianzas con grupos y organizaciones de la sociedad civil y con el Estado para fortalecer y crear espacios de debate y reflexi\u00f3n. Participamos de la Coalici\u00f3n Internacional de Sitios de Conciencia junto a otras instituciones de la regi\u00f3n y del mundo que trabajan para prevenir toda forma de autoritarismo.<\/p>\n<p>Asociaci\u00f3n Civil Memoria Abier<\/p>\n","protected":false},"excerpt":{"rendered":"<p>Memorias en la ciudad Memoria Abierta fue creada en el a\u00f1o 2000 con el objetivo de trabajar por una memoria social que incida en la cultura pol\u00edtica argentina, contribuyendo a la construcci\u00f3n de identidad y a la consolidaci\u00f3n de la convivencia democr\u00e1tica. Memoria Abierta re\u00fane, preserva, organiza y difunde el acervo documental de organizaciones de [&hellip;]<\/p>\n","protected":false},"featured_media":3941,"template":"","meta":{"_acf_changed":false,"_eb_attr":"","_crdt_document":"","_uag_custom_page_level_css":"","_editorskit_title_hidden":false,"_editorskit_reading_time":0,"_editorskit_is_block_options_detached":false,"_editorskit_block_options_position":"{}","site-sidebar-layout":"default","site-content-layout":"","ast-site-content-layout":"default","site-content-style":"default","site-sidebar-style":"default","ast-global-header-display":"","ast-banner-title-visibility":"","ast-main-header-display":"","ast-hfb-above-header-display":"","ast-hfb-below-header-display":"","ast-hfb-mobile-header-display":"","site-post-title":"","ast-breadcrumbs-content":"","ast-featured-img":"","footer-sml-layout":"","ast-disable-related-posts":"","theme-transparent-header-meta":"default","adv-header-id-meta":"","stick-header-meta":"","header-above-stick-meta":"","header-main-stick-meta":"","header-below-stick-meta":"","astra-migrate-meta-layouts":"set","ast-page-background-enabled":"default","ast-page-background-meta":{"desktop":{"background-color":"var(--ast-global-color-4)","background-image":"","background-repeat":"repeat","background-position":"center center","background-size":"auto","background-attachment":"scroll","background-type":"","background-media":"","overlay-type":"","overlay-color":"","overlay-opacity":"","overlay-gradient":""},"tablet":{"background-color":"","background-image":"","background-repeat":"repeat","background-position":"center center","background-size":"auto","background-attachment":"scroll","background-type":"","background-media":"","overlay-type":"","overlay-color":"","overlay-opacity":"","overlay-gradient":""},"mobile":{"background-color":"","background-image":"","background-repeat":"repeat","background-position":"center center","background-size":"auto","background-attachment":"scroll","background-type":"","background-media":"","overlay-type":"","overlay-color":"","overlay-opacity":"","overlay-gradient":""}},"ast-content-background-meta":{"desktop":{"background-color":"var(--ast-global-color-5)","background-image":"","background-repeat":"repeat","background-position":"center center","background-size":"auto","background-attachment":"scroll","background-type":"","background-media":"","overlay-type":"","overlay-color":"","overlay-opacity":"","overlay-gradient":""},"tablet":{"background-color":"var(--ast-global-color-5)","background-image":"","background-repeat":"repeat","background-position":"center center","background-size":"auto","background-attachment":"scroll","background-type":"","background-media":"","overlay-type":"","overlay-color":"","overlay-opacity":"","overlay-gradient":""},"mobile":{"background-color":"var(--ast-global-color-5)","background-image":"","background-repeat":"repeat","background-position":"center center","background-size":"auto","background-attachment":"scroll","background-type":"","background-media":"","overlay-type":"","overlay-color":"","overlay-opacity":"","overlay-gradient":""}}},"product_cat":[130,28],"product_tag":[725,686],"class_list":{"0":"post-3940","1":"product","2":"type-product","3":"status-publish","4":"has-post-thumbnail","6":"product_cat-eudeba-libro","7":"product_cat-libro","8":"product_tag-dd","9":"product_tag-terrorismo-de-estado","10":"desktop-align-left","11":"tablet-align-left","12":"mobile-align-left","14":"first","15":"instock","16":"shipping-taxable","17":"purchasable","18":"product-type-simple"},"acf":[],"uagb_featured_image_src":{"full":["https:\/\/biblio1.mdp.edu.ar\/centro-ventas\/wp-content\/uploads\/sites\/2\/2025\/10\/ebaci-126979789502316802-e5484a875a29eb42bd17561253882279-1024-1024.jpg",583,1024,false],"thumbnail":["https:\/\/biblio1.mdp.edu.ar\/centro-ventas\/wp-content\/uploads\/sites\/2\/2025\/10\/ebaci-126979789502316802-e5484a875a29eb42bd17561253882279-1024-1024-150x150.jpg",150,150,true],"medium":["https:\/\/biblio1.mdp.edu.ar\/centro-ventas\/wp-content\/uploads\/sites\/2\/2025\/10\/ebaci-126979789502316802-e5484a875a29eb42bd17561253882279-1024-1024-171x300.jpg",171,300,true],"medium_large":["https:\/\/biblio1.mdp.edu.ar\/centro-ventas\/wp-content\/uploads\/sites\/2\/2025\/10\/ebaci-126979789502316802-e5484a875a29eb42bd17561253882279-1024-1024.jpg",583,1024,false],"large":["https:\/\/biblio1.mdp.edu.ar\/centro-ventas\/wp-content\/uploads\/sites\/2\/2025\/10\/ebaci-126979789502316802-e5484a875a29eb42bd17561253882279-1024-1024.jpg",583,1024,false],"1536x1536":["https:\/\/biblio1.mdp.edu.ar\/centro-ventas\/wp-content\/uploads\/sites\/2\/2025\/10\/ebaci-126979789502316802-e5484a875a29eb42bd17561253882279-1024-1024.jpg",583,1024,false],"2048x2048":["https:\/\/biblio1.mdp.edu.ar\/centro-ventas\/wp-content\/uploads\/sites\/2\/2025\/10\/ebaci-126979789502316802-e5484a875a29eb42bd17561253882279-1024-1024.jpg",583,1024,false],"woocommerce_thumbnail":["https:\/\/biblio1.mdp.edu.ar\/centro-ventas\/wp-content\/uploads\/sites\/2\/2025\/10\/ebaci-126979789502316802-e5484a875a29eb42bd17561253882279-1024-1024-300x527.jpg",300,527,true],"woocommerce_single":["https:\/\/biblio1.mdp.edu.ar\/centro-ventas\/wp-content\/uploads\/sites\/2\/2025\/10\/ebaci-126979789502316802-e5484a875a29eb42bd17561253882279-1024-1024.jpg",583,1024,false],"woocommerce_gallery_thumbnail":["https:\/\/biblio1.mdp.edu.ar\/centro-ventas\/wp-content\/uploads\/sites\/2\/2025\/10\/ebaci-126979789502316802-e5484a875a29eb42bd17561253882279-1024-1024-100x100.jpg",100,100,true]},"uagb_author_info":{"display_name":"Cristina Bernabe","author_link":"https:\/\/biblio1.mdp.edu.ar\/centro-ventas\/author\/"},"uagb_comment_info":0,"uagb_excerpt":"Memorias en la ciudad Memoria Abierta fue creada en el a\u00f1o 2000 con el objetivo de trabajar por una memoria social que incida en la cultura pol\u00edtica argentina, contribuyendo a la construcci\u00f3n de identidad y a la consolidaci\u00f3n de la convivencia democr\u00e1tica. Memoria Abierta re\u00fane, preserva, organiza y difunde el acervo documental de organizaciones de&hellip;","_links":{"self":[{"href":"https:\/\/biblio1.mdp.edu.ar\/centro-ventas\/wp-json\/wp\/v2\/product\/3940","targetHints":{"allow":["GET"]}}],"collection":[{"href":"https:\/\/biblio1.mdp.edu.ar\/centro-ventas\/wp-json\/wp\/v2\/product"}],"about":[{"href":"https:\/\/biblio1.mdp.edu.ar\/centro-ventas\/wp-json\/wp\/v2\/types\/product"}],"wp:featuredmedia":[{"embeddable":true,"href":"https:\/\/biblio1.mdp.edu.ar\/centro-ventas\/wp-json\/wp\/v2\/media\/3941"}],"wp:attachment":[{"href":"https:\/\/biblio1.mdp.edu.ar\/centro-ventas\/wp-json\/wp\/v2\/media?parent=3940"}],"wp:term":[{"taxonomy":"product_cat","embeddable":true,"href":"https:\/\/biblio1.mdp.edu.ar\/centro-ventas\/wp-json\/wp\/v2\/product_cat?post=3940"},{"taxonomy":"product_tag","embeddable":true,"href":"https:\/\/biblio1.mdp.edu.ar\/centro-ventas\/wp-json\/wp\/v2\/product_tag?post=3940"}],"curies":[{"name":"wp","href":"https:\/\/api.w.org\/{rel}","templated":true}]}}