{"id":3938,"date":"2025-10-22T15:57:04","date_gmt":"2025-10-22T18:57:04","guid":{"rendered":"https:\/\/biblio1.mdp.edu.ar\/centro-ventas\/?post_type=product&#038;p=3938"},"modified":"2025-10-22T15:57:11","modified_gmt":"2025-10-22T18:57:11","slug":"la-peimera-nacion-nueva","status":"publish","type":"product","link":"https:\/\/biblio1.mdp.edu.ar\/centro-ventas\/producto\/la-peimera-nacion-nueva\/","title":{"rendered":"La peimera naci\u00f3n nueva"},"content":{"rendered":"<p>Esta obra, es sin duda, una de las m\u00e1s importantes dentro de la sociolog\u00eda pol\u00edtica contempor\u00e1nea.<br \/>\nSu contenido, as\u00ed como la metodolog\u00eda usada, permite definirla como un modelo de indispensable consulta para todos aquellos interesados en la perspectiva hist\u00f3rico-comparativa.<br \/>\nS. M. Lipset analiza la emergencia de los\u00a0 Estados Unidos como la primera naci\u00f3n nueva que logr\u00f3 superar exitosamente el entramado de las relaciones coloniales y las consecuencias de este proceso en t\u00e9rminos de la estructuraci\u00f3n de una democracia estable.<\/p>\n<p>A partir de estos elementos compara la experiencia norteamericana con la de otras naciones que surgieron posteriormente haciendo hincapi\u00e9, entre otros en el tema del desarrollo pol\u00edtico.<\/p>\n<p>El impacto de esta obra llev\u00f3 a Talcott Parsons a afirmar en su momento que se trataba de uno de los libros m\u00e1s importantes aparecido en mucho tiempo, escrito por un soci\u00f3logo norteamericano&#8230; \u00abun libro imponente y que plantea un verdadero desaf\u00edo\u00bb.<\/p>\n<p>EUDEBA tiene gran satisfacci\u00f3n de presentar a los lectores de lengua castellana este verdadero \u00abcl\u00e1sico\u00bb de las ciencias sociales.<\/p>\n<p>&nbsp;<\/p>\n<p>&nbsp;<\/p>\n<p>Traducido de la versi\u00f3n de 1979 por Adri\u00e1n Amarilla<\/p>\n","protected":false},"excerpt":{"rendered":"<p>Esta obra, es sin duda, una de las m\u00e1s importantes dentro de la sociolog\u00eda pol\u00edtica contempor\u00e1nea. Su contenido, as\u00ed como la metodolog\u00eda usada, permite definirla como un modelo de indispensable consulta para todos aquellos interesados en la perspectiva hist\u00f3rico-comparativa. S. M. Lipset analiza la emergencia de los\u00a0 Estados Unidos como la primera naci\u00f3n nueva que [&hellip;]<\/p>\n","protected":false},"featured_media":3939,"template":"","meta":{"_acf_changed":false,"_eb_attr":"","_crdt_document":"","_uag_custom_page_level_css":"","_editorskit_title_hidden":false,"_editorskit_reading_time":0,"_editorskit_is_block_options_detached":false,"_editorskit_block_options_position":"{}","site-sidebar-layout":"default","site-content-layout":"","ast-site-content-layout":"default","site-content-style":"default","site-sidebar-style":"default","ast-global-header-display":"","ast-banner-title-visibility":"","ast-main-header-display":"","ast-hfb-above-header-display":"","ast-hfb-below-header-display":"","ast-hfb-mobile-header-display":"","site-post-title":"","ast-breadcrumbs-content":"","ast-featured-img":"","footer-sml-layout":"","ast-disable-related-posts":"","theme-transparent-header-meta":"default","adv-header-id-meta":"","stick-header-meta":"","header-above-stick-meta":"","header-main-stick-meta":"","header-below-stick-meta":"","astra-migrate-meta-layouts":"set","ast-page-background-enabled":"default","ast-page-background-meta":{"desktop":{"background-color":"var(--ast-global-color-4)","background-image":"","background-repeat":"repeat","background-position":"center center","background-size":"auto","background-attachment":"scroll","background-type":"","background-media":"","overlay-type":"","overlay-color":"","overlay-opacity":"","overlay-gradient":""},"tablet":{"background-color":"","background-image":"","background-repeat":"repeat","background-position":"center center","background-size":"auto","background-attachment":"scroll","background-type":"","background-media":"","overlay-type":"","overlay-color":"","overlay-opacity":"","overlay-gradient":""},"mobile":{"background-color":"","background-image":"","background-repeat":"repeat","background-position":"center center","background-size":"auto","background-attachment":"scroll","background-type":"","background-media":"","overlay-type":"","overlay-color":"","overlay-opacity":"","overlay-gradient":""}},"ast-content-background-meta":{"desktop":{"background-color":"var(--ast-global-color-5)","background-image":"","background-repeat":"repeat","background-position":"center center","background-size":"auto","background-attachment":"scroll","background-type":"","background-media":"","overlay-type":"","overlay-color":"","overlay-opacity":"","overlay-gradient":""},"tablet":{"background-color":"var(--ast-global-color-5)","background-image":"","background-repeat":"repeat","background-position":"center center","background-size":"auto","background-attachment":"scroll","background-type":"","background-media":"","overlay-type":"","overlay-color":"","overlay-opacity":"","overlay-gradient":""},"mobile":{"background-color":"var(--ast-global-color-5)","background-image":"","background-repeat":"repeat","background-position":"center center","background-size":"auto","background-attachment":"scroll","background-type":"","background-media":"","overlay-type":"","overlay-color":"","overlay-opacity":"","overlay-gradient":""}}},"product_cat":[130,28],"product_tag":[161,389,117,394],"class_list":{"0":"post-3938","1":"product","2":"type-product","3":"status-publish","4":"has-post-thumbnail","6":"product_cat-eudeba-libro","7":"product_cat-libro","8":"product_tag-ciencias-politicas","9":"product_tag-ciencias-sociales","10":"product_tag-historia","11":"product_tag-sociologia","12":"desktop-align-left","13":"tablet-align-left","14":"mobile-align-left","16":"first","17":"instock","18":"shipping-taxable","19":"purchasable","20":"product-type-simple"},"acf":[],"uagb_featured_image_src":{"full":["https:\/\/biblio1.mdp.edu.ar\/centro-ventas\/wp-content\/uploads\/sites\/2\/2025\/10\/IMG_20251022_152037-scaled.jpg",1818,2560,false],"thumbnail":["https:\/\/biblio1.mdp.edu.ar\/centro-ventas\/wp-content\/uploads\/sites\/2\/2025\/10\/IMG_20251022_152037-150x150.jpg",150,150,true],"medium":["https:\/\/biblio1.mdp.edu.ar\/centro-ventas\/wp-content\/uploads\/sites\/2\/2025\/10\/IMG_20251022_152037-213x300.jpg",213,300,true],"medium_large":["https:\/\/biblio1.mdp.edu.ar\/centro-ventas\/wp-content\/uploads\/sites\/2\/2025\/10\/IMG_20251022_152037-768x1082.jpg",768,1082,true],"large":["https:\/\/biblio1.mdp.edu.ar\/centro-ventas\/wp-content\/uploads\/sites\/2\/2025\/10\/IMG_20251022_152037-727x1024.jpg",727,1024,true],"1536x1536":["https:\/\/biblio1.mdp.edu.ar\/centro-ventas\/wp-content\/uploads\/sites\/2\/2025\/10\/IMG_20251022_152037-1091x1536.jpg",1091,1536,true],"2048x2048":["https:\/\/biblio1.mdp.edu.ar\/centro-ventas\/wp-content\/uploads\/sites\/2\/2025\/10\/IMG_20251022_152037-1454x2048.jpg",1454,2048,true],"woocommerce_thumbnail":["https:\/\/biblio1.mdp.edu.ar\/centro-ventas\/wp-content\/uploads\/sites\/2\/2025\/10\/IMG_20251022_152037-300x423.jpg",300,423,true],"woocommerce_single":["https:\/\/biblio1.mdp.edu.ar\/centro-ventas\/wp-content\/uploads\/sites\/2\/2025\/10\/IMG_20251022_152037-600x845.jpg",600,845,true],"woocommerce_gallery_thumbnail":["https:\/\/biblio1.mdp.edu.ar\/centro-ventas\/wp-content\/uploads\/sites\/2\/2025\/10\/IMG_20251022_152037-100x100.jpg",100,100,true]},"uagb_author_info":{"display_name":"Cristina Bernabe","author_link":"https:\/\/biblio1.mdp.edu.ar\/centro-ventas\/author\/"},"uagb_comment_info":0,"uagb_excerpt":"Esta obra, es sin duda, una de las m\u00e1s importantes dentro de la sociolog\u00eda pol\u00edtica contempor\u00e1nea. Su contenido, as\u00ed como la metodolog\u00eda usada, permite definirla como un modelo de indispensable consulta para todos aquellos interesados en la perspectiva hist\u00f3rico-comparativa. S. M. Lipset analiza la emergencia de los\u00a0 Estados Unidos como la primera naci\u00f3n nueva que&hellip;","_links":{"self":[{"href":"https:\/\/biblio1.mdp.edu.ar\/centro-ventas\/wp-json\/wp\/v2\/product\/3938","targetHints":{"allow":["GET"]}}],"collection":[{"href":"https:\/\/biblio1.mdp.edu.ar\/centro-ventas\/wp-json\/wp\/v2\/product"}],"about":[{"href":"https:\/\/biblio1.mdp.edu.ar\/centro-ventas\/wp-json\/wp\/v2\/types\/product"}],"wp:featuredmedia":[{"embeddable":true,"href":"https:\/\/biblio1.mdp.edu.ar\/centro-ventas\/wp-json\/wp\/v2\/media\/3939"}],"wp:attachment":[{"href":"https:\/\/biblio1.mdp.edu.ar\/centro-ventas\/wp-json\/wp\/v2\/media?parent=3938"}],"wp:term":[{"taxonomy":"product_cat","embeddable":true,"href":"https:\/\/biblio1.mdp.edu.ar\/centro-ventas\/wp-json\/wp\/v2\/product_cat?post=3938"},{"taxonomy":"product_tag","embeddable":true,"href":"https:\/\/biblio1.mdp.edu.ar\/centro-ventas\/wp-json\/wp\/v2\/product_tag?post=3938"}],"curies":[{"name":"wp","href":"https:\/\/api.w.org\/{rel}","templated":true}]}}