{"id":3926,"date":"2025-10-20T15:39:47","date_gmt":"2025-10-20T18:39:47","guid":{"rendered":"https:\/\/biblio1.mdp.edu.ar\/centro-ventas\/?post_type=product&#038;p=3926"},"modified":"2025-10-20T15:39:51","modified_gmt":"2025-10-20T18:39:51","slug":"fundamentos-del-diseno-industrial","status":"publish","type":"product","link":"https:\/\/biblio1.mdp.edu.ar\/centro-ventas\/producto\/fundamentos-del-diseno-industrial\/","title":{"rendered":"Fundamentos del Dise\u00f1o Industrial"},"content":{"rendered":"<div class=\"user-content font-small mb-4\">\n<p>Cuando se habla de Dise\u00f1o Industrial se presupone la existencia de modos de producci\u00f3n mecanizada y una preocupaci\u00f3n por las formas basadas en dicha tecnolog\u00eda. Sin embargo, muchos de los conceptos o acciones que forjaron la Revoluci\u00f3n Industrial \u00ablas ideas de tipo y modelo, la necesidad de la organizaci\u00f3n laboral para la optimizaci\u00f3n de la producci\u00f3n, la invenci\u00f3n y construcci\u00f3n de m\u00e1quinas que ayuden al hombre en sus tareas\u00bb se remontan a varios siglos atr\u00e1s. Fundamentos del Dise\u00f1o Industrial traza una serie de urdimbres tem\u00e1ticas que recorren la historia, desde la Antig\u00fcedad hasta el siglo XX, con el prop\u00f3sito de explicar las complejas motivaciones que permitieron a los hombres construir el mundo de la m\u00e1quina y crear el vasto universo del Dise\u00f1o Industrial.<\/p>\n<\/div>\n<div class=\"fb-comments section-fb-comments mb-3 fb_iframe_widget fb_iframe_widget_fluid_desktop\" data-href=\"https:\/\/eudeba.com.ar\/productos\/fundamentos-del-diseno-industrial\/\" data-num-posts=\"5\" data-width=\"100%\"><\/div>\n","protected":false},"excerpt":{"rendered":"<p>Cuando se habla de Dise\u00f1o Industrial se presupone la existencia de modos de producci\u00f3n mecanizada y una preocupaci\u00f3n por las formas basadas en dicha tecnolog\u00eda. Sin embargo, muchos de los conceptos o acciones que forjaron la Revoluci\u00f3n Industrial \u00ablas ideas de tipo y modelo, la necesidad de la organizaci\u00f3n laboral para la optimizaci\u00f3n de la [&hellip;]<\/p>\n","protected":false},"featured_media":3927,"template":"","meta":{"_acf_changed":false,"_eb_attr":"","_crdt_document":"","_uag_custom_page_level_css":"","_editorskit_title_hidden":false,"_editorskit_reading_time":0,"_editorskit_is_block_options_detached":false,"_editorskit_block_options_position":"{}","site-sidebar-layout":"default","site-content-layout":"","ast-site-content-layout":"default","site-content-style":"default","site-sidebar-style":"default","ast-global-header-display":"","ast-banner-title-visibility":"","ast-main-header-display":"","ast-hfb-above-header-display":"","ast-hfb-below-header-display":"","ast-hfb-mobile-header-display":"","site-post-title":"","ast-breadcrumbs-content":"","ast-featured-img":"","footer-sml-layout":"","ast-disable-related-posts":"","theme-transparent-header-meta":"default","adv-header-id-meta":"","stick-header-meta":"","header-above-stick-meta":"","header-main-stick-meta":"","header-below-stick-meta":"","astra-migrate-meta-layouts":"set","ast-page-background-enabled":"default","ast-page-background-meta":{"desktop":{"background-color":"var(--ast-global-color-4)","background-image":"","background-repeat":"repeat","background-position":"center center","background-size":"auto","background-attachment":"scroll","background-type":"","background-media":"","overlay-type":"","overlay-color":"","overlay-opacity":"","overlay-gradient":""},"tablet":{"background-color":"","background-image":"","background-repeat":"repeat","background-position":"center center","background-size":"auto","background-attachment":"scroll","background-type":"","background-media":"","overlay-type":"","overlay-color":"","overlay-opacity":"","overlay-gradient":""},"mobile":{"background-color":"","background-image":"","background-repeat":"repeat","background-position":"center center","background-size":"auto","background-attachment":"scroll","background-type":"","background-media":"","overlay-type":"","overlay-color":"","overlay-opacity":"","overlay-gradient":""}},"ast-content-background-meta":{"desktop":{"background-color":"var(--ast-global-color-5)","background-image":"","background-repeat":"repeat","background-position":"center center","background-size":"auto","background-attachment":"scroll","background-type":"","background-media":"","overlay-type":"","overlay-color":"","overlay-opacity":"","overlay-gradient":""},"tablet":{"background-color":"var(--ast-global-color-5)","background-image":"","background-repeat":"repeat","background-position":"center center","background-size":"auto","background-attachment":"scroll","background-type":"","background-media":"","overlay-type":"","overlay-color":"","overlay-opacity":"","overlay-gradient":""},"mobile":{"background-color":"var(--ast-global-color-5)","background-image":"","background-repeat":"repeat","background-position":"center center","background-size":"auto","background-attachment":"scroll","background-type":"","background-media":"","overlay-type":"","overlay-color":"","overlay-opacity":"","overlay-gradient":""}}},"product_cat":[130,28],"product_tag":[228,229,724],"class_list":{"0":"post-3926","1":"product","2":"type-product","3":"status-publish","4":"has-post-thumbnail","6":"product_cat-eudeba-libro","7":"product_cat-libro","8":"product_tag-diseno","9":"product_tag-diseno-industrial","10":"product_tag-faud","11":"desktop-align-left","12":"tablet-align-left","13":"mobile-align-left","15":"first","16":"instock","17":"shipping-taxable","18":"purchasable","19":"product-type-simple"},"acf":[],"uagb_featured_image_src":{"full":["https:\/\/biblio1.mdp.edu.ar\/centro-ventas\/wp-content\/uploads\/sites\/2\/2025\/10\/9789502318486-e38b67cca70f5022e717545785653965-1024-1024.jpg",731,1024,false],"thumbnail":["https:\/\/biblio1.mdp.edu.ar\/centro-ventas\/wp-content\/uploads\/sites\/2\/2025\/10\/9789502318486-e38b67cca70f5022e717545785653965-1024-1024-150x150.jpg",150,150,true],"medium":["https:\/\/biblio1.mdp.edu.ar\/centro-ventas\/wp-content\/uploads\/sites\/2\/2025\/10\/9789502318486-e38b67cca70f5022e717545785653965-1024-1024-214x300.jpg",214,300,true],"medium_large":["https:\/\/biblio1.mdp.edu.ar\/centro-ventas\/wp-content\/uploads\/sites\/2\/2025\/10\/9789502318486-e38b67cca70f5022e717545785653965-1024-1024.jpg",731,1024,false],"large":["https:\/\/biblio1.mdp.edu.ar\/centro-ventas\/wp-content\/uploads\/sites\/2\/2025\/10\/9789502318486-e38b67cca70f5022e717545785653965-1024-1024.jpg",731,1024,false],"1536x1536":["https:\/\/biblio1.mdp.edu.ar\/centro-ventas\/wp-content\/uploads\/sites\/2\/2025\/10\/9789502318486-e38b67cca70f5022e717545785653965-1024-1024.jpg",731,1024,false],"2048x2048":["https:\/\/biblio1.mdp.edu.ar\/centro-ventas\/wp-content\/uploads\/sites\/2\/2025\/10\/9789502318486-e38b67cca70f5022e717545785653965-1024-1024.jpg",731,1024,false],"woocommerce_thumbnail":["https:\/\/biblio1.mdp.edu.ar\/centro-ventas\/wp-content\/uploads\/sites\/2\/2025\/10\/9789502318486-e38b67cca70f5022e717545785653965-1024-1024-300x420.jpg",300,420,true],"woocommerce_single":["https:\/\/biblio1.mdp.edu.ar\/centro-ventas\/wp-content\/uploads\/sites\/2\/2025\/10\/9789502318486-e38b67cca70f5022e717545785653965-1024-1024-600x840.jpg",600,840,true],"woocommerce_gallery_thumbnail":["https:\/\/biblio1.mdp.edu.ar\/centro-ventas\/wp-content\/uploads\/sites\/2\/2025\/10\/9789502318486-e38b67cca70f5022e717545785653965-1024-1024-100x100.jpg",100,100,true]},"uagb_author_info":{"display_name":"Cristina Bernabe","author_link":"https:\/\/biblio1.mdp.edu.ar\/centro-ventas\/author\/"},"uagb_comment_info":0,"uagb_excerpt":"Cuando se habla de Dise\u00f1o Industrial se presupone la existencia de modos de producci\u00f3n mecanizada y una preocupaci\u00f3n por las formas basadas en dicha tecnolog\u00eda. Sin embargo, muchos de los conceptos o acciones que forjaron la Revoluci\u00f3n Industrial \u00ablas ideas de tipo y modelo, la necesidad de la organizaci\u00f3n laboral para la optimizaci\u00f3n de la&hellip;","_links":{"self":[{"href":"https:\/\/biblio1.mdp.edu.ar\/centro-ventas\/wp-json\/wp\/v2\/product\/3926","targetHints":{"allow":["GET"]}}],"collection":[{"href":"https:\/\/biblio1.mdp.edu.ar\/centro-ventas\/wp-json\/wp\/v2\/product"}],"about":[{"href":"https:\/\/biblio1.mdp.edu.ar\/centro-ventas\/wp-json\/wp\/v2\/types\/product"}],"wp:featuredmedia":[{"embeddable":true,"href":"https:\/\/biblio1.mdp.edu.ar\/centro-ventas\/wp-json\/wp\/v2\/media\/3927"}],"wp:attachment":[{"href":"https:\/\/biblio1.mdp.edu.ar\/centro-ventas\/wp-json\/wp\/v2\/media?parent=3926"}],"wp:term":[{"taxonomy":"product_cat","embeddable":true,"href":"https:\/\/biblio1.mdp.edu.ar\/centro-ventas\/wp-json\/wp\/v2\/product_cat?post=3926"},{"taxonomy":"product_tag","embeddable":true,"href":"https:\/\/biblio1.mdp.edu.ar\/centro-ventas\/wp-json\/wp\/v2\/product_tag?post=3926"}],"curies":[{"name":"wp","href":"https:\/\/api.w.org\/{rel}","templated":true}]}}