{"id":3898,"date":"2025-10-17T16:05:26","date_gmt":"2025-10-17T19:05:26","guid":{"rendered":"https:\/\/biblio1.mdp.edu.ar\/centro-ventas\/?post_type=product&#038;p=3898"},"modified":"2025-10-17T16:05:28","modified_gmt":"2025-10-17T19:05:28","slug":"tradiciones-en-pugna-200-anos-de-historia-argentina","status":"publish","type":"product","link":"https:\/\/biblio1.mdp.edu.ar\/centro-ventas\/producto\/tradiciones-en-pugna-200-anos-de-historia-argentina\/","title":{"rendered":"Tradiciones En Pugna 200 A\u00f1os De Historia Argentina"},"content":{"rendered":"<p>La conmemoraci\u00f3n del Bicentenario de la Revoluci\u00f3n de Mayo funciona como un acontecimiento que reubica a la historia nacional en un lugar central. El inter\u00e9s por el pasado, su interpretaci\u00f3n y su resignificaci\u00f3n cobran un renovado vigor a partir de la celebraci\u00f3n de esa fecha. Las reflexiones que compila este libro tienen por objeto hacerse eco de ese an\u00e1lisis y lo abordan desde distintos ejes algunos de ellos constituyen los puntos de partida habituales del an\u00e1lisis hist\u00f3rico y otros proporcionan miradas renovadas sobre la memoria de los hechos, posibilitan la inclusi\u00f3n de actores hasta el momento relegados e incorporan el pasado reciente para as\u00ed reexaminar las definiciones habitualmente vinculadas a la idea de tradici\u00f3n.<\/p>\n","protected":false},"excerpt":{"rendered":"<p>La conmemoraci\u00f3n del Bicentenario de la Revoluci\u00f3n de Mayo funciona como un acontecimiento que reubica a la historia nacional en un lugar central. El inter\u00e9s por el pasado, su interpretaci\u00f3n y su resignificaci\u00f3n cobran un renovado vigor a partir de la celebraci\u00f3n de esa fecha. Las reflexiones que compila este libro tienen por objeto hacerse [&hellip;]<\/p>\n","protected":false},"featured_media":3899,"template":"","meta":{"_acf_changed":false,"_eb_attr":"","_crdt_document":"","_uag_custom_page_level_css":"","_editorskit_title_hidden":false,"_editorskit_reading_time":0,"_editorskit_is_block_options_detached":false,"_editorskit_block_options_position":"{}","site-sidebar-layout":"default","site-content-layout":"","ast-site-content-layout":"default","site-content-style":"default","site-sidebar-style":"default","ast-global-header-display":"","ast-banner-title-visibility":"","ast-main-header-display":"","ast-hfb-above-header-display":"","ast-hfb-below-header-display":"","ast-hfb-mobile-header-display":"","site-post-title":"","ast-breadcrumbs-content":"","ast-featured-img":"","footer-sml-layout":"","ast-disable-related-posts":"","theme-transparent-header-meta":"default","adv-header-id-meta":"","stick-header-meta":"","header-above-stick-meta":"","header-main-stick-meta":"","header-below-stick-meta":"","astra-migrate-meta-layouts":"set","ast-page-background-enabled":"default","ast-page-background-meta":{"desktop":{"background-color":"var(--ast-global-color-4)","background-image":"","background-repeat":"repeat","background-position":"center center","background-size":"auto","background-attachment":"scroll","background-type":"","background-media":"","overlay-type":"","overlay-color":"","overlay-opacity":"","overlay-gradient":""},"tablet":{"background-color":"","background-image":"","background-repeat":"repeat","background-position":"center center","background-size":"auto","background-attachment":"scroll","background-type":"","background-media":"","overlay-type":"","overlay-color":"","overlay-opacity":"","overlay-gradient":""},"mobile":{"background-color":"","background-image":"","background-repeat":"repeat","background-position":"center center","background-size":"auto","background-attachment":"scroll","background-type":"","background-media":"","overlay-type":"","overlay-color":"","overlay-opacity":"","overlay-gradient":""}},"ast-content-background-meta":{"desktop":{"background-color":"var(--ast-global-color-5)","background-image":"","background-repeat":"repeat","background-position":"center center","background-size":"auto","background-attachment":"scroll","background-type":"","background-media":"","overlay-type":"","overlay-color":"","overlay-opacity":"","overlay-gradient":""},"tablet":{"background-color":"var(--ast-global-color-5)","background-image":"","background-repeat":"repeat","background-position":"center center","background-size":"auto","background-attachment":"scroll","background-type":"","background-media":"","overlay-type":"","overlay-color":"","overlay-opacity":"","overlay-gradient":""},"mobile":{"background-color":"var(--ast-global-color-5)","background-image":"","background-repeat":"repeat","background-position":"center center","background-size":"auto","background-attachment":"scroll","background-type":"","background-media":"","overlay-type":"","overlay-color":"","overlay-opacity":"","overlay-gradient":""}}},"product_cat":[130,28],"product_tag":[681,401,120],"class_list":{"0":"post-3898","1":"product","2":"type-product","3":"status-publish","4":"has-post-thumbnail","6":"product_cat-eudeba-libro","7":"product_cat-libro","8":"product_tag-bicentenario","9":"product_tag-dictadura-militar-1976-1983","10":"product_tag-historia-argentina","11":"desktop-align-left","12":"tablet-align-left","13":"mobile-align-left","15":"first","16":"instock","17":"shipping-taxable","18":"purchasable","19":"product-type-simple"},"acf":[],"uagb_featured_image_src":{"full":["https:\/\/biblio1.mdp.edu.ar\/centro-ventas\/wp-content\/uploads\/sites\/2\/2025\/10\/tradiciones-en-pugna-200-anos-de-historia-argentina.jpg",171,243,false],"thumbnail":["https:\/\/biblio1.mdp.edu.ar\/centro-ventas\/wp-content\/uploads\/sites\/2\/2025\/10\/tradiciones-en-pugna-200-anos-de-historia-argentina-150x150.jpg",150,150,true],"medium":["https:\/\/biblio1.mdp.edu.ar\/centro-ventas\/wp-content\/uploads\/sites\/2\/2025\/10\/tradiciones-en-pugna-200-anos-de-historia-argentina.jpg",171,243,false],"medium_large":["https:\/\/biblio1.mdp.edu.ar\/centro-ventas\/wp-content\/uploads\/sites\/2\/2025\/10\/tradiciones-en-pugna-200-anos-de-historia-argentina.jpg",171,243,false],"large":["https:\/\/biblio1.mdp.edu.ar\/centro-ventas\/wp-content\/uploads\/sites\/2\/2025\/10\/tradiciones-en-pugna-200-anos-de-historia-argentina.jpg",171,243,false],"1536x1536":["https:\/\/biblio1.mdp.edu.ar\/centro-ventas\/wp-content\/uploads\/sites\/2\/2025\/10\/tradiciones-en-pugna-200-anos-de-historia-argentina.jpg",171,243,false],"2048x2048":["https:\/\/biblio1.mdp.edu.ar\/centro-ventas\/wp-content\/uploads\/sites\/2\/2025\/10\/tradiciones-en-pugna-200-anos-de-historia-argentina.jpg",171,243,false],"woocommerce_thumbnail":["https:\/\/biblio1.mdp.edu.ar\/centro-ventas\/wp-content\/uploads\/sites\/2\/2025\/10\/tradiciones-en-pugna-200-anos-de-historia-argentina.jpg",171,243,false],"woocommerce_single":["https:\/\/biblio1.mdp.edu.ar\/centro-ventas\/wp-content\/uploads\/sites\/2\/2025\/10\/tradiciones-en-pugna-200-anos-de-historia-argentina.jpg",171,243,false],"woocommerce_gallery_thumbnail":["https:\/\/biblio1.mdp.edu.ar\/centro-ventas\/wp-content\/uploads\/sites\/2\/2025\/10\/tradiciones-en-pugna-200-anos-de-historia-argentina-100x100.jpg",100,100,true]},"uagb_author_info":{"display_name":"Cristina Bernabe","author_link":"https:\/\/biblio1.mdp.edu.ar\/centro-ventas\/author\/"},"uagb_comment_info":0,"uagb_excerpt":"La conmemoraci\u00f3n del Bicentenario de la Revoluci\u00f3n de Mayo funciona como un acontecimiento que reubica a la historia nacional en un lugar central. El inter\u00e9s por el pasado, su interpretaci\u00f3n y su resignificaci\u00f3n cobran un renovado vigor a partir de la celebraci\u00f3n de esa fecha. Las reflexiones que compila este libro tienen por objeto hacerse&hellip;","_links":{"self":[{"href":"https:\/\/biblio1.mdp.edu.ar\/centro-ventas\/wp-json\/wp\/v2\/product\/3898","targetHints":{"allow":["GET"]}}],"collection":[{"href":"https:\/\/biblio1.mdp.edu.ar\/centro-ventas\/wp-json\/wp\/v2\/product"}],"about":[{"href":"https:\/\/biblio1.mdp.edu.ar\/centro-ventas\/wp-json\/wp\/v2\/types\/product"}],"wp:featuredmedia":[{"embeddable":true,"href":"https:\/\/biblio1.mdp.edu.ar\/centro-ventas\/wp-json\/wp\/v2\/media\/3899"}],"wp:attachment":[{"href":"https:\/\/biblio1.mdp.edu.ar\/centro-ventas\/wp-json\/wp\/v2\/media?parent=3898"}],"wp:term":[{"taxonomy":"product_cat","embeddable":true,"href":"https:\/\/biblio1.mdp.edu.ar\/centro-ventas\/wp-json\/wp\/v2\/product_cat?post=3898"},{"taxonomy":"product_tag","embeddable":true,"href":"https:\/\/biblio1.mdp.edu.ar\/centro-ventas\/wp-json\/wp\/v2\/product_tag?post=3898"}],"curies":[{"name":"wp","href":"https:\/\/api.w.org\/{rel}","templated":true}]}}