{"id":3889,"date":"2025-10-16T15:38:46","date_gmt":"2025-10-16T18:38:46","guid":{"rendered":"https:\/\/biblio1.mdp.edu.ar\/centro-ventas\/?post_type=product&#038;p=3889"},"modified":"2025-10-16T15:43:15","modified_gmt":"2025-10-16T18:43:15","slug":"la-construccion-del-espacio-urbano","status":"publish","type":"product","link":"https:\/\/biblio1.mdp.edu.ar\/centro-ventas\/producto\/la-construccion-del-espacio-urbano\/","title":{"rendered":"La construcci\u00f3n del espacio urbano. Sus caracter\u00edsticas en el \u00e1rea metropolitana de Buenos Aires"},"content":{"rendered":"<p>El proceso de construcci\u00f3n de la ciudad es el n\u00facleo de este estudio. Se lo observa como parte de un proceso amplio, que tiene lugar en un espacio geogr\u00e1fico, donde los actores sociales van construyendo, en el marco de las relaciones de reproducci\u00f3n social, su lugar de vida, su lugar de trabajo, su entorno sociocultural, su econom\u00eda. El centro del trabajo no es entonces, como en los estudios positivistas, los diversos problemas urbanos aislados (de transporte, planificaci\u00f3n, etc.), sino que, en esta lectura, la ciudad aparece contextualmente como obra de los actores a lo largo de la reproducci\u00f3n de sus vidas en un lugar y, en el marco de los procesos generales que la envuelven. En ese marco complejo nos situamos para el estudio de la ciudad. El resultado de este an\u00e1lisis es una lectura in\u00e9dita del territorio construido por los actores sociales en un lugar donde se generan mecanismos para sobrevivir, trabajar, funcionar, sostenerse y transformarse y, donde las acciones de los distintos grupos sociales, el orden territorial, la diferenciaci\u00f3n social, comienzan a encontrar sentido en el contexto de la reproducci\u00f3n de la vida que all\u00ed se realiza.<\/p>\n","protected":false},"excerpt":{"rendered":"<p>El proceso de construcci\u00f3n de la ciudad es el n\u00facleo de este estudio. Se lo observa como parte de un proceso amplio, que tiene lugar en un espacio geogr\u00e1fico, donde los actores sociales van construyendo, en el marco de las relaciones de reproducci\u00f3n social, su lugar de vida, su lugar de trabajo, su entorno sociocultural, [&hellip;]<\/p>\n","protected":false},"featured_media":3890,"template":"","meta":{"_acf_changed":false,"_eb_attr":"","_crdt_document":"","_uag_custom_page_level_css":"","_editorskit_title_hidden":false,"_editorskit_reading_time":0,"_editorskit_is_block_options_detached":false,"_editorskit_block_options_position":"{}","site-sidebar-layout":"default","site-content-layout":"","ast-site-content-layout":"default","site-content-style":"default","site-sidebar-style":"default","ast-global-header-display":"","ast-banner-title-visibility":"","ast-main-header-display":"","ast-hfb-above-header-display":"","ast-hfb-below-header-display":"","ast-hfb-mobile-header-display":"","site-post-title":"","ast-breadcrumbs-content":"","ast-featured-img":"","footer-sml-layout":"","ast-disable-related-posts":"","theme-transparent-header-meta":"default","adv-header-id-meta":"","stick-header-meta":"","header-above-stick-meta":"","header-main-stick-meta":"","header-below-stick-meta":"","astra-migrate-meta-layouts":"set","ast-page-background-enabled":"default","ast-page-background-meta":{"desktop":{"background-color":"var(--ast-global-color-4)","background-image":"","background-repeat":"repeat","background-position":"center center","background-size":"auto","background-attachment":"scroll","background-type":"","background-media":"","overlay-type":"","overlay-color":"","overlay-opacity":"","overlay-gradient":""},"tablet":{"background-color":"","background-image":"","background-repeat":"repeat","background-position":"center center","background-size":"auto","background-attachment":"scroll","background-type":"","background-media":"","overlay-type":"","overlay-color":"","overlay-opacity":"","overlay-gradient":""},"mobile":{"background-color":"","background-image":"","background-repeat":"repeat","background-position":"center center","background-size":"auto","background-attachment":"scroll","background-type":"","background-media":"","overlay-type":"","overlay-color":"","overlay-opacity":"","overlay-gradient":""}},"ast-content-background-meta":{"desktop":{"background-color":"var(--ast-global-color-5)","background-image":"","background-repeat":"repeat","background-position":"center center","background-size":"auto","background-attachment":"scroll","background-type":"","background-media":"","overlay-type":"","overlay-color":"","overlay-opacity":"","overlay-gradient":""},"tablet":{"background-color":"var(--ast-global-color-5)","background-image":"","background-repeat":"repeat","background-position":"center center","background-size":"auto","background-attachment":"scroll","background-type":"","background-media":"","overlay-type":"","overlay-color":"","overlay-opacity":"","overlay-gradient":""},"mobile":{"background-color":"var(--ast-global-color-5)","background-image":"","background-repeat":"repeat","background-position":"center center","background-size":"auto","background-attachment":"scroll","background-type":"","background-media":"","overlay-type":"","overlay-color":"","overlay-opacity":"","overlay-gradient":""}}},"product_cat":[28,662],"product_tag":[719],"class_list":{"0":"post-3889","1":"product","2":"type-product","3":"status-publish","4":"has-post-thumbnail","6":"product_cat-libro","7":"product_cat-ungs","8":"product_tag-urbanismo","9":"desktop-align-left","10":"tablet-align-left","11":"mobile-align-left","13":"first","14":"instock","15":"shipping-taxable","16":"purchasable","17":"product-type-simple"},"acf":[],"uagb_featured_image_src":{"full":["https:\/\/biblio1.mdp.edu.ar\/centro-ventas\/wp-content\/uploads\/sites\/2\/2025\/10\/UCI-CoedCM0812.jpg",590,826,false],"thumbnail":["https:\/\/biblio1.mdp.edu.ar\/centro-ventas\/wp-content\/uploads\/sites\/2\/2025\/10\/UCI-CoedCM0812-150x150.jpg",150,150,true],"medium":["https:\/\/biblio1.mdp.edu.ar\/centro-ventas\/wp-content\/uploads\/sites\/2\/2025\/10\/UCI-CoedCM0812-214x300.jpg",214,300,true],"medium_large":["https:\/\/biblio1.mdp.edu.ar\/centro-ventas\/wp-content\/uploads\/sites\/2\/2025\/10\/UCI-CoedCM0812.jpg",590,826,false],"large":["https:\/\/biblio1.mdp.edu.ar\/centro-ventas\/wp-content\/uploads\/sites\/2\/2025\/10\/UCI-CoedCM0812.jpg",590,826,false],"1536x1536":["https:\/\/biblio1.mdp.edu.ar\/centro-ventas\/wp-content\/uploads\/sites\/2\/2025\/10\/UCI-CoedCM0812.jpg",590,826,false],"2048x2048":["https:\/\/biblio1.mdp.edu.ar\/centro-ventas\/wp-content\/uploads\/sites\/2\/2025\/10\/UCI-CoedCM0812.jpg",590,826,false],"woocommerce_thumbnail":["https:\/\/biblio1.mdp.edu.ar\/centro-ventas\/wp-content\/uploads\/sites\/2\/2025\/10\/UCI-CoedCM0812-300x420.jpg",300,420,true],"woocommerce_single":["https:\/\/biblio1.mdp.edu.ar\/centro-ventas\/wp-content\/uploads\/sites\/2\/2025\/10\/UCI-CoedCM0812.jpg",590,826,false],"woocommerce_gallery_thumbnail":["https:\/\/biblio1.mdp.edu.ar\/centro-ventas\/wp-content\/uploads\/sites\/2\/2025\/10\/UCI-CoedCM0812-100x100.jpg",100,100,true]},"uagb_author_info":{"display_name":"Cristina Bernabe","author_link":"https:\/\/biblio1.mdp.edu.ar\/centro-ventas\/author\/"},"uagb_comment_info":0,"uagb_excerpt":"El proceso de construcci\u00f3n de la ciudad es el n\u00facleo de este estudio. Se lo observa como parte de un proceso amplio, que tiene lugar en un espacio geogr\u00e1fico, donde los actores sociales van construyendo, en el marco de las relaciones de reproducci\u00f3n social, su lugar de vida, su lugar de trabajo, su entorno sociocultural,&hellip;","_links":{"self":[{"href":"https:\/\/biblio1.mdp.edu.ar\/centro-ventas\/wp-json\/wp\/v2\/product\/3889","targetHints":{"allow":["GET"]}}],"collection":[{"href":"https:\/\/biblio1.mdp.edu.ar\/centro-ventas\/wp-json\/wp\/v2\/product"}],"about":[{"href":"https:\/\/biblio1.mdp.edu.ar\/centro-ventas\/wp-json\/wp\/v2\/types\/product"}],"wp:featuredmedia":[{"embeddable":true,"href":"https:\/\/biblio1.mdp.edu.ar\/centro-ventas\/wp-json\/wp\/v2\/media\/3890"}],"wp:attachment":[{"href":"https:\/\/biblio1.mdp.edu.ar\/centro-ventas\/wp-json\/wp\/v2\/media?parent=3889"}],"wp:term":[{"taxonomy":"product_cat","embeddable":true,"href":"https:\/\/biblio1.mdp.edu.ar\/centro-ventas\/wp-json\/wp\/v2\/product_cat?post=3889"},{"taxonomy":"product_tag","embeddable":true,"href":"https:\/\/biblio1.mdp.edu.ar\/centro-ventas\/wp-json\/wp\/v2\/product_tag?post=3889"}],"curies":[{"name":"wp","href":"https:\/\/api.w.org\/{rel}","templated":true}]}}