{"id":3882,"date":"2025-10-09T16:01:18","date_gmt":"2025-10-09T19:01:18","guid":{"rendered":"https:\/\/biblio1.mdp.edu.ar\/centro-ventas\/?post_type=product&#038;p=3882"},"modified":"2025-10-09T16:06:59","modified_gmt":"2025-10-09T19:06:59","slug":"daniel-azpiazu-siempre-asi-2","status":"publish","type":"product","link":"https:\/\/biblio1.mdp.edu.ar\/centro-ventas\/producto\/daniel-azpiazu-siempre-asi-2\/","title":{"rendered":"Daniel Azpiazu &#8211; Siempre as\u00ed"},"content":{"rendered":"<div class=\"alinear-boton\">\n<div class=\"libroDetalle introColecciones\">\n<div class=\"sinopsisLibro\">\n<p>Daniel Azpiazu fue un estudioso relevante de los movimientos y las transformaciones de la econom\u00eda argentina, y despleg\u00f3 una tarea particularmente destacable de ense\u00f1anza, formaci\u00f3n de investigadores j\u00f3venes e iluminaci\u00f3n de los espacios p\u00fablicos de discusi\u00f3n sobre los caminos del desarrollo nacional. Fue investigador principal del Consejo Nacional de Investigaciones Cient\u00edficas y T\u00e9cnicas (CONICET) y de la Facultad Latinoamericana de Ciencias Sociales (FLACSO), y consultor externo de instituciones y organismos como el PNUD, la CEPAL, el ILPES, la OEA, la OIT, el GTZ de Alemania y la JICA de Jap\u00f3n. Su producci\u00f3n te\u00f3rica se orient\u00f3, sobre todo, hacia la investigaci\u00f3n de los problemas industriales. Durante los a\u00f1os 90 fue muy cr\u00edtico de los procesos de desregulaci\u00f3n econ\u00f3mica y las pol\u00edticas neoliberales, y se\u00f1al\u00f3 con honestidad pol\u00edtica y energ\u00eda las consecuencias que iban a tener esas estrategias. Azpiazu tuvo una participaci\u00f3n importante en la formaci\u00f3n de los equipos de trabajo y en el dise\u00f1o de las l\u00edneas de investigaci\u00f3n y de ense\u00f1anza de la Universidad Nacional de General Sarmiento, y la influencia de sus ideas es visible tambi\u00e9n en el programa de trabajo que se ha dado ahora la mucho m\u00e1s joven Universidad Nacional de Tierra del Fuego. Unidas por todo tipo de lazos personales, intelectuales y program\u00e1ticos, estas dos instituciones quieren rendir conjuntamente a Azpiazu el homenaje de las reflexiones que recogen las p\u00e1ginas del presente libro: la semblanza acerca del autor y su obra que propone Mart\u00edn Schorr, las consideraciones de Karina Forcinito referentes a los aportes de Azpiazu a la comprensi\u00f3n del problema del impacto de la privatizaci\u00f3n de las empresas estatales argentinas, los pareceres de Ricardo Aronskind en relaci\u00f3n con la ense\u00f1anza que nos deja el tipo de actitud de Azpiazu como intelectual, y los comentarios de Roberto Domecq sobre las investigaciones de Azpiazu acerca de las caracter\u00edsticas del desarrollo industrial reciente del pa\u00eds.<\/p>\n<\/div>\n<\/div>\n<div class=\"libroDetalle introColecciones\">\n<div class=\"sinopsisLibro\">\n<p>&nbsp;<\/p>\n<\/div>\n<\/div>\n<\/div>\n<section id=\"tapa\" class=\"modal\">\n<div class=\"modal-container\"><\/div>\n<\/section>\n","protected":false},"excerpt":{"rendered":"<p>Daniel Azpiazu fue un estudioso relevante de los movimientos y las transformaciones de la econom\u00eda argentina, y despleg\u00f3 una tarea particularmente destacable de ense\u00f1anza, formaci\u00f3n de investigadores j\u00f3venes e iluminaci\u00f3n de los espacios p\u00fablicos de discusi\u00f3n sobre los caminos del desarrollo nacional. Fue investigador principal del Consejo Nacional de Investigaciones Cient\u00edficas y T\u00e9cnicas (CONICET) y [&hellip;]<\/p>\n","protected":false},"featured_media":3884,"template":"","meta":{"_acf_changed":false,"_eb_attr":"","_crdt_document":"","_uag_custom_page_level_css":"","_editorskit_title_hidden":false,"_editorskit_reading_time":0,"_editorskit_is_block_options_detached":false,"_editorskit_block_options_position":"{}","site-sidebar-layout":"default","site-content-layout":"","ast-site-content-layout":"default","site-content-style":"default","site-sidebar-style":"default","ast-global-header-display":"","ast-banner-title-visibility":"","ast-main-header-display":"","ast-hfb-above-header-display":"","ast-hfb-below-header-display":"","ast-hfb-mobile-header-display":"","site-post-title":"","ast-breadcrumbs-content":"","ast-featured-img":"","footer-sml-layout":"","ast-disable-related-posts":"","theme-transparent-header-meta":"default","adv-header-id-meta":"","stick-header-meta":"","header-above-stick-meta":"","header-main-stick-meta":"","header-below-stick-meta":"","astra-migrate-meta-layouts":"set","ast-page-background-enabled":"default","ast-page-background-meta":{"desktop":{"background-color":"var(--ast-global-color-4)","background-image":"","background-repeat":"repeat","background-position":"center center","background-size":"auto","background-attachment":"scroll","background-type":"","background-media":"","overlay-type":"","overlay-color":"","overlay-opacity":"","overlay-gradient":""},"tablet":{"background-color":"","background-image":"","background-repeat":"repeat","background-position":"center center","background-size":"auto","background-attachment":"scroll","background-type":"","background-media":"","overlay-type":"","overlay-color":"","overlay-opacity":"","overlay-gradient":""},"mobile":{"background-color":"","background-image":"","background-repeat":"repeat","background-position":"center center","background-size":"auto","background-attachment":"scroll","background-type":"","background-media":"","overlay-type":"","overlay-color":"","overlay-opacity":"","overlay-gradient":""}},"ast-content-background-meta":{"desktop":{"background-color":"var(--ast-global-color-5)","background-image":"","background-repeat":"repeat","background-position":"center center","background-size":"auto","background-attachment":"scroll","background-type":"","background-media":"","overlay-type":"","overlay-color":"","overlay-opacity":"","overlay-gradient":""},"tablet":{"background-color":"var(--ast-global-color-5)","background-image":"","background-repeat":"repeat","background-position":"center center","background-size":"auto","background-attachment":"scroll","background-type":"","background-media":"","overlay-type":"","overlay-color":"","overlay-opacity":"","overlay-gradient":""},"mobile":{"background-color":"var(--ast-global-color-5)","background-image":"","background-repeat":"repeat","background-position":"center center","background-size":"auto","background-attachment":"scroll","background-type":"","background-media":"","overlay-type":"","overlay-color":"","overlay-opacity":"","overlay-gradient":""}}},"product_cat":[28,662],"product_tag":[234],"class_list":{"0":"post-3882","1":"product","2":"type-product","3":"status-publish","4":"has-post-thumbnail","6":"product_cat-libro","7":"product_cat-ungs","8":"product_tag-economia","9":"desktop-align-left","10":"tablet-align-left","11":"mobile-align-left","13":"first","14":"instock","15":"shipping-taxable","16":"purchasable","17":"product-type-simple"},"acf":[],"uagb_featured_image_src":{"full":["https:\/\/biblio1.mdp.edu.ar\/centro-ventas\/wp-content\/uploads\/sites\/2\/2025\/10\/UCI-TI08.jpg",590,826,false],"thumbnail":["https:\/\/biblio1.mdp.edu.ar\/centro-ventas\/wp-content\/uploads\/sites\/2\/2025\/10\/UCI-TI08-150x150.jpg",150,150,true],"medium":["https:\/\/biblio1.mdp.edu.ar\/centro-ventas\/wp-content\/uploads\/sites\/2\/2025\/10\/UCI-TI08-214x300.jpg",214,300,true],"medium_large":["https:\/\/biblio1.mdp.edu.ar\/centro-ventas\/wp-content\/uploads\/sites\/2\/2025\/10\/UCI-TI08.jpg",590,826,false],"large":["https:\/\/biblio1.mdp.edu.ar\/centro-ventas\/wp-content\/uploads\/sites\/2\/2025\/10\/UCI-TI08.jpg",590,826,false],"1536x1536":["https:\/\/biblio1.mdp.edu.ar\/centro-ventas\/wp-content\/uploads\/sites\/2\/2025\/10\/UCI-TI08.jpg",590,826,false],"2048x2048":["https:\/\/biblio1.mdp.edu.ar\/centro-ventas\/wp-content\/uploads\/sites\/2\/2025\/10\/UCI-TI08.jpg",590,826,false],"woocommerce_thumbnail":["https:\/\/biblio1.mdp.edu.ar\/centro-ventas\/wp-content\/uploads\/sites\/2\/2025\/10\/UCI-TI08-300x420.jpg",300,420,true],"woocommerce_single":["https:\/\/biblio1.mdp.edu.ar\/centro-ventas\/wp-content\/uploads\/sites\/2\/2025\/10\/UCI-TI08.jpg",590,826,false],"woocommerce_gallery_thumbnail":["https:\/\/biblio1.mdp.edu.ar\/centro-ventas\/wp-content\/uploads\/sites\/2\/2025\/10\/UCI-TI08-100x100.jpg",100,100,true]},"uagb_author_info":{"display_name":"Cristina Bernabe","author_link":"https:\/\/biblio1.mdp.edu.ar\/centro-ventas\/author\/"},"uagb_comment_info":0,"uagb_excerpt":"Daniel Azpiazu fue un estudioso relevante de los movimientos y las transformaciones de la econom\u00eda argentina, y despleg\u00f3 una tarea particularmente destacable de ense\u00f1anza, formaci\u00f3n de investigadores j\u00f3venes e iluminaci\u00f3n de los espacios p\u00fablicos de discusi\u00f3n sobre los caminos del desarrollo nacional. Fue investigador principal del Consejo Nacional de Investigaciones Cient\u00edficas y T\u00e9cnicas (CONICET) y&hellip;","_links":{"self":[{"href":"https:\/\/biblio1.mdp.edu.ar\/centro-ventas\/wp-json\/wp\/v2\/product\/3882","targetHints":{"allow":["GET"]}}],"collection":[{"href":"https:\/\/biblio1.mdp.edu.ar\/centro-ventas\/wp-json\/wp\/v2\/product"}],"about":[{"href":"https:\/\/biblio1.mdp.edu.ar\/centro-ventas\/wp-json\/wp\/v2\/types\/product"}],"wp:featuredmedia":[{"embeddable":true,"href":"https:\/\/biblio1.mdp.edu.ar\/centro-ventas\/wp-json\/wp\/v2\/media\/3884"}],"wp:attachment":[{"href":"https:\/\/biblio1.mdp.edu.ar\/centro-ventas\/wp-json\/wp\/v2\/media?parent=3882"}],"wp:term":[{"taxonomy":"product_cat","embeddable":true,"href":"https:\/\/biblio1.mdp.edu.ar\/centro-ventas\/wp-json\/wp\/v2\/product_cat?post=3882"},{"taxonomy":"product_tag","embeddable":true,"href":"https:\/\/biblio1.mdp.edu.ar\/centro-ventas\/wp-json\/wp\/v2\/product_tag?post=3882"}],"curies":[{"name":"wp","href":"https:\/\/api.w.org\/{rel}","templated":true}]}}