{"id":3869,"date":"2025-10-08T14:51:18","date_gmt":"2025-10-08T17:51:18","guid":{"rendered":"https:\/\/biblio1.mdp.edu.ar\/centro-ventas\/?post_type=product&#038;p=3869"},"modified":"2025-10-08T14:52:34","modified_gmt":"2025-10-08T17:52:34","slug":"interdiscursividades-de-hegemonias-y-disidencias","status":"publish","type":"product","link":"https:\/\/biblio1.mdp.edu.ar\/centro-ventas\/producto\/interdiscursividades-de-hegemonias-y-disidencias\/","title":{"rendered":"Interdiscursividades de Hegemon\u00edas Y Disidencias"},"content":{"rendered":"<p>En momentos en los que el discurso se ha constituido en objeto insoslayable de las diversas disciplinas sociales, su an\u00e1lisis impone una aproximaci\u00f3n interdisciplinaria. El enfoque sociodiscursivo, tal como lo plantea Marc Angenot en este conjunto de trabajos, es el resultado de esa movilizaci\u00f3n generalizada en el campo de las ciencias sociales. Por tal motivo resulta indispensable recoger y conciliar los m\u00faltiples aportes disciplinarios dentro de lo que el autor belga llama una Pragm\u00e1tica sociohist\u00f3rica. Su teor\u00eda del discurso lo lleva a afirmar que el \u00fanico objeto posible de la semi\u00f3tica es una ciencia hist\u00f3rica y social de las maneras de conocer y de representar lo conocido y que esas maneras de conocer est\u00e1n ligadas a una funci\u00f3n, a una praxis. Acorde con esta l\u00ednea te\u00f3rica, Angenot desarrolla una suerte de gnoseolog\u00eda social, orientada a dar cuenta de la particular construcci\u00f3n del mundo efectuada por cada sociedad. En funci\u00f3n de este marco conceptual, la significaci\u00f3n de cualquier objeto debe surgir de la interacci\u00f3n simb\u00f3lica global.<\/p>\n","protected":false},"excerpt":{"rendered":"<p>En momentos en los que el discurso se ha constituido en objeto insoslayable de las diversas disciplinas sociales, su an\u00e1lisis impone una aproximaci\u00f3n interdisciplinaria. El enfoque sociodiscursivo, tal como lo plantea Marc Angenot en este conjunto de trabajos, es el resultado de esa movilizaci\u00f3n generalizada en el campo de las ciencias sociales. Por tal motivo [&hellip;]<\/p>\n","protected":false},"featured_media":3870,"template":"","meta":{"_acf_changed":false,"_eb_attr":"","_crdt_document":"","_uag_custom_page_level_css":"","_editorskit_title_hidden":false,"_editorskit_reading_time":0,"_editorskit_is_block_options_detached":false,"_editorskit_block_options_position":"{}","site-sidebar-layout":"default","site-content-layout":"","ast-site-content-layout":"default","site-content-style":"default","site-sidebar-style":"default","ast-global-header-display":"","ast-banner-title-visibility":"","ast-main-header-display":"","ast-hfb-above-header-display":"","ast-hfb-below-header-display":"","ast-hfb-mobile-header-display":"","site-post-title":"","ast-breadcrumbs-content":"","ast-featured-img":"","footer-sml-layout":"","ast-disable-related-posts":"","theme-transparent-header-meta":"default","adv-header-id-meta":"","stick-header-meta":"","header-above-stick-meta":"","header-main-stick-meta":"","header-below-stick-meta":"","astra-migrate-meta-layouts":"set","ast-page-background-enabled":"default","ast-page-background-meta":{"desktop":{"background-color":"var(--ast-global-color-4)","background-image":"","background-repeat":"repeat","background-position":"center center","background-size":"auto","background-attachment":"scroll","background-type":"","background-media":"","overlay-type":"","overlay-color":"","overlay-opacity":"","overlay-gradient":""},"tablet":{"background-color":"","background-image":"","background-repeat":"repeat","background-position":"center center","background-size":"auto","background-attachment":"scroll","background-type":"","background-media":"","overlay-type":"","overlay-color":"","overlay-opacity":"","overlay-gradient":""},"mobile":{"background-color":"","background-image":"","background-repeat":"repeat","background-position":"center center","background-size":"auto","background-attachment":"scroll","background-type":"","background-media":"","overlay-type":"","overlay-color":"","overlay-opacity":"","overlay-gradient":""}},"ast-content-background-meta":{"desktop":{"background-color":"var(--ast-global-color-5)","background-image":"","background-repeat":"repeat","background-position":"center center","background-size":"auto","background-attachment":"scroll","background-type":"","background-media":"","overlay-type":"","overlay-color":"","overlay-opacity":"","overlay-gradient":""},"tablet":{"background-color":"var(--ast-global-color-5)","background-image":"","background-repeat":"repeat","background-position":"center center","background-size":"auto","background-attachment":"scroll","background-type":"","background-media":"","overlay-type":"","overlay-color":"","overlay-opacity":"","overlay-gradient":""},"mobile":{"background-color":"var(--ast-global-color-5)","background-image":"","background-repeat":"repeat","background-position":"center center","background-size":"auto","background-attachment":"scroll","background-type":"","background-media":"","overlay-type":"","overlay-color":"","overlay-opacity":"","overlay-gradient":""}}},"product_cat":[28,680],"product_tag":[393,394],"class_list":{"0":"post-3869","1":"product","2":"type-product","3":"status-publish","4":"has-post-thumbnail","6":"product_cat-libro","7":"product_cat-unc","8":"product_tag-linguistica","9":"product_tag-sociologia","10":"desktop-align-left","11":"tablet-align-left","12":"mobile-align-left","14":"first","15":"instock","16":"shipping-taxable","17":"purchasable","18":"product-type-simple"},"acf":[],"uagb_featured_image_src":{"full":["https:\/\/biblio1.mdp.edu.ar\/centro-ventas\/wp-content\/uploads\/sites\/2\/2025\/10\/interdiscursividades-de-hegemonias-y-disidencias.jpg",381,492,false],"thumbnail":["https:\/\/biblio1.mdp.edu.ar\/centro-ventas\/wp-content\/uploads\/sites\/2\/2025\/10\/interdiscursividades-de-hegemonias-y-disidencias-150x150.jpg",150,150,true],"medium":["https:\/\/biblio1.mdp.edu.ar\/centro-ventas\/wp-content\/uploads\/sites\/2\/2025\/10\/interdiscursividades-de-hegemonias-y-disidencias-232x300.jpg",232,300,true],"medium_large":["https:\/\/biblio1.mdp.edu.ar\/centro-ventas\/wp-content\/uploads\/sites\/2\/2025\/10\/interdiscursividades-de-hegemonias-y-disidencias.jpg",381,492,false],"large":["https:\/\/biblio1.mdp.edu.ar\/centro-ventas\/wp-content\/uploads\/sites\/2\/2025\/10\/interdiscursividades-de-hegemonias-y-disidencias.jpg",381,492,false],"1536x1536":["https:\/\/biblio1.mdp.edu.ar\/centro-ventas\/wp-content\/uploads\/sites\/2\/2025\/10\/interdiscursividades-de-hegemonias-y-disidencias.jpg",381,492,false],"2048x2048":["https:\/\/biblio1.mdp.edu.ar\/centro-ventas\/wp-content\/uploads\/sites\/2\/2025\/10\/interdiscursividades-de-hegemonias-y-disidencias.jpg",381,492,false],"woocommerce_thumbnail":["https:\/\/biblio1.mdp.edu.ar\/centro-ventas\/wp-content\/uploads\/sites\/2\/2025\/10\/interdiscursividades-de-hegemonias-y-disidencias-300x387.jpg",300,387,true],"woocommerce_single":["https:\/\/biblio1.mdp.edu.ar\/centro-ventas\/wp-content\/uploads\/sites\/2\/2025\/10\/interdiscursividades-de-hegemonias-y-disidencias.jpg",381,492,false],"woocommerce_gallery_thumbnail":["https:\/\/biblio1.mdp.edu.ar\/centro-ventas\/wp-content\/uploads\/sites\/2\/2025\/10\/interdiscursividades-de-hegemonias-y-disidencias-100x100.jpg",100,100,true]},"uagb_author_info":{"display_name":"Cristina Bernabe","author_link":"https:\/\/biblio1.mdp.edu.ar\/centro-ventas\/author\/"},"uagb_comment_info":0,"uagb_excerpt":"En momentos en los que el discurso se ha constituido en objeto insoslayable de las diversas disciplinas sociales, su an\u00e1lisis impone una aproximaci\u00f3n interdisciplinaria. El enfoque sociodiscursivo, tal como lo plantea Marc Angenot en este conjunto de trabajos, es el resultado de esa movilizaci\u00f3n generalizada en el campo de las ciencias sociales. Por tal motivo&hellip;","_links":{"self":[{"href":"https:\/\/biblio1.mdp.edu.ar\/centro-ventas\/wp-json\/wp\/v2\/product\/3869","targetHints":{"allow":["GET"]}}],"collection":[{"href":"https:\/\/biblio1.mdp.edu.ar\/centro-ventas\/wp-json\/wp\/v2\/product"}],"about":[{"href":"https:\/\/biblio1.mdp.edu.ar\/centro-ventas\/wp-json\/wp\/v2\/types\/product"}],"wp:featuredmedia":[{"embeddable":true,"href":"https:\/\/biblio1.mdp.edu.ar\/centro-ventas\/wp-json\/wp\/v2\/media\/3870"}],"wp:attachment":[{"href":"https:\/\/biblio1.mdp.edu.ar\/centro-ventas\/wp-json\/wp\/v2\/media?parent=3869"}],"wp:term":[{"taxonomy":"product_cat","embeddable":true,"href":"https:\/\/biblio1.mdp.edu.ar\/centro-ventas\/wp-json\/wp\/v2\/product_cat?post=3869"},{"taxonomy":"product_tag","embeddable":true,"href":"https:\/\/biblio1.mdp.edu.ar\/centro-ventas\/wp-json\/wp\/v2\/product_tag?post=3869"}],"curies":[{"name":"wp","href":"https:\/\/api.w.org\/{rel}","templated":true}]}}