{"id":3866,"date":"2025-10-08T14:21:23","date_gmt":"2025-10-08T17:21:23","guid":{"rendered":"https:\/\/biblio1.mdp.edu.ar\/centro-ventas\/?post_type=product&#038;p=3866"},"modified":"2025-10-08T14:22:02","modified_gmt":"2025-10-08T17:22:02","slug":"el-discurso-afroargentino-otra-dimension-de-la-diaspora-negra","status":"publish","type":"product","link":"https:\/\/biblio1.mdp.edu.ar\/centro-ventas\/producto\/el-discurso-afroargentino-otra-dimension-de-la-diaspora-negra\/","title":{"rendered":"El discurso afroargentino otra dimensi\u00f3n de la di\u00e1spora negra"},"content":{"rendered":"<p>Este libro presenta un estudio cr\u00edtico con un enfoque hist\u00f3rico y literario del material escrito por autores argentinos de ascendencia africana a fines del siglo XIX y comienzos del XX. Lewis realiza un an\u00e1lisis pormenorizado de las notas period\u00edsticas y los poemas escritos por estos autores, a quienes la historia de la literatura argentina casi no registra. En el campo de los estudios literarios, este libro constituye una referencia fundamental para las investigaciones en un \u00e1rea que, si bien en los \u00faltimos a\u00f1os ha generado inter\u00e9s, continua siendo marginal dentro de la academia nacional. Asimismo, en el campo de los estudios culturales, este trabajo interpela ideas fundantes de la cultura argentina que han invisibilizado la presencia negra en nuestro pa\u00eds.<\/p>\n","protected":false},"excerpt":{"rendered":"<p>Este libro presenta un estudio cr\u00edtico con un enfoque hist\u00f3rico y literario del material escrito por autores argentinos de ascendencia africana a fines del siglo XIX y comienzos del XX. Lewis realiza un an\u00e1lisis pormenorizado de las notas period\u00edsticas y los poemas escritos por estos autores, a quienes la historia de la literatura argentina casi [&hellip;]<\/p>\n","protected":false},"featured_media":3867,"template":"","meta":{"_acf_changed":false,"_eb_attr":"","_crdt_document":"","_uag_custom_page_level_css":"","_editorskit_title_hidden":false,"_editorskit_reading_time":0,"_editorskit_is_block_options_detached":false,"_editorskit_block_options_position":"{}","site-sidebar-layout":"default","site-content-layout":"","ast-site-content-layout":"default","site-content-style":"default","site-sidebar-style":"default","ast-global-header-display":"","ast-banner-title-visibility":"","ast-main-header-display":"","ast-hfb-above-header-display":"","ast-hfb-below-header-display":"","ast-hfb-mobile-header-display":"","site-post-title":"","ast-breadcrumbs-content":"","ast-featured-img":"","footer-sml-layout":"","ast-disable-related-posts":"","theme-transparent-header-meta":"default","adv-header-id-meta":"","stick-header-meta":"","header-above-stick-meta":"","header-main-stick-meta":"","header-below-stick-meta":"","astra-migrate-meta-layouts":"set","ast-page-background-enabled":"default","ast-page-background-meta":{"desktop":{"background-color":"var(--ast-global-color-4)","background-image":"","background-repeat":"repeat","background-position":"center center","background-size":"auto","background-attachment":"scroll","background-type":"","background-media":"","overlay-type":"","overlay-color":"","overlay-opacity":"","overlay-gradient":""},"tablet":{"background-color":"","background-image":"","background-repeat":"repeat","background-position":"center center","background-size":"auto","background-attachment":"scroll","background-type":"","background-media":"","overlay-type":"","overlay-color":"","overlay-opacity":"","overlay-gradient":""},"mobile":{"background-color":"","background-image":"","background-repeat":"repeat","background-position":"center center","background-size":"auto","background-attachment":"scroll","background-type":"","background-media":"","overlay-type":"","overlay-color":"","overlay-opacity":"","overlay-gradient":""}},"ast-content-background-meta":{"desktop":{"background-color":"var(--ast-global-color-5)","background-image":"","background-repeat":"repeat","background-position":"center center","background-size":"auto","background-attachment":"scroll","background-type":"","background-media":"","overlay-type":"","overlay-color":"","overlay-opacity":"","overlay-gradient":""},"tablet":{"background-color":"var(--ast-global-color-5)","background-image":"","background-repeat":"repeat","background-position":"center center","background-size":"auto","background-attachment":"scroll","background-type":"","background-media":"","overlay-type":"","overlay-color":"","overlay-opacity":"","overlay-gradient":""},"mobile":{"background-color":"var(--ast-global-color-5)","background-image":"","background-repeat":"repeat","background-position":"center center","background-size":"auto","background-attachment":"scroll","background-type":"","background-media":"","overlay-type":"","overlay-color":"","overlay-opacity":"","overlay-gradient":""}}},"product_cat":[28,680],"product_tag":[712],"class_list":{"0":"post-3866","1":"product","2":"type-product","3":"status-publish","4":"has-post-thumbnail","6":"product_cat-libro","7":"product_cat-unc","8":"product_tag-analisis-literario","9":"desktop-align-left","10":"tablet-align-left","11":"mobile-align-left","13":"first","14":"instock","15":"shipping-taxable","16":"purchasable","17":"product-type-simple"},"acf":[],"uagb_featured_image_src":{"full":["https:\/\/biblio1.mdp.edu.ar\/centro-ventas\/wp-content\/uploads\/sites\/2\/2025\/10\/el-discurso-afroargentino-otra-dimension-de-la-diaspora-negra.jpg",381,492,false],"thumbnail":["https:\/\/biblio1.mdp.edu.ar\/centro-ventas\/wp-content\/uploads\/sites\/2\/2025\/10\/el-discurso-afroargentino-otra-dimension-de-la-diaspora-negra-150x150.jpg",150,150,true],"medium":["https:\/\/biblio1.mdp.edu.ar\/centro-ventas\/wp-content\/uploads\/sites\/2\/2025\/10\/el-discurso-afroargentino-otra-dimension-de-la-diaspora-negra-232x300.jpg",232,300,true],"medium_large":["https:\/\/biblio1.mdp.edu.ar\/centro-ventas\/wp-content\/uploads\/sites\/2\/2025\/10\/el-discurso-afroargentino-otra-dimension-de-la-diaspora-negra.jpg",381,492,false],"large":["https:\/\/biblio1.mdp.edu.ar\/centro-ventas\/wp-content\/uploads\/sites\/2\/2025\/10\/el-discurso-afroargentino-otra-dimension-de-la-diaspora-negra.jpg",381,492,false],"1536x1536":["https:\/\/biblio1.mdp.edu.ar\/centro-ventas\/wp-content\/uploads\/sites\/2\/2025\/10\/el-discurso-afroargentino-otra-dimension-de-la-diaspora-negra.jpg",381,492,false],"2048x2048":["https:\/\/biblio1.mdp.edu.ar\/centro-ventas\/wp-content\/uploads\/sites\/2\/2025\/10\/el-discurso-afroargentino-otra-dimension-de-la-diaspora-negra.jpg",381,492,false],"woocommerce_thumbnail":["https:\/\/biblio1.mdp.edu.ar\/centro-ventas\/wp-content\/uploads\/sites\/2\/2025\/10\/el-discurso-afroargentino-otra-dimension-de-la-diaspora-negra-300x387.jpg",300,387,true],"woocommerce_single":["https:\/\/biblio1.mdp.edu.ar\/centro-ventas\/wp-content\/uploads\/sites\/2\/2025\/10\/el-discurso-afroargentino-otra-dimension-de-la-diaspora-negra.jpg",381,492,false],"woocommerce_gallery_thumbnail":["https:\/\/biblio1.mdp.edu.ar\/centro-ventas\/wp-content\/uploads\/sites\/2\/2025\/10\/el-discurso-afroargentino-otra-dimension-de-la-diaspora-negra-100x100.jpg",100,100,true]},"uagb_author_info":{"display_name":"Cristina Bernabe","author_link":"https:\/\/biblio1.mdp.edu.ar\/centro-ventas\/author\/"},"uagb_comment_info":0,"uagb_excerpt":"Este libro presenta un estudio cr\u00edtico con un enfoque hist\u00f3rico y literario del material escrito por autores argentinos de ascendencia africana a fines del siglo XIX y comienzos del XX. Lewis realiza un an\u00e1lisis pormenorizado de las notas period\u00edsticas y los poemas escritos por estos autores, a quienes la historia de la literatura argentina casi&hellip;","_links":{"self":[{"href":"https:\/\/biblio1.mdp.edu.ar\/centro-ventas\/wp-json\/wp\/v2\/product\/3866","targetHints":{"allow":["GET"]}}],"collection":[{"href":"https:\/\/biblio1.mdp.edu.ar\/centro-ventas\/wp-json\/wp\/v2\/product"}],"about":[{"href":"https:\/\/biblio1.mdp.edu.ar\/centro-ventas\/wp-json\/wp\/v2\/types\/product"}],"wp:featuredmedia":[{"embeddable":true,"href":"https:\/\/biblio1.mdp.edu.ar\/centro-ventas\/wp-json\/wp\/v2\/media\/3867"}],"wp:attachment":[{"href":"https:\/\/biblio1.mdp.edu.ar\/centro-ventas\/wp-json\/wp\/v2\/media?parent=3866"}],"wp:term":[{"taxonomy":"product_cat","embeddable":true,"href":"https:\/\/biblio1.mdp.edu.ar\/centro-ventas\/wp-json\/wp\/v2\/product_cat?post=3866"},{"taxonomy":"product_tag","embeddable":true,"href":"https:\/\/biblio1.mdp.edu.ar\/centro-ventas\/wp-json\/wp\/v2\/product_tag?post=3866"}],"curies":[{"name":"wp","href":"https:\/\/api.w.org\/{rel}","templated":true}]}}