{"id":3864,"date":"2025-10-07T16:50:46","date_gmt":"2025-10-07T19:50:46","guid":{"rendered":"https:\/\/biblio1.mdp.edu.ar\/centro-ventas\/?post_type=product&#038;p=3864"},"modified":"2025-10-07T17:28:24","modified_gmt":"2025-10-07T20:28:24","slug":"trabajo-y-salud-mental-el-trabajo-las-instituciones-y-la-subjetividad","status":"publish","type":"product","link":"https:\/\/biblio1.mdp.edu.ar\/centro-ventas\/producto\/trabajo-y-salud-mental-el-trabajo-las-instituciones-y-la-subjetividad\/","title":{"rendered":"Trabajo y salud mental &#8211; El trabajo, las instituciones y la subjetividad"},"content":{"rendered":"<p>El trabajo puede ser fuente de realizaci\u00f3n personal y social, pero tambi\u00e9n de sufrimiento. Los textos que ponemos a disposici\u00f3n reflejan algunas de la problem\u00e1ticas que hemos observado en distintos espacios laborales. Situaciones que afectan tanto la salud mental como la salud en general de las mujeres y de los hombres en el trabajo.<br \/>\nLa apuesta es poner en discusi\u00f3n , la dimensi\u00f3n hist\u00f3rica y pol\u00edtica, los enfoques te\u00f3ricos, las miradas interdisciplinarias que dan cuenta de las de los fen\u00f3menos que atraviesan la organizaci\u00f3n del trabajo. El contexto institucional que sin duda impactan en el proceso de la salud\/enfermedad\/atenci\u00f3n de los trabajadores.<\/p>\n<p>Estas problem\u00e1ticas muchas veces son silenciadas, propiciando de esta manera el ocultamiento de los padeceres cotidianos de los trabajadores.<\/p>\n<p>No s\u00f3lo silenciadas, si no excluidas de los marcos regulatorios de los riesgos laborales.<\/p>\n<p>El desaf\u00edo se expresa en varios niveles: del conocimiento de los problemas y su abordaje; de darles visibilidad e incluirlos en la agenda social y finalmente en la lucha por la salud en el trabajo.<\/p>\n<p>Este texto fue una construcci\u00f3n colectiva y deseamos que se multipliquen este tipo de espacios, tanto foros como redes para contener con razones el derecho al trabajo.<\/p>\n","protected":false},"excerpt":{"rendered":"<p>El trabajo puede ser fuente de realizaci\u00f3n personal y social, pero tambi\u00e9n de sufrimiento. Los textos que ponemos a disposici\u00f3n reflejan algunas de la problem\u00e1ticas que hemos observado en distintos espacios laborales. Situaciones que afectan tanto la salud mental como la salud en general de las mujeres y de los hombres en el trabajo. La [&hellip;]<\/p>\n","protected":false},"featured_media":3865,"template":"","meta":{"_acf_changed":false,"_eb_attr":"","_crdt_document":"","_uag_custom_page_level_css":"","_editorskit_title_hidden":false,"_editorskit_reading_time":0,"_editorskit_is_block_options_detached":false,"_editorskit_block_options_position":"{}","site-sidebar-layout":"default","site-content-layout":"","ast-site-content-layout":"default","site-content-style":"default","site-sidebar-style":"default","ast-global-header-display":"","ast-banner-title-visibility":"","ast-main-header-display":"","ast-hfb-above-header-display":"","ast-hfb-below-header-display":"","ast-hfb-mobile-header-display":"","site-post-title":"","ast-breadcrumbs-content":"","ast-featured-img":"","footer-sml-layout":"","ast-disable-related-posts":"","theme-transparent-header-meta":"default","adv-header-id-meta":"","stick-header-meta":"","header-above-stick-meta":"","header-main-stick-meta":"","header-below-stick-meta":"","astra-migrate-meta-layouts":"set","ast-page-background-enabled":"default","ast-page-background-meta":{"desktop":{"background-color":"var(--ast-global-color-4)","background-image":"","background-repeat":"repeat","background-position":"center center","background-size":"auto","background-attachment":"scroll","background-type":"","background-media":"","overlay-type":"","overlay-color":"","overlay-opacity":"","overlay-gradient":""},"tablet":{"background-color":"","background-image":"","background-repeat":"repeat","background-position":"center center","background-size":"auto","background-attachment":"scroll","background-type":"","background-media":"","overlay-type":"","overlay-color":"","overlay-opacity":"","overlay-gradient":""},"mobile":{"background-color":"","background-image":"","background-repeat":"repeat","background-position":"center center","background-size":"auto","background-attachment":"scroll","background-type":"","background-media":"","overlay-type":"","overlay-color":"","overlay-opacity":"","overlay-gradient":""}},"ast-content-background-meta":{"desktop":{"background-color":"var(--ast-global-color-5)","background-image":"","background-repeat":"repeat","background-position":"center center","background-size":"auto","background-attachment":"scroll","background-type":"","background-media":"","overlay-type":"","overlay-color":"","overlay-opacity":"","overlay-gradient":""},"tablet":{"background-color":"var(--ast-global-color-5)","background-image":"","background-repeat":"repeat","background-position":"center center","background-size":"auto","background-attachment":"scroll","background-type":"","background-media":"","overlay-type":"","overlay-color":"","overlay-opacity":"","overlay-gradient":""},"mobile":{"background-color":"var(--ast-global-color-5)","background-image":"","background-repeat":"repeat","background-position":"center center","background-size":"auto","background-attachment":"scroll","background-type":"","background-media":"","overlay-type":"","overlay-color":"","overlay-opacity":"","overlay-gradient":""}}},"product_cat":[28,709],"product_tag":[711,710],"class_list":{"0":"post-3864","1":"product","2":"type-product","3":"status-publish","4":"has-post-thumbnail","6":"product_cat-libro","7":"product_cat-unirio","8":"product_tag-salud-en-el-trabajo","9":"product_tag-salud-mental","10":"desktop-align-left","11":"tablet-align-left","12":"mobile-align-left","14":"first","15":"instock","16":"featured","17":"shipping-taxable","18":"purchasable","19":"product-type-simple"},"acf":[],"uagb_featured_image_src":{"full":["https:\/\/biblio1.mdp.edu.ar\/centro-ventas\/wp-content\/uploads\/sites\/2\/2025\/10\/IMG_20251007_162620-scaled.jpg",1914,2560,false],"thumbnail":["https:\/\/biblio1.mdp.edu.ar\/centro-ventas\/wp-content\/uploads\/sites\/2\/2025\/10\/IMG_20251007_162620-150x150.jpg",150,150,true],"medium":["https:\/\/biblio1.mdp.edu.ar\/centro-ventas\/wp-content\/uploads\/sites\/2\/2025\/10\/IMG_20251007_162620-224x300.jpg",224,300,true],"medium_large":["https:\/\/biblio1.mdp.edu.ar\/centro-ventas\/wp-content\/uploads\/sites\/2\/2025\/10\/IMG_20251007_162620-768x1027.jpg",768,1027,true],"large":["https:\/\/biblio1.mdp.edu.ar\/centro-ventas\/wp-content\/uploads\/sites\/2\/2025\/10\/IMG_20251007_162620-766x1024.jpg",766,1024,true],"1536x1536":["https:\/\/biblio1.mdp.edu.ar\/centro-ventas\/wp-content\/uploads\/sites\/2\/2025\/10\/IMG_20251007_162620-1149x1536.jpg",1149,1536,true],"2048x2048":["https:\/\/biblio1.mdp.edu.ar\/centro-ventas\/wp-content\/uploads\/sites\/2\/2025\/10\/IMG_20251007_162620-1532x2048.jpg",1532,2048,true],"woocommerce_thumbnail":["https:\/\/biblio1.mdp.edu.ar\/centro-ventas\/wp-content\/uploads\/sites\/2\/2025\/10\/IMG_20251007_162620-300x401.jpg",300,401,true],"woocommerce_single":["https:\/\/biblio1.mdp.edu.ar\/centro-ventas\/wp-content\/uploads\/sites\/2\/2025\/10\/IMG_20251007_162620-600x802.jpg",600,802,true],"woocommerce_gallery_thumbnail":["https:\/\/biblio1.mdp.edu.ar\/centro-ventas\/wp-content\/uploads\/sites\/2\/2025\/10\/IMG_20251007_162620-100x100.jpg",100,100,true]},"uagb_author_info":{"display_name":"Cristina Bernabe","author_link":"https:\/\/biblio1.mdp.edu.ar\/centro-ventas\/author\/"},"uagb_comment_info":0,"uagb_excerpt":"El trabajo puede ser fuente de realizaci\u00f3n personal y social, pero tambi\u00e9n de sufrimiento. Los textos que ponemos a disposici\u00f3n reflejan algunas de la problem\u00e1ticas que hemos observado en distintos espacios laborales. Situaciones que afectan tanto la salud mental como la salud en general de las mujeres y de los hombres en el trabajo. La&hellip;","_links":{"self":[{"href":"https:\/\/biblio1.mdp.edu.ar\/centro-ventas\/wp-json\/wp\/v2\/product\/3864","targetHints":{"allow":["GET"]}}],"collection":[{"href":"https:\/\/biblio1.mdp.edu.ar\/centro-ventas\/wp-json\/wp\/v2\/product"}],"about":[{"href":"https:\/\/biblio1.mdp.edu.ar\/centro-ventas\/wp-json\/wp\/v2\/types\/product"}],"wp:featuredmedia":[{"embeddable":true,"href":"https:\/\/biblio1.mdp.edu.ar\/centro-ventas\/wp-json\/wp\/v2\/media\/3865"}],"wp:attachment":[{"href":"https:\/\/biblio1.mdp.edu.ar\/centro-ventas\/wp-json\/wp\/v2\/media?parent=3864"}],"wp:term":[{"taxonomy":"product_cat","embeddable":true,"href":"https:\/\/biblio1.mdp.edu.ar\/centro-ventas\/wp-json\/wp\/v2\/product_cat?post=3864"},{"taxonomy":"product_tag","embeddable":true,"href":"https:\/\/biblio1.mdp.edu.ar\/centro-ventas\/wp-json\/wp\/v2\/product_tag?post=3864"}],"curies":[{"name":"wp","href":"https:\/\/api.w.org\/{rel}","templated":true}]}}