{"id":3855,"date":"2025-10-06T15:10:00","date_gmt":"2025-10-06T18:10:00","guid":{"rendered":"https:\/\/biblio1.mdp.edu.ar\/centro-ventas\/?post_type=product&#038;p=3855"},"modified":"2025-10-06T15:15:49","modified_gmt":"2025-10-06T18:15:49","slug":"universidad-y-nacion","status":"publish","type":"product","link":"https:\/\/biblio1.mdp.edu.ar\/centro-ventas\/producto\/universidad-y-nacion\/","title":{"rendered":"Universidad y Naci\u00f3n"},"content":{"rendered":"<div class=\"wpb_text_column wpb_content_element vc_custom_1657046789598\">\n<div class=\"wpb_wrapper\"><span style=\"font-size: 16px\">La preocupaci\u00f3n central de este texto es qu\u00e9 Universidad queremos para una Argentina distinta. Durante d\u00e9cadas el autor se ha dedicado al mundo universitario y esa preocupaci\u00f3n principal se derrama en temas particulares como la acreditaci\u00f3n, el ingreso, la permanencia, la funci\u00f3n de la Universidad en un pa\u00eds perif\u00e9rico, la relaci\u00f3n entre conocimiento t\u00e9cnico y valores, la cr\u00edtica a la presunta despolitizaci\u00f3n, la exigencia de calidad con inclusi\u00f3n, las caracter\u00edsticas de la investigaci\u00f3n. Estos temas son encarados desde un supuesto muy sencillo: analizar la universidad no desde adentro hacia fuera si no desde afuera hacia adentro. Y el afuera no es el gobierno de turno sino la propia sociedad, tomada no tanto como una foto eterna sino en perspectiva en la que entra la realidad actual y el pa\u00eds so\u00f1ado. Esta exploraci\u00f3n atiende tambi\u00e9n a combatir el tradicional aislamiento que se le imputa a la instituciones de educaci\u00f3n superior, as\u00ed como atender a la especificidad de sus din\u00e1micas.<\/span><\/div>\n<\/div>\n","protected":false},"excerpt":{"rendered":"<p>La preocupaci\u00f3n central de este texto es qu\u00e9 Universidad queremos para una Argentina distinta. Durante d\u00e9cadas el autor se ha dedicado al mundo universitario y esa preocupaci\u00f3n principal se derrama en temas particulares como la acreditaci\u00f3n, el ingreso, la permanencia, la funci\u00f3n de la Universidad en un pa\u00eds perif\u00e9rico, la relaci\u00f3n entre conocimiento t\u00e9cnico y [&hellip;]<\/p>\n","protected":false},"featured_media":3856,"template":"","meta":{"_acf_changed":false,"_eb_attr":"","_crdt_document":"","_uag_custom_page_level_css":"","_editorskit_title_hidden":false,"_editorskit_reading_time":0,"_editorskit_is_block_options_detached":false,"_editorskit_block_options_position":"{}","site-sidebar-layout":"default","site-content-layout":"","ast-site-content-layout":"default","site-content-style":"default","site-sidebar-style":"default","ast-global-header-display":"","ast-banner-title-visibility":"","ast-main-header-display":"","ast-hfb-above-header-display":"","ast-hfb-below-header-display":"","ast-hfb-mobile-header-display":"","site-post-title":"","ast-breadcrumbs-content":"","ast-featured-img":"","footer-sml-layout":"","ast-disable-related-posts":"","theme-transparent-header-meta":"default","adv-header-id-meta":"","stick-header-meta":"","header-above-stick-meta":"","header-main-stick-meta":"","header-below-stick-meta":"","astra-migrate-meta-layouts":"set","ast-page-background-enabled":"default","ast-page-background-meta":{"desktop":{"background-color":"var(--ast-global-color-4)","background-image":"","background-repeat":"repeat","background-position":"center center","background-size":"auto","background-attachment":"scroll","background-type":"","background-media":"","overlay-type":"","overlay-color":"","overlay-opacity":"","overlay-gradient":""},"tablet":{"background-color":"","background-image":"","background-repeat":"repeat","background-position":"center center","background-size":"auto","background-attachment":"scroll","background-type":"","background-media":"","overlay-type":"","overlay-color":"","overlay-opacity":"","overlay-gradient":""},"mobile":{"background-color":"","background-image":"","background-repeat":"repeat","background-position":"center center","background-size":"auto","background-attachment":"scroll","background-type":"","background-media":"","overlay-type":"","overlay-color":"","overlay-opacity":"","overlay-gradient":""}},"ast-content-background-meta":{"desktop":{"background-color":"var(--ast-global-color-5)","background-image":"","background-repeat":"repeat","background-position":"center center","background-size":"auto","background-attachment":"scroll","background-type":"","background-media":"","overlay-type":"","overlay-color":"","overlay-opacity":"","overlay-gradient":""},"tablet":{"background-color":"var(--ast-global-color-5)","background-image":"","background-repeat":"repeat","background-position":"center center","background-size":"auto","background-attachment":"scroll","background-type":"","background-media":"","overlay-type":"","overlay-color":"","overlay-opacity":"","overlay-gradient":""},"mobile":{"background-color":"var(--ast-global-color-5)","background-image":"","background-repeat":"repeat","background-position":"center center","background-size":"auto","background-attachment":"scroll","background-type":"","background-media":"","overlay-type":"","overlay-color":"","overlay-opacity":"","overlay-gradient":""}}},"product_cat":[28,702],"product_tag":[704,705,703],"class_list":{"0":"post-3855","1":"product","2":"type-product","3":"status-publish","4":"has-post-thumbnail","6":"product_cat-libro","7":"product_cat-unaj","8":"product_tag-gestion-educacional","9":"product_tag-politica-de-inclusion","10":"product_tag-universidades-publicas","11":"desktop-align-left","12":"tablet-align-left","13":"mobile-align-left","15":"first","16":"instock","17":"shipping-taxable","18":"purchasable","19":"product-type-simple"},"acf":[],"uagb_featured_image_src":{"full":["https:\/\/biblio1.mdp.edu.ar\/centro-ventas\/wp-content\/uploads\/sites\/2\/2025\/10\/25-montaje-libro-UNIVERSIDAD-Y-NACION.jpg",257,382,false],"thumbnail":["https:\/\/biblio1.mdp.edu.ar\/centro-ventas\/wp-content\/uploads\/sites\/2\/2025\/10\/25-montaje-libro-UNIVERSIDAD-Y-NACION-150x150.jpg",150,150,true],"medium":["https:\/\/biblio1.mdp.edu.ar\/centro-ventas\/wp-content\/uploads\/sites\/2\/2025\/10\/25-montaje-libro-UNIVERSIDAD-Y-NACION-202x300.jpg",202,300,true],"medium_large":["https:\/\/biblio1.mdp.edu.ar\/centro-ventas\/wp-content\/uploads\/sites\/2\/2025\/10\/25-montaje-libro-UNIVERSIDAD-Y-NACION.jpg",257,382,false],"large":["https:\/\/biblio1.mdp.edu.ar\/centro-ventas\/wp-content\/uploads\/sites\/2\/2025\/10\/25-montaje-libro-UNIVERSIDAD-Y-NACION.jpg",257,382,false],"1536x1536":["https:\/\/biblio1.mdp.edu.ar\/centro-ventas\/wp-content\/uploads\/sites\/2\/2025\/10\/25-montaje-libro-UNIVERSIDAD-Y-NACION.jpg",257,382,false],"2048x2048":["https:\/\/biblio1.mdp.edu.ar\/centro-ventas\/wp-content\/uploads\/sites\/2\/2025\/10\/25-montaje-libro-UNIVERSIDAD-Y-NACION.jpg",257,382,false],"woocommerce_thumbnail":["https:\/\/biblio1.mdp.edu.ar\/centro-ventas\/wp-content\/uploads\/sites\/2\/2025\/10\/25-montaje-libro-UNIVERSIDAD-Y-NACION.jpg",257,382,false],"woocommerce_single":["https:\/\/biblio1.mdp.edu.ar\/centro-ventas\/wp-content\/uploads\/sites\/2\/2025\/10\/25-montaje-libro-UNIVERSIDAD-Y-NACION.jpg",257,382,false],"woocommerce_gallery_thumbnail":["https:\/\/biblio1.mdp.edu.ar\/centro-ventas\/wp-content\/uploads\/sites\/2\/2025\/10\/25-montaje-libro-UNIVERSIDAD-Y-NACION-100x100.jpg",100,100,true]},"uagb_author_info":{"display_name":"Cristina Bernabe","author_link":"https:\/\/biblio1.mdp.edu.ar\/centro-ventas\/author\/"},"uagb_comment_info":0,"uagb_excerpt":"La preocupaci\u00f3n central de este texto es qu\u00e9 Universidad queremos para una Argentina distinta. Durante d\u00e9cadas el autor se ha dedicado al mundo universitario y esa preocupaci\u00f3n principal se derrama en temas particulares como la acreditaci\u00f3n, el ingreso, la permanencia, la funci\u00f3n de la Universidad en un pa\u00eds perif\u00e9rico, la relaci\u00f3n entre conocimiento t\u00e9cnico y&hellip;","_links":{"self":[{"href":"https:\/\/biblio1.mdp.edu.ar\/centro-ventas\/wp-json\/wp\/v2\/product\/3855","targetHints":{"allow":["GET"]}}],"collection":[{"href":"https:\/\/biblio1.mdp.edu.ar\/centro-ventas\/wp-json\/wp\/v2\/product"}],"about":[{"href":"https:\/\/biblio1.mdp.edu.ar\/centro-ventas\/wp-json\/wp\/v2\/types\/product"}],"wp:featuredmedia":[{"embeddable":true,"href":"https:\/\/biblio1.mdp.edu.ar\/centro-ventas\/wp-json\/wp\/v2\/media\/3856"}],"wp:attachment":[{"href":"https:\/\/biblio1.mdp.edu.ar\/centro-ventas\/wp-json\/wp\/v2\/media?parent=3855"}],"wp:term":[{"taxonomy":"product_cat","embeddable":true,"href":"https:\/\/biblio1.mdp.edu.ar\/centro-ventas\/wp-json\/wp\/v2\/product_cat?post=3855"},{"taxonomy":"product_tag","embeddable":true,"href":"https:\/\/biblio1.mdp.edu.ar\/centro-ventas\/wp-json\/wp\/v2\/product_tag?post=3855"}],"curies":[{"name":"wp","href":"https:\/\/api.w.org\/{rel}","templated":true}]}}