{"id":3836,"date":"2025-10-01T17:00:58","date_gmt":"2025-10-01T20:00:58","guid":{"rendered":"https:\/\/biblio1.mdp.edu.ar\/centro-ventas\/?post_type=product&#038;p=3836"},"modified":"2025-10-07T15:01:32","modified_gmt":"2025-10-07T18:01:32","slug":"observatorio-urbano-pilar-cordoba-argentina","status":"publish","type":"product","link":"https:\/\/biblio1.mdp.edu.ar\/centro-ventas\/producto\/observatorio-urbano-pilar-cordoba-argentina\/","title":{"rendered":"Observatorio Urbano &#8211; Pilar, C\u00f3rdoba, Argentina"},"content":{"rendered":"<p>Cuaderno de investigaci\u00f3n<\/p>\n<p>La experiencia del Observatorio Urbano en Pilar fue producto de una propuesta de aplicaci\u00f3n metodol\u00f3gica surgida desde un proyecto de investigaci\u00f3n de la Universidad Nacional de Villa Mar\u00eda a trav\u00e9s de un relevamiento a todos los sectores de la ciudad. En este operativo participaron instituciones de nivel medio, algunos funcionarios de la Municipalidad y dos instituciones barriales que trabajaron en forma colaborativa, con el objetivo com\u00fan\u00a0 de lograr resultados que puedan utilizarse en beneficio de la comunidad.<\/p>\n","protected":false},"excerpt":{"rendered":"<p>Cuaderno de investigaci\u00f3n La experiencia del Observatorio Urbano en Pilar fue producto de una propuesta de aplicaci\u00f3n metodol\u00f3gica surgida desde un proyecto de investigaci\u00f3n de la Universidad Nacional de Villa Mar\u00eda a trav\u00e9s de un relevamiento a todos los sectores de la ciudad. En este operativo participaron instituciones de nivel medio, algunos funcionarios de la [&hellip;]<\/p>\n","protected":false},"featured_media":3861,"template":"","meta":{"_acf_changed":false,"_eb_attr":"","_crdt_document":"","_uag_custom_page_level_css":"","_editorskit_title_hidden":false,"_editorskit_reading_time":0,"_editorskit_is_block_options_detached":false,"_editorskit_block_options_position":"{}","site-sidebar-layout":"default","site-content-layout":"","ast-site-content-layout":"default","site-content-style":"default","site-sidebar-style":"default","ast-global-header-display":"","ast-banner-title-visibility":"","ast-main-header-display":"","ast-hfb-above-header-display":"","ast-hfb-below-header-display":"","ast-hfb-mobile-header-display":"","site-post-title":"","ast-breadcrumbs-content":"","ast-featured-img":"","footer-sml-layout":"","ast-disable-related-posts":"","theme-transparent-header-meta":"default","adv-header-id-meta":"","stick-header-meta":"","header-above-stick-meta":"","header-main-stick-meta":"","header-below-stick-meta":"","astra-migrate-meta-layouts":"set","ast-page-background-enabled":"default","ast-page-background-meta":{"desktop":{"background-color":"var(--ast-global-color-4)","background-image":"","background-repeat":"repeat","background-position":"center center","background-size":"auto","background-attachment":"scroll","background-type":"","background-media":"","overlay-type":"","overlay-color":"","overlay-opacity":"","overlay-gradient":""},"tablet":{"background-color":"","background-image":"","background-repeat":"repeat","background-position":"center center","background-size":"auto","background-attachment":"scroll","background-type":"","background-media":"","overlay-type":"","overlay-color":"","overlay-opacity":"","overlay-gradient":""},"mobile":{"background-color":"","background-image":"","background-repeat":"repeat","background-position":"center center","background-size":"auto","background-attachment":"scroll","background-type":"","background-media":"","overlay-type":"","overlay-color":"","overlay-opacity":"","overlay-gradient":""}},"ast-content-background-meta":{"desktop":{"background-color":"var(--ast-global-color-5)","background-image":"","background-repeat":"repeat","background-position":"center center","background-size":"auto","background-attachment":"scroll","background-type":"","background-media":"","overlay-type":"","overlay-color":"","overlay-opacity":"","overlay-gradient":""},"tablet":{"background-color":"var(--ast-global-color-5)","background-image":"","background-repeat":"repeat","background-position":"center center","background-size":"auto","background-attachment":"scroll","background-type":"","background-media":"","overlay-type":"","overlay-color":"","overlay-opacity":"","overlay-gradient":""},"mobile":{"background-color":"var(--ast-global-color-5)","background-image":"","background-repeat":"repeat","background-position":"center center","background-size":"auto","background-attachment":"scroll","background-type":"","background-media":"","overlay-type":"","overlay-color":"","overlay-opacity":"","overlay-gradient":""}}},"product_cat":[669,28],"product_tag":[389,390],"class_list":{"0":"post-3836","1":"product","2":"type-product","3":"status-publish","4":"has-post-thumbnail","6":"product_cat-eduvim","7":"product_cat-libro","8":"product_tag-ciencias-sociales","9":"product_tag-demografia","10":"desktop-align-left","11":"tablet-align-left","12":"mobile-align-left","14":"first","15":"instock","16":"shipping-taxable","17":"purchasable","18":"product-type-simple"},"acf":[],"uagb_featured_image_src":{"full":["https:\/\/biblio1.mdp.edu.ar\/centro-ventas\/wp-content\/uploads\/sites\/2\/2025\/10\/istockphoto-1396814518-612x612-1.jpg",612,490,false],"thumbnail":["https:\/\/biblio1.mdp.edu.ar\/centro-ventas\/wp-content\/uploads\/sites\/2\/2025\/10\/istockphoto-1396814518-612x612-1-150x150.jpg",150,150,true],"medium":["https:\/\/biblio1.mdp.edu.ar\/centro-ventas\/wp-content\/uploads\/sites\/2\/2025\/10\/istockphoto-1396814518-612x612-1-300x240.jpg",300,240,true],"medium_large":["https:\/\/biblio1.mdp.edu.ar\/centro-ventas\/wp-content\/uploads\/sites\/2\/2025\/10\/istockphoto-1396814518-612x612-1.jpg",612,490,false],"large":["https:\/\/biblio1.mdp.edu.ar\/centro-ventas\/wp-content\/uploads\/sites\/2\/2025\/10\/istockphoto-1396814518-612x612-1.jpg",612,490,false],"1536x1536":["https:\/\/biblio1.mdp.edu.ar\/centro-ventas\/wp-content\/uploads\/sites\/2\/2025\/10\/istockphoto-1396814518-612x612-1.jpg",612,490,false],"2048x2048":["https:\/\/biblio1.mdp.edu.ar\/centro-ventas\/wp-content\/uploads\/sites\/2\/2025\/10\/istockphoto-1396814518-612x612-1.jpg",612,490,false],"woocommerce_thumbnail":["https:\/\/biblio1.mdp.edu.ar\/centro-ventas\/wp-content\/uploads\/sites\/2\/2025\/10\/istockphoto-1396814518-612x612-1-300x240.jpg",300,240,true],"woocommerce_single":["https:\/\/biblio1.mdp.edu.ar\/centro-ventas\/wp-content\/uploads\/sites\/2\/2025\/10\/istockphoto-1396814518-612x612-1-600x480.jpg",600,480,true],"woocommerce_gallery_thumbnail":["https:\/\/biblio1.mdp.edu.ar\/centro-ventas\/wp-content\/uploads\/sites\/2\/2025\/10\/istockphoto-1396814518-612x612-1-100x100.jpg",100,100,true]},"uagb_author_info":{"display_name":"Cristina Bernabe","author_link":"https:\/\/biblio1.mdp.edu.ar\/centro-ventas\/author\/"},"uagb_comment_info":0,"uagb_excerpt":"Cuaderno de investigaci\u00f3n La experiencia del Observatorio Urbano en Pilar fue producto de una propuesta de aplicaci\u00f3n metodol\u00f3gica surgida desde un proyecto de investigaci\u00f3n de la Universidad Nacional de Villa Mar\u00eda a trav\u00e9s de un relevamiento a todos los sectores de la ciudad. En este operativo participaron instituciones de nivel medio, algunos funcionarios de la&hellip;","_links":{"self":[{"href":"https:\/\/biblio1.mdp.edu.ar\/centro-ventas\/wp-json\/wp\/v2\/product\/3836","targetHints":{"allow":["GET"]}}],"collection":[{"href":"https:\/\/biblio1.mdp.edu.ar\/centro-ventas\/wp-json\/wp\/v2\/product"}],"about":[{"href":"https:\/\/biblio1.mdp.edu.ar\/centro-ventas\/wp-json\/wp\/v2\/types\/product"}],"wp:featuredmedia":[{"embeddable":true,"href":"https:\/\/biblio1.mdp.edu.ar\/centro-ventas\/wp-json\/wp\/v2\/media\/3861"}],"wp:attachment":[{"href":"https:\/\/biblio1.mdp.edu.ar\/centro-ventas\/wp-json\/wp\/v2\/media?parent=3836"}],"wp:term":[{"taxonomy":"product_cat","embeddable":true,"href":"https:\/\/biblio1.mdp.edu.ar\/centro-ventas\/wp-json\/wp\/v2\/product_cat?post=3836"},{"taxonomy":"product_tag","embeddable":true,"href":"https:\/\/biblio1.mdp.edu.ar\/centro-ventas\/wp-json\/wp\/v2\/product_tag?post=3836"}],"curies":[{"name":"wp","href":"https:\/\/api.w.org\/{rel}","templated":true}]}}