{"id":3806,"date":"2025-09-30T16:52:39","date_gmt":"2025-09-30T19:52:39","guid":{"rendered":"https:\/\/biblio1.mdp.edu.ar\/centro-ventas\/?post_type=product&#038;p=3806"},"modified":"2026-03-30T13:46:00","modified_gmt":"2026-03-30T16:46:00","slug":"antes-de-mar-del-plata","status":"publish","type":"product","link":"https:\/\/biblio1.mdp.edu.ar\/centro-ventas\/producto\/antes-de-mar-del-plata\/","title":{"rendered":"Antes de Mar del Plata"},"content":{"rendered":"<div class=\"row\">\n<div class=\"col-md-2\"><span style=\"font-size: 16px\">Las historias sobre Mar del Plata se inician tradicionalmente con su fundaci\u00f3n en 1874. Este libro propone un enfoque alternativo: retroceder en el tiempo para explorar los antecedentes que hicieron posible que el peque\u00f1o poblado fundado por Peralta Ramos se transformara, en tres d\u00e9cadas, en una ciudad deslumbrante y reconocida que se constituy\u00f3 en uno de los s\u00edmbolos del crecimiento de la Rep\u00fablica Argentina.<\/span><\/div>\n<\/div>\n<div class=\"row\">\n<div class=\"col-md-7\">\n<p>Mar del Plata ya estaba en el centro de la atenci\u00f3n de los sectores dirigentes de Buenos Aires y del pa\u00eds por la importancia de sus tierras y ganados, lo que favoreci\u00f3 su desarrollo como una ciudad veraniega destinada a la elite dirigente finisecular. Este proceso se apoy\u00f3 en una s\u00f3lida base de actividades rurales y en las vinculaciones pol\u00edticas y sociales de los propietarios de estancias vecinas, lo que permiti\u00f3 la convivencia de dos realidades urbanas complementarias: la local y la veraneante. Este libro expone los momentos que precedieron a ese despegue, destacando los obst\u00e1culos que debieron superarse y las instancias y factores que lo hicieron posible.<\/p>\n<p>La obra examina la secuencia de ocupaci\u00f3n del territorio desde el 1700, las caracter\u00edsticas de su poblaci\u00f3n y la apropiaci\u00f3n de tierras p\u00fablicas por parte de figuras destacadas de Buenos Aires, desde mucho antes de la llegada del turismo.<\/p>\n<\/div>\n<\/div>\n","protected":false},"excerpt":{"rendered":"<p>Las historias sobre Mar del Plata se inician tradicionalmente con su fundaci\u00f3n en 1874. Este libro propone un enfoque alternativo: retroceder en el tiempo para explorar los antecedentes que hicieron posible que el peque\u00f1o poblado fundado por Peralta Ramos se transformara, en tres d\u00e9cadas, en una ciudad deslumbrante y reconocida que se constituy\u00f3 en uno [&hellip;]<\/p>\n","protected":false},"featured_media":3807,"template":"","meta":{"_acf_changed":false,"_eb_attr":"","_crdt_document":"","_uag_custom_page_level_css":"","_editorskit_title_hidden":false,"_editorskit_reading_time":0,"_editorskit_is_block_options_detached":false,"_editorskit_block_options_position":"{}","site-sidebar-layout":"default","site-content-layout":"","ast-site-content-layout":"default","site-content-style":"default","site-sidebar-style":"default","ast-global-header-display":"","ast-banner-title-visibility":"","ast-main-header-display":"","ast-hfb-above-header-display":"","ast-hfb-below-header-display":"","ast-hfb-mobile-header-display":"","site-post-title":"","ast-breadcrumbs-content":"","ast-featured-img":"","footer-sml-layout":"","ast-disable-related-posts":"","theme-transparent-header-meta":"default","adv-header-id-meta":"","stick-header-meta":"","header-above-stick-meta":"","header-main-stick-meta":"","header-below-stick-meta":"","astra-migrate-meta-layouts":"set","ast-page-background-enabled":"default","ast-page-background-meta":{"desktop":{"background-color":"var(--ast-global-color-4)","background-image":"","background-repeat":"repeat","background-position":"center center","background-size":"auto","background-attachment":"scroll","background-type":"","background-media":"","overlay-type":"","overlay-color":"","overlay-opacity":"","overlay-gradient":""},"tablet":{"background-color":"","background-image":"","background-repeat":"repeat","background-position":"center center","background-size":"auto","background-attachment":"scroll","background-type":"","background-media":"","overlay-type":"","overlay-color":"","overlay-opacity":"","overlay-gradient":""},"mobile":{"background-color":"","background-image":"","background-repeat":"repeat","background-position":"center center","background-size":"auto","background-attachment":"scroll","background-type":"","background-media":"","overlay-type":"","overlay-color":"","overlay-opacity":"","overlay-gradient":""}},"ast-content-background-meta":{"desktop":{"background-color":"var(--ast-global-color-5)","background-image":"","background-repeat":"repeat","background-position":"center center","background-size":"auto","background-attachment":"scroll","background-type":"","background-media":"","overlay-type":"","overlay-color":"","overlay-opacity":"","overlay-gradient":""},"tablet":{"background-color":"var(--ast-global-color-5)","background-image":"","background-repeat":"repeat","background-position":"center center","background-size":"auto","background-attachment":"scroll","background-type":"","background-media":"","overlay-type":"","overlay-color":"","overlay-opacity":"","overlay-gradient":""},"mobile":{"background-color":"var(--ast-global-color-5)","background-image":"","background-repeat":"repeat","background-position":"center center","background-size":"auto","background-attachment":"scroll","background-type":"","background-media":"","overlay-type":"","overlay-color":"","overlay-opacity":"","overlay-gradient":""}}},"product_cat":[268,32,28],"product_tag":[117,80],"class_list":{"0":"post-3806","1":"product","2":"type-product","3":"status-publish","4":"has-post-thumbnail","6":"product_cat-coleccion-mar-del-plata","7":"product_cat-edudem","8":"product_cat-libro","9":"product_tag-historia","10":"product_tag-mar-del-plata","11":"desktop-align-left","12":"tablet-align-left","13":"mobile-align-left","15":"first","16":"instock","17":"featured","18":"shipping-taxable","19":"purchasable","20":"product-type-simple"},"acf":[],"uagb_featured_image_src":{"full":["https:\/\/biblio1.mdp.edu.ar\/centro-ventas\/wp-content\/uploads\/sites\/2\/2025\/09\/TAPAFRENTEANTESDEMAR-DEL-PLATA-scaled.jpg",1566,2560,false],"thumbnail":["https:\/\/biblio1.mdp.edu.ar\/centro-ventas\/wp-content\/uploads\/sites\/2\/2025\/09\/TAPAFRENTEANTESDEMAR-DEL-PLATA-150x150.jpg",150,150,true],"medium":["https:\/\/biblio1.mdp.edu.ar\/centro-ventas\/wp-content\/uploads\/sites\/2\/2025\/09\/TAPAFRENTEANTESDEMAR-DEL-PLATA-184x300.jpg",184,300,true],"medium_large":["https:\/\/biblio1.mdp.edu.ar\/centro-ventas\/wp-content\/uploads\/sites\/2\/2025\/09\/TAPAFRENTEANTESDEMAR-DEL-PLATA-768x1255.jpg",768,1255,true],"large":["https:\/\/biblio1.mdp.edu.ar\/centro-ventas\/wp-content\/uploads\/sites\/2\/2025\/09\/TAPAFRENTEANTESDEMAR-DEL-PLATA-626x1024.jpg",626,1024,true],"1536x1536":["https:\/\/biblio1.mdp.edu.ar\/centro-ventas\/wp-content\/uploads\/sites\/2\/2025\/09\/TAPAFRENTEANTESDEMAR-DEL-PLATA-940x1536.jpg",940,1536,true],"2048x2048":["https:\/\/biblio1.mdp.edu.ar\/centro-ventas\/wp-content\/uploads\/sites\/2\/2025\/09\/TAPAFRENTEANTESDEMAR-DEL-PLATA-1253x2048.jpg",1253,2048,true],"woocommerce_thumbnail":["https:\/\/biblio1.mdp.edu.ar\/centro-ventas\/wp-content\/uploads\/sites\/2\/2025\/09\/TAPAFRENTEANTESDEMAR-DEL-PLATA-300x490.jpg",300,490,true],"woocommerce_single":["https:\/\/biblio1.mdp.edu.ar\/centro-ventas\/wp-content\/uploads\/sites\/2\/2025\/09\/TAPAFRENTEANTESDEMAR-DEL-PLATA-600x981.jpg",600,981,true],"woocommerce_gallery_thumbnail":["https:\/\/biblio1.mdp.edu.ar\/centro-ventas\/wp-content\/uploads\/sites\/2\/2025\/09\/TAPAFRENTEANTESDEMAR-DEL-PLATA-100x100.jpg",100,100,true]},"uagb_author_info":{"display_name":"Cristina Bernabe","author_link":"https:\/\/biblio1.mdp.edu.ar\/centro-ventas\/author\/"},"uagb_comment_info":0,"uagb_excerpt":"Las historias sobre Mar del Plata se inician tradicionalmente con su fundaci\u00f3n en 1874. Este libro propone un enfoque alternativo: retroceder en el tiempo para explorar los antecedentes que hicieron posible que el peque\u00f1o poblado fundado por Peralta Ramos se transformara, en tres d\u00e9cadas, en una ciudad deslumbrante y reconocida que se constituy\u00f3 en uno&hellip;","_links":{"self":[{"href":"https:\/\/biblio1.mdp.edu.ar\/centro-ventas\/wp-json\/wp\/v2\/product\/3806","targetHints":{"allow":["GET"]}}],"collection":[{"href":"https:\/\/biblio1.mdp.edu.ar\/centro-ventas\/wp-json\/wp\/v2\/product"}],"about":[{"href":"https:\/\/biblio1.mdp.edu.ar\/centro-ventas\/wp-json\/wp\/v2\/types\/product"}],"wp:featuredmedia":[{"embeddable":true,"href":"https:\/\/biblio1.mdp.edu.ar\/centro-ventas\/wp-json\/wp\/v2\/media\/3807"}],"wp:attachment":[{"href":"https:\/\/biblio1.mdp.edu.ar\/centro-ventas\/wp-json\/wp\/v2\/media?parent=3806"}],"wp:term":[{"taxonomy":"product_cat","embeddable":true,"href":"https:\/\/biblio1.mdp.edu.ar\/centro-ventas\/wp-json\/wp\/v2\/product_cat?post=3806"},{"taxonomy":"product_tag","embeddable":true,"href":"https:\/\/biblio1.mdp.edu.ar\/centro-ventas\/wp-json\/wp\/v2\/product_tag?post=3806"}],"curies":[{"name":"wp","href":"https:\/\/api.w.org\/{rel}","templated":true}]}}