{"id":3796,"date":"2025-09-29T16:16:43","date_gmt":"2025-09-29T19:16:43","guid":{"rendered":"https:\/\/biblio1.mdp.edu.ar\/centro-ventas\/?post_type=product&#038;p=3796"},"modified":"2025-09-29T17:03:08","modified_gmt":"2025-09-29T20:03:08","slug":"escritos-k","status":"publish","type":"product","link":"https:\/\/biblio1.mdp.edu.ar\/centro-ventas\/producto\/escritos-k\/","title":{"rendered":"Escritos K"},"content":{"rendered":"<p>Este libro es una respuesta al proceso pol\u00edtico que comenz\u00f3 en el a\u00f1o 2003 con la presidencia de N\u00e9stor Kirchner y a la sorpresa que este proceso gener\u00f3 en gran parte del espacio acad\u00e9mico argentino. Part\u00edcipes de este espacio y de esta conmoci\u00f3n, y ante la emergencia de un nuevo encuentro entre las ciencias sociales y la pol\u00edtica, estas p\u00e1ginas son el resultado de un ejercicio colectivo de pensamiento nucleado en torno al Programa de Estudios en Teor\u00eda Pol\u00edtica radicado en el Centro de Investigaciones y Estudios sobre la Cultura y la Sociedad (CIECS) de la Universidad Nacional de C\u00f3rdoba y el Consejo Nacional de Investigaciones Cient\u00ed cas y T\u00e9cnicas. De este modo, las varias contribuciones de esta obra, apelando a diferentes recursos y adoptando diversos estilos, se abocan a pensar la pol\u00edtica actual sin objetivarla, sin mirarla desde afuera o desde arriba. Al contrario, van a su encuentro para pensar con ella y para ella, en yuxtaposici\u00f3n, articuladamente, dej\u00e1ndose afectar.<\/p>\n","protected":false},"excerpt":{"rendered":"<p>Este libro es una respuesta al proceso pol\u00edtico que comenz\u00f3 en el a\u00f1o 2003 con la presidencia de N\u00e9stor Kirchner y a la sorpresa que este proceso gener\u00f3 en gran parte del espacio acad\u00e9mico argentino. Part\u00edcipes de este espacio y de esta conmoci\u00f3n, y ante la emergencia de un nuevo encuentro entre las ciencias sociales [&hellip;]<\/p>\n","protected":false},"featured_media":3797,"template":"","meta":{"_acf_changed":false,"_eb_attr":"","_crdt_document":"","_uag_custom_page_level_css":"","_editorskit_title_hidden":false,"_editorskit_reading_time":0,"_editorskit_is_block_options_detached":false,"_editorskit_block_options_position":"{}","site-sidebar-layout":"default","site-content-layout":"","ast-site-content-layout":"default","site-content-style":"default","site-sidebar-style":"default","ast-global-header-display":"","ast-banner-title-visibility":"","ast-main-header-display":"","ast-hfb-above-header-display":"","ast-hfb-below-header-display":"","ast-hfb-mobile-header-display":"","site-post-title":"","ast-breadcrumbs-content":"","ast-featured-img":"","footer-sml-layout":"","ast-disable-related-posts":"","theme-transparent-header-meta":"default","adv-header-id-meta":"","stick-header-meta":"","header-above-stick-meta":"","header-main-stick-meta":"","header-below-stick-meta":"","astra-migrate-meta-layouts":"set","ast-page-background-enabled":"default","ast-page-background-meta":{"desktop":{"background-color":"var(--ast-global-color-4)","background-image":"","background-repeat":"repeat","background-position":"center center","background-size":"auto","background-attachment":"scroll","background-type":"","background-media":"","overlay-type":"","overlay-color":"","overlay-opacity":"","overlay-gradient":""},"tablet":{"background-color":"","background-image":"","background-repeat":"repeat","background-position":"center center","background-size":"auto","background-attachment":"scroll","background-type":"","background-media":"","overlay-type":"","overlay-color":"","overlay-opacity":"","overlay-gradient":""},"mobile":{"background-color":"","background-image":"","background-repeat":"repeat","background-position":"center center","background-size":"auto","background-attachment":"scroll","background-type":"","background-media":"","overlay-type":"","overlay-color":"","overlay-opacity":"","overlay-gradient":""}},"ast-content-background-meta":{"desktop":{"background-color":"var(--ast-global-color-5)","background-image":"","background-repeat":"repeat","background-position":"center center","background-size":"auto","background-attachment":"scroll","background-type":"","background-media":"","overlay-type":"","overlay-color":"","overlay-opacity":"","overlay-gradient":""},"tablet":{"background-color":"var(--ast-global-color-5)","background-image":"","background-repeat":"repeat","background-position":"center center","background-size":"auto","background-attachment":"scroll","background-type":"","background-media":"","overlay-type":"","overlay-color":"","overlay-opacity":"","overlay-gradient":""},"mobile":{"background-color":"var(--ast-global-color-5)","background-image":"","background-repeat":"repeat","background-position":"center center","background-size":"auto","background-attachment":"scroll","background-type":"","background-media":"","overlay-type":"","overlay-color":"","overlay-opacity":"","overlay-gradient":""}}},"product_cat":[669,28],"product_tag":[699,161,117,393,197],"class_list":{"0":"post-3796","1":"product","2":"type-product","3":"status-publish","4":"has-post-thumbnail","6":"product_cat-eduvim","7":"product_cat-libro","8":"product_tag-analisis-del-discurso","9":"product_tag-ciencias-politicas","10":"product_tag-historia","11":"product_tag-linguistica","12":"product_tag-peronismo","13":"desktop-align-left","14":"tablet-align-left","15":"mobile-align-left","17":"first","18":"instock","19":"shipping-taxable","20":"purchasable","21":"product-type-simple"},"acf":[],"uagb_featured_image_src":{"full":["https:\/\/biblio1.mdp.edu.ar\/centro-ventas\/wp-content\/uploads\/sites\/2\/2025\/09\/EDCI-50699789871868421.jpg",288,428,false],"thumbnail":["https:\/\/biblio1.mdp.edu.ar\/centro-ventas\/wp-content\/uploads\/sites\/2\/2025\/09\/EDCI-50699789871868421-150x150.jpg",150,150,true],"medium":["https:\/\/biblio1.mdp.edu.ar\/centro-ventas\/wp-content\/uploads\/sites\/2\/2025\/09\/EDCI-50699789871868421-202x300.jpg",202,300,true],"medium_large":["https:\/\/biblio1.mdp.edu.ar\/centro-ventas\/wp-content\/uploads\/sites\/2\/2025\/09\/EDCI-50699789871868421.jpg",288,428,false],"large":["https:\/\/biblio1.mdp.edu.ar\/centro-ventas\/wp-content\/uploads\/sites\/2\/2025\/09\/EDCI-50699789871868421.jpg",288,428,false],"1536x1536":["https:\/\/biblio1.mdp.edu.ar\/centro-ventas\/wp-content\/uploads\/sites\/2\/2025\/09\/EDCI-50699789871868421.jpg",288,428,false],"2048x2048":["https:\/\/biblio1.mdp.edu.ar\/centro-ventas\/wp-content\/uploads\/sites\/2\/2025\/09\/EDCI-50699789871868421.jpg",288,428,false],"woocommerce_thumbnail":["https:\/\/biblio1.mdp.edu.ar\/centro-ventas\/wp-content\/uploads\/sites\/2\/2025\/09\/EDCI-50699789871868421.jpg",288,428,false],"woocommerce_single":["https:\/\/biblio1.mdp.edu.ar\/centro-ventas\/wp-content\/uploads\/sites\/2\/2025\/09\/EDCI-50699789871868421.jpg",288,428,false],"woocommerce_gallery_thumbnail":["https:\/\/biblio1.mdp.edu.ar\/centro-ventas\/wp-content\/uploads\/sites\/2\/2025\/09\/EDCI-50699789871868421-100x100.jpg",100,100,true]},"uagb_author_info":{"display_name":"Cristina Bernabe","author_link":"https:\/\/biblio1.mdp.edu.ar\/centro-ventas\/author\/"},"uagb_comment_info":0,"uagb_excerpt":"Este libro es una respuesta al proceso pol\u00edtico que comenz\u00f3 en el a\u00f1o 2003 con la presidencia de N\u00e9stor Kirchner y a la sorpresa que este proceso gener\u00f3 en gran parte del espacio acad\u00e9mico argentino. Part\u00edcipes de este espacio y de esta conmoci\u00f3n, y ante la emergencia de un nuevo encuentro entre las ciencias sociales&hellip;","_links":{"self":[{"href":"https:\/\/biblio1.mdp.edu.ar\/centro-ventas\/wp-json\/wp\/v2\/product\/3796","targetHints":{"allow":["GET"]}}],"collection":[{"href":"https:\/\/biblio1.mdp.edu.ar\/centro-ventas\/wp-json\/wp\/v2\/product"}],"about":[{"href":"https:\/\/biblio1.mdp.edu.ar\/centro-ventas\/wp-json\/wp\/v2\/types\/product"}],"wp:featuredmedia":[{"embeddable":true,"href":"https:\/\/biblio1.mdp.edu.ar\/centro-ventas\/wp-json\/wp\/v2\/media\/3797"}],"wp:attachment":[{"href":"https:\/\/biblio1.mdp.edu.ar\/centro-ventas\/wp-json\/wp\/v2\/media?parent=3796"}],"wp:term":[{"taxonomy":"product_cat","embeddable":true,"href":"https:\/\/biblio1.mdp.edu.ar\/centro-ventas\/wp-json\/wp\/v2\/product_cat?post=3796"},{"taxonomy":"product_tag","embeddable":true,"href":"https:\/\/biblio1.mdp.edu.ar\/centro-ventas\/wp-json\/wp\/v2\/product_tag?post=3796"}],"curies":[{"name":"wp","href":"https:\/\/api.w.org\/{rel}","templated":true}]}}