{"id":3762,"date":"2025-09-26T17:36:14","date_gmt":"2025-09-26T20:36:14","guid":{"rendered":"https:\/\/biblio1.mdp.edu.ar\/centro-ventas\/?post_type=product&#038;p=3762"},"modified":"2025-09-26T17:36:17","modified_gmt":"2025-09-26T20:36:17","slug":"poeticas-politicas-tecnologicas-en-argentina-1910-2010","status":"publish","type":"product","link":"https:\/\/biblio1.mdp.edu.ar\/centro-ventas\/producto\/poeticas-politicas-tecnologicas-en-argentina-1910-2010\/","title":{"rendered":"Po\u00e9ticas\/pol\u00edticas tecnol\u00f3gicas en Argentina (1910-2010)"},"content":{"rendered":"<div class=\"user-content\" data-store=\"product-description-31011534\">\n<p>Este libro reflexiona en torno de algunas tramas que anudan el arte y la tecnolog\u00eda en la Argentina durante el tiempo que dura un par\u00e9ntesis de fechas emblem\u00e1ticas: (1910-2010). La elecci\u00f3n de estas fechas imprime al conjunto un sesgo particular, una manera de leerlo sostenido por el peso de una naci\u00f3n imaginada, en gran medida, en esa caja de resonancia de proyecciones del mundo que es el hacer t\u00e9cnico. De all\u00ed que resulte lente adecuada para enfocar con detalles algunos nudos de ese tejido considerados en t\u00e9rminos de lo que hemos dado en llamar po\u00e9ticas\/pol\u00edticas teconol\u00f3gicas. Modos de decir y de hacer que despliegan las pr\u00e1cticas art\u00edsticas para asumir su tiempo t\u00e9cnico, y que no pocas veces han experimentado con visiones ut\u00f3picas o dist\u00f3picas; exaltatorias, transgresoras o resistentes respecto de la construcci\u00f3n social implicada en la tecnolog\u00eda.<br \/>\nSi el mundo t\u00e9cnico contempor\u00e1neo nos conforma a un presente cuyo futuro suele imaginarse -aunque tal vez con algo de maquillaje y afeites- como m\u00e1s de lo mismo, cuando no peor, acercarse a \u00e9stas po\u00e9ticas\/ pol\u00edticas tecnol\u00f3gicas, con sus tensiones, confrontaciones o correspondencias respecto de ese presente, quiz\u00e1 ayude a liberar nuevas imaginaciones t\u00e9cnicas a la altura de otros proyectos para la transformaci\u00f3n de lo dado.<\/p>\n<\/div>\n<div class=\"text-center p-top-half p-bottom-half m-bottom clear-both border-bottom\">\n<h6 class=\"p-top-none p-bottom-half\"><\/h6>\n<\/div>\n","protected":false},"excerpt":{"rendered":"<p>Este libro reflexiona en torno de algunas tramas que anudan el arte y la tecnolog\u00eda en la Argentina durante el tiempo que dura un par\u00e9ntesis de fechas emblem\u00e1ticas: (1910-2010). La elecci\u00f3n de estas fechas imprime al conjunto un sesgo particular, una manera de leerlo sostenido por el peso de una naci\u00f3n imaginada, en gran medida, [&hellip;]<\/p>\n","protected":false},"featured_media":3768,"template":"","meta":{"_acf_changed":false,"_eb_attr":"","_crdt_document":"","_uag_custom_page_level_css":"","_editorskit_title_hidden":false,"_editorskit_reading_time":0,"_editorskit_is_block_options_detached":false,"_editorskit_block_options_position":"{}","site-sidebar-layout":"default","site-content-layout":"","ast-site-content-layout":"default","site-content-style":"default","site-sidebar-style":"default","ast-global-header-display":"","ast-banner-title-visibility":"","ast-main-header-display":"","ast-hfb-above-header-display":"","ast-hfb-below-header-display":"","ast-hfb-mobile-header-display":"","site-post-title":"","ast-breadcrumbs-content":"","ast-featured-img":"","footer-sml-layout":"","ast-disable-related-posts":"","theme-transparent-header-meta":"default","adv-header-id-meta":"","stick-header-meta":"","header-above-stick-meta":"","header-main-stick-meta":"","header-below-stick-meta":"","astra-migrate-meta-layouts":"set","ast-page-background-enabled":"default","ast-page-background-meta":{"desktop":{"background-color":"var(--ast-global-color-4)","background-image":"","background-repeat":"repeat","background-position":"center center","background-size":"auto","background-attachment":"scroll","background-type":"","background-media":"","overlay-type":"","overlay-color":"","overlay-opacity":"","overlay-gradient":""},"tablet":{"background-color":"","background-image":"","background-repeat":"repeat","background-position":"center center","background-size":"auto","background-attachment":"scroll","background-type":"","background-media":"","overlay-type":"","overlay-color":"","overlay-opacity":"","overlay-gradient":""},"mobile":{"background-color":"","background-image":"","background-repeat":"repeat","background-position":"center center","background-size":"auto","background-attachment":"scroll","background-type":"","background-media":"","overlay-type":"","overlay-color":"","overlay-opacity":"","overlay-gradient":""}},"ast-content-background-meta":{"desktop":{"background-color":"var(--ast-global-color-5)","background-image":"","background-repeat":"repeat","background-position":"center center","background-size":"auto","background-attachment":"scroll","background-type":"","background-media":"","overlay-type":"","overlay-color":"","overlay-opacity":"","overlay-gradient":""},"tablet":{"background-color":"var(--ast-global-color-5)","background-image":"","background-repeat":"repeat","background-position":"center center","background-size":"auto","background-attachment":"scroll","background-type":"","background-media":"","overlay-type":"","overlay-color":"","overlay-opacity":"","overlay-gradient":""},"mobile":{"background-color":"var(--ast-global-color-5)","background-image":"","background-repeat":"repeat","background-position":"center center","background-size":"auto","background-attachment":"scroll","background-type":"","background-media":"","overlay-type":"","overlay-color":"","overlay-opacity":"","overlay-gradient":""}}},"product_cat":[697,28],"product_tag":[],"class_list":{"0":"post-3762","1":"product","2":"type-product","3":"status-publish","4":"has-post-thumbnail","6":"product_cat-la-hendija","7":"product_cat-libro","8":"desktop-align-left","9":"tablet-align-left","10":"mobile-align-left","12":"first","13":"instock","14":"shipping-taxable","15":"purchasable","16":"product-type-simple"},"acf":[],"uagb_featured_image_src":{"full":["https:\/\/biblio1.mdp.edu.ar\/centro-ventas\/wp-content\/uploads\/sites\/2\/2025\/09\/poeticas-politicas8001-56f2b73678a79f576f15417073582797-1024-1024.jpg",292,543,false],"thumbnail":["https:\/\/biblio1.mdp.edu.ar\/centro-ventas\/wp-content\/uploads\/sites\/2\/2025\/09\/poeticas-politicas8001-56f2b73678a79f576f15417073582797-1024-1024-150x150.jpg",150,150,true],"medium":["https:\/\/biblio1.mdp.edu.ar\/centro-ventas\/wp-content\/uploads\/sites\/2\/2025\/09\/poeticas-politicas8001-56f2b73678a79f576f15417073582797-1024-1024-161x300.jpg",161,300,true],"medium_large":["https:\/\/biblio1.mdp.edu.ar\/centro-ventas\/wp-content\/uploads\/sites\/2\/2025\/09\/poeticas-politicas8001-56f2b73678a79f576f15417073582797-1024-1024.jpg",292,543,false],"large":["https:\/\/biblio1.mdp.edu.ar\/centro-ventas\/wp-content\/uploads\/sites\/2\/2025\/09\/poeticas-politicas8001-56f2b73678a79f576f15417073582797-1024-1024.jpg",292,543,false],"1536x1536":["https:\/\/biblio1.mdp.edu.ar\/centro-ventas\/wp-content\/uploads\/sites\/2\/2025\/09\/poeticas-politicas8001-56f2b73678a79f576f15417073582797-1024-1024.jpg",292,543,false],"2048x2048":["https:\/\/biblio1.mdp.edu.ar\/centro-ventas\/wp-content\/uploads\/sites\/2\/2025\/09\/poeticas-politicas8001-56f2b73678a79f576f15417073582797-1024-1024.jpg",292,543,false],"woocommerce_thumbnail":["https:\/\/biblio1.mdp.edu.ar\/centro-ventas\/wp-content\/uploads\/sites\/2\/2025\/09\/poeticas-politicas8001-56f2b73678a79f576f15417073582797-1024-1024.jpg",292,543,false],"woocommerce_single":["https:\/\/biblio1.mdp.edu.ar\/centro-ventas\/wp-content\/uploads\/sites\/2\/2025\/09\/poeticas-politicas8001-56f2b73678a79f576f15417073582797-1024-1024.jpg",292,543,false],"woocommerce_gallery_thumbnail":["https:\/\/biblio1.mdp.edu.ar\/centro-ventas\/wp-content\/uploads\/sites\/2\/2025\/09\/poeticas-politicas8001-56f2b73678a79f576f15417073582797-1024-1024-100x100.jpg",100,100,true]},"uagb_author_info":{"display_name":"Cristina Bernabe","author_link":"https:\/\/biblio1.mdp.edu.ar\/centro-ventas\/author\/"},"uagb_comment_info":0,"uagb_excerpt":"Este libro reflexiona en torno de algunas tramas que anudan el arte y la tecnolog\u00eda en la Argentina durante el tiempo que dura un par\u00e9ntesis de fechas emblem\u00e1ticas: (1910-2010). La elecci\u00f3n de estas fechas imprime al conjunto un sesgo particular, una manera de leerlo sostenido por el peso de una naci\u00f3n imaginada, en gran medida,&hellip;","_links":{"self":[{"href":"https:\/\/biblio1.mdp.edu.ar\/centro-ventas\/wp-json\/wp\/v2\/product\/3762","targetHints":{"allow":["GET"]}}],"collection":[{"href":"https:\/\/biblio1.mdp.edu.ar\/centro-ventas\/wp-json\/wp\/v2\/product"}],"about":[{"href":"https:\/\/biblio1.mdp.edu.ar\/centro-ventas\/wp-json\/wp\/v2\/types\/product"}],"wp:featuredmedia":[{"embeddable":true,"href":"https:\/\/biblio1.mdp.edu.ar\/centro-ventas\/wp-json\/wp\/v2\/media\/3768"}],"wp:attachment":[{"href":"https:\/\/biblio1.mdp.edu.ar\/centro-ventas\/wp-json\/wp\/v2\/media?parent=3762"}],"wp:term":[{"taxonomy":"product_cat","embeddable":true,"href":"https:\/\/biblio1.mdp.edu.ar\/centro-ventas\/wp-json\/wp\/v2\/product_cat?post=3762"},{"taxonomy":"product_tag","embeddable":true,"href":"https:\/\/biblio1.mdp.edu.ar\/centro-ventas\/wp-json\/wp\/v2\/product_tag?post=3762"}],"curies":[{"name":"wp","href":"https:\/\/api.w.org\/{rel}","templated":true}]}}