{"id":3757,"date":"2025-09-24T17:09:04","date_gmt":"2025-09-24T20:09:04","guid":{"rendered":"https:\/\/biblio1.mdp.edu.ar\/centro-ventas\/?post_type=product&#038;p=3757"},"modified":"2025-09-24T17:09:05","modified_gmt":"2025-09-24T20:09:05","slug":"competencias-genericas","status":"publish","type":"product","link":"https:\/\/biblio1.mdp.edu.ar\/centro-ventas\/producto\/competencias-genericas\/","title":{"rendered":"Competencias gen\u00e9ricas"},"content":{"rendered":"<p>Las culturas institucionales de las Escuelas Medias habilitan la construcci\u00f3n de aprendizajes (competencias) que no est\u00e1n necesariamente vinculados a los campos disciplinares. En este sentido, el objetivo de la presente investigaci\u00f3n es identificar competencias gen\u00e9ricas que gravitan de manera decisiva en los tr\u00e1nsitos de los graduados hacia la Educaci\u00f3n Superior. Estos interrogantes fueron desarrollados en el marco de la investigaci\u00f3n de un equipo de docentes investigadores de la UNVM en la que se da cuenta de un trabajo realizado con directivos de Escuelas Medias, y que intenta contribuir a una mayor democratizaci\u00f3n de los saberes, en el marco de una pol\u00edtica p\u00fablica de inclusi\u00f3n.<\/p>\n<p>Los estudiantes extranjeros eligen carreras de grado en Argentina, fundamentalmente en universidades nacionales, dentro del proceso de globalizaci\u00f3n. Seg\u00fan estad\u00edsticas, la cantidad de ellos asciende alrededor de veinticuatro mil. Si bien existe un Programa de Promoci\u00f3n de la Universidad Argentina creado en el a\u00f1o 2006 para atraer estudiantes extranjeros, son pocos los an\u00e1lisis exploratorios realizados sobre las actividades llevadas a cabo en las distintas universidades del pa\u00eds, as\u00ed como sobre sus resultados.<\/p>\n","protected":false},"excerpt":{"rendered":"<p>Las culturas institucionales de las Escuelas Medias habilitan la construcci\u00f3n de aprendizajes (competencias) que no est\u00e1n necesariamente vinculados a los campos disciplinares. En este sentido, el objetivo de la presente investigaci\u00f3n es identificar competencias gen\u00e9ricas que gravitan de manera decisiva en los tr\u00e1nsitos de los graduados hacia la Educaci\u00f3n Superior. Estos interrogantes fueron desarrollados en [&hellip;]<\/p>\n","protected":false},"featured_media":3758,"template":"","meta":{"_acf_changed":false,"_eb_attr":"","_crdt_document":"","_uag_custom_page_level_css":"","_editorskit_title_hidden":false,"_editorskit_reading_time":0,"_editorskit_is_block_options_detached":false,"_editorskit_block_options_position":"{}","site-sidebar-layout":"default","site-content-layout":"","ast-site-content-layout":"default","site-content-style":"default","site-sidebar-style":"default","ast-global-header-display":"","ast-banner-title-visibility":"","ast-main-header-display":"","ast-hfb-above-header-display":"","ast-hfb-below-header-display":"","ast-hfb-mobile-header-display":"","site-post-title":"","ast-breadcrumbs-content":"","ast-featured-img":"","footer-sml-layout":"","ast-disable-related-posts":"","theme-transparent-header-meta":"default","adv-header-id-meta":"","stick-header-meta":"","header-above-stick-meta":"","header-main-stick-meta":"","header-below-stick-meta":"","astra-migrate-meta-layouts":"set","ast-page-background-enabled":"default","ast-page-background-meta":{"desktop":{"background-color":"var(--ast-global-color-4)","background-image":"","background-repeat":"repeat","background-position":"center center","background-size":"auto","background-attachment":"scroll","background-type":"","background-media":"","overlay-type":"","overlay-color":"","overlay-opacity":"","overlay-gradient":""},"tablet":{"background-color":"","background-image":"","background-repeat":"repeat","background-position":"center center","background-size":"auto","background-attachment":"scroll","background-type":"","background-media":"","overlay-type":"","overlay-color":"","overlay-opacity":"","overlay-gradient":""},"mobile":{"background-color":"","background-image":"","background-repeat":"repeat","background-position":"center center","background-size":"auto","background-attachment":"scroll","background-type":"","background-media":"","overlay-type":"","overlay-color":"","overlay-opacity":"","overlay-gradient":""}},"ast-content-background-meta":{"desktop":{"background-color":"var(--ast-global-color-5)","background-image":"","background-repeat":"repeat","background-position":"center center","background-size":"auto","background-attachment":"scroll","background-type":"","background-media":"","overlay-type":"","overlay-color":"","overlay-opacity":"","overlay-gradient":""},"tablet":{"background-color":"var(--ast-global-color-5)","background-image":"","background-repeat":"repeat","background-position":"center center","background-size":"auto","background-attachment":"scroll","background-type":"","background-media":"","overlay-type":"","overlay-color":"","overlay-opacity":"","overlay-gradient":""},"mobile":{"background-color":"var(--ast-global-color-5)","background-image":"","background-repeat":"repeat","background-position":"center center","background-size":"auto","background-attachment":"scroll","background-type":"","background-media":"","overlay-type":"","overlay-color":"","overlay-opacity":"","overlay-gradient":""}}},"product_cat":[669,28],"product_tag":[385,692],"class_list":{"0":"post-3757","1":"product","2":"type-product","3":"status-publish","4":"has-post-thumbnail","6":"product_cat-eduvim","7":"product_cat-libro","8":"product_tag-educacion","9":"product_tag-pedagogia","10":"desktop-align-left","11":"tablet-align-left","12":"mobile-align-left","14":"first","15":"instock","16":"shipping-taxable","17":"purchasable","18":"product-type-simple"},"acf":[],"uagb_featured_image_src":{"full":["https:\/\/biblio1.mdp.edu.ar\/centro-ventas\/wp-content\/uploads\/sites\/2\/2025\/09\/EDCI-369789871518876.jpg",480,640,false],"thumbnail":["https:\/\/biblio1.mdp.edu.ar\/centro-ventas\/wp-content\/uploads\/sites\/2\/2025\/09\/EDCI-369789871518876-150x150.jpg",150,150,true],"medium":["https:\/\/biblio1.mdp.edu.ar\/centro-ventas\/wp-content\/uploads\/sites\/2\/2025\/09\/EDCI-369789871518876-225x300.jpg",225,300,true],"medium_large":["https:\/\/biblio1.mdp.edu.ar\/centro-ventas\/wp-content\/uploads\/sites\/2\/2025\/09\/EDCI-369789871518876.jpg",480,640,false],"large":["https:\/\/biblio1.mdp.edu.ar\/centro-ventas\/wp-content\/uploads\/sites\/2\/2025\/09\/EDCI-369789871518876.jpg",480,640,false],"1536x1536":["https:\/\/biblio1.mdp.edu.ar\/centro-ventas\/wp-content\/uploads\/sites\/2\/2025\/09\/EDCI-369789871518876.jpg",480,640,false],"2048x2048":["https:\/\/biblio1.mdp.edu.ar\/centro-ventas\/wp-content\/uploads\/sites\/2\/2025\/09\/EDCI-369789871518876.jpg",480,640,false],"woocommerce_thumbnail":["https:\/\/biblio1.mdp.edu.ar\/centro-ventas\/wp-content\/uploads\/sites\/2\/2025\/09\/EDCI-369789871518876-300x400.jpg",300,400,true],"woocommerce_single":["https:\/\/biblio1.mdp.edu.ar\/centro-ventas\/wp-content\/uploads\/sites\/2\/2025\/09\/EDCI-369789871518876.jpg",480,640,false],"woocommerce_gallery_thumbnail":["https:\/\/biblio1.mdp.edu.ar\/centro-ventas\/wp-content\/uploads\/sites\/2\/2025\/09\/EDCI-369789871518876-100x100.jpg",100,100,true]},"uagb_author_info":{"display_name":"Cristina Bernabe","author_link":"https:\/\/biblio1.mdp.edu.ar\/centro-ventas\/author\/"},"uagb_comment_info":0,"uagb_excerpt":"Las culturas institucionales de las Escuelas Medias habilitan la construcci\u00f3n de aprendizajes (competencias) que no est\u00e1n necesariamente vinculados a los campos disciplinares. En este sentido, el objetivo de la presente investigaci\u00f3n es identificar competencias gen\u00e9ricas que gravitan de manera decisiva en los tr\u00e1nsitos de los graduados hacia la Educaci\u00f3n Superior. Estos interrogantes fueron desarrollados en&hellip;","_links":{"self":[{"href":"https:\/\/biblio1.mdp.edu.ar\/centro-ventas\/wp-json\/wp\/v2\/product\/3757","targetHints":{"allow":["GET"]}}],"collection":[{"href":"https:\/\/biblio1.mdp.edu.ar\/centro-ventas\/wp-json\/wp\/v2\/product"}],"about":[{"href":"https:\/\/biblio1.mdp.edu.ar\/centro-ventas\/wp-json\/wp\/v2\/types\/product"}],"wp:featuredmedia":[{"embeddable":true,"href":"https:\/\/biblio1.mdp.edu.ar\/centro-ventas\/wp-json\/wp\/v2\/media\/3758"}],"wp:attachment":[{"href":"https:\/\/biblio1.mdp.edu.ar\/centro-ventas\/wp-json\/wp\/v2\/media?parent=3757"}],"wp:term":[{"taxonomy":"product_cat","embeddable":true,"href":"https:\/\/biblio1.mdp.edu.ar\/centro-ventas\/wp-json\/wp\/v2\/product_cat?post=3757"},{"taxonomy":"product_tag","embeddable":true,"href":"https:\/\/biblio1.mdp.edu.ar\/centro-ventas\/wp-json\/wp\/v2\/product_tag?post=3757"}],"curies":[{"name":"wp","href":"https:\/\/api.w.org\/{rel}","templated":true}]}}