{"id":3720,"date":"2025-09-16T15:52:22","date_gmt":"2025-09-16T18:52:22","guid":{"rendered":"https:\/\/biblio1.mdp.edu.ar\/centro-ventas\/?post_type=product&#038;p=3720"},"modified":"2025-09-16T16:01:48","modified_gmt":"2025-09-16T19:01:48","slug":"desafios-y-perspectivas-de-la-edicion-digital","status":"publish","type":"product","link":"https:\/\/biblio1.mdp.edu.ar\/centro-ventas\/producto\/desafios-y-perspectivas-de-la-edicion-digital\/","title":{"rendered":"Desaf\u00edos y perspectivas de la edici\u00f3n digital"},"content":{"rendered":"<p>Los escritos reunidos en este libro analizan una problem\u00e1tica fundamental para aprender el mundo de la edici\u00f3n electr\u00f3nica. Abordar la \u00a8Revoluci\u00f3n Electr\u00f3nica\u00a8 implica pensar nuestra relaci\u00f3n con el mundo escrito, con los soportes que determinan nuestros h\u00e1bitos de lectura e interpretaci\u00f3n de los textos.\u00a0 Como se\u00f1ala acertadamente Federico Bravo en el pr\u00f3logo de este volumen: \u00a8Pasando del papel a lo digital, el texto cambia de apariencia: con la irrupci\u00f3n de la edici\u00f3n electr\u00f3nica los h\u00e1bitos de lectura se modifican. Hecho que viene a cuestionar las v\u00edas de acceso a la palabra. \u00bf Cuales son estos nuevos h\u00e1bitos, qu\u00e9 aporta lo digital a la cuesti\u00f3n de la literalidad y m\u00e1s globalmente, a la cuesti\u00f3n del texto? Tales son las reflexiones que ofrecen al lector los trabajos reunidos en el presente libro\u00a8.<\/p>\n","protected":false},"excerpt":{"rendered":"<p>Los escritos reunidos en este libro analizan una problem\u00e1tica fundamental para aprender el mundo de la edici\u00f3n electr\u00f3nica. Abordar la \u00a8Revoluci\u00f3n Electr\u00f3nica\u00a8 implica pensar nuestra relaci\u00f3n con el mundo escrito, con los soportes que determinan nuestros h\u00e1bitos de lectura e interpretaci\u00f3n de los textos.\u00a0 Como se\u00f1ala acertadamente Federico Bravo en el pr\u00f3logo de este volumen: [&hellip;]<\/p>\n","protected":false},"featured_media":3721,"template":"","meta":{"_acf_changed":false,"_eb_attr":"","_crdt_document":"","_uag_custom_page_level_css":"","_editorskit_title_hidden":false,"_editorskit_reading_time":0,"_editorskit_is_block_options_detached":false,"_editorskit_block_options_position":"{}","site-sidebar-layout":"default","site-content-layout":"","ast-site-content-layout":"default","site-content-style":"default","site-sidebar-style":"default","ast-global-header-display":"","ast-banner-title-visibility":"","ast-main-header-display":"","ast-hfb-above-header-display":"","ast-hfb-below-header-display":"","ast-hfb-mobile-header-display":"","site-post-title":"","ast-breadcrumbs-content":"","ast-featured-img":"","footer-sml-layout":"","ast-disable-related-posts":"","theme-transparent-header-meta":"default","adv-header-id-meta":"","stick-header-meta":"","header-above-stick-meta":"","header-main-stick-meta":"","header-below-stick-meta":"","astra-migrate-meta-layouts":"set","ast-page-background-enabled":"default","ast-page-background-meta":{"desktop":{"background-color":"var(--ast-global-color-4)","background-image":"","background-repeat":"repeat","background-position":"center center","background-size":"auto","background-attachment":"scroll","background-type":"","background-media":"","overlay-type":"","overlay-color":"","overlay-opacity":"","overlay-gradient":""},"tablet":{"background-color":"","background-image":"","background-repeat":"repeat","background-position":"center center","background-size":"auto","background-attachment":"scroll","background-type":"","background-media":"","overlay-type":"","overlay-color":"","overlay-opacity":"","overlay-gradient":""},"mobile":{"background-color":"","background-image":"","background-repeat":"repeat","background-position":"center center","background-size":"auto","background-attachment":"scroll","background-type":"","background-media":"","overlay-type":"","overlay-color":"","overlay-opacity":"","overlay-gradient":""}},"ast-content-background-meta":{"desktop":{"background-color":"var(--ast-global-color-5)","background-image":"","background-repeat":"repeat","background-position":"center center","background-size":"auto","background-attachment":"scroll","background-type":"","background-media":"","overlay-type":"","overlay-color":"","overlay-opacity":"","overlay-gradient":""},"tablet":{"background-color":"var(--ast-global-color-5)","background-image":"","background-repeat":"repeat","background-position":"center center","background-size":"auto","background-attachment":"scroll","background-type":"","background-media":"","overlay-type":"","overlay-color":"","overlay-opacity":"","overlay-gradient":""},"mobile":{"background-color":"var(--ast-global-color-5)","background-image":"","background-repeat":"repeat","background-position":"center center","background-size":"auto","background-attachment":"scroll","background-type":"","background-media":"","overlay-type":"","overlay-color":"","overlay-opacity":"","overlay-gradient":""}}},"product_cat":[669,28],"product_tag":[687,688,689],"class_list":{"0":"post-3720","1":"product","2":"type-product","3":"status-publish","4":"has-post-thumbnail","6":"product_cat-eduvim","7":"product_cat-libro","8":"product_tag-bibliologia","9":"product_tag-edicion-digital","10":"product_tag-historia-del-libro","11":"desktop-align-left","12":"tablet-align-left","13":"mobile-align-left","15":"first","16":"instock","17":"shipping-taxable","18":"purchasable","19":"product-type-simple"},"acf":[],"uagb_featured_image_src":{"full":["https:\/\/biblio1.mdp.edu.ar\/centro-ventas\/wp-content\/uploads\/sites\/2\/2025\/09\/EDCI-36409789871868407.jpg",465,585,false],"thumbnail":["https:\/\/biblio1.mdp.edu.ar\/centro-ventas\/wp-content\/uploads\/sites\/2\/2025\/09\/EDCI-36409789871868407-150x150.jpg",150,150,true],"medium":["https:\/\/biblio1.mdp.edu.ar\/centro-ventas\/wp-content\/uploads\/sites\/2\/2025\/09\/EDCI-36409789871868407-238x300.jpg",238,300,true],"medium_large":["https:\/\/biblio1.mdp.edu.ar\/centro-ventas\/wp-content\/uploads\/sites\/2\/2025\/09\/EDCI-36409789871868407.jpg",465,585,false],"large":["https:\/\/biblio1.mdp.edu.ar\/centro-ventas\/wp-content\/uploads\/sites\/2\/2025\/09\/EDCI-36409789871868407.jpg",465,585,false],"1536x1536":["https:\/\/biblio1.mdp.edu.ar\/centro-ventas\/wp-content\/uploads\/sites\/2\/2025\/09\/EDCI-36409789871868407.jpg",465,585,false],"2048x2048":["https:\/\/biblio1.mdp.edu.ar\/centro-ventas\/wp-content\/uploads\/sites\/2\/2025\/09\/EDCI-36409789871868407.jpg",465,585,false],"woocommerce_thumbnail":["https:\/\/biblio1.mdp.edu.ar\/centro-ventas\/wp-content\/uploads\/sites\/2\/2025\/09\/EDCI-36409789871868407-300x377.jpg",300,377,true],"woocommerce_single":["https:\/\/biblio1.mdp.edu.ar\/centro-ventas\/wp-content\/uploads\/sites\/2\/2025\/09\/EDCI-36409789871868407.jpg",465,585,false],"woocommerce_gallery_thumbnail":["https:\/\/biblio1.mdp.edu.ar\/centro-ventas\/wp-content\/uploads\/sites\/2\/2025\/09\/EDCI-36409789871868407-100x100.jpg",100,100,true]},"uagb_author_info":{"display_name":"Cristina Bernabe","author_link":"https:\/\/biblio1.mdp.edu.ar\/centro-ventas\/author\/"},"uagb_comment_info":0,"uagb_excerpt":"Los escritos reunidos en este libro analizan una problem\u00e1tica fundamental para aprender el mundo de la edici\u00f3n electr\u00f3nica. Abordar la \u00a8Revoluci\u00f3n Electr\u00f3nica\u00a8 implica pensar nuestra relaci\u00f3n con el mundo escrito, con los soportes que determinan nuestros h\u00e1bitos de lectura e interpretaci\u00f3n de los textos.\u00a0 Como se\u00f1ala acertadamente Federico Bravo en el pr\u00f3logo de este volumen:&hellip;","_links":{"self":[{"href":"https:\/\/biblio1.mdp.edu.ar\/centro-ventas\/wp-json\/wp\/v2\/product\/3720","targetHints":{"allow":["GET"]}}],"collection":[{"href":"https:\/\/biblio1.mdp.edu.ar\/centro-ventas\/wp-json\/wp\/v2\/product"}],"about":[{"href":"https:\/\/biblio1.mdp.edu.ar\/centro-ventas\/wp-json\/wp\/v2\/types\/product"}],"wp:featuredmedia":[{"embeddable":true,"href":"https:\/\/biblio1.mdp.edu.ar\/centro-ventas\/wp-json\/wp\/v2\/media\/3721"}],"wp:attachment":[{"href":"https:\/\/biblio1.mdp.edu.ar\/centro-ventas\/wp-json\/wp\/v2\/media?parent=3720"}],"wp:term":[{"taxonomy":"product_cat","embeddable":true,"href":"https:\/\/biblio1.mdp.edu.ar\/centro-ventas\/wp-json\/wp\/v2\/product_cat?post=3720"},{"taxonomy":"product_tag","embeddable":true,"href":"https:\/\/biblio1.mdp.edu.ar\/centro-ventas\/wp-json\/wp\/v2\/product_tag?post=3720"}],"curies":[{"name":"wp","href":"https:\/\/api.w.org\/{rel}","templated":true}]}}