{"id":3664,"date":"2025-08-29T17:50:20","date_gmt":"2025-08-29T20:50:20","guid":{"rendered":"https:\/\/biblio1.mdp.edu.ar\/centro-ventas\/?post_type=product&#038;p=3664"},"modified":"2025-08-29T17:58:29","modified_gmt":"2025-08-29T20:58:29","slug":"educacion-superior","status":"publish","type":"product","link":"https:\/\/biblio1.mdp.edu.ar\/centro-ventas\/producto\/educacion-superior\/","title":{"rendered":"Educaci\u00f3n Superior"},"content":{"rendered":"<p>La idea de pagar por los estudios (en todos los niveles de ense\u00f1anza), ha logrado instalarse en el sentido com\u00fan de una importante porci\u00f3n de las clases medias y ha modificado las pr\u00e1cticas al tiempo que colabor\u00f3 en la configuraci\u00f3n de un esquema societal cada vez menos capaz de invertir como integrador social. El proceso de privatizaci\u00f3n de la vida p\u00fablica ( e incluso privada) se instal\u00f3 en los n\u00facleos rectores de sentido y en todos aquellos espacios desde los cuales se organiza la vida social. En este marco, la definici\u00f3n del rol de la Educaci\u00f3n Superior exige respuestas inteligentes que superen el terreno de la mera consigna para adentrarse de lleno en la problem\u00e1tica privatizadora. La privatizaci\u00f3n a la que hacemos referencia no va a resolverse proclamando la intangibilidad de la \u00abcosa universitaria\u00bb, sino m\u00e1s bien organizando un sistema de Educaci\u00f3n Superior capaz de superar el enfoque economisista de la universidad.<br \/>\nEl creciente papel del conocimiento, como medio de acumulaci\u00f3n, hace que los distintos factores de poder se enfrenten por aquellas instancias donde este se produce y se transfiere.\u00a0 este proceso es mundial por los que vemos intervenir a las agencias internacionales y a los mismos Estados en la configuraci\u00f3n de un esquema de un esquema donde la educaci\u00f3n<\/p>\n","protected":false},"excerpt":{"rendered":"<p>La idea de pagar por los estudios (en todos los niveles de ense\u00f1anza), ha logrado instalarse en el sentido com\u00fan de una importante porci\u00f3n de las clases medias y ha modificado las pr\u00e1cticas al tiempo que colabor\u00f3 en la configuraci\u00f3n de un esquema societal cada vez menos capaz de invertir como integrador social. El proceso [&hellip;]<\/p>\n","protected":false},"featured_media":3665,"template":"","meta":{"_acf_changed":false,"_eb_attr":"","_crdt_document":"","_uag_custom_page_level_css":"","_editorskit_title_hidden":false,"_editorskit_reading_time":0,"_editorskit_is_block_options_detached":false,"_editorskit_block_options_position":"{}","site-sidebar-layout":"default","site-content-layout":"","ast-site-content-layout":"default","site-content-style":"default","site-sidebar-style":"default","ast-global-header-display":"","ast-banner-title-visibility":"","ast-main-header-display":"","ast-hfb-above-header-display":"","ast-hfb-below-header-display":"","ast-hfb-mobile-header-display":"","site-post-title":"","ast-breadcrumbs-content":"","ast-featured-img":"","footer-sml-layout":"","ast-disable-related-posts":"","theme-transparent-header-meta":"default","adv-header-id-meta":"","stick-header-meta":"","header-above-stick-meta":"","header-main-stick-meta":"","header-below-stick-meta":"","astra-migrate-meta-layouts":"set","ast-page-background-enabled":"default","ast-page-background-meta":{"desktop":{"background-color":"var(--ast-global-color-4)","background-image":"","background-repeat":"repeat","background-position":"center center","background-size":"auto","background-attachment":"scroll","background-type":"","background-media":"","overlay-type":"","overlay-color":"","overlay-opacity":"","overlay-gradient":""},"tablet":{"background-color":"","background-image":"","background-repeat":"repeat","background-position":"center center","background-size":"auto","background-attachment":"scroll","background-type":"","background-media":"","overlay-type":"","overlay-color":"","overlay-opacity":"","overlay-gradient":""},"mobile":{"background-color":"","background-image":"","background-repeat":"repeat","background-position":"center center","background-size":"auto","background-attachment":"scroll","background-type":"","background-media":"","overlay-type":"","overlay-color":"","overlay-opacity":"","overlay-gradient":""}},"ast-content-background-meta":{"desktop":{"background-color":"var(--ast-global-color-5)","background-image":"","background-repeat":"repeat","background-position":"center center","background-size":"auto","background-attachment":"scroll","background-type":"","background-media":"","overlay-type":"","overlay-color":"","overlay-opacity":"","overlay-gradient":""},"tablet":{"background-color":"var(--ast-global-color-5)","background-image":"","background-repeat":"repeat","background-position":"center center","background-size":"auto","background-attachment":"scroll","background-type":"","background-media":"","overlay-type":"","overlay-color":"","overlay-opacity":"","overlay-gradient":""},"mobile":{"background-color":"var(--ast-global-color-5)","background-image":"","background-repeat":"repeat","background-position":"center center","background-size":"auto","background-attachment":"scroll","background-type":"","background-media":"","overlay-type":"","overlay-color":"","overlay-opacity":"","overlay-gradient":""}}},"product_cat":[669,28],"product_tag":[385,212],"class_list":{"0":"post-3664","1":"product","2":"type-product","3":"status-publish","4":"has-post-thumbnail","6":"product_cat-eduvim","7":"product_cat-libro","8":"product_tag-educacion","9":"product_tag-educacion-superior","10":"desktop-align-left","11":"tablet-align-left","12":"mobile-align-left","14":"first","15":"instock","16":"shipping-taxable","17":"purchasable","18":"product-type-simple"},"acf":[],"uagb_featured_image_src":{"full":["https:\/\/biblio1.mdp.edu.ar\/centro-ventas\/wp-content\/uploads\/sites\/2\/2025\/08\/EDCI-689789871727025.jpg",717,1024,false],"thumbnail":["https:\/\/biblio1.mdp.edu.ar\/centro-ventas\/wp-content\/uploads\/sites\/2\/2025\/08\/EDCI-689789871727025-150x150.jpg",150,150,true],"medium":["https:\/\/biblio1.mdp.edu.ar\/centro-ventas\/wp-content\/uploads\/sites\/2\/2025\/08\/EDCI-689789871727025-210x300.jpg",210,300,true],"medium_large":["https:\/\/biblio1.mdp.edu.ar\/centro-ventas\/wp-content\/uploads\/sites\/2\/2025\/08\/EDCI-689789871727025.jpg",717,1024,false],"large":["https:\/\/biblio1.mdp.edu.ar\/centro-ventas\/wp-content\/uploads\/sites\/2\/2025\/08\/EDCI-689789871727025.jpg",717,1024,false],"1536x1536":["https:\/\/biblio1.mdp.edu.ar\/centro-ventas\/wp-content\/uploads\/sites\/2\/2025\/08\/EDCI-689789871727025.jpg",717,1024,false],"2048x2048":["https:\/\/biblio1.mdp.edu.ar\/centro-ventas\/wp-content\/uploads\/sites\/2\/2025\/08\/EDCI-689789871727025.jpg",717,1024,false],"woocommerce_thumbnail":["https:\/\/biblio1.mdp.edu.ar\/centro-ventas\/wp-content\/uploads\/sites\/2\/2025\/08\/EDCI-689789871727025-300x428.jpg",300,428,true],"woocommerce_single":["https:\/\/biblio1.mdp.edu.ar\/centro-ventas\/wp-content\/uploads\/sites\/2\/2025\/08\/EDCI-689789871727025-600x857.jpg",600,857,true],"woocommerce_gallery_thumbnail":["https:\/\/biblio1.mdp.edu.ar\/centro-ventas\/wp-content\/uploads\/sites\/2\/2025\/08\/EDCI-689789871727025-100x100.jpg",100,100,true]},"uagb_author_info":{"display_name":"Cristina Bernabe","author_link":"https:\/\/biblio1.mdp.edu.ar\/centro-ventas\/author\/"},"uagb_comment_info":0,"uagb_excerpt":"La idea de pagar por los estudios (en todos los niveles de ense\u00f1anza), ha logrado instalarse en el sentido com\u00fan de una importante porci\u00f3n de las clases medias y ha modificado las pr\u00e1cticas al tiempo que colabor\u00f3 en la configuraci\u00f3n de un esquema societal cada vez menos capaz de invertir como integrador social. El proceso&hellip;","_links":{"self":[{"href":"https:\/\/biblio1.mdp.edu.ar\/centro-ventas\/wp-json\/wp\/v2\/product\/3664","targetHints":{"allow":["GET"]}}],"collection":[{"href":"https:\/\/biblio1.mdp.edu.ar\/centro-ventas\/wp-json\/wp\/v2\/product"}],"about":[{"href":"https:\/\/biblio1.mdp.edu.ar\/centro-ventas\/wp-json\/wp\/v2\/types\/product"}],"wp:featuredmedia":[{"embeddable":true,"href":"https:\/\/biblio1.mdp.edu.ar\/centro-ventas\/wp-json\/wp\/v2\/media\/3665"}],"wp:attachment":[{"href":"https:\/\/biblio1.mdp.edu.ar\/centro-ventas\/wp-json\/wp\/v2\/media?parent=3664"}],"wp:term":[{"taxonomy":"product_cat","embeddable":true,"href":"https:\/\/biblio1.mdp.edu.ar\/centro-ventas\/wp-json\/wp\/v2\/product_cat?post=3664"},{"taxonomy":"product_tag","embeddable":true,"href":"https:\/\/biblio1.mdp.edu.ar\/centro-ventas\/wp-json\/wp\/v2\/product_tag?post=3664"}],"curies":[{"name":"wp","href":"https:\/\/api.w.org\/{rel}","templated":true}]}}