{"id":3658,"date":"2025-08-29T16:27:53","date_gmt":"2025-08-29T19:27:53","guid":{"rendered":"https:\/\/biblio1.mdp.edu.ar\/centro-ventas\/?post_type=product&#038;p=3658"},"modified":"2025-08-29T16:27:57","modified_gmt":"2025-08-29T19:27:57","slug":"vidas-y-ausencias-destinatarios-de-la-represion-cordoba-1969-1983","status":"publish","type":"product","link":"https:\/\/biblio1.mdp.edu.ar\/centro-ventas\/producto\/vidas-y-ausencias-destinatarios-de-la-represion-cordoba-1969-1983\/","title":{"rendered":"Vidas y ausencias. Destinatarios de la represi\u00f3n C\u00f3rdoba, 1969-1983"},"content":{"rendered":"<p>Vidas y ausencias Destinatarios de la represi\u00f3n C\u00f3rdoba, 1969-1983<br \/>\nEste libro presenta una reconstrucci\u00f3n, a\u00fan fragmentaria, del universo de v\u00edctimas de la represi\u00f3n ilegal y el terrorismo de Estado que en los a\u00f1os 60 y 70 participaron directa o indirectamente en la vida pol\u00edtica, social y cultural de C\u00f3rdoba.<br \/>\nRecupera y muestra aspectos de sus identidades, que se articula con informaci\u00f3n de car\u00e1cter p\u00fablico sobre sus trayectorias y las<br \/>\ncircunstancias en que fueron desaparecidas o asesinadas. Las im\u00e1genes del subconjunto de personas hasta ahora identificadas en<br \/>\nregistros audiovisuales de archivo enfatizan su participaci\u00f3n en el espacio p\u00fablico y las resit\u00faan en los contextos hist\u00f3ricos captados por las c\u00e1maras de la televisi\u00f3n.<br \/>\nNombres, trayectorias e im\u00e1genes son testimonios de la ausencia y, al mismo tiempo, \u201cprueba de existencia\u201d de aquellos cuyos cuerpos, historias e identidades la dictadura busc\u00f3 borrar, hacer desaparecer.<\/p>\n","protected":false},"excerpt":{"rendered":"<p>Vidas y ausencias Destinatarios de la represi\u00f3n C\u00f3rdoba, 1969-1983 Este libro presenta una reconstrucci\u00f3n, a\u00fan fragmentaria, del universo de v\u00edctimas de la represi\u00f3n ilegal y el terrorismo de Estado que en los a\u00f1os 60 y 70 participaron directa o indirectamente en la vida pol\u00edtica, social y cultural de C\u00f3rdoba. Recupera y muestra aspectos de sus [&hellip;]<\/p>\n","protected":false},"featured_media":3663,"template":"","meta":{"_acf_changed":false,"_eb_attr":"","_crdt_document":"","_uag_custom_page_level_css":"","_editorskit_title_hidden":false,"_editorskit_reading_time":0,"_editorskit_is_block_options_detached":false,"_editorskit_block_options_position":"{}","site-sidebar-layout":"default","site-content-layout":"","ast-site-content-layout":"default","site-content-style":"default","site-sidebar-style":"default","ast-global-header-display":"","ast-banner-title-visibility":"","ast-main-header-display":"","ast-hfb-above-header-display":"","ast-hfb-below-header-display":"","ast-hfb-mobile-header-display":"","site-post-title":"","ast-breadcrumbs-content":"","ast-featured-img":"","footer-sml-layout":"","ast-disable-related-posts":"","theme-transparent-header-meta":"default","adv-header-id-meta":"","stick-header-meta":"","header-above-stick-meta":"","header-main-stick-meta":"","header-below-stick-meta":"","astra-migrate-meta-layouts":"set","ast-page-background-enabled":"default","ast-page-background-meta":{"desktop":{"background-color":"var(--ast-global-color-4)","background-image":"","background-repeat":"repeat","background-position":"center center","background-size":"auto","background-attachment":"scroll","background-type":"","background-media":"","overlay-type":"","overlay-color":"","overlay-opacity":"","overlay-gradient":""},"tablet":{"background-color":"","background-image":"","background-repeat":"repeat","background-position":"center center","background-size":"auto","background-attachment":"scroll","background-type":"","background-media":"","overlay-type":"","overlay-color":"","overlay-opacity":"","overlay-gradient":""},"mobile":{"background-color":"","background-image":"","background-repeat":"repeat","background-position":"center center","background-size":"auto","background-attachment":"scroll","background-type":"","background-media":"","overlay-type":"","overlay-color":"","overlay-opacity":"","overlay-gradient":""}},"ast-content-background-meta":{"desktop":{"background-color":"var(--ast-global-color-5)","background-image":"","background-repeat":"repeat","background-position":"center center","background-size":"auto","background-attachment":"scroll","background-type":"","background-media":"","overlay-type":"","overlay-color":"","overlay-opacity":"","overlay-gradient":""},"tablet":{"background-color":"var(--ast-global-color-5)","background-image":"","background-repeat":"repeat","background-position":"center center","background-size":"auto","background-attachment":"scroll","background-type":"","background-media":"","overlay-type":"","overlay-color":"","overlay-opacity":"","overlay-gradient":""},"mobile":{"background-color":"var(--ast-global-color-5)","background-image":"","background-repeat":"repeat","background-position":"center center","background-size":"auto","background-attachment":"scroll","background-type":"","background-media":"","overlay-type":"","overlay-color":"","overlay-opacity":"","overlay-gradient":""}}},"product_cat":[28,680],"product_tag":[172,654,371,686],"class_list":{"0":"post-3658","1":"product","2":"type-product","3":"status-publish","4":"has-post-thumbnail","6":"product_cat-libro","7":"product_cat-unc","8":"product_tag-cordoba","9":"product_tag-ddhh","10":"product_tag-derechos-humanos","11":"product_tag-terrorismo-de-estado","12":"desktop-align-left","13":"tablet-align-left","14":"mobile-align-left","16":"first","17":"instock","18":"shipping-taxable","19":"purchasable","20":"product-type-simple"},"acf":[],"uagb_featured_image_src":{"full":["https:\/\/biblio1.mdp.edu.ar\/centro-ventas\/wp-content\/uploads\/sites\/2\/2025\/08\/vidas-y-ausencias-destinatarios-de-la-represion-cordoba-1969-1983.jpg",325,223,false],"thumbnail":["https:\/\/biblio1.mdp.edu.ar\/centro-ventas\/wp-content\/uploads\/sites\/2\/2025\/08\/vidas-y-ausencias-destinatarios-de-la-represion-cordoba-1969-1983-150x150.jpg",150,150,true],"medium":["https:\/\/biblio1.mdp.edu.ar\/centro-ventas\/wp-content\/uploads\/sites\/2\/2025\/08\/vidas-y-ausencias-destinatarios-de-la-represion-cordoba-1969-1983-300x206.jpg",300,206,true],"medium_large":["https:\/\/biblio1.mdp.edu.ar\/centro-ventas\/wp-content\/uploads\/sites\/2\/2025\/08\/vidas-y-ausencias-destinatarios-de-la-represion-cordoba-1969-1983.jpg",325,223,false],"large":["https:\/\/biblio1.mdp.edu.ar\/centro-ventas\/wp-content\/uploads\/sites\/2\/2025\/08\/vidas-y-ausencias-destinatarios-de-la-represion-cordoba-1969-1983.jpg",325,223,false],"1536x1536":["https:\/\/biblio1.mdp.edu.ar\/centro-ventas\/wp-content\/uploads\/sites\/2\/2025\/08\/vidas-y-ausencias-destinatarios-de-la-represion-cordoba-1969-1983.jpg",325,223,false],"2048x2048":["https:\/\/biblio1.mdp.edu.ar\/centro-ventas\/wp-content\/uploads\/sites\/2\/2025\/08\/vidas-y-ausencias-destinatarios-de-la-represion-cordoba-1969-1983.jpg",325,223,false],"woocommerce_thumbnail":["https:\/\/biblio1.mdp.edu.ar\/centro-ventas\/wp-content\/uploads\/sites\/2\/2025\/08\/vidas-y-ausencias-destinatarios-de-la-represion-cordoba-1969-1983-300x206.jpg",300,206,true],"woocommerce_single":["https:\/\/biblio1.mdp.edu.ar\/centro-ventas\/wp-content\/uploads\/sites\/2\/2025\/08\/vidas-y-ausencias-destinatarios-de-la-represion-cordoba-1969-1983.jpg",325,223,false],"woocommerce_gallery_thumbnail":["https:\/\/biblio1.mdp.edu.ar\/centro-ventas\/wp-content\/uploads\/sites\/2\/2025\/08\/vidas-y-ausencias-destinatarios-de-la-represion-cordoba-1969-1983-100x100.jpg",100,100,true]},"uagb_author_info":{"display_name":"Cristina Bernabe","author_link":"https:\/\/biblio1.mdp.edu.ar\/centro-ventas\/author\/"},"uagb_comment_info":0,"uagb_excerpt":"Vidas y ausencias Destinatarios de la represi\u00f3n C\u00f3rdoba, 1969-1983 Este libro presenta una reconstrucci\u00f3n, a\u00fan fragmentaria, del universo de v\u00edctimas de la represi\u00f3n ilegal y el terrorismo de Estado que en los a\u00f1os 60 y 70 participaron directa o indirectamente en la vida pol\u00edtica, social y cultural de C\u00f3rdoba. Recupera y muestra aspectos de sus&hellip;","_links":{"self":[{"href":"https:\/\/biblio1.mdp.edu.ar\/centro-ventas\/wp-json\/wp\/v2\/product\/3658","targetHints":{"allow":["GET"]}}],"collection":[{"href":"https:\/\/biblio1.mdp.edu.ar\/centro-ventas\/wp-json\/wp\/v2\/product"}],"about":[{"href":"https:\/\/biblio1.mdp.edu.ar\/centro-ventas\/wp-json\/wp\/v2\/types\/product"}],"wp:featuredmedia":[{"embeddable":true,"href":"https:\/\/biblio1.mdp.edu.ar\/centro-ventas\/wp-json\/wp\/v2\/media\/3663"}],"wp:attachment":[{"href":"https:\/\/biblio1.mdp.edu.ar\/centro-ventas\/wp-json\/wp\/v2\/media?parent=3658"}],"wp:term":[{"taxonomy":"product_cat","embeddable":true,"href":"https:\/\/biblio1.mdp.edu.ar\/centro-ventas\/wp-json\/wp\/v2\/product_cat?post=3658"},{"taxonomy":"product_tag","embeddable":true,"href":"https:\/\/biblio1.mdp.edu.ar\/centro-ventas\/wp-json\/wp\/v2\/product_tag?post=3658"}],"curies":[{"name":"wp","href":"https:\/\/api.w.org\/{rel}","templated":true}]}}