{"id":3653,"date":"2025-08-25T15:35:09","date_gmt":"2025-08-25T18:35:09","guid":{"rendered":"https:\/\/biblio1.mdp.edu.ar\/centro-ventas\/?post_type=product&#038;p=3653"},"modified":"2025-08-25T15:35:10","modified_gmt":"2025-08-25T18:35:10","slug":"cordoba-fot1ografiada-entre-1870-y-1930","status":"publish","type":"product","link":"https:\/\/biblio1.mdp.edu.ar\/centro-ventas\/producto\/cordoba-fot1ografiada-entre-1870-y-1930\/","title":{"rendered":"C\u00f3rdoba fot1ografiada entre 1870 y 1930."},"content":{"rendered":"<p>Serie Postales<\/p>\n<p>C\u00f3rdoba fotografiada entre 1870 y 1930<br \/>\nIm\u00e1genes urbanas<br \/>\nLas im\u00e1genes de estas p\u00e1ginas reconstruyen, aunque en forma parcial y fragmentada, el paisaje y el perfil de la ciudad, sus llenos y vac\u00edos, y tambi\u00e9n su movimiento, sus transformaciones. Nos adentran en ese espacio que el habitante de la ciudad de C\u00f3rdoba\u00a0 entre 1870 y 1930 ten\u00eda internalizado y constitu\u00eda la visi\u00f3n de cada d\u00eda. Este libro muestra fotograf\u00edas que han llegado hasta nosotros de un espacio urbano de fines de siglo XIX y principios del XX, que, en algunos casos,\u00a0 debi\u00f3 ser retratado por encargo, y, en muchos otros, llev\u00f3 espont\u00e1neamente a ser retenido en papel. En ambos, existi\u00f3 un impulso que moviliz\u00f3 y cautiv\u00f3 al autor, sujeto al instante que s\u00f3lo su sensibilidad percib\u00eda, mientras otros ojos pasaban sin tomar conciencia de que ese momento fugaz y \u00fanico, podr\u00eda perpetuarse por obra y magia de una t\u00e9cnica. Se presentan, aqu\u00ed los motivos de inspiraci\u00f3n de varios art\u00edfices de la\u00a0 fotograf\u00eda que, impulsados por ese instinto particular y subjetivo plasmaron estas im\u00e1genes de las cuales hoy nos apropiamos.<\/p>\n","protected":false},"excerpt":{"rendered":"<p>Serie Postales C\u00f3rdoba fotografiada entre 1870 y 1930 Im\u00e1genes urbanas Las im\u00e1genes de estas p\u00e1ginas reconstruyen, aunque en forma parcial y fragmentada, el paisaje y el perfil de la ciudad, sus llenos y vac\u00edos, y tambi\u00e9n su movimiento, sus transformaciones. Nos adentran en ese espacio que el habitante de la ciudad de C\u00f3rdoba\u00a0 entre 1870 [&hellip;]<\/p>\n","protected":false},"featured_media":3654,"template":"","meta":{"_acf_changed":false,"_eb_attr":"","_crdt_document":"","_uag_custom_page_level_css":"","_editorskit_title_hidden":false,"_editorskit_reading_time":0,"_editorskit_is_block_options_detached":false,"_editorskit_block_options_position":"{}","site-sidebar-layout":"default","site-content-layout":"","ast-site-content-layout":"default","site-content-style":"default","site-sidebar-style":"default","ast-global-header-display":"","ast-banner-title-visibility":"","ast-main-header-display":"","ast-hfb-above-header-display":"","ast-hfb-below-header-display":"","ast-hfb-mobile-header-display":"","site-post-title":"","ast-breadcrumbs-content":"","ast-featured-img":"","footer-sml-layout":"","ast-disable-related-posts":"","theme-transparent-header-meta":"default","adv-header-id-meta":"","stick-header-meta":"","header-above-stick-meta":"","header-main-stick-meta":"","header-below-stick-meta":"","astra-migrate-meta-layouts":"set","ast-page-background-enabled":"default","ast-page-background-meta":{"desktop":{"background-color":"var(--ast-global-color-4)","background-image":"","background-repeat":"repeat","background-position":"center center","background-size":"auto","background-attachment":"scroll","background-type":"","background-media":"","overlay-type":"","overlay-color":"","overlay-opacity":"","overlay-gradient":""},"tablet":{"background-color":"","background-image":"","background-repeat":"repeat","background-position":"center center","background-size":"auto","background-attachment":"scroll","background-type":"","background-media":"","overlay-type":"","overlay-color":"","overlay-opacity":"","overlay-gradient":""},"mobile":{"background-color":"","background-image":"","background-repeat":"repeat","background-position":"center center","background-size":"auto","background-attachment":"scroll","background-type":"","background-media":"","overlay-type":"","overlay-color":"","overlay-opacity":"","overlay-gradient":""}},"ast-content-background-meta":{"desktop":{"background-color":"var(--ast-global-color-5)","background-image":"","background-repeat":"repeat","background-position":"center center","background-size":"auto","background-attachment":"scroll","background-type":"","background-media":"","overlay-type":"","overlay-color":"","overlay-opacity":"","overlay-gradient":""},"tablet":{"background-color":"var(--ast-global-color-5)","background-image":"","background-repeat":"repeat","background-position":"center center","background-size":"auto","background-attachment":"scroll","background-type":"","background-media":"","overlay-type":"","overlay-color":"","overlay-opacity":"","overlay-gradient":""},"mobile":{"background-color":"var(--ast-global-color-5)","background-image":"","background-repeat":"repeat","background-position":"center center","background-size":"auto","background-attachment":"scroll","background-type":"","background-media":"","overlay-type":"","overlay-color":"","overlay-opacity":"","overlay-gradient":""}}},"product_cat":[28,680],"product_tag":[],"class_list":{"0":"post-3653","1":"product","2":"type-product","3":"status-publish","4":"has-post-thumbnail","6":"product_cat-libro","7":"product_cat-unc","8":"desktop-align-left","9":"tablet-align-left","10":"mobile-align-left","12":"first","13":"instock","14":"shipping-taxable","15":"purchasable","16":"product-type-simple"},"acf":[],"uagb_featured_image_src":{"full":["https:\/\/biblio1.mdp.edu.ar\/centro-ventas\/wp-content\/uploads\/sites\/2\/2025\/08\/UNC-FOTOSCORDOBA.jpeg",214,235,false],"thumbnail":["https:\/\/biblio1.mdp.edu.ar\/centro-ventas\/wp-content\/uploads\/sites\/2\/2025\/08\/UNC-FOTOSCORDOBA-150x150.jpeg",150,150,true],"medium":["https:\/\/biblio1.mdp.edu.ar\/centro-ventas\/wp-content\/uploads\/sites\/2\/2025\/08\/UNC-FOTOSCORDOBA.jpeg",214,235,false],"medium_large":["https:\/\/biblio1.mdp.edu.ar\/centro-ventas\/wp-content\/uploads\/sites\/2\/2025\/08\/UNC-FOTOSCORDOBA.jpeg",214,235,false],"large":["https:\/\/biblio1.mdp.edu.ar\/centro-ventas\/wp-content\/uploads\/sites\/2\/2025\/08\/UNC-FOTOSCORDOBA.jpeg",214,235,false],"1536x1536":["https:\/\/biblio1.mdp.edu.ar\/centro-ventas\/wp-content\/uploads\/sites\/2\/2025\/08\/UNC-FOTOSCORDOBA.jpeg",214,235,false],"2048x2048":["https:\/\/biblio1.mdp.edu.ar\/centro-ventas\/wp-content\/uploads\/sites\/2\/2025\/08\/UNC-FOTOSCORDOBA.jpeg",214,235,false],"woocommerce_thumbnail":["https:\/\/biblio1.mdp.edu.ar\/centro-ventas\/wp-content\/uploads\/sites\/2\/2025\/08\/UNC-FOTOSCORDOBA.jpeg",214,235,false],"woocommerce_single":["https:\/\/biblio1.mdp.edu.ar\/centro-ventas\/wp-content\/uploads\/sites\/2\/2025\/08\/UNC-FOTOSCORDOBA.jpeg",214,235,false],"woocommerce_gallery_thumbnail":["https:\/\/biblio1.mdp.edu.ar\/centro-ventas\/wp-content\/uploads\/sites\/2\/2025\/08\/UNC-FOTOSCORDOBA-100x100.jpeg",100,100,true]},"uagb_author_info":{"display_name":"Cristina Bernabe","author_link":"https:\/\/biblio1.mdp.edu.ar\/centro-ventas\/author\/"},"uagb_comment_info":0,"uagb_excerpt":"Serie Postales C\u00f3rdoba fotografiada entre 1870 y 1930 Im\u00e1genes urbanas Las im\u00e1genes de estas p\u00e1ginas reconstruyen, aunque en forma parcial y fragmentada, el paisaje y el perfil de la ciudad, sus llenos y vac\u00edos, y tambi\u00e9n su movimiento, sus transformaciones. Nos adentran en ese espacio que el habitante de la ciudad de C\u00f3rdoba\u00a0 entre 1870&hellip;","_links":{"self":[{"href":"https:\/\/biblio1.mdp.edu.ar\/centro-ventas\/wp-json\/wp\/v2\/product\/3653","targetHints":{"allow":["GET"]}}],"collection":[{"href":"https:\/\/biblio1.mdp.edu.ar\/centro-ventas\/wp-json\/wp\/v2\/product"}],"about":[{"href":"https:\/\/biblio1.mdp.edu.ar\/centro-ventas\/wp-json\/wp\/v2\/types\/product"}],"wp:featuredmedia":[{"embeddable":true,"href":"https:\/\/biblio1.mdp.edu.ar\/centro-ventas\/wp-json\/wp\/v2\/media\/3654"}],"wp:attachment":[{"href":"https:\/\/biblio1.mdp.edu.ar\/centro-ventas\/wp-json\/wp\/v2\/media?parent=3653"}],"wp:term":[{"taxonomy":"product_cat","embeddable":true,"href":"https:\/\/biblio1.mdp.edu.ar\/centro-ventas\/wp-json\/wp\/v2\/product_cat?post=3653"},{"taxonomy":"product_tag","embeddable":true,"href":"https:\/\/biblio1.mdp.edu.ar\/centro-ventas\/wp-json\/wp\/v2\/product_tag?post=3653"}],"curies":[{"name":"wp","href":"https:\/\/api.w.org\/{rel}","templated":true}]}}