{"id":3630,"date":"2025-08-14T16:43:49","date_gmt":"2025-08-14T19:43:49","guid":{"rendered":"https:\/\/biblio1.mdp.edu.ar\/centro-ventas\/?post_type=product&#038;p=3630"},"modified":"2025-08-14T16:43:51","modified_gmt":"2025-08-14T19:43:51","slug":"inicio","status":"publish","type":"product","link":"https:\/\/biblio1.mdp.edu.ar\/centro-ventas\/producto\/inicio\/","title":{"rendered":"Inicio"},"content":{"rendered":"<p>Inicio relata el comienzo de una relaci\u00f3n sentimental entre D. y H.. Pero m\u00e1s que eso, se trata de una sagaz observaci\u00f3n que D. hace de s\u00ed misma: una madre soltera de casi 30 a\u00f1os. Con una prosa contundente, la narraci\u00f3n acompa\u00f1a a D. en sus encuentros y desencuentros con H. durante sus excursiones por la ciudad los s\u00e1bados a la noche, cuando la hija de D. queda al cuidado de su padre. Formalmente arriesgada, surcada por minirelatos que funcionan como puentes entre cada cap\u00edtulo, y sobre todo audaz por su honestidad, Inicio constituye un retrato impiadoso de los lazos de amor filiales: \u00bfc\u00f3mo convivir y sobrellevar la experiencia de la maternidad? Esta pregunta ingresa oblicuamente en la obra y define su atm\u00f3sfera. En los soliloquios de D. percibimos un constante reclamo, un grito lanzado hacia un mundo hostil donde muchas veces no hay m\u00e1s que eco. Sebasti\u00e1n Gonz\u00e1lez<\/p>\n","protected":false},"excerpt":{"rendered":"<p>Inicio relata el comienzo de una relaci\u00f3n sentimental entre D. y H.. Pero m\u00e1s que eso, se trata de una sagaz observaci\u00f3n que D. hace de s\u00ed misma: una madre soltera de casi 30 a\u00f1os. Con una prosa contundente, la narraci\u00f3n acompa\u00f1a a D. en sus encuentros y desencuentros con H. durante sus excursiones por [&hellip;]<\/p>\n","protected":false},"featured_media":3632,"template":"","meta":{"_acf_changed":false,"_eb_attr":"","_crdt_document":"","_uag_custom_page_level_css":"","_editorskit_title_hidden":false,"_editorskit_reading_time":0,"_editorskit_is_block_options_detached":false,"_editorskit_block_options_position":"{}","site-sidebar-layout":"default","site-content-layout":"","ast-site-content-layout":"default","site-content-style":"default","site-sidebar-style":"default","ast-global-header-display":"","ast-banner-title-visibility":"","ast-main-header-display":"","ast-hfb-above-header-display":"","ast-hfb-below-header-display":"","ast-hfb-mobile-header-display":"","site-post-title":"","ast-breadcrumbs-content":"","ast-featured-img":"","footer-sml-layout":"","ast-disable-related-posts":"","theme-transparent-header-meta":"default","adv-header-id-meta":"","stick-header-meta":"","header-above-stick-meta":"","header-main-stick-meta":"","header-below-stick-meta":"","astra-migrate-meta-layouts":"set","ast-page-background-enabled":"default","ast-page-background-meta":{"desktop":{"background-color":"var(--ast-global-color-4)","background-image":"","background-repeat":"repeat","background-position":"center center","background-size":"auto","background-attachment":"scroll","background-type":"","background-media":"","overlay-type":"","overlay-color":"","overlay-opacity":"","overlay-gradient":""},"tablet":{"background-color":"","background-image":"","background-repeat":"repeat","background-position":"center center","background-size":"auto","background-attachment":"scroll","background-type":"","background-media":"","overlay-type":"","overlay-color":"","overlay-opacity":"","overlay-gradient":""},"mobile":{"background-color":"","background-image":"","background-repeat":"repeat","background-position":"center center","background-size":"auto","background-attachment":"scroll","background-type":"","background-media":"","overlay-type":"","overlay-color":"","overlay-opacity":"","overlay-gradient":""}},"ast-content-background-meta":{"desktop":{"background-color":"var(--ast-global-color-5)","background-image":"","background-repeat":"repeat","background-position":"center center","background-size":"auto","background-attachment":"scroll","background-type":"","background-media":"","overlay-type":"","overlay-color":"","overlay-opacity":"","overlay-gradient":""},"tablet":{"background-color":"var(--ast-global-color-5)","background-image":"","background-repeat":"repeat","background-position":"center center","background-size":"auto","background-attachment":"scroll","background-type":"","background-media":"","overlay-type":"","overlay-color":"","overlay-opacity":"","overlay-gradient":""},"mobile":{"background-color":"var(--ast-global-color-5)","background-image":"","background-repeat":"repeat","background-position":"center center","background-size":"auto","background-attachment":"scroll","background-type":"","background-media":"","overlay-type":"","overlay-color":"","overlay-opacity":"","overlay-gradient":""}}},"product_cat":[669,28],"product_tag":[62,673,672],"class_list":{"0":"post-3630","1":"product","2":"type-product","3":"status-publish","4":"has-post-thumbnail","6":"product_cat-eduvim","7":"product_cat-libro","8":"product_tag-literatura","9":"product_tag-literatura-argentina","10":"product_tag-narrativa","11":"desktop-align-left","12":"tablet-align-left","13":"mobile-align-left","15":"first","16":"instock","17":"shipping-taxable","18":"purchasable","19":"product-type-simple"},"acf":[],"uagb_featured_image_src":{"full":["https:\/\/biblio1.mdp.edu.ar\/centro-ventas\/wp-content\/uploads\/sites\/2\/2025\/08\/EDCI-49789871727513.jpg",516,820,false],"thumbnail":["https:\/\/biblio1.mdp.edu.ar\/centro-ventas\/wp-content\/uploads\/sites\/2\/2025\/08\/EDCI-49789871727513-150x150.jpg",150,150,true],"medium":["https:\/\/biblio1.mdp.edu.ar\/centro-ventas\/wp-content\/uploads\/sites\/2\/2025\/08\/EDCI-49789871727513-189x300.jpg",189,300,true],"medium_large":["https:\/\/biblio1.mdp.edu.ar\/centro-ventas\/wp-content\/uploads\/sites\/2\/2025\/08\/EDCI-49789871727513.jpg",516,820,false],"large":["https:\/\/biblio1.mdp.edu.ar\/centro-ventas\/wp-content\/uploads\/sites\/2\/2025\/08\/EDCI-49789871727513.jpg",516,820,false],"1536x1536":["https:\/\/biblio1.mdp.edu.ar\/centro-ventas\/wp-content\/uploads\/sites\/2\/2025\/08\/EDCI-49789871727513.jpg",516,820,false],"2048x2048":["https:\/\/biblio1.mdp.edu.ar\/centro-ventas\/wp-content\/uploads\/sites\/2\/2025\/08\/EDCI-49789871727513.jpg",516,820,false],"woocommerce_thumbnail":["https:\/\/biblio1.mdp.edu.ar\/centro-ventas\/wp-content\/uploads\/sites\/2\/2025\/08\/EDCI-49789871727513-300x477.jpg",300,477,true],"woocommerce_single":["https:\/\/biblio1.mdp.edu.ar\/centro-ventas\/wp-content\/uploads\/sites\/2\/2025\/08\/EDCI-49789871727513.jpg",516,820,false],"woocommerce_gallery_thumbnail":["https:\/\/biblio1.mdp.edu.ar\/centro-ventas\/wp-content\/uploads\/sites\/2\/2025\/08\/EDCI-49789871727513-100x100.jpg",100,100,true]},"uagb_author_info":{"display_name":"Cristina Bernabe","author_link":"https:\/\/biblio1.mdp.edu.ar\/centro-ventas\/author\/"},"uagb_comment_info":0,"uagb_excerpt":"Inicio relata el comienzo de una relaci\u00f3n sentimental entre D. y H.. Pero m\u00e1s que eso, se trata de una sagaz observaci\u00f3n que D. hace de s\u00ed misma: una madre soltera de casi 30 a\u00f1os. Con una prosa contundente, la narraci\u00f3n acompa\u00f1a a D. en sus encuentros y desencuentros con H. durante sus excursiones por&hellip;","_links":{"self":[{"href":"https:\/\/biblio1.mdp.edu.ar\/centro-ventas\/wp-json\/wp\/v2\/product\/3630","targetHints":{"allow":["GET"]}}],"collection":[{"href":"https:\/\/biblio1.mdp.edu.ar\/centro-ventas\/wp-json\/wp\/v2\/product"}],"about":[{"href":"https:\/\/biblio1.mdp.edu.ar\/centro-ventas\/wp-json\/wp\/v2\/types\/product"}],"wp:featuredmedia":[{"embeddable":true,"href":"https:\/\/biblio1.mdp.edu.ar\/centro-ventas\/wp-json\/wp\/v2\/media\/3632"}],"wp:attachment":[{"href":"https:\/\/biblio1.mdp.edu.ar\/centro-ventas\/wp-json\/wp\/v2\/media?parent=3630"}],"wp:term":[{"taxonomy":"product_cat","embeddable":true,"href":"https:\/\/biblio1.mdp.edu.ar\/centro-ventas\/wp-json\/wp\/v2\/product_cat?post=3630"},{"taxonomy":"product_tag","embeddable":true,"href":"https:\/\/biblio1.mdp.edu.ar\/centro-ventas\/wp-json\/wp\/v2\/product_tag?post=3630"}],"curies":[{"name":"wp","href":"https:\/\/api.w.org\/{rel}","templated":true}]}}