{"id":3628,"date":"2025-08-14T16:34:42","date_gmt":"2025-08-14T19:34:42","guid":{"rendered":"https:\/\/biblio1.mdp.edu.ar\/centro-ventas\/?post_type=product&#038;p=3628"},"modified":"2025-08-14T16:34:46","modified_gmt":"2025-08-14T19:34:46","slug":"judas-no-siempre-se-ahorca","status":"publish","type":"product","link":"https:\/\/biblio1.mdp.edu.ar\/centro-ventas\/producto\/judas-no-siempre-se-ahorca\/","title":{"rendered":"Judas no siempre se ahorca"},"content":{"rendered":"<p>En medio de las Postales B\u00edblicas, representaci\u00f3n teatral que los vecinos de Altos del Algarrobo realizan en Semana Santa, Judas es asesinado de un certero puntazo en el coraz\u00f3n. \u00bfSospechosos? La Virgen Mar\u00eda, en la vida real esposa de la v\u00edctima; San Jos\u00e9, el carpintero que ten\u00eda entre sus herramientas el punz\u00f3n homicida; el propio Cristo, un delirante porte\u00f1o que cumple ese rol desde hace veinte a\u00f1os y, en realidad, entre actores y p\u00fablico, no menos de cuatrocientas cincuenta personas. Es, sin duda, el caso m\u00e1s dif\u00edcil de dilucidar en la vida profesional del juez Belisario Guzm\u00e1n, quien se ve secundado en esta empresa por el loco accionar de Cacho Funes, su secretario borrach\u00edn, y de Lucas Milosz, un amigo escritor de historias policiales, que pese a haber urdido en el papel horribles y complicad\u00edsimos cr\u00edmenes en serie, jam\u00e1s estuvo cerca de un homicidio verdadero. Novela de ritmo trepidante, este policial par\u00f3dico y de ambientaci\u00f3n rural, mantiene el inter\u00e9s y la carcajada del lector desde el principio ha ta el fin.<\/p>\n","protected":false},"excerpt":{"rendered":"<p>En medio de las Postales B\u00edblicas, representaci\u00f3n teatral que los vecinos de Altos del Algarrobo realizan en Semana Santa, Judas es asesinado de un certero puntazo en el coraz\u00f3n. \u00bfSospechosos? La Virgen Mar\u00eda, en la vida real esposa de la v\u00edctima; San Jos\u00e9, el carpintero que ten\u00eda entre sus herramientas el punz\u00f3n homicida; el propio [&hellip;]<\/p>\n","protected":false},"featured_media":3629,"template":"","meta":{"_acf_changed":false,"_eb_attr":"","_crdt_document":"","_uag_custom_page_level_css":"","_editorskit_title_hidden":false,"_editorskit_reading_time":0,"_editorskit_is_block_options_detached":false,"_editorskit_block_options_position":"{}","site-sidebar-layout":"default","site-content-layout":"","ast-site-content-layout":"default","site-content-style":"default","site-sidebar-style":"default","ast-global-header-display":"","ast-banner-title-visibility":"","ast-main-header-display":"","ast-hfb-above-header-display":"","ast-hfb-below-header-display":"","ast-hfb-mobile-header-display":"","site-post-title":"","ast-breadcrumbs-content":"","ast-featured-img":"","footer-sml-layout":"","ast-disable-related-posts":"","theme-transparent-header-meta":"default","adv-header-id-meta":"","stick-header-meta":"","header-above-stick-meta":"","header-main-stick-meta":"","header-below-stick-meta":"","astra-migrate-meta-layouts":"set","ast-page-background-enabled":"default","ast-page-background-meta":{"desktop":{"background-color":"var(--ast-global-color-4)","background-image":"","background-repeat":"repeat","background-position":"center center","background-size":"auto","background-attachment":"scroll","background-type":"","background-media":"","overlay-type":"","overlay-color":"","overlay-opacity":"","overlay-gradient":""},"tablet":{"background-color":"","background-image":"","background-repeat":"repeat","background-position":"center center","background-size":"auto","background-attachment":"scroll","background-type":"","background-media":"","overlay-type":"","overlay-color":"","overlay-opacity":"","overlay-gradient":""},"mobile":{"background-color":"","background-image":"","background-repeat":"repeat","background-position":"center center","background-size":"auto","background-attachment":"scroll","background-type":"","background-media":"","overlay-type":"","overlay-color":"","overlay-opacity":"","overlay-gradient":""}},"ast-content-background-meta":{"desktop":{"background-color":"var(--ast-global-color-5)","background-image":"","background-repeat":"repeat","background-position":"center center","background-size":"auto","background-attachment":"scroll","background-type":"","background-media":"","overlay-type":"","overlay-color":"","overlay-opacity":"","overlay-gradient":""},"tablet":{"background-color":"var(--ast-global-color-5)","background-image":"","background-repeat":"repeat","background-position":"center center","background-size":"auto","background-attachment":"scroll","background-type":"","background-media":"","overlay-type":"","overlay-color":"","overlay-opacity":"","overlay-gradient":""},"mobile":{"background-color":"var(--ast-global-color-5)","background-image":"","background-repeat":"repeat","background-position":"center center","background-size":"auto","background-attachment":"scroll","background-type":"","background-media":"","overlay-type":"","overlay-color":"","overlay-opacity":"","overlay-gradient":""}}},"product_cat":[669,28],"product_tag":[62,673,672],"class_list":{"0":"post-3628","1":"product","2":"type-product","3":"status-publish","4":"has-post-thumbnail","6":"product_cat-eduvim","7":"product_cat-libro","8":"product_tag-literatura","9":"product_tag-literatura-argentina","10":"product_tag-narrativa","11":"desktop-align-left","12":"tablet-align-left","13":"mobile-align-left","15":"first","16":"instock","17":"shipping-taxable","18":"purchasable","19":"product-type-simple"},"acf":[],"uagb_featured_image_src":{"full":["https:\/\/biblio1.mdp.edu.ar\/centro-ventas\/wp-content\/uploads\/sites\/2\/2025\/08\/EDCI-799789871727070.jpg",500,820,false],"thumbnail":["https:\/\/biblio1.mdp.edu.ar\/centro-ventas\/wp-content\/uploads\/sites\/2\/2025\/08\/EDCI-799789871727070-150x150.jpg",150,150,true],"medium":["https:\/\/biblio1.mdp.edu.ar\/centro-ventas\/wp-content\/uploads\/sites\/2\/2025\/08\/EDCI-799789871727070-183x300.jpg",183,300,true],"medium_large":["https:\/\/biblio1.mdp.edu.ar\/centro-ventas\/wp-content\/uploads\/sites\/2\/2025\/08\/EDCI-799789871727070.jpg",500,820,false],"large":["https:\/\/biblio1.mdp.edu.ar\/centro-ventas\/wp-content\/uploads\/sites\/2\/2025\/08\/EDCI-799789871727070.jpg",500,820,false],"1536x1536":["https:\/\/biblio1.mdp.edu.ar\/centro-ventas\/wp-content\/uploads\/sites\/2\/2025\/08\/EDCI-799789871727070.jpg",500,820,false],"2048x2048":["https:\/\/biblio1.mdp.edu.ar\/centro-ventas\/wp-content\/uploads\/sites\/2\/2025\/08\/EDCI-799789871727070.jpg",500,820,false],"woocommerce_thumbnail":["https:\/\/biblio1.mdp.edu.ar\/centro-ventas\/wp-content\/uploads\/sites\/2\/2025\/08\/EDCI-799789871727070-300x492.jpg",300,492,true],"woocommerce_single":["https:\/\/biblio1.mdp.edu.ar\/centro-ventas\/wp-content\/uploads\/sites\/2\/2025\/08\/EDCI-799789871727070.jpg",500,820,false],"woocommerce_gallery_thumbnail":["https:\/\/biblio1.mdp.edu.ar\/centro-ventas\/wp-content\/uploads\/sites\/2\/2025\/08\/EDCI-799789871727070-100x100.jpg",100,100,true]},"uagb_author_info":{"display_name":"Cristina Bernabe","author_link":"https:\/\/biblio1.mdp.edu.ar\/centro-ventas\/author\/"},"uagb_comment_info":0,"uagb_excerpt":"En medio de las Postales B\u00edblicas, representaci\u00f3n teatral que los vecinos de Altos del Algarrobo realizan en Semana Santa, Judas es asesinado de un certero puntazo en el coraz\u00f3n. \u00bfSospechosos? La Virgen Mar\u00eda, en la vida real esposa de la v\u00edctima; San Jos\u00e9, el carpintero que ten\u00eda entre sus herramientas el punz\u00f3n homicida; el propio&hellip;","_links":{"self":[{"href":"https:\/\/biblio1.mdp.edu.ar\/centro-ventas\/wp-json\/wp\/v2\/product\/3628","targetHints":{"allow":["GET"]}}],"collection":[{"href":"https:\/\/biblio1.mdp.edu.ar\/centro-ventas\/wp-json\/wp\/v2\/product"}],"about":[{"href":"https:\/\/biblio1.mdp.edu.ar\/centro-ventas\/wp-json\/wp\/v2\/types\/product"}],"wp:featuredmedia":[{"embeddable":true,"href":"https:\/\/biblio1.mdp.edu.ar\/centro-ventas\/wp-json\/wp\/v2\/media\/3629"}],"wp:attachment":[{"href":"https:\/\/biblio1.mdp.edu.ar\/centro-ventas\/wp-json\/wp\/v2\/media?parent=3628"}],"wp:term":[{"taxonomy":"product_cat","embeddable":true,"href":"https:\/\/biblio1.mdp.edu.ar\/centro-ventas\/wp-json\/wp\/v2\/product_cat?post=3628"},{"taxonomy":"product_tag","embeddable":true,"href":"https:\/\/biblio1.mdp.edu.ar\/centro-ventas\/wp-json\/wp\/v2\/product_tag?post=3628"}],"curies":[{"name":"wp","href":"https:\/\/api.w.org\/{rel}","templated":true}]}}